{"id":12121,"date":"2016-09-10T18:25:42","date_gmt":"2016-09-10T16:25:42","guid":{"rendered":"https:\/\/librosdelzorrorojo.com\/catalogo\/box-cenicienta-y-la-bella-durmiente\/"},"modified":"2024-03-01T09:17:00","modified_gmt":"2024-03-01T08:17:00","slug":"box-cenicienta-y-la-bella-durmiente","status":"publish","type":"product","link":"https:\/\/librosdelzorrorojo.com\/ca\/cataleg\/box-cenicienta-y-la-bella-durmiente\/","title":{"rendered":"Box: Cenicienta y La Bella Durmiente"},"content":{"rendered":"<p><span>El rescate de esta edici\u00f3n hist\u00f3rica integra los dos vol\u00famenes cl\u00e1sicos en un \u00fanico estuche y arroja, asimismo, algo de luz sobre las versiones originales que comprende.\u00a0<\/span><\/p>\n<p><span>Los pr\u00f3logos de ambos relatos, a cargo del especialista Antonio Rodr\u00edguez Almod\u00f3var (Premio Nacional de Literatura Infantil y Juvenil en 2005), despliegan una relectura cr\u00edtica de los valores que estas versiones, en ocasiones subrepticiamente, enarbolan, en su mayor\u00eda altamente reprobables. As\u00ed como pasan por la destrucci\u00f3n de los paradigmas patriarcales y la reconsideraci\u00f3n de los afectos familiares, al mismo tiempo destapan una posible significaci\u00f3n simb\u00f3lica que la tradici\u00f3n oral habr\u00eda ido perdiendo en sus m\u00faltiples narraciones: la de <em>Cenicienta<\/em> como relato cifrado contra el incesto, y la de<em> La Bella Durmiente<\/em> como met\u00e1fora de la superaci\u00f3n del matrimonio concertado y del descubrimiento de la nueva libertad de amar.\u00a0<\/span><\/p>\n<p><span>Las numerosas versiones que de <em>Cenicienta<\/em> y <em>La Bella Durmiente<\/em> han llegado a ni\u00f1os y mayores, en todos los rincones del planeta, atestiguan su universalidad e importancia en la literatura cl\u00e1sica. Hab\u00eda una vez un rey y una reina, y tambi\u00e9n un noble caballero, a los que Rackham hizo imperecederos, y que ahora acogemos en nuestro cat\u00e1logo.<\/span><\/p>\n","protected":false},"excerpt":{"rendered":"<span>El rescate de esta edici\u00f3n hist\u00f3rica integra los dos vol\u00famenes cl\u00e1sicos en un \u00fanico estuche y arroja, asimismo, algo de luz sobre las versiones originales que comprende.\u00a0<\/span>\r\n\r\n<span>Los pr\u00f3logos de ambos relatos, a cargo del especialista Antonio Rodr\u00edguez Almod\u00f3var (Premio Nacional de Literatura Infantil y Juvenil en 2005), despliegan una relectura cr\u00edtica de los valores que estas versiones, en ocasiones subrepticiamente, enarbolan, en su mayor\u00eda altamente reprobables. As\u00ed como pasan por la destrucci\u00f3n de los paradigmas patriarcales y la reconsideraci\u00f3n de los afectos familiares, al mismo tiempo destapan una posible significaci\u00f3n simb\u00f3lica que la tradici\u00f3n oral habr\u00eda ido perdiendo en sus m\u00faltiples narraciones: la de <em>Cenicienta<\/em> como relato cifrado contra el incesto, y la de<em> La Bella Durmiente<\/em> como met\u00e1fora de la superaci\u00f3n del matrimonio concertado y del descubrimiento de la nueva libertad de amar.\u00a0<\/span>","protected":false},"featured_media":10177,"template":"","meta":{"_acf_changed":false},"product_brand":[],"product_cat":[844,843,3156],"product_tag":[],"class_list":{"0":"post-12121","1":"product","2":"type-product","3":"status-publish","4":"has-post-thumbnail","6":"product_cat-castella","7":"product_cat-infantiles-ca","8":"product_cat-juvenil-adult","10":"first","11":"instock","12":"taxable","13":"shipping-taxable","14":"purchasable","15":"product-type-simple"},"acf":[],"yoast_head":"<!-- This site is optimized with the Yoast SEO plugin v25.1 - https:\/\/yoast.com\/wordpress\/plugins\/seo\/ -->\n<title>Box: Cenicienta y La Bella Durmiente - Libros del Zorro Rojo<\/title>\n<meta name=\"description\" content=\"El rescate de esta edici\u00f3n hist\u00f3rica integra los dos vol\u00famenes cl\u00e1sicos en un \u00fanico estuche: Cenicienta y la Bella Durmiente\" \/>\n<meta name=\"robots\" content=\"index, follow, max-snippet:-1, max-image-preview:large, max-video-preview:-1\" \/>\n<link rel=\"canonical\" href=\"https:\/\/librosdelzorrorojo.com\/ca\/cataleg\/box-cenicienta-y-la-bella-durmiente\/\" \/>\n<meta property=\"og:locale\" content=\"ca_ES\" \/>\n<meta property=\"og:type\" content=\"article\" \/>\n<meta property=\"og:title\" content=\"Box: Cenicienta y La Bella Durmiente - Libros del Zorro Rojo\" \/>\n<meta property=\"og:description\" content=\"El rescate de esta edici\u00f3n hist\u00f3rica integra los dos vol\u00famenes cl\u00e1sicos en un \u00fanico estuche: Cenicienta y la Bella Durmiente\" \/>\n<meta property=\"og:url\" content=\"https:\/\/librosdelzorrorojo.com\/ca\/cataleg\/box-cenicienta-y-la-bella-durmiente\/\" \/>\n<meta property=\"og:site_name\" content=\"Libros del Zorro Rojo\" \/>\n<meta property=\"article:modified_time\" content=\"2024-03-01T08:17:00+00:00\" \/>\n<meta property=\"og:image\" content=\"https:\/\/librosdelzorrorojo.com\/wp-content\/uploads\/2016\/09\/Box-Cenicienta-y-La-bella-durmiente-Cover_WEB.png\" \/>\n\t<meta property=\"og:image:width\" content=\"850\" \/>\n\t<meta property=\"og:image:height\" content=\"1284\" \/>\n\t<meta property=\"og:image:type\" content=\"image\/png\" \/>\n<meta name=\"twitter:card\" content=\"summary_large_image\" \/>\n<meta name=\"twitter:label1\" content=\"Temps estimat de lectura\" \/>\n\t<meta name=\"twitter:data1\" content=\"1 minut\" \/>\n<script type=\"application\/ld+json\" class=\"yoast-schema-graph\">{\"@context\":\"https:\/\/schema.org\",\"@graph\":[{\"@type\":\"WebPage\",\"@id\":\"https:\/\/librosdelzorrorojo.com\/ca\/cataleg\/box-cenicienta-y-la-bella-durmiente\/\",\"url\":\"https:\/\/librosdelzorrorojo.com\/ca\/cataleg\/box-cenicienta-y-la-bella-durmiente\/\",\"name\":\"Box: Cenicienta y La Bella Durmiente - Libros del Zorro Rojo\",\"isPartOf\":{\"@id\":\"https:\/\/librosdelzorrorojo.com\/#website\"},\"primaryImageOfPage\":{\"@id\":\"https:\/\/librosdelzorrorojo.com\/ca\/cataleg\/box-cenicienta-y-la-bella-durmiente\/#primaryimage\"},\"image\":{\"@id\":\"https:\/\/librosdelzorrorojo.com\/ca\/cataleg\/box-cenicienta-y-la-bella-durmiente\/#primaryimage\"},\"thumbnailUrl\":\"https:\/\/librosdelzorrorojo.com\/wp-content\/uploads\/2016\/09\/Box-Cenicienta-y-La-bella-durmiente-Cover_WEB.png\",\"datePublished\":\"2016-09-10T16:25:42+00:00\",\"dateModified\":\"2024-03-01T08:17:00+00:00\",\"description\":\"El rescate de esta edici\u00f3n hist\u00f3rica integra los dos vol\u00famenes cl\u00e1sicos en un \u00fanico estuche: Cenicienta y la Bella Durmiente\",\"breadcrumb\":{\"@id\":\"https:\/\/librosdelzorrorojo.com\/ca\/cataleg\/box-cenicienta-y-la-bella-durmiente\/#breadcrumb\"},\"inLanguage\":\"ca\",\"potentialAction\":[{\"@type\":\"ReadAction\",\"target\":[\"https:\/\/librosdelzorrorojo.com\/ca\/cataleg\/box-cenicienta-y-la-bella-durmiente\/\"]}]},{\"@type\":\"ImageObject\",\"inLanguage\":\"ca\",\"@id\":\"https:\/\/librosdelzorrorojo.com\/ca\/cataleg\/box-cenicienta-y-la-bella-durmiente\/#primaryimage\",\"url\":\"https:\/\/librosdelzorrorojo.com\/wp-content\/uploads\/2016\/09\/Box-Cenicienta-y-La-bella-durmiente-Cover_WEB.png\",\"contentUrl\":\"https:\/\/librosdelzorrorojo.com\/wp-content\/uploads\/2016\/09\/Box-Cenicienta-y-La-bella-durmiente-Cover_WEB.png\",\"width\":850,\"height\":1284,\"caption\":\"Box Cenicienta y La bella durmiente Cover WEB\"},{\"@type\":\"BreadcrumbList\",\"@id\":\"https:\/\/librosdelzorrorojo.com\/ca\/cataleg\/box-cenicienta-y-la-bella-durmiente\/#breadcrumb\",\"itemListElement\":[{\"@type\":\"ListItem\",\"position\":1,\"name\":\"Portada\",\"item\":\"https:\/\/librosdelzorrorojo.com\/ca\/\"},{\"@type\":\"ListItem\",\"position\":2,\"name\":\"Cat\u00e0leg\",\"item\":\"https:\/\/librosdelzorrorojo.com\/ca\/cataleg\/\"},{\"@type\":\"ListItem\",\"position\":3,\"name\":\"Box: Cenicienta y La Bella Durmiente\"}]},{\"@type\":\"WebSite\",\"@id\":\"https:\/\/librosdelzorrorojo.com\/#website\",\"url\":\"https:\/\/librosdelzorrorojo.com\/\",\"name\":\"Libros del Zorro Rojo\",\"description\":\"Libros ilustrados\",\"potentialAction\":[{\"@type\":\"SearchAction\",\"target\":{\"@type\":\"EntryPoint\",\"urlTemplate\":\"https:\/\/librosdelzorrorojo.com\/?s={search_term_string}\"},\"query-input\":{\"@type\":\"PropertyValueSpecification\",\"valueRequired\":true,\"valueName\":\"search_term_string\"}}],\"inLanguage\":\"ca\"}]}<\/script>\n<!-- \/ Yoast SEO plugin. -->","yoast_head_json":{"title":"Box: Cenicienta y La Bella Durmiente - Libros del Zorro Rojo","description":"El rescate de esta edici\u00f3n hist\u00f3rica integra los dos vol\u00famenes cl\u00e1sicos en un \u00fanico estuche: Cenicienta y la Bella Durmiente","robots":{"index":"index","follow":"follow","max-snippet":"max-snippet:-1","max-image-preview":"max-image-preview:large","max-video-preview":"max-video-preview:-1"},"canonical":"https:\/\/librosdelzorrorojo.com\/ca\/cataleg\/box-cenicienta-y-la-bella-durmiente\/","og_locale":"ca_ES","og_type":"article","og_title":"Box: Cenicienta y La Bella Durmiente - Libros del Zorro Rojo","og_description":"El rescate de esta edici\u00f3n hist\u00f3rica integra los dos vol\u00famenes cl\u00e1sicos en un \u00fanico estuche: Cenicienta y la Bella Durmiente","og_url":"https:\/\/librosdelzorrorojo.com\/ca\/cataleg\/box-cenicienta-y-la-bella-durmiente\/","og_site_name":"Libros del Zorro Rojo","article_modified_time":"2024-03-01T08:17:00+00:00","og_image":[{"width":850,"height":1284,"url":"https:\/\/librosdelzorrorojo.com\/wp-content\/uploads\/2016\/09\/Box-Cenicienta-y-La-bella-durmiente-Cover_WEB.png","type":"image\/png"}],"twitter_card":"summary_large_image","twitter_misc":{"Temps estimat de lectura":"1 minut"},"schema":{"@context":"https:\/\/schema.org","@graph":[{"@type":"WebPage","@id":"https:\/\/librosdelzorrorojo.com\/ca\/cataleg\/box-cenicienta-y-la-bella-durmiente\/","url":"https:\/\/librosdelzorrorojo.com\/ca\/cataleg\/box-cenicienta-y-la-bella-durmiente\/","name":"Box: Cenicienta y La Bella Durmiente - Libros del Zorro Rojo","isPartOf":{"@id":"https:\/\/librosdelzorrorojo.com\/#website"},"primaryImageOfPage":{"@id":"https:\/\/librosdelzorrorojo.com\/ca\/cataleg\/box-cenicienta-y-la-bella-durmiente\/#primaryimage"},"image":{"@id":"https:\/\/librosdelzorrorojo.com\/ca\/cataleg\/box-cenicienta-y-la-bella-durmiente\/#primaryimage"},"thumbnailUrl":"https:\/\/librosdelzorrorojo.com\/wp-content\/uploads\/2016\/09\/Box-Cenicienta-y-La-bella-durmiente-Cover_WEB.png","datePublished":"2016-09-10T16:25:42+00:00","dateModified":"2024-03-01T08:17:00+00:00","description":"El rescate de esta edici\u00f3n hist\u00f3rica integra los dos vol\u00famenes cl\u00e1sicos en un \u00fanico estuche: Cenicienta y la Bella Durmiente","breadcrumb":{"@id":"https:\/\/librosdelzorrorojo.com\/ca\/cataleg\/box-cenicienta-y-la-bella-durmiente\/#breadcrumb"},"inLanguage":"ca","potentialAction":[{"@type":"ReadAction","target":["https:\/\/librosdelzorrorojo.com\/ca\/cataleg\/box-cenicienta-y-la-bella-durmiente\/"]}]},{"@type":"ImageObject","inLanguage":"ca","@id":"https:\/\/librosdelzorrorojo.com\/ca\/cataleg\/box-cenicienta-y-la-bella-durmiente\/#primaryimage","url":"https:\/\/librosdelzorrorojo.com\/wp-content\/uploads\/2016\/09\/Box-Cenicienta-y-La-bella-durmiente-Cover_WEB.png","contentUrl":"https:\/\/librosdelzorrorojo.com\/wp-content\/uploads\/2016\/09\/Box-Cenicienta-y-La-bella-durmiente-Cover_WEB.png","width":850,"height":1284,"caption":"Box Cenicienta y La bella durmiente Cover WEB"},{"@type":"BreadcrumbList","@id":"https:\/\/librosdelzorrorojo.com\/ca\/cataleg\/box-cenicienta-y-la-bella-durmiente\/#breadcrumb","itemListElement":[{"@type":"ListItem","position":1,"name":"Portada","item":"https:\/\/librosdelzorrorojo.com\/ca\/"},{"@type":"ListItem","position":2,"name":"Cat\u00e0leg","item":"https:\/\/librosdelzorrorojo.com\/ca\/cataleg\/"},{"@type":"ListItem","position":3,"name":"Box: Cenicienta y La Bella Durmiente"}]},{"@type":"WebSite","@id":"https:\/\/librosdelzorrorojo.com\/#website","url":"https:\/\/librosdelzorrorojo.com\/","name":"Libros del Zorro Rojo","description":"Libros ilustrados","potentialAction":[{"@type":"SearchAction","target":{"@type":"EntryPoint","urlTemplate":"https:\/\/librosdelzorrorojo.com\/?s={search_term_string}"},"query-input":{"@type":"PropertyValueSpecification","valueRequired":true,"valueName":"search_term_string"}}],"inLanguage":"ca"}]}},"_links":{"self":[{"href":"https:\/\/librosdelzorrorojo.com\/ca\/wp-json\/wp\/v2\/product\/12121","targetHints":{"allow":["GET"]}}],"collection":[{"href":"https:\/\/librosdelzorrorojo.com\/ca\/wp-json\/wp\/v2\/product"}],"about":[{"href":"https:\/\/librosdelzorrorojo.com\/ca\/wp-json\/wp\/v2\/types\/product"}],"wp:featuredmedia":[{"embeddable":true,"href":"https:\/\/librosdelzorrorojo.com\/ca\/wp-json\/wp\/v2\/media\/10177"}],"wp:attachment":[{"href":"https:\/\/librosdelzorrorojo.com\/ca\/wp-json\/wp\/v2\/media?parent=12121"}],"wp:term":[{"taxonomy":"product_brand","embeddable":true,"href":"https:\/\/librosdelzorrorojo.com\/ca\/wp-json\/wp\/v2\/product_brand?post=12121"},{"taxonomy":"product_cat","embeddable":true,"href":"https:\/\/librosdelzorrorojo.com\/ca\/wp-json\/wp\/v2\/product_cat?post=12121"},{"taxonomy":"product_tag","embeddable":true,"href":"https:\/\/librosdelzorrorojo.com\/ca\/wp-json\/wp\/v2\/product_tag?post=12121"}],"curies":[{"name":"wp","href":"https:\/\/api.w.org\/{rel}","templated":true}]}}