{"id":12119,"date":"2022-02-01T18:30:00","date_gmt":"2022-02-01T17:30:00","guid":{"rendered":"https:\/\/librosdelzorrorojo.com\/catalogo\/amigos\/"},"modified":"2026-04-08T14:46:57","modified_gmt":"2026-04-08T12:46:57","slug":"amigos","status":"publish","type":"product","link":"https:\/\/librosdelzorrorojo.com\/ca\/cataleg\/amigos\/","title":{"rendered":"Amigos"},"content":{"rendered":"<p><span><em>Amigos<\/em> es el nuevo libro de la ilustradora B\u00e9atrice Rodriguez, maestra de la narraci\u00f3n sin palabras (autora de <em>Ladr\u00f3n de gallinas, La revancha del gallo<\/em> y <em>Un d\u00eda de pesca,<\/em> todos ellos publicados por Libros del Zorro Rojo.) En Amigos, la autora francesa pone im\u00e1genes a una idea de la escritora Andrea Hensgen. Un solitario ni\u00f1o camina hasta el colegio y todos los d\u00edas aparecen los mismos miedos: la oscuridad de un t\u00fanel, el ladrido de un perro y las insolencias de un maleducado bebido. Una tarde se cruza en su camino un nuevo amigo, un perro, que ser\u00e1 su acompa\u00f1ante y compa\u00f1ero de juegos.<\/span><\/p>\n<p><span>Una intensa historia de amistad y una emotiva experiencia para compartir.<\/span><\/p>\n","protected":false},"excerpt":{"rendered":"<span><em>Amigos<\/em> es el nuevo libro de la ilustradora B\u00e9atrice Rodriguez, maestra de la narraci\u00f3n sin palabras (autora de <em>Ladr\u00f3n de gallinas, La revancha del gallo<\/em> y <em>Un d\u00eda de pesca,<\/em> todos ellos publicados por Libros del Zorro Rojo.) En Amigos, la autora francesa pone im\u00e1genes a una idea de la escritora Andrea Hensgen. Un solitario ni\u00f1o camina hasta el colegio y todos los d\u00edas aparecen los mismos miedos: la oscuridad de un t\u00fanel, el ladrido de un perro y las insolencias de un maleducado bebido. Una tarde se cruza en su camino un nuevo amigo, un perro, que ser\u00e1 su acompa\u00f1ante y compa\u00f1ero de juegos.<\/span>\r\n\r\n<span>Una intensa historia de amistad y una emotiva experiencia para compartir.<\/span>","protected":false},"featured_media":21944,"template":"","meta":{"_acf_changed":false},"product_brand":[],"product_cat":[844,843,839],"product_tag":[],"class_list":{"0":"post-12119","1":"product","2":"type-product","3":"status-publish","4":"has-post-thumbnail","6":"product_cat-castella","7":"product_cat-infantiles-ca","8":"product_cat-zona-kids-ca","9":"vinculo-amigos","11":"first","12":"outofstock","13":"taxable","14":"shipping-taxable","15":"purchasable","16":"product-type-variable"},"acf":[],"yoast_head":"<!-- This site is optimized with the Yoast SEO plugin v25.1 - https:\/\/yoast.com\/wordpress\/plugins\/seo\/ -->\n<title>Amigos - Libros del Zorro Rojo<\/title>\n<meta name=\"description\" content=\"Un solitario ni\u00f1o camina hasta el colegio y todos los d\u00edas aparecen los mismos miedos. Una tarde se cruza un perro, que ser\u00e1 su compa\u00f1ero de juegos.\" \/>\n<meta name=\"robots\" content=\"index, follow, max-snippet:-1, max-image-preview:large, max-video-preview:-1\" \/>\n<link rel=\"canonical\" href=\"https:\/\/librosdelzorrorojo.com\/ca\/cataleg\/amigos\/\" \/>\n<meta property=\"og:locale\" content=\"ca_ES\" \/>\n<meta property=\"og:type\" content=\"article\" \/>\n<meta property=\"og:title\" content=\"Amigos - Libros del Zorro Rojo\" \/>\n<meta property=\"og:description\" content=\"Un solitario ni\u00f1o camina hasta el colegio y todos los d\u00edas aparecen los mismos miedos. Una tarde se cruza un perro, que ser\u00e1 su compa\u00f1ero de juegos.\" \/>\n<meta property=\"og:url\" content=\"https:\/\/librosdelzorrorojo.com\/ca\/cataleg\/amigos\/\" \/>\n<meta property=\"og:site_name\" content=\"Libros del Zorro Rojo\" \/>\n<meta property=\"article:modified_time\" content=\"2026-04-08T12:46:57+00:00\" \/>\n<meta property=\"og:image\" content=\"https:\/\/librosdelzorrorojo.com\/wp-content\/uploads\/2016\/09\/COVER_Amigos_WEB.jpg\" \/>\n\t<meta property=\"og:image:width\" content=\"850\" \/>\n\t<meta property=\"og:image:height\" content=\"622\" \/>\n\t<meta property=\"og:image:type\" content=\"image\/jpeg\" \/>\n<meta name=\"twitter:card\" content=\"summary_large_image\" \/>\n<meta name=\"twitter:label1\" content=\"Temps estimat de lectura\" \/>\n\t<meta name=\"twitter:data1\" content=\"1 minut\" \/>\n<script type=\"application\/ld+json\" class=\"yoast-schema-graph\">{\"@context\":\"https:\/\/schema.org\",\"@graph\":[{\"@type\":\"WebPage\",\"@id\":\"https:\/\/librosdelzorrorojo.com\/ca\/cataleg\/amigos\/\",\"url\":\"https:\/\/librosdelzorrorojo.com\/ca\/cataleg\/amigos\/\",\"name\":\"Amigos - Libros del Zorro Rojo\",\"isPartOf\":{\"@id\":\"https:\/\/librosdelzorrorojo.com\/#website\"},\"primaryImageOfPage\":{\"@id\":\"https:\/\/librosdelzorrorojo.com\/ca\/cataleg\/amigos\/#primaryimage\"},\"image\":{\"@id\":\"https:\/\/librosdelzorrorojo.com\/ca\/cataleg\/amigos\/#primaryimage\"},\"thumbnailUrl\":\"https:\/\/librosdelzorrorojo.com\/wp-content\/uploads\/2016\/09\/COVER_Amigos_WEB.jpg\",\"datePublished\":\"2022-02-01T17:30:00+00:00\",\"dateModified\":\"2026-04-08T12:46:57+00:00\",\"description\":\"Un solitario ni\u00f1o camina hasta el colegio y todos los d\u00edas aparecen los mismos miedos. Una tarde se cruza un perro, que ser\u00e1 su compa\u00f1ero de juegos.\",\"breadcrumb\":{\"@id\":\"https:\/\/librosdelzorrorojo.com\/ca\/cataleg\/amigos\/#breadcrumb\"},\"inLanguage\":\"ca\",\"potentialAction\":[{\"@type\":\"ReadAction\",\"target\":[\"https:\/\/librosdelzorrorojo.com\/ca\/cataleg\/amigos\/\"]}]},{\"@type\":\"ImageObject\",\"inLanguage\":\"ca\",\"@id\":\"https:\/\/librosdelzorrorojo.com\/ca\/cataleg\/amigos\/#primaryimage\",\"url\":\"https:\/\/librosdelzorrorojo.com\/wp-content\/uploads\/2016\/09\/COVER_Amigos_WEB.jpg\",\"contentUrl\":\"https:\/\/librosdelzorrorojo.com\/wp-content\/uploads\/2016\/09\/COVER_Amigos_WEB.jpg\",\"width\":850,\"height\":622,\"caption\":\"COVER Amigos WEB\"},{\"@type\":\"BreadcrumbList\",\"@id\":\"https:\/\/librosdelzorrorojo.com\/ca\/cataleg\/amigos\/#breadcrumb\",\"itemListElement\":[{\"@type\":\"ListItem\",\"position\":1,\"name\":\"Portada\",\"item\":\"https:\/\/librosdelzorrorojo.com\/ca\/\"},{\"@type\":\"ListItem\",\"position\":2,\"name\":\"Cat\u00e0leg\",\"item\":\"https:\/\/librosdelzorrorojo.com\/ca\/cataleg\/\"},{\"@type\":\"ListItem\",\"position\":3,\"name\":\"Amigos\"}]},{\"@type\":\"WebSite\",\"@id\":\"https:\/\/librosdelzorrorojo.com\/#website\",\"url\":\"https:\/\/librosdelzorrorojo.com\/\",\"name\":\"Libros del Zorro Rojo\",\"description\":\"Libros ilustrados\",\"potentialAction\":[{\"@type\":\"SearchAction\",\"target\":{\"@type\":\"EntryPoint\",\"urlTemplate\":\"https:\/\/librosdelzorrorojo.com\/?s={search_term_string}\"},\"query-input\":{\"@type\":\"PropertyValueSpecification\",\"valueRequired\":true,\"valueName\":\"search_term_string\"}}],\"inLanguage\":\"ca\"}]}<\/script>\n<!-- \/ Yoast SEO plugin. -->","yoast_head_json":{"title":"Amigos - Libros del Zorro Rojo","description":"Un solitario ni\u00f1o camina hasta el colegio y todos los d\u00edas aparecen los mismos miedos. Una tarde se cruza un perro, que ser\u00e1 su compa\u00f1ero de juegos.","robots":{"index":"index","follow":"follow","max-snippet":"max-snippet:-1","max-image-preview":"max-image-preview:large","max-video-preview":"max-video-preview:-1"},"canonical":"https:\/\/librosdelzorrorojo.com\/ca\/cataleg\/amigos\/","og_locale":"ca_ES","og_type":"article","og_title":"Amigos - Libros del Zorro Rojo","og_description":"Un solitario ni\u00f1o camina hasta el colegio y todos los d\u00edas aparecen los mismos miedos. Una tarde se cruza un perro, que ser\u00e1 su compa\u00f1ero de juegos.","og_url":"https:\/\/librosdelzorrorojo.com\/ca\/cataleg\/amigos\/","og_site_name":"Libros del Zorro Rojo","article_modified_time":"2026-04-08T12:46:57+00:00","og_image":[{"width":850,"height":622,"url":"https:\/\/librosdelzorrorojo.com\/wp-content\/uploads\/2016\/09\/COVER_Amigos_WEB.jpg","type":"image\/jpeg"}],"twitter_card":"summary_large_image","twitter_misc":{"Temps estimat de lectura":"1 minut"},"schema":{"@context":"https:\/\/schema.org","@graph":[{"@type":"WebPage","@id":"https:\/\/librosdelzorrorojo.com\/ca\/cataleg\/amigos\/","url":"https:\/\/librosdelzorrorojo.com\/ca\/cataleg\/amigos\/","name":"Amigos - Libros del Zorro Rojo","isPartOf":{"@id":"https:\/\/librosdelzorrorojo.com\/#website"},"primaryImageOfPage":{"@id":"https:\/\/librosdelzorrorojo.com\/ca\/cataleg\/amigos\/#primaryimage"},"image":{"@id":"https:\/\/librosdelzorrorojo.com\/ca\/cataleg\/amigos\/#primaryimage"},"thumbnailUrl":"https:\/\/librosdelzorrorojo.com\/wp-content\/uploads\/2016\/09\/COVER_Amigos_WEB.jpg","datePublished":"2022-02-01T17:30:00+00:00","dateModified":"2026-04-08T12:46:57+00:00","description":"Un solitario ni\u00f1o camina hasta el colegio y todos los d\u00edas aparecen los mismos miedos. Una tarde se cruza un perro, que ser\u00e1 su compa\u00f1ero de juegos.","breadcrumb":{"@id":"https:\/\/librosdelzorrorojo.com\/ca\/cataleg\/amigos\/#breadcrumb"},"inLanguage":"ca","potentialAction":[{"@type":"ReadAction","target":["https:\/\/librosdelzorrorojo.com\/ca\/cataleg\/amigos\/"]}]},{"@type":"ImageObject","inLanguage":"ca","@id":"https:\/\/librosdelzorrorojo.com\/ca\/cataleg\/amigos\/#primaryimage","url":"https:\/\/librosdelzorrorojo.com\/wp-content\/uploads\/2016\/09\/COVER_Amigos_WEB.jpg","contentUrl":"https:\/\/librosdelzorrorojo.com\/wp-content\/uploads\/2016\/09\/COVER_Amigos_WEB.jpg","width":850,"height":622,"caption":"COVER Amigos WEB"},{"@type":"BreadcrumbList","@id":"https:\/\/librosdelzorrorojo.com\/ca\/cataleg\/amigos\/#breadcrumb","itemListElement":[{"@type":"ListItem","position":1,"name":"Portada","item":"https:\/\/librosdelzorrorojo.com\/ca\/"},{"@type":"ListItem","position":2,"name":"Cat\u00e0leg","item":"https:\/\/librosdelzorrorojo.com\/ca\/cataleg\/"},{"@type":"ListItem","position":3,"name":"Amigos"}]},{"@type":"WebSite","@id":"https:\/\/librosdelzorrorojo.com\/#website","url":"https:\/\/librosdelzorrorojo.com\/","name":"Libros del Zorro Rojo","description":"Libros ilustrados","potentialAction":[{"@type":"SearchAction","target":{"@type":"EntryPoint","urlTemplate":"https:\/\/librosdelzorrorojo.com\/?s={search_term_string}"},"query-input":{"@type":"PropertyValueSpecification","valueRequired":true,"valueName":"search_term_string"}}],"inLanguage":"ca"}]}},"_links":{"self":[{"href":"https:\/\/librosdelzorrorojo.com\/ca\/wp-json\/wp\/v2\/product\/12119","targetHints":{"allow":["GET"]}}],"collection":[{"href":"https:\/\/librosdelzorrorojo.com\/ca\/wp-json\/wp\/v2\/product"}],"about":[{"href":"https:\/\/librosdelzorrorojo.com\/ca\/wp-json\/wp\/v2\/types\/product"}],"wp:featuredmedia":[{"embeddable":true,"href":"https:\/\/librosdelzorrorojo.com\/ca\/wp-json\/wp\/v2\/media\/21944"}],"wp:attachment":[{"href":"https:\/\/librosdelzorrorojo.com\/ca\/wp-json\/wp\/v2\/media?parent=12119"}],"wp:term":[{"taxonomy":"product_brand","embeddable":true,"href":"https:\/\/librosdelzorrorojo.com\/ca\/wp-json\/wp\/v2\/product_brand?post=12119"},{"taxonomy":"product_cat","embeddable":true,"href":"https:\/\/librosdelzorrorojo.com\/ca\/wp-json\/wp\/v2\/product_cat?post=12119"},{"taxonomy":"product_tag","embeddable":true,"href":"https:\/\/librosdelzorrorojo.com\/ca\/wp-json\/wp\/v2\/product_tag?post=12119"}],"curies":[{"name":"wp","href":"https:\/\/api.w.org\/{rel}","templated":true}]}}