{"id":12117,"date":"2016-09-14T12:00:17","date_gmt":"2016-09-14T10:00:17","guid":{"rendered":"https:\/\/librosdelzorrorojo.com\/catalogo\/el-intruso\/"},"modified":"2024-03-01T09:19:05","modified_gmt":"2024-03-01T08:19:05","slug":"el-intruso","status":"publish","type":"product","link":"https:\/\/librosdelzorrorojo.com\/ca\/cataleg\/el-intruso\/","title":{"rendered":"El intruso"},"content":{"rendered":"<p>Cada doble p\u00e1gina reproduce una serie de figuras de trazo\u00a0naturalista en las que el artista juega con las formas y las proporciones, y con tan solo dos colores\u00a0crea un efecto visual de ingeniosas asociaciones:\u00a0peces, p\u00e1jaros, medios de transporte, herramientas\u2026 Un\u00a0universo de m\u00e1s de un centenar de ilustraciones que enriquecen\u00a0el vocabulario y el conocimiento del mundo de\u00a0los m\u00e1s peque\u00f1os a trav\u00e9s de la observaci\u00f3n y del pensamiento\u00a0deductivo.<\/p>\n<p>Pero, \u00a1atenci\u00f3n!, tan importante como encontrar los rasgos\u00a0que tienen en com\u00fan, es detectar cu\u00e1l es la figura\u00a0enga\u00f1osamente similar que se ha colado en la p\u00e1gina: el\u00a0intruso.<\/p>\n<p>Misterio, juego, complicidad, creatividad, interacci\u00f3n, un libro cuya propuesta, tanto est\u00e9tica como l\u00fadica, est\u00e1\u00a0al alcance de los no lectores y permite un juego de complicidades completamente original. El libro ofrece m\u00e1s de\u00a0sesenta p\u00e1ginas llenas de emoci\u00f3n y descubrimiento, y\u00a0una plantilla desmontable adicional con la que los m\u00e1s\u00a0peque\u00f1os podr\u00e1n iniciarse en esta t\u00e9cnica art\u00edstica.<\/p>\n<p>&nbsp;<\/p>\n<p>&nbsp;<\/p>\n","protected":false},"excerpt":{"rendered":"Cada doble p\u00e1gina reproduce una serie de figuras de trazo\u00a0naturalista en las que el artista juega con las formas y las proporciones, y con tan solo dos colores\u00a0crea un efecto visual de ingeniosas asociaciones:\u00a0peces, p\u00e1jaros, medios de transporte, herramientas\u2026 Un\u00a0universo de m\u00e1s de un centenar de ilustraciones que enriquecen\u00a0el vocabulario y el conocimiento del mundo de\u00a0los m\u00e1s peque\u00f1os a trav\u00e9s de la observaci\u00f3n y del pensamiento\u00a0deductivo.","protected":false},"featured_media":8361,"template":"","meta":{"_acf_changed":false},"product_brand":[],"product_cat":[844,843],"product_tag":[],"class_list":{"0":"post-12117","1":"product","2":"type-product","3":"status-publish","4":"has-post-thumbnail","6":"product_cat-castella","7":"product_cat-infantiles-ca","9":"first","10":"instock","11":"taxable","12":"shipping-taxable","13":"purchasable","14":"product-type-simple"},"acf":[],"yoast_head":"<!-- This site is optimized with the Yoast SEO plugin v25.1 - https:\/\/yoast.com\/wordpress\/plugins\/seo\/ -->\n<title>Libros del Zorro Rojo - %<\/title>\n<meta name=\"description\" content=\"Misterio, juego, complicidad, creatividad, interacci\u00f3n.\u00a0Al alcance de los no lectores y permite un juego de complicidades completamente original.\" \/>\n<meta name=\"robots\" content=\"index, follow, max-snippet:-1, max-image-preview:large, max-video-preview:-1\" \/>\n<link rel=\"canonical\" href=\"https:\/\/librosdelzorrorojo.com\/ca\/cataleg\/el-intruso\/\" \/>\n<meta property=\"og:locale\" content=\"ca_ES\" \/>\n<meta property=\"og:type\" content=\"article\" \/>\n<meta property=\"og:title\" content=\"Libros del Zorro Rojo - %\" \/>\n<meta property=\"og:description\" content=\"Misterio, juego, complicidad, creatividad, interacci\u00f3n.\u00a0Al alcance de los no lectores y permite un juego de complicidades completamente original.\" \/>\n<meta property=\"og:url\" content=\"https:\/\/librosdelzorrorojo.com\/ca\/cataleg\/el-intruso\/\" \/>\n<meta property=\"og:site_name\" content=\"Libros del Zorro Rojo\" \/>\n<meta property=\"article:modified_time\" content=\"2024-03-01T08:19:05+00:00\" \/>\n<meta property=\"og:image\" content=\"https:\/\/librosdelzorrorojo.com\/wp-content\/uploads\/2016\/09\/ElIntruso2_1200x1200.png\" \/>\n\t<meta property=\"og:image:width\" content=\"1200\" \/>\n\t<meta property=\"og:image:height\" content=\"1200\" \/>\n\t<meta property=\"og:image:type\" content=\"image\/png\" \/>\n<meta name=\"twitter:card\" content=\"summary_large_image\" \/>\n<meta name=\"twitter:label1\" content=\"Temps estimat de lectura\" \/>\n\t<meta name=\"twitter:data1\" content=\"1 minut\" \/>\n<script type=\"application\/ld+json\" class=\"yoast-schema-graph\">{\"@context\":\"https:\/\/schema.org\",\"@graph\":[{\"@type\":\"WebPage\",\"@id\":\"https:\/\/librosdelzorrorojo.com\/ca\/cataleg\/el-intruso\/\",\"url\":\"https:\/\/librosdelzorrorojo.com\/ca\/cataleg\/el-intruso\/\",\"name\":\"Libros del Zorro Rojo - %\",\"isPartOf\":{\"@id\":\"https:\/\/librosdelzorrorojo.com\/#website\"},\"primaryImageOfPage\":{\"@id\":\"https:\/\/librosdelzorrorojo.com\/ca\/cataleg\/el-intruso\/#primaryimage\"},\"image\":{\"@id\":\"https:\/\/librosdelzorrorojo.com\/ca\/cataleg\/el-intruso\/#primaryimage\"},\"thumbnailUrl\":\"https:\/\/librosdelzorrorojo.com\/wp-content\/uploads\/2016\/09\/Cover_ElIntruso.jpg\",\"datePublished\":\"2016-09-14T10:00:17+00:00\",\"dateModified\":\"2024-03-01T08:19:05+00:00\",\"description\":\"Misterio, juego, complicidad, creatividad, interacci\u00f3n.\u00a0Al alcance de los no lectores y permite un juego de complicidades completamente original.\",\"breadcrumb\":{\"@id\":\"https:\/\/librosdelzorrorojo.com\/ca\/cataleg\/el-intruso\/#breadcrumb\"},\"inLanguage\":\"ca\",\"potentialAction\":[{\"@type\":\"ReadAction\",\"target\":[\"https:\/\/librosdelzorrorojo.com\/ca\/cataleg\/el-intruso\/\"]}]},{\"@type\":\"ImageObject\",\"inLanguage\":\"ca\",\"@id\":\"https:\/\/librosdelzorrorojo.com\/ca\/cataleg\/el-intruso\/#primaryimage\",\"url\":\"https:\/\/librosdelzorrorojo.com\/wp-content\/uploads\/2016\/09\/Cover_ElIntruso.jpg\",\"contentUrl\":\"https:\/\/librosdelzorrorojo.com\/wp-content\/uploads\/2016\/09\/Cover_ElIntruso.jpg\",\"width\":1133,\"height\":1493,\"caption\":\"Cover ElIntruso\"},{\"@type\":\"BreadcrumbList\",\"@id\":\"https:\/\/librosdelzorrorojo.com\/ca\/cataleg\/el-intruso\/#breadcrumb\",\"itemListElement\":[{\"@type\":\"ListItem\",\"position\":1,\"name\":\"Portada\",\"item\":\"https:\/\/librosdelzorrorojo.com\/ca\/\"},{\"@type\":\"ListItem\",\"position\":2,\"name\":\"Cat\u00e0leg\",\"item\":\"https:\/\/librosdelzorrorojo.com\/ca\/cataleg\/\"},{\"@type\":\"ListItem\",\"position\":3,\"name\":\"El intruso\"}]},{\"@type\":\"WebSite\",\"@id\":\"https:\/\/librosdelzorrorojo.com\/#website\",\"url\":\"https:\/\/librosdelzorrorojo.com\/\",\"name\":\"Libros del Zorro Rojo\",\"description\":\"Libros ilustrados\",\"potentialAction\":[{\"@type\":\"SearchAction\",\"target\":{\"@type\":\"EntryPoint\",\"urlTemplate\":\"https:\/\/librosdelzorrorojo.com\/?s={search_term_string}\"},\"query-input\":{\"@type\":\"PropertyValueSpecification\",\"valueRequired\":true,\"valueName\":\"search_term_string\"}}],\"inLanguage\":\"ca\"}]}<\/script>\n<!-- \/ Yoast SEO plugin. -->","yoast_head_json":{"title":"Libros del Zorro Rojo - %","description":"Misterio, juego, complicidad, creatividad, interacci\u00f3n.\u00a0Al alcance de los no lectores y permite un juego de complicidades completamente original.","robots":{"index":"index","follow":"follow","max-snippet":"max-snippet:-1","max-image-preview":"max-image-preview:large","max-video-preview":"max-video-preview:-1"},"canonical":"https:\/\/librosdelzorrorojo.com\/ca\/cataleg\/el-intruso\/","og_locale":"ca_ES","og_type":"article","og_title":"Libros del Zorro Rojo - %","og_description":"Misterio, juego, complicidad, creatividad, interacci\u00f3n.\u00a0Al alcance de los no lectores y permite un juego de complicidades completamente original.","og_url":"https:\/\/librosdelzorrorojo.com\/ca\/cataleg\/el-intruso\/","og_site_name":"Libros del Zorro Rojo","article_modified_time":"2024-03-01T08:19:05+00:00","og_image":[{"width":1200,"height":1200,"url":"https:\/\/librosdelzorrorojo.com\/wp-content\/uploads\/2016\/09\/ElIntruso2_1200x1200.png","type":"image\/png"}],"twitter_card":"summary_large_image","twitter_misc":{"Temps estimat de lectura":"1 minut"},"schema":{"@context":"https:\/\/schema.org","@graph":[{"@type":"WebPage","@id":"https:\/\/librosdelzorrorojo.com\/ca\/cataleg\/el-intruso\/","url":"https:\/\/librosdelzorrorojo.com\/ca\/cataleg\/el-intruso\/","name":"Libros del Zorro Rojo - %","isPartOf":{"@id":"https:\/\/librosdelzorrorojo.com\/#website"},"primaryImageOfPage":{"@id":"https:\/\/librosdelzorrorojo.com\/ca\/cataleg\/el-intruso\/#primaryimage"},"image":{"@id":"https:\/\/librosdelzorrorojo.com\/ca\/cataleg\/el-intruso\/#primaryimage"},"thumbnailUrl":"https:\/\/librosdelzorrorojo.com\/wp-content\/uploads\/2016\/09\/Cover_ElIntruso.jpg","datePublished":"2016-09-14T10:00:17+00:00","dateModified":"2024-03-01T08:19:05+00:00","description":"Misterio, juego, complicidad, creatividad, interacci\u00f3n.\u00a0Al alcance de los no lectores y permite un juego de complicidades completamente original.","breadcrumb":{"@id":"https:\/\/librosdelzorrorojo.com\/ca\/cataleg\/el-intruso\/#breadcrumb"},"inLanguage":"ca","potentialAction":[{"@type":"ReadAction","target":["https:\/\/librosdelzorrorojo.com\/ca\/cataleg\/el-intruso\/"]}]},{"@type":"ImageObject","inLanguage":"ca","@id":"https:\/\/librosdelzorrorojo.com\/ca\/cataleg\/el-intruso\/#primaryimage","url":"https:\/\/librosdelzorrorojo.com\/wp-content\/uploads\/2016\/09\/Cover_ElIntruso.jpg","contentUrl":"https:\/\/librosdelzorrorojo.com\/wp-content\/uploads\/2016\/09\/Cover_ElIntruso.jpg","width":1133,"height":1493,"caption":"Cover ElIntruso"},{"@type":"BreadcrumbList","@id":"https:\/\/librosdelzorrorojo.com\/ca\/cataleg\/el-intruso\/#breadcrumb","itemListElement":[{"@type":"ListItem","position":1,"name":"Portada","item":"https:\/\/librosdelzorrorojo.com\/ca\/"},{"@type":"ListItem","position":2,"name":"Cat\u00e0leg","item":"https:\/\/librosdelzorrorojo.com\/ca\/cataleg\/"},{"@type":"ListItem","position":3,"name":"El intruso"}]},{"@type":"WebSite","@id":"https:\/\/librosdelzorrorojo.com\/#website","url":"https:\/\/librosdelzorrorojo.com\/","name":"Libros del Zorro Rojo","description":"Libros ilustrados","potentialAction":[{"@type":"SearchAction","target":{"@type":"EntryPoint","urlTemplate":"https:\/\/librosdelzorrorojo.com\/?s={search_term_string}"},"query-input":{"@type":"PropertyValueSpecification","valueRequired":true,"valueName":"search_term_string"}}],"inLanguage":"ca"}]}},"_links":{"self":[{"href":"https:\/\/librosdelzorrorojo.com\/ca\/wp-json\/wp\/v2\/product\/12117","targetHints":{"allow":["GET"]}}],"collection":[{"href":"https:\/\/librosdelzorrorojo.com\/ca\/wp-json\/wp\/v2\/product"}],"about":[{"href":"https:\/\/librosdelzorrorojo.com\/ca\/wp-json\/wp\/v2\/types\/product"}],"wp:featuredmedia":[{"embeddable":true,"href":"https:\/\/librosdelzorrorojo.com\/ca\/wp-json\/wp\/v2\/media\/8361"}],"wp:attachment":[{"href":"https:\/\/librosdelzorrorojo.com\/ca\/wp-json\/wp\/v2\/media?parent=12117"}],"wp:term":[{"taxonomy":"product_brand","embeddable":true,"href":"https:\/\/librosdelzorrorojo.com\/ca\/wp-json\/wp\/v2\/product_brand?post=12117"},{"taxonomy":"product_cat","embeddable":true,"href":"https:\/\/librosdelzorrorojo.com\/ca\/wp-json\/wp\/v2\/product_cat?post=12117"},{"taxonomy":"product_tag","embeddable":true,"href":"https:\/\/librosdelzorrorojo.com\/ca\/wp-json\/wp\/v2\/product_tag?post=12117"}],"curies":[{"name":"wp","href":"https:\/\/api.w.org\/{rel}","templated":true}]}}