{"id":12108,"date":"2020-06-10T12:00:29","date_gmt":"2020-06-10T10:00:29","guid":{"rendered":"https:\/\/librosdelzorrorojo.com\/catalogo\/lost-in-translation\/"},"modified":"2026-04-21T17:24:40","modified_gmt":"2026-04-21T15:24:40","slug":"lost-in-translation","status":"publish","type":"product","link":"https:\/\/librosdelzorrorojo.com\/ca\/cataleg\/lost-in-translation\/","title":{"rendered":"Lost in Translation"},"content":{"rendered":"<p dir=\"ltr\"><span style=\"font-weight: 400;\">La euforia indescriptible que experimentas cuando te enamoras, la pila de libros que tienes por leer, el acto de acariciar con ternura el cabello de la persona que amas y otras muchas delicias ling\u00fc\u00edsticas procedentes de todas partes del mundo son el punto de partida de esta apasionante exploraci\u00f3n de las sutilezas del lenguaje.<\/span><\/p>\n<p dir=\"ltr\"><span style=\"font-weight: 400;\">Publicado poco despu\u00e9s de que Ella Frances Sanders cumpliera veinti\u00fan a\u00f1os, <\/span><i><span style=\"font-weight: 400;\">Lost in translation<\/span><\/i><span style=\"font-weight: 400;\"> brinda, con sus ilustraciones a tinta, innumerables matices a palabras intraducibles. Palabras de belleza esquiva que recorren el espectro de la experiencia humana y nos recuerdan que \u00abestamos fundamental e intr\u00ednsecamente unidos a cada una de las personas de este planeta a trav\u00e9s de los sentimientos y del lenguaje\u00bb.<\/span><\/p>\n<p dir=\"ltr\"><span style=\"font-weight: 400;\">La selecci\u00f3n de t\u00e9rminos irradia tanta frescura y humor como el estilo gr\u00e1fico de su autora, y es tan personal que parece confesarnos \u2014en la apreciaci\u00f3n de los momentos resplandecientes y po\u00e9ticos, en el deseo de transformar en palabras ideas y sentimientos\u2014 una historia \u00edntima.<\/span><\/p>\n<p dir=\"ltr\"><span style=\"font-weight: 400;\">Cada doble p\u00e1gina incluye un peque\u00f1o comentario sobre la palabra en cuesti\u00f3n, y su definici\u00f3n ilustrada, acompa\u00f1ada de un texto manuscrito que la artista ha transcrito en castellano para esta edici\u00f3n.<\/span><\/p>\n<p dir=\"ltr\"><span style=\"font-weight: 400;\">Esta obra es un alegato al poder de la palabra para acercarnos a ella en un presente en el que, pese a estar cada vez m\u00e1s conectados, tambi\u00e9n encontramos mayor dificultad para comunicarnos sin malentendidos. Porque tal vez haya alg\u00fan vac\u00edo en tu lengua materna para expresar esas sensaciones que parecen indeterminadas o inexplicables. Pero no desesperes: este compendio ilustrado ilumina algunas de las miles de palabras que expresan vivencias y emociones tan universales como dif\u00edciles de traducir.<\/span><\/p>\n<p>Este libro forma parte del proyecto <a href=\"https:\/\/www.rutasdelectura.com\/descarga_pdf\/Ruta0EV.pdf#page=15\"><span style=\"color: #ff0000;\"><strong>RUTAS DE LECTURA<\/strong> &#8211; Ellas Viajan<\/span>\u00a0<\/a><\/p>\n<p><img decoding=\"async\" src=\"https:\/\/librosdelzorrorojo.com\/wp-content\/uploads\/2024\/10\/ICEC.jpg\" alt=\"\" width=\"380\" height=\"85\" class=\"alignnone size-full wp-image-29095\" \/><\/p>\n<p>&nbsp;<\/p>\n<p>&nbsp;<\/p>\n","protected":false},"excerpt":{"rendered":"La euforia indescriptible que experimentas cuando te enamoras, la pila de libros que tienes por leer, el acto de acariciar con ternura el cabello de la persona que amas, y otras muchas delicias ling\u00fc\u00edsticas procedentes de todas partes del mundo son el punto de partida de esta apasionante exploraci\u00f3n de las sutilezas del lenguaje.\r\n\r\nPublicado poco despu\u00e9s de que Ella Frances Sanders cumpliera veinti\u00fan a\u00f1os, <em>Lost in translation<\/em> brinda con sus ilustraciones a tinta innumerables matices a las palabras intraducibles. Palabras de belleza esquiva que recorren el espectro de la experiencia humana y nos recuerdan que \u00abestamos fundamental e intr\u00ednsecamente unidos a cada una de las personas de este planeta a trav\u00e9s de los sentimientos y del lenguaje\u00bb.","protected":false},"featured_media":12110,"template":"","meta":{"_acf_changed":false},"product_brand":[],"product_cat":[844,3156],"product_tag":[],"class_list":{"0":"post-12108","1":"product","2":"type-product","3":"status-publish","4":"has-post-thumbnail","6":"product_cat-castella","7":"product_cat-juvenil-adult","9":"first","10":"instock","11":"taxable","12":"shipping-taxable","13":"purchasable","14":"product-type-simple"},"acf":[],"yoast_head":"<!-- This site is optimized with the Yoast SEO plugin v25.1 - https:\/\/yoast.com\/wordpress\/plugins\/seo\/ -->\n<title>Libros del Zorro Rojo - Lost in Translation<\/title>\n<meta name=\"description\" content=\"Lost in translation brinda, con sus ilustraciones a tinta, innumerables matices a palabras intraducibles, perdidos, sentimientos, lenguaje\" \/>\n<meta name=\"robots\" content=\"index, follow, max-snippet:-1, max-image-preview:large, max-video-preview:-1\" \/>\n<link rel=\"canonical\" href=\"https:\/\/librosdelzorrorojo.com\/ca\/cataleg\/lost-in-translation\/\" \/>\n<meta property=\"og:locale\" content=\"ca_ES\" \/>\n<meta property=\"og:type\" content=\"article\" \/>\n<meta property=\"og:title\" content=\"Libros del Zorro Rojo - Lost in Translation\" \/>\n<meta property=\"og:description\" content=\"Lost in translation brinda, con sus ilustraciones a tinta, innumerables matices a palabras intraducibles, perdidos, sentimientos, lenguaje\" \/>\n<meta property=\"og:url\" content=\"https:\/\/librosdelzorrorojo.com\/ca\/cataleg\/lost-in-translation\/\" \/>\n<meta property=\"og:site_name\" content=\"Libros del Zorro Rojo\" \/>\n<meta property=\"article:modified_time\" content=\"2026-04-21T15:24:40+00:00\" \/>\n<meta property=\"og:image\" content=\"https:\/\/librosdelzorrorojo.com\/wp-content\/uploads\/2016\/10\/lost-In-translation_1200x1200_02.jpg\" \/>\n\t<meta property=\"og:image:width\" content=\"1200\" \/>\n\t<meta property=\"og:image:height\" content=\"1200\" \/>\n\t<meta property=\"og:image:type\" content=\"image\/jpeg\" \/>\n<meta name=\"twitter:card\" content=\"summary_large_image\" \/>\n<meta name=\"twitter:label1\" content=\"Temps estimat de lectura\" \/>\n\t<meta name=\"twitter:data1\" content=\"2 minuts\" \/>\n<script type=\"application\/ld+json\" class=\"yoast-schema-graph\">{\"@context\":\"https:\/\/schema.org\",\"@graph\":[{\"@type\":\"WebPage\",\"@id\":\"https:\/\/librosdelzorrorojo.com\/ca\/cataleg\/lost-in-translation\/\",\"url\":\"https:\/\/librosdelzorrorojo.com\/ca\/cataleg\/lost-in-translation\/\",\"name\":\"Libros del Zorro Rojo - Lost in Translation\",\"isPartOf\":{\"@id\":\"https:\/\/librosdelzorrorojo.com\/#website\"},\"primaryImageOfPage\":{\"@id\":\"https:\/\/librosdelzorrorojo.com\/ca\/cataleg\/lost-in-translation\/#primaryimage\"},\"image\":{\"@id\":\"https:\/\/librosdelzorrorojo.com\/ca\/cataleg\/lost-in-translation\/#primaryimage\"},\"thumbnailUrl\":\"https:\/\/librosdelzorrorojo.com\/wp-content\/uploads\/2016\/10\/Cover-Lost-In-Translation-e1525448019533.jpg\",\"datePublished\":\"2020-06-10T10:00:29+00:00\",\"dateModified\":\"2026-04-21T15:24:40+00:00\",\"description\":\"Lost in translation brinda, con sus ilustraciones a tinta, innumerables matices a palabras intraducibles, perdidos, sentimientos, lenguaje\",\"breadcrumb\":{\"@id\":\"https:\/\/librosdelzorrorojo.com\/ca\/cataleg\/lost-in-translation\/#breadcrumb\"},\"inLanguage\":\"ca\",\"potentialAction\":[{\"@type\":\"ReadAction\",\"target\":[\"https:\/\/librosdelzorrorojo.com\/ca\/cataleg\/lost-in-translation\/\"]}]},{\"@type\":\"ImageObject\",\"inLanguage\":\"ca\",\"@id\":\"https:\/\/librosdelzorrorojo.com\/ca\/cataleg\/lost-in-translation\/#primaryimage\",\"url\":\"https:\/\/librosdelzorrorojo.com\/wp-content\/uploads\/2016\/10\/Cover-Lost-In-Translation-e1525448019533.jpg\",\"contentUrl\":\"https:\/\/librosdelzorrorojo.com\/wp-content\/uploads\/2016\/10\/Cover-Lost-In-Translation-e1525448019533.jpg\",\"width\":850,\"height\":750,\"caption\":\"Cover Lost In Translation e1525448019533\"},{\"@type\":\"BreadcrumbList\",\"@id\":\"https:\/\/librosdelzorrorojo.com\/ca\/cataleg\/lost-in-translation\/#breadcrumb\",\"itemListElement\":[{\"@type\":\"ListItem\",\"position\":1,\"name\":\"Portada\",\"item\":\"https:\/\/librosdelzorrorojo.com\/ca\/\"},{\"@type\":\"ListItem\",\"position\":2,\"name\":\"Cat\u00e0leg\",\"item\":\"https:\/\/librosdelzorrorojo.com\/ca\/cataleg\/\"},{\"@type\":\"ListItem\",\"position\":3,\"name\":\"Lost in Translation\"}]},{\"@type\":\"WebSite\",\"@id\":\"https:\/\/librosdelzorrorojo.com\/#website\",\"url\":\"https:\/\/librosdelzorrorojo.com\/\",\"name\":\"Libros del Zorro Rojo\",\"description\":\"Libros ilustrados\",\"potentialAction\":[{\"@type\":\"SearchAction\",\"target\":{\"@type\":\"EntryPoint\",\"urlTemplate\":\"https:\/\/librosdelzorrorojo.com\/?s={search_term_string}\"},\"query-input\":{\"@type\":\"PropertyValueSpecification\",\"valueRequired\":true,\"valueName\":\"search_term_string\"}}],\"inLanguage\":\"ca\"}]}<\/script>\n<!-- \/ Yoast SEO plugin. -->","yoast_head_json":{"title":"Libros del Zorro Rojo - Lost in Translation","description":"Lost in translation brinda, con sus ilustraciones a tinta, innumerables matices a palabras intraducibles, perdidos, sentimientos, lenguaje","robots":{"index":"index","follow":"follow","max-snippet":"max-snippet:-1","max-image-preview":"max-image-preview:large","max-video-preview":"max-video-preview:-1"},"canonical":"https:\/\/librosdelzorrorojo.com\/ca\/cataleg\/lost-in-translation\/","og_locale":"ca_ES","og_type":"article","og_title":"Libros del Zorro Rojo - Lost in Translation","og_description":"Lost in translation brinda, con sus ilustraciones a tinta, innumerables matices a palabras intraducibles, perdidos, sentimientos, lenguaje","og_url":"https:\/\/librosdelzorrorojo.com\/ca\/cataleg\/lost-in-translation\/","og_site_name":"Libros del Zorro Rojo","article_modified_time":"2026-04-21T15:24:40+00:00","og_image":[{"width":1200,"height":1200,"url":"https:\/\/librosdelzorrorojo.com\/wp-content\/uploads\/2016\/10\/lost-In-translation_1200x1200_02.jpg","type":"image\/jpeg"}],"twitter_card":"summary_large_image","twitter_misc":{"Temps estimat de lectura":"2 minuts"},"schema":{"@context":"https:\/\/schema.org","@graph":[{"@type":"WebPage","@id":"https:\/\/librosdelzorrorojo.com\/ca\/cataleg\/lost-in-translation\/","url":"https:\/\/librosdelzorrorojo.com\/ca\/cataleg\/lost-in-translation\/","name":"Libros del Zorro Rojo - Lost in Translation","isPartOf":{"@id":"https:\/\/librosdelzorrorojo.com\/#website"},"primaryImageOfPage":{"@id":"https:\/\/librosdelzorrorojo.com\/ca\/cataleg\/lost-in-translation\/#primaryimage"},"image":{"@id":"https:\/\/librosdelzorrorojo.com\/ca\/cataleg\/lost-in-translation\/#primaryimage"},"thumbnailUrl":"https:\/\/librosdelzorrorojo.com\/wp-content\/uploads\/2016\/10\/Cover-Lost-In-Translation-e1525448019533.jpg","datePublished":"2020-06-10T10:00:29+00:00","dateModified":"2026-04-21T15:24:40+00:00","description":"Lost in translation brinda, con sus ilustraciones a tinta, innumerables matices a palabras intraducibles, perdidos, sentimientos, lenguaje","breadcrumb":{"@id":"https:\/\/librosdelzorrorojo.com\/ca\/cataleg\/lost-in-translation\/#breadcrumb"},"inLanguage":"ca","potentialAction":[{"@type":"ReadAction","target":["https:\/\/librosdelzorrorojo.com\/ca\/cataleg\/lost-in-translation\/"]}]},{"@type":"ImageObject","inLanguage":"ca","@id":"https:\/\/librosdelzorrorojo.com\/ca\/cataleg\/lost-in-translation\/#primaryimage","url":"https:\/\/librosdelzorrorojo.com\/wp-content\/uploads\/2016\/10\/Cover-Lost-In-Translation-e1525448019533.jpg","contentUrl":"https:\/\/librosdelzorrorojo.com\/wp-content\/uploads\/2016\/10\/Cover-Lost-In-Translation-e1525448019533.jpg","width":850,"height":750,"caption":"Cover Lost In Translation e1525448019533"},{"@type":"BreadcrumbList","@id":"https:\/\/librosdelzorrorojo.com\/ca\/cataleg\/lost-in-translation\/#breadcrumb","itemListElement":[{"@type":"ListItem","position":1,"name":"Portada","item":"https:\/\/librosdelzorrorojo.com\/ca\/"},{"@type":"ListItem","position":2,"name":"Cat\u00e0leg","item":"https:\/\/librosdelzorrorojo.com\/ca\/cataleg\/"},{"@type":"ListItem","position":3,"name":"Lost in Translation"}]},{"@type":"WebSite","@id":"https:\/\/librosdelzorrorojo.com\/#website","url":"https:\/\/librosdelzorrorojo.com\/","name":"Libros del Zorro Rojo","description":"Libros ilustrados","potentialAction":[{"@type":"SearchAction","target":{"@type":"EntryPoint","urlTemplate":"https:\/\/librosdelzorrorojo.com\/?s={search_term_string}"},"query-input":{"@type":"PropertyValueSpecification","valueRequired":true,"valueName":"search_term_string"}}],"inLanguage":"ca"}]}},"_links":{"self":[{"href":"https:\/\/librosdelzorrorojo.com\/ca\/wp-json\/wp\/v2\/product\/12108","targetHints":{"allow":["GET"]}}],"collection":[{"href":"https:\/\/librosdelzorrorojo.com\/ca\/wp-json\/wp\/v2\/product"}],"about":[{"href":"https:\/\/librosdelzorrorojo.com\/ca\/wp-json\/wp\/v2\/types\/product"}],"wp:featuredmedia":[{"embeddable":true,"href":"https:\/\/librosdelzorrorojo.com\/ca\/wp-json\/wp\/v2\/media\/12110"}],"wp:attachment":[{"href":"https:\/\/librosdelzorrorojo.com\/ca\/wp-json\/wp\/v2\/media?parent=12108"}],"wp:term":[{"taxonomy":"product_brand","embeddable":true,"href":"https:\/\/librosdelzorrorojo.com\/ca\/wp-json\/wp\/v2\/product_brand?post=12108"},{"taxonomy":"product_cat","embeddable":true,"href":"https:\/\/librosdelzorrorojo.com\/ca\/wp-json\/wp\/v2\/product_cat?post=12108"},{"taxonomy":"product_tag","embeddable":true,"href":"https:\/\/librosdelzorrorojo.com\/ca\/wp-json\/wp\/v2\/product_tag?post=12108"}],"curies":[{"name":"wp","href":"https:\/\/api.w.org\/{rel}","templated":true}]}}