{"id":12106,"date":"2016-10-26T12:00:43","date_gmt":"2016-10-26T10:00:43","guid":{"rendered":"https:\/\/librosdelzorrorojo.com\/catalogo\/tiempo-libre\/"},"modified":"2024-02-29T11:37:47","modified_gmt":"2024-02-29T10:37:47","slug":"tiempo-libre","status":"publish","type":"product","link":"https:\/\/librosdelzorrorojo.com\/ca\/cataleg\/tiempo-libre\/","title":{"rendered":"Tiempo libre"},"content":{"rendered":"<p class=\"p5\">\u00bfImaginas un mundo donde cada estaci\u00f3n del a\u00f1o, cada hora del d\u00eda, cada instante fuera el ideal para jugar, para compartir, para crear? \u00bfImaginas un mundo donde todo tiempo feliz fuera tiempo libre? Lizi Boyd, la autora de<span>\u00a0<\/span><em>Linterna m\u00e1gica,<\/em><span>\u00a0<\/span>nos propone en este libro sin palabras un nuevo paseo a plena luz del d\u00eda; una marcha que nos conduce a un universo familiar que se transforma a medida que transcurren las estaciones.<\/p>\n<p class=\"p7\">A lo largo de estas diecis\u00e9is escenas ilustradas, presenciamos el despertar de la creatividad del protagonista, que emprende nuevos proyectos: plantar semillas, decorar las paredes con dibujos, construir un velero de juguete o zambullirse en la lectura de un buen libro.<\/p>\n<p class=\"p7\">Gracias a las ventanas troqueladas, asistimos como espectadores privilegiados a la transformaci\u00f3n de la naturaleza. Y a trav\u00e9s de ellas, exterior e interior se fusionan en armon\u00eda, de manera que cada p\u00e1gina anticipa la\u00a0escena siguiente y proporciona una nueva forma de mirar la anterior.<\/p>\n<p class=\"p2\">Un gato, un perro, una tortuga, p\u00e1jaros, paisajes nevados o \u00e1rboles en flor ambientan el entorno: innumerables detalles que no se asimilan en una \u00fanica lectura. Un libro para leer de delante hacia atr\u00e1s y de atr\u00e1s hacia delante, en el que una sola cosa parece imposible: aburrirse.<\/p>\n<p class=\"p8\">\u00abMi estudio est\u00e1 rodeado de ventanas \u2014confiesa la autora\u2014. A menudo dejo mis ilustraciones sobre la mesa de dibujo y salgo a mirarlas para ver c\u00f3mo me siento. Hay algo en este proceso que me permite ser objetiva.\u00bb<\/p>\n<p>&nbsp;<\/p>\n<p>&nbsp;<\/p>\n<p>&nbsp;<\/p>\n","protected":false},"excerpt":{"rendered":"<p class=\"p5\">\u00bfImaginas un mundo donde cada estaci\u00f3n del a\u00f1o, cada hora del d\u00eda, cada instante fuera el ideal para jugar, para compartir, para crear? \u00bfImaginas un mundo donde todo tiempo feliz fuera tiempo libre? Lizi Boyd, la autora de<span>\u00a0<\/span><em>Linterna m\u00e1gica,<\/em><span>\u00a0<\/span>nos propone en este libro sin palabras un nuevo paseo a plena luz del d\u00eda; una marcha que nos conduce a un universo familiar que se transforma a medida que transcurren las estaciones.<\/p>\r\n<p class=\"p7\">A lo largo de estas diecis\u00e9is escenas ilustradas, presenciamos el despertar de la creatividad del protagonista, que emprende nuevos proyectos: plantar semillas, decorar las paredes con dibujos, construir un velero de juguete o zambullirse en la lectura de un buen libro.<\/p>","protected":false},"featured_media":8078,"template":"","meta":{"_acf_changed":false},"product_brand":[],"product_cat":[844,843],"product_tag":[],"class_list":{"0":"post-12106","1":"product","2":"type-product","3":"status-publish","4":"has-post-thumbnail","6":"product_cat-castella","7":"product_cat-infantiles-ca","9":"first","10":"instock","11":"taxable","12":"shipping-taxable","13":"purchasable","14":"product-type-simple"},"acf":[],"yoast_head":"<!-- This site is optimized with the Yoast SEO plugin v25.1 - https:\/\/yoast.com\/wordpress\/plugins\/seo\/ -->\n<title>Tiempo libre<\/title>\n<meta name=\"description\" content=\"una marcha que nos conduce a un universo familiar que se transforma a medida que transcurren las estaciones, troqueladas, ventanas, escenas de vida\" \/>\n<meta name=\"robots\" content=\"index, follow, max-snippet:-1, max-image-preview:large, max-video-preview:-1\" \/>\n<link rel=\"canonical\" href=\"https:\/\/librosdelzorrorojo.com\/ca\/cataleg\/tiempo-libre\/\" \/>\n<meta property=\"og:locale\" content=\"ca_ES\" \/>\n<meta property=\"og:type\" content=\"article\" \/>\n<meta property=\"og:title\" content=\"Tiempo libre\" \/>\n<meta property=\"og:description\" content=\"una marcha que nos conduce a un universo familiar que se transforma a medida que transcurren las estaciones, troqueladas, ventanas, escenas de vida\" \/>\n<meta property=\"og:url\" content=\"https:\/\/librosdelzorrorojo.com\/ca\/cataleg\/tiempo-libre\/\" \/>\n<meta property=\"og:site_name\" content=\"Libros del Zorro Rojo\" \/>\n<meta property=\"article:modified_time\" content=\"2024-02-29T10:37:47+00:00\" \/>\n<meta property=\"og:image\" content=\"https:\/\/librosdelzorrorojo.com\/wp-content\/uploads\/2016\/10\/TiempoLibre_03.jpg\" \/>\n<meta name=\"twitter:card\" content=\"summary_large_image\" \/>\n<meta name=\"twitter:label1\" content=\"Temps estimat de lectura\" \/>\n\t<meta name=\"twitter:data1\" content=\"1 minut\" \/>\n<script type=\"application\/ld+json\" class=\"yoast-schema-graph\">{\"@context\":\"https:\/\/schema.org\",\"@graph\":[{\"@type\":\"WebPage\",\"@id\":\"https:\/\/librosdelzorrorojo.com\/ca\/cataleg\/tiempo-libre\/\",\"url\":\"https:\/\/librosdelzorrorojo.com\/ca\/cataleg\/tiempo-libre\/\",\"name\":\"Tiempo libre\",\"isPartOf\":{\"@id\":\"https:\/\/librosdelzorrorojo.com\/#website\"},\"primaryImageOfPage\":{\"@id\":\"https:\/\/librosdelzorrorojo.com\/ca\/cataleg\/tiempo-libre\/#primaryimage\"},\"image\":{\"@id\":\"https:\/\/librosdelzorrorojo.com\/ca\/cataleg\/tiempo-libre\/#primaryimage\"},\"thumbnailUrl\":\"https:\/\/librosdelzorrorojo.com\/wp-content\/uploads\/2016\/10\/ZR-Tiempo-libre.jpg\",\"datePublished\":\"2016-10-26T10:00:43+00:00\",\"dateModified\":\"2024-02-29T10:37:47+00:00\",\"description\":\"una marcha que nos conduce a un universo familiar que se transforma a medida que transcurren las estaciones, troqueladas, ventanas, escenas de vida\",\"breadcrumb\":{\"@id\":\"https:\/\/librosdelzorrorojo.com\/ca\/cataleg\/tiempo-libre\/#breadcrumb\"},\"inLanguage\":\"ca\",\"potentialAction\":[{\"@type\":\"ReadAction\",\"target\":[\"https:\/\/librosdelzorrorojo.com\/ca\/cataleg\/tiempo-libre\/\"]}]},{\"@type\":\"ImageObject\",\"inLanguage\":\"ca\",\"@id\":\"https:\/\/librosdelzorrorojo.com\/ca\/cataleg\/tiempo-libre\/#primaryimage\",\"url\":\"https:\/\/librosdelzorrorojo.com\/wp-content\/uploads\/2016\/10\/ZR-Tiempo-libre.jpg\",\"contentUrl\":\"https:\/\/librosdelzorrorojo.com\/wp-content\/uploads\/2016\/10\/ZR-Tiempo-libre.jpg\",\"width\":981,\"height\":1028,\"caption\":\"ZR Tiempo libre\"},{\"@type\":\"BreadcrumbList\",\"@id\":\"https:\/\/librosdelzorrorojo.com\/ca\/cataleg\/tiempo-libre\/#breadcrumb\",\"itemListElement\":[{\"@type\":\"ListItem\",\"position\":1,\"name\":\"Portada\",\"item\":\"https:\/\/librosdelzorrorojo.com\/ca\/\"},{\"@type\":\"ListItem\",\"position\":2,\"name\":\"Cat\u00e0leg\",\"item\":\"https:\/\/librosdelzorrorojo.com\/ca\/cataleg\/\"},{\"@type\":\"ListItem\",\"position\":3,\"name\":\"Tiempo libre\"}]},{\"@type\":\"WebSite\",\"@id\":\"https:\/\/librosdelzorrorojo.com\/#website\",\"url\":\"https:\/\/librosdelzorrorojo.com\/\",\"name\":\"Libros del Zorro Rojo\",\"description\":\"Libros ilustrados\",\"potentialAction\":[{\"@type\":\"SearchAction\",\"target\":{\"@type\":\"EntryPoint\",\"urlTemplate\":\"https:\/\/librosdelzorrorojo.com\/?s={search_term_string}\"},\"query-input\":{\"@type\":\"PropertyValueSpecification\",\"valueRequired\":true,\"valueName\":\"search_term_string\"}}],\"inLanguage\":\"ca\"}]}<\/script>\n<!-- \/ Yoast SEO plugin. -->","yoast_head_json":{"title":"Tiempo libre","description":"una marcha que nos conduce a un universo familiar que se transforma a medida que transcurren las estaciones, troqueladas, ventanas, escenas de vida","robots":{"index":"index","follow":"follow","max-snippet":"max-snippet:-1","max-image-preview":"max-image-preview:large","max-video-preview":"max-video-preview:-1"},"canonical":"https:\/\/librosdelzorrorojo.com\/ca\/cataleg\/tiempo-libre\/","og_locale":"ca_ES","og_type":"article","og_title":"Tiempo libre","og_description":"una marcha que nos conduce a un universo familiar que se transforma a medida que transcurren las estaciones, troqueladas, ventanas, escenas de vida","og_url":"https:\/\/librosdelzorrorojo.com\/ca\/cataleg\/tiempo-libre\/","og_site_name":"Libros del Zorro Rojo","article_modified_time":"2024-02-29T10:37:47+00:00","og_image":[{"url":"https:\/\/librosdelzorrorojo.com\/wp-content\/uploads\/2016\/10\/TiempoLibre_03.jpg","type":"","width":"","height":""}],"twitter_card":"summary_large_image","twitter_misc":{"Temps estimat de lectura":"1 minut"},"schema":{"@context":"https:\/\/schema.org","@graph":[{"@type":"WebPage","@id":"https:\/\/librosdelzorrorojo.com\/ca\/cataleg\/tiempo-libre\/","url":"https:\/\/librosdelzorrorojo.com\/ca\/cataleg\/tiempo-libre\/","name":"Tiempo libre","isPartOf":{"@id":"https:\/\/librosdelzorrorojo.com\/#website"},"primaryImageOfPage":{"@id":"https:\/\/librosdelzorrorojo.com\/ca\/cataleg\/tiempo-libre\/#primaryimage"},"image":{"@id":"https:\/\/librosdelzorrorojo.com\/ca\/cataleg\/tiempo-libre\/#primaryimage"},"thumbnailUrl":"https:\/\/librosdelzorrorojo.com\/wp-content\/uploads\/2016\/10\/ZR-Tiempo-libre.jpg","datePublished":"2016-10-26T10:00:43+00:00","dateModified":"2024-02-29T10:37:47+00:00","description":"una marcha que nos conduce a un universo familiar que se transforma a medida que transcurren las estaciones, troqueladas, ventanas, escenas de vida","breadcrumb":{"@id":"https:\/\/librosdelzorrorojo.com\/ca\/cataleg\/tiempo-libre\/#breadcrumb"},"inLanguage":"ca","potentialAction":[{"@type":"ReadAction","target":["https:\/\/librosdelzorrorojo.com\/ca\/cataleg\/tiempo-libre\/"]}]},{"@type":"ImageObject","inLanguage":"ca","@id":"https:\/\/librosdelzorrorojo.com\/ca\/cataleg\/tiempo-libre\/#primaryimage","url":"https:\/\/librosdelzorrorojo.com\/wp-content\/uploads\/2016\/10\/ZR-Tiempo-libre.jpg","contentUrl":"https:\/\/librosdelzorrorojo.com\/wp-content\/uploads\/2016\/10\/ZR-Tiempo-libre.jpg","width":981,"height":1028,"caption":"ZR Tiempo libre"},{"@type":"BreadcrumbList","@id":"https:\/\/librosdelzorrorojo.com\/ca\/cataleg\/tiempo-libre\/#breadcrumb","itemListElement":[{"@type":"ListItem","position":1,"name":"Portada","item":"https:\/\/librosdelzorrorojo.com\/ca\/"},{"@type":"ListItem","position":2,"name":"Cat\u00e0leg","item":"https:\/\/librosdelzorrorojo.com\/ca\/cataleg\/"},{"@type":"ListItem","position":3,"name":"Tiempo libre"}]},{"@type":"WebSite","@id":"https:\/\/librosdelzorrorojo.com\/#website","url":"https:\/\/librosdelzorrorojo.com\/","name":"Libros del Zorro Rojo","description":"Libros ilustrados","potentialAction":[{"@type":"SearchAction","target":{"@type":"EntryPoint","urlTemplate":"https:\/\/librosdelzorrorojo.com\/?s={search_term_string}"},"query-input":{"@type":"PropertyValueSpecification","valueRequired":true,"valueName":"search_term_string"}}],"inLanguage":"ca"}]}},"_links":{"self":[{"href":"https:\/\/librosdelzorrorojo.com\/ca\/wp-json\/wp\/v2\/product\/12106","targetHints":{"allow":["GET"]}}],"collection":[{"href":"https:\/\/librosdelzorrorojo.com\/ca\/wp-json\/wp\/v2\/product"}],"about":[{"href":"https:\/\/librosdelzorrorojo.com\/ca\/wp-json\/wp\/v2\/types\/product"}],"wp:featuredmedia":[{"embeddable":true,"href":"https:\/\/librosdelzorrorojo.com\/ca\/wp-json\/wp\/v2\/media\/8078"}],"wp:attachment":[{"href":"https:\/\/librosdelzorrorojo.com\/ca\/wp-json\/wp\/v2\/media?parent=12106"}],"wp:term":[{"taxonomy":"product_brand","embeddable":true,"href":"https:\/\/librosdelzorrorojo.com\/ca\/wp-json\/wp\/v2\/product_brand?post=12106"},{"taxonomy":"product_cat","embeddable":true,"href":"https:\/\/librosdelzorrorojo.com\/ca\/wp-json\/wp\/v2\/product_cat?post=12106"},{"taxonomy":"product_tag","embeddable":true,"href":"https:\/\/librosdelzorrorojo.com\/ca\/wp-json\/wp\/v2\/product_tag?post=12106"}],"curies":[{"name":"wp","href":"https:\/\/api.w.org\/{rel}","templated":true}]}}