{"id":12098,"date":"2020-01-09T12:00:43","date_gmt":"2020-01-09T11:00:43","guid":{"rendered":"https:\/\/librosdelzorrorojo.com\/catalogo\/trilogia-haruki-murakami\/"},"modified":"2024-12-28T12:13:30","modified_gmt":"2024-12-28T11:13:30","slug":"trilogia-haruki-murakami","status":"publish","type":"product","link":"https:\/\/librosdelzorrorojo.com\/ca\/cataleg\/trilogia-haruki-murakami\/","title":{"rendered":"Trilog\u00eda Haruki Murakami"},"content":{"rendered":"<p class=\"p1\"><b>Sue\u00f1o<\/b><\/p>\n<p dir=\"ltr\"><span style=\"font-weight: 400;\">La protagonista de esta historia nos cuenta en primera persona que lleva m\u00e1s de dos semanas sin dormir. Su mente se mantiene clara, incluso m\u00e1s despejada que de costumbre. Nadie en su casa se da cuenta de lo que le pasa. Durante el d\u00eda finge normalidad; por las noches, mientras su marido y su hijo duermen, se dedica a leer con voracidad o a dar vueltas con el coche por la ciudad sin rumbo fijo. No encuentra sentido a lo que le pasa, ni explicaci\u00f3n a las sombras que de repente empiezan a rodearla.<\/span><\/p>\n<p><span>Mira el\u00a0<\/span><a href=\"https:\/\/www.youtube.com\/watch?v=TUbbK0sFCTs&amp;t=2s\"><span style=\"color: #ff0000;\">booktrailer<\/span><\/a><\/p>\n<p class=\"p1\"><b><br \/>\nLa biblioteca secreta<\/b><\/p>\n<p class=\"p1\"><span style=\"font-weight: 400;\">El muchacho, en apariencia, solo quiere devolver dos libros y rebuscar un poco entre las estanter\u00edas. Pero en la sala de lectura se topa con el extra\u00f1o bibliotecario, un anciano furibundo que lo introduce en el laberinto de la biblioteca, donde lo encierra. En la mazmorra de papel recibe deliciosos manjares, servidos por un misterioso hombre-oveja y una bella muchacha muda. Poco a poco percibe que los l\u00edmites entre los objetos, las personas y los espacios son cada vez m\u00e1s difusos.<\/span><\/p>\n<p><span>Mira el\u00a0<\/span><a href=\"https:\/\/www.youtube.com\/watch?v=6xQ4Xd8V8cc&amp;t=5s\"><span style=\"color: #ff0000;\">booktrailer<\/span><\/a><\/p>\n<p><strong><br \/>\nAsalto a las panader\u00edas<\/strong><\/p>\n<p dir=\"ltr\"><span style=\"font-weight: 400;\">Una noche, muy tarde, acosada por un repentino ataque de hambre, una pareja que apenas ha empezado a convivir, y que casi no tiene comida en casa, decide salir a buscar un restaurante abierto donde poder saciarse. El hombre confiesa a su compa\u00f1era que ya ha sufrido otro episodio similar en el pasado, resuelto con el asalto a una panader\u00eda, donde \u00e9l y un amigo de la \u00e9poca pudieron comer pan hasta hartarse a cambio de recibir una imprecisa maldici\u00f3n y escuchar sin ganas la m\u00fasica preferida del panadero, un apasionado de \u00a0Wagner. Desaforada, la pareja cede a la presi\u00f3n del hambre y sale a la noche de Tokio, armada con una vieja escopeta, en busca del olor a pan.<\/span><\/p>\n<p><span>Mira el\u00a0<\/span><a href=\"https:\/\/www.youtube.com\/watch?v=kcn4RAqqIIE&amp;t=5s\"><span style=\"color: #ff0000;\">booktrailer<\/span><\/a><\/p>\n<p><img decoding=\"async\" src=\"https:\/\/librosdelzorrorojo.com\/wp-content\/uploads\/2017\/09\/logo-generalitat2.jpg\" alt=\"\" width=\"200\" height=\"67\" class=\"alignnone size-full wp-image-11152\" \/><\/p>\n","protected":false},"excerpt":{"rendered":"\u00bfEn qu\u00e9 momento, de qu\u00e9 forma, nos ha guiado Haruki Murakami sin que nos demos cuenta hasta el mismo centro de un sue\u00f1o? De su mano, envueltos en sus palabras con ritmo de jazz, no hemos dudado ni por un momento de los l\u00edmites de la realidad que han ido desdibuj\u00e1ndose a nuestro paso. Este lugar es un vasto umbral entre la vigilia y el mundo on\u00edrico, entre la juventud y la madurez, entre el fatalismo y el azar.","protected":false},"featured_media":9496,"template":"","meta":{"_acf_changed":false},"product_brand":[],"product_cat":[844,3156],"product_tag":[],"class_list":{"0":"post-12098","1":"product","2":"type-product","3":"status-publish","4":"has-post-thumbnail","6":"product_cat-castella","7":"product_cat-juvenil-adult","9":"first","10":"instock","11":"taxable","12":"shipping-taxable","13":"purchasable","14":"product-type-simple"},"acf":[],"yoast_head":"<!-- This site is optimized with the Yoast SEO plugin v25.1 - https:\/\/yoast.com\/wordpress\/plugins\/seo\/ -->\n<title>Trilog\u00eda Murakami - Libros del Zorro Rojo<\/title>\n<meta name=\"description\" content=\"\u00bfEn qu\u00e9 momento, de qu\u00e9 forma nos ha guiado Haruki Murakami sin que nos demos cuenta hasta el mismo centro de un sue\u00f1o?\" \/>\n<meta name=\"robots\" content=\"index, follow, max-snippet:-1, max-image-preview:large, max-video-preview:-1\" \/>\n<link rel=\"canonical\" href=\"https:\/\/librosdelzorrorojo.com\/ca\/cataleg\/trilogia-haruki-murakami\/\" \/>\n<meta property=\"og:locale\" content=\"ca_ES\" \/>\n<meta property=\"og:type\" content=\"article\" \/>\n<meta property=\"og:title\" content=\"Trilog\u00eda Murakami - Libros del Zorro Rojo\" \/>\n<meta property=\"og:description\" content=\"\u00bfEn qu\u00e9 momento, de qu\u00e9 forma nos ha guiado Haruki Murakami sin que nos demos cuenta hasta el mismo centro de un sue\u00f1o?\" \/>\n<meta property=\"og:url\" content=\"https:\/\/librosdelzorrorojo.com\/ca\/cataleg\/trilogia-haruki-murakami\/\" \/>\n<meta property=\"og:site_name\" content=\"Libros del Zorro Rojo\" \/>\n<meta property=\"article:modified_time\" content=\"2024-12-28T11:13:30+00:00\" \/>\n<meta property=\"og:image\" content=\"https:\/\/librosdelzorrorojo.com\/wp-content\/uploads\/2017\/11\/Haruki-Murakami-2.jpg\" \/>\n\t<meta property=\"og:image:width\" content=\"300\" \/>\n\t<meta property=\"og:image:height\" content=\"422\" \/>\n\t<meta property=\"og:image:type\" content=\"image\/jpeg\" \/>\n<meta name=\"twitter:card\" content=\"summary_large_image\" \/>\n<meta name=\"twitter:label1\" content=\"Temps estimat de lectura\" \/>\n\t<meta name=\"twitter:data1\" content=\"2 minuts\" \/>\n<script type=\"application\/ld+json\" class=\"yoast-schema-graph\">{\"@context\":\"https:\/\/schema.org\",\"@graph\":[{\"@type\":\"WebPage\",\"@id\":\"https:\/\/librosdelzorrorojo.com\/ca\/cataleg\/trilogia-haruki-murakami\/\",\"url\":\"https:\/\/librosdelzorrorojo.com\/ca\/cataleg\/trilogia-haruki-murakami\/\",\"name\":\"Trilog\u00eda Murakami - Libros del Zorro Rojo\",\"isPartOf\":{\"@id\":\"https:\/\/librosdelzorrorojo.com\/#website\"},\"primaryImageOfPage\":{\"@id\":\"https:\/\/librosdelzorrorojo.com\/ca\/cataleg\/trilogia-haruki-murakami\/#primaryimage\"},\"image\":{\"@id\":\"https:\/\/librosdelzorrorojo.com\/ca\/cataleg\/trilogia-haruki-murakami\/#primaryimage\"},\"thumbnailUrl\":\"https:\/\/librosdelzorrorojo.com\/wp-content\/uploads\/2016\/11\/Trilogi\u0301a-de-Murakami.png\",\"datePublished\":\"2020-01-09T11:00:43+00:00\",\"dateModified\":\"2024-12-28T11:13:30+00:00\",\"description\":\"\u00bfEn qu\u00e9 momento, de qu\u00e9 forma nos ha guiado Haruki Murakami sin que nos demos cuenta hasta el mismo centro de un sue\u00f1o?\",\"breadcrumb\":{\"@id\":\"https:\/\/librosdelzorrorojo.com\/ca\/cataleg\/trilogia-haruki-murakami\/#breadcrumb\"},\"inLanguage\":\"ca\",\"potentialAction\":[{\"@type\":\"ReadAction\",\"target\":[\"https:\/\/librosdelzorrorojo.com\/ca\/cataleg\/trilogia-haruki-murakami\/\"]}]},{\"@type\":\"ImageObject\",\"inLanguage\":\"ca\",\"@id\":\"https:\/\/librosdelzorrorojo.com\/ca\/cataleg\/trilogia-haruki-murakami\/#primaryimage\",\"url\":\"https:\/\/librosdelzorrorojo.com\/wp-content\/uploads\/2016\/11\/Trilogi\u0301a-de-Murakami.png\",\"contentUrl\":\"https:\/\/librosdelzorrorojo.com\/wp-content\/uploads\/2016\/11\/Trilogi\u0301a-de-Murakami.png\",\"width\":850,\"height\":981,\"caption\":\"Trilogi\u0301a de Murakami\"},{\"@type\":\"BreadcrumbList\",\"@id\":\"https:\/\/librosdelzorrorojo.com\/ca\/cataleg\/trilogia-haruki-murakami\/#breadcrumb\",\"itemListElement\":[{\"@type\":\"ListItem\",\"position\":1,\"name\":\"Portada\",\"item\":\"https:\/\/librosdelzorrorojo.com\/ca\/\"},{\"@type\":\"ListItem\",\"position\":2,\"name\":\"Cat\u00e0leg\",\"item\":\"https:\/\/librosdelzorrorojo.com\/ca\/cataleg\/\"},{\"@type\":\"ListItem\",\"position\":3,\"name\":\"Trilog\u00eda Haruki Murakami\"}]},{\"@type\":\"WebSite\",\"@id\":\"https:\/\/librosdelzorrorojo.com\/#website\",\"url\":\"https:\/\/librosdelzorrorojo.com\/\",\"name\":\"Libros del Zorro Rojo\",\"description\":\"Libros ilustrados\",\"potentialAction\":[{\"@type\":\"SearchAction\",\"target\":{\"@type\":\"EntryPoint\",\"urlTemplate\":\"https:\/\/librosdelzorrorojo.com\/?s={search_term_string}\"},\"query-input\":{\"@type\":\"PropertyValueSpecification\",\"valueRequired\":true,\"valueName\":\"search_term_string\"}}],\"inLanguage\":\"ca\"}]}<\/script>\n<!-- \/ Yoast SEO plugin. -->","yoast_head_json":{"title":"Trilog\u00eda Murakami - Libros del Zorro Rojo","description":"\u00bfEn qu\u00e9 momento, de qu\u00e9 forma nos ha guiado Haruki Murakami sin que nos demos cuenta hasta el mismo centro de un sue\u00f1o?","robots":{"index":"index","follow":"follow","max-snippet":"max-snippet:-1","max-image-preview":"max-image-preview:large","max-video-preview":"max-video-preview:-1"},"canonical":"https:\/\/librosdelzorrorojo.com\/ca\/cataleg\/trilogia-haruki-murakami\/","og_locale":"ca_ES","og_type":"article","og_title":"Trilog\u00eda Murakami - Libros del Zorro Rojo","og_description":"\u00bfEn qu\u00e9 momento, de qu\u00e9 forma nos ha guiado Haruki Murakami sin que nos demos cuenta hasta el mismo centro de un sue\u00f1o?","og_url":"https:\/\/librosdelzorrorojo.com\/ca\/cataleg\/trilogia-haruki-murakami\/","og_site_name":"Libros del Zorro Rojo","article_modified_time":"2024-12-28T11:13:30+00:00","og_image":[{"width":300,"height":422,"url":"https:\/\/librosdelzorrorojo.com\/wp-content\/uploads\/2017\/11\/Haruki-Murakami-2.jpg","type":"image\/jpeg"}],"twitter_card":"summary_large_image","twitter_misc":{"Temps estimat de lectura":"2 minuts"},"schema":{"@context":"https:\/\/schema.org","@graph":[{"@type":"WebPage","@id":"https:\/\/librosdelzorrorojo.com\/ca\/cataleg\/trilogia-haruki-murakami\/","url":"https:\/\/librosdelzorrorojo.com\/ca\/cataleg\/trilogia-haruki-murakami\/","name":"Trilog\u00eda Murakami - Libros del Zorro Rojo","isPartOf":{"@id":"https:\/\/librosdelzorrorojo.com\/#website"},"primaryImageOfPage":{"@id":"https:\/\/librosdelzorrorojo.com\/ca\/cataleg\/trilogia-haruki-murakami\/#primaryimage"},"image":{"@id":"https:\/\/librosdelzorrorojo.com\/ca\/cataleg\/trilogia-haruki-murakami\/#primaryimage"},"thumbnailUrl":"https:\/\/librosdelzorrorojo.com\/wp-content\/uploads\/2016\/11\/Trilogi\u0301a-de-Murakami.png","datePublished":"2020-01-09T11:00:43+00:00","dateModified":"2024-12-28T11:13:30+00:00","description":"\u00bfEn qu\u00e9 momento, de qu\u00e9 forma nos ha guiado Haruki Murakami sin que nos demos cuenta hasta el mismo centro de un sue\u00f1o?","breadcrumb":{"@id":"https:\/\/librosdelzorrorojo.com\/ca\/cataleg\/trilogia-haruki-murakami\/#breadcrumb"},"inLanguage":"ca","potentialAction":[{"@type":"ReadAction","target":["https:\/\/librosdelzorrorojo.com\/ca\/cataleg\/trilogia-haruki-murakami\/"]}]},{"@type":"ImageObject","inLanguage":"ca","@id":"https:\/\/librosdelzorrorojo.com\/ca\/cataleg\/trilogia-haruki-murakami\/#primaryimage","url":"https:\/\/librosdelzorrorojo.com\/wp-content\/uploads\/2016\/11\/Trilogi\u0301a-de-Murakami.png","contentUrl":"https:\/\/librosdelzorrorojo.com\/wp-content\/uploads\/2016\/11\/Trilogi\u0301a-de-Murakami.png","width":850,"height":981,"caption":"Trilogi\u0301a de Murakami"},{"@type":"BreadcrumbList","@id":"https:\/\/librosdelzorrorojo.com\/ca\/cataleg\/trilogia-haruki-murakami\/#breadcrumb","itemListElement":[{"@type":"ListItem","position":1,"name":"Portada","item":"https:\/\/librosdelzorrorojo.com\/ca\/"},{"@type":"ListItem","position":2,"name":"Cat\u00e0leg","item":"https:\/\/librosdelzorrorojo.com\/ca\/cataleg\/"},{"@type":"ListItem","position":3,"name":"Trilog\u00eda Haruki Murakami"}]},{"@type":"WebSite","@id":"https:\/\/librosdelzorrorojo.com\/#website","url":"https:\/\/librosdelzorrorojo.com\/","name":"Libros del Zorro Rojo","description":"Libros ilustrados","potentialAction":[{"@type":"SearchAction","target":{"@type":"EntryPoint","urlTemplate":"https:\/\/librosdelzorrorojo.com\/?s={search_term_string}"},"query-input":{"@type":"PropertyValueSpecification","valueRequired":true,"valueName":"search_term_string"}}],"inLanguage":"ca"}]}},"_links":{"self":[{"href":"https:\/\/librosdelzorrorojo.com\/ca\/wp-json\/wp\/v2\/product\/12098","targetHints":{"allow":["GET"]}}],"collection":[{"href":"https:\/\/librosdelzorrorojo.com\/ca\/wp-json\/wp\/v2\/product"}],"about":[{"href":"https:\/\/librosdelzorrorojo.com\/ca\/wp-json\/wp\/v2\/types\/product"}],"wp:featuredmedia":[{"embeddable":true,"href":"https:\/\/librosdelzorrorojo.com\/ca\/wp-json\/wp\/v2\/media\/9496"}],"wp:attachment":[{"href":"https:\/\/librosdelzorrorojo.com\/ca\/wp-json\/wp\/v2\/media?parent=12098"}],"wp:term":[{"taxonomy":"product_brand","embeddable":true,"href":"https:\/\/librosdelzorrorojo.com\/ca\/wp-json\/wp\/v2\/product_brand?post=12098"},{"taxonomy":"product_cat","embeddable":true,"href":"https:\/\/librosdelzorrorojo.com\/ca\/wp-json\/wp\/v2\/product_cat?post=12098"},{"taxonomy":"product_tag","embeddable":true,"href":"https:\/\/librosdelzorrorojo.com\/ca\/wp-json\/wp\/v2\/product_tag?post=12098"}],"curies":[{"name":"wp","href":"https:\/\/api.w.org\/{rel}","templated":true}]}}