{"id":12094,"date":"2016-11-16T12:00:13","date_gmt":"2016-11-16T11:00:13","guid":{"rendered":"https:\/\/librosdelzorrorojo.com\/catalogo\/escribir\/"},"modified":"2024-03-01T09:18:21","modified_gmt":"2024-03-01T08:18:21","slug":"escribir","status":"publish","type":"product","link":"https:\/\/librosdelzorrorojo.com\/ca\/cataleg\/escribir\/","title":{"rendered":"Escribir"},"content":{"rendered":"<p>En esta imaginativa reflexi\u00f3n sobre el proceso de escritura y sus aspectos f\u00edsicos y sociales, la pluma de Murray McCain y el trabajo artesanal de ilustraci\u00f3n y dise\u00f1o de John Alcorn ejercen sobre el lector de cualquier edad , al igual que su antecesor<span>\u00a0<\/span><i>\u00a1Libros!,<span>\u00a0<\/span><\/i>un poder de fascinaci\u00f3n en plena era digital.<\/p>\n<p class=\"p3\">Las ilustraciones y las tipograf\u00edas originales de John Alcorn subrayan de manera vibrante, no exenta de comicidad, el valor m\u00edtico y mundano de la escritura. Esta edici\u00f3n recupera la tinta luminosa y el dibujo a mano, tanto de im\u00e1genes como de palabras, de la obra original publicada hace m\u00e1s de medio siglo.<\/p>\n<p><span>Hojea el libro\u00a0<\/span><a href=\"https:\/\/issuu.com\/librosdelzorrorojo\/docs\/book-escribir_new_3_tintas\"><span style=\"color: #ff0000;\">aqu\u00ed<\/span><\/a><span>\u00a0<\/span><\/p>\n","protected":false},"excerpt":{"rendered":"En esta imaginativa reflexi\u00f3n sobre el proceso de escritura y sus aspectos f\u00edsicos y sociales, la pluma de Murray McCain y el trabajo artesanal de ilustraci\u00f3n y dise\u00f1o de John Alcorn ejercen sobre el lector de cualquier edad , al igual que su antecesor<span>\u00a0<\/span><i>\u00a1Libros!,<span>\u00a0<\/span><\/i>un poder de fascinaci\u00f3n en plena era digital.","protected":false},"featured_media":8060,"template":"","meta":{"_acf_changed":false},"product_brand":[],"product_cat":[844,843],"product_tag":[],"class_list":{"0":"post-12094","1":"product","2":"type-product","3":"status-publish","4":"has-post-thumbnail","6":"product_cat-castella","7":"product_cat-infantiles-ca","9":"first","10":"outofstock","11":"taxable","12":"shipping-taxable","13":"purchasable","14":"product-type-simple"},"acf":[],"yoast_head":"<!-- This site is optimized with the Yoast SEO plugin v25.1 - https:\/\/yoast.com\/wordpress\/plugins\/seo\/ -->\n<title>Escribir - Libros del Zorro Rojo<\/title>\n<meta name=\"description\" content=\"imaginativa reflexi\u00f3n sobre el proceso de escritura y sus aspectos f\u00edsicos y sociales, escritura, lectura, ni\u00f1os lectores, \u00a1libros!\" \/>\n<meta name=\"robots\" content=\"index, follow, max-snippet:-1, max-image-preview:large, max-video-preview:-1\" \/>\n<link rel=\"canonical\" href=\"https:\/\/librosdelzorrorojo.com\/ca\/cataleg\/escribir\/\" \/>\n<meta property=\"og:locale\" content=\"ca_ES\" \/>\n<meta property=\"og:type\" content=\"article\" \/>\n<meta property=\"og:title\" content=\"Escribir - Libros del Zorro Rojo\" \/>\n<meta property=\"og:description\" content=\"imaginativa reflexi\u00f3n sobre el proceso de escritura y sus aspectos f\u00edsicos y sociales, escritura, lectura, ni\u00f1os lectores, \u00a1libros!\" \/>\n<meta property=\"og:url\" content=\"https:\/\/librosdelzorrorojo.com\/ca\/cataleg\/escribir\/\" \/>\n<meta property=\"og:site_name\" content=\"Libros del Zorro Rojo\" \/>\n<meta property=\"article:modified_time\" content=\"2024-03-01T08:18:21+00:00\" \/>\n<meta property=\"og:image\" content=\"https:\/\/librosdelzorrorojo.com\/wp-content\/uploads\/2016\/11\/Cover-Escribir.png\" \/>\n\t<meta property=\"og:image:width\" content=\"747\" \/>\n\t<meta property=\"og:image:height\" content=\"1083\" \/>\n\t<meta property=\"og:image:type\" content=\"image\/png\" \/>\n<meta name=\"twitter:card\" content=\"summary_large_image\" \/>\n<meta name=\"twitter:label1\" content=\"Temps estimat de lectura\" \/>\n\t<meta name=\"twitter:data1\" content=\"1 minut\" \/>\n<script type=\"application\/ld+json\" class=\"yoast-schema-graph\">{\"@context\":\"https:\/\/schema.org\",\"@graph\":[{\"@type\":\"WebPage\",\"@id\":\"https:\/\/librosdelzorrorojo.com\/ca\/cataleg\/escribir\/\",\"url\":\"https:\/\/librosdelzorrorojo.com\/ca\/cataleg\/escribir\/\",\"name\":\"Escribir - Libros del Zorro Rojo\",\"isPartOf\":{\"@id\":\"https:\/\/librosdelzorrorojo.com\/#website\"},\"primaryImageOfPage\":{\"@id\":\"https:\/\/librosdelzorrorojo.com\/ca\/cataleg\/escribir\/#primaryimage\"},\"image\":{\"@id\":\"https:\/\/librosdelzorrorojo.com\/ca\/cataleg\/escribir\/#primaryimage\"},\"thumbnailUrl\":\"https:\/\/librosdelzorrorojo.com\/wp-content\/uploads\/2016\/11\/Cover-Escribir.png\",\"datePublished\":\"2016-11-16T11:00:13+00:00\",\"dateModified\":\"2024-03-01T08:18:21+00:00\",\"description\":\"imaginativa reflexi\u00f3n sobre el proceso de escritura y sus aspectos f\u00edsicos y sociales, escritura, lectura, ni\u00f1os lectores, \u00a1libros!\",\"breadcrumb\":{\"@id\":\"https:\/\/librosdelzorrorojo.com\/ca\/cataleg\/escribir\/#breadcrumb\"},\"inLanguage\":\"ca\",\"potentialAction\":[{\"@type\":\"ReadAction\",\"target\":[\"https:\/\/librosdelzorrorojo.com\/ca\/cataleg\/escribir\/\"]}]},{\"@type\":\"ImageObject\",\"inLanguage\":\"ca\",\"@id\":\"https:\/\/librosdelzorrorojo.com\/ca\/cataleg\/escribir\/#primaryimage\",\"url\":\"https:\/\/librosdelzorrorojo.com\/wp-content\/uploads\/2016\/11\/Cover-Escribir.png\",\"contentUrl\":\"https:\/\/librosdelzorrorojo.com\/wp-content\/uploads\/2016\/11\/Cover-Escribir.png\",\"width\":747,\"height\":1083,\"caption\":\"Cover Escribir\"},{\"@type\":\"BreadcrumbList\",\"@id\":\"https:\/\/librosdelzorrorojo.com\/ca\/cataleg\/escribir\/#breadcrumb\",\"itemListElement\":[{\"@type\":\"ListItem\",\"position\":1,\"name\":\"Portada\",\"item\":\"https:\/\/librosdelzorrorojo.com\/ca\/\"},{\"@type\":\"ListItem\",\"position\":2,\"name\":\"Cat\u00e0leg\",\"item\":\"https:\/\/librosdelzorrorojo.com\/ca\/cataleg\/\"},{\"@type\":\"ListItem\",\"position\":3,\"name\":\"Escribir\"}]},{\"@type\":\"WebSite\",\"@id\":\"https:\/\/librosdelzorrorojo.com\/#website\",\"url\":\"https:\/\/librosdelzorrorojo.com\/\",\"name\":\"Libros del Zorro Rojo\",\"description\":\"Libros ilustrados\",\"potentialAction\":[{\"@type\":\"SearchAction\",\"target\":{\"@type\":\"EntryPoint\",\"urlTemplate\":\"https:\/\/librosdelzorrorojo.com\/?s={search_term_string}\"},\"query-input\":{\"@type\":\"PropertyValueSpecification\",\"valueRequired\":true,\"valueName\":\"search_term_string\"}}],\"inLanguage\":\"ca\"}]}<\/script>\n<!-- \/ Yoast SEO plugin. -->","yoast_head_json":{"title":"Escribir - Libros del Zorro Rojo","description":"imaginativa reflexi\u00f3n sobre el proceso de escritura y sus aspectos f\u00edsicos y sociales, escritura, lectura, ni\u00f1os lectores, \u00a1libros!","robots":{"index":"index","follow":"follow","max-snippet":"max-snippet:-1","max-image-preview":"max-image-preview:large","max-video-preview":"max-video-preview:-1"},"canonical":"https:\/\/librosdelzorrorojo.com\/ca\/cataleg\/escribir\/","og_locale":"ca_ES","og_type":"article","og_title":"Escribir - Libros del Zorro Rojo","og_description":"imaginativa reflexi\u00f3n sobre el proceso de escritura y sus aspectos f\u00edsicos y sociales, escritura, lectura, ni\u00f1os lectores, \u00a1libros!","og_url":"https:\/\/librosdelzorrorojo.com\/ca\/cataleg\/escribir\/","og_site_name":"Libros del Zorro Rojo","article_modified_time":"2024-03-01T08:18:21+00:00","og_image":[{"width":747,"height":1083,"url":"https:\/\/librosdelzorrorojo.com\/wp-content\/uploads\/2016\/11\/Cover-Escribir.png","type":"image\/png"}],"twitter_card":"summary_large_image","twitter_misc":{"Temps estimat de lectura":"1 minut"},"schema":{"@context":"https:\/\/schema.org","@graph":[{"@type":"WebPage","@id":"https:\/\/librosdelzorrorojo.com\/ca\/cataleg\/escribir\/","url":"https:\/\/librosdelzorrorojo.com\/ca\/cataleg\/escribir\/","name":"Escribir - Libros del Zorro Rojo","isPartOf":{"@id":"https:\/\/librosdelzorrorojo.com\/#website"},"primaryImageOfPage":{"@id":"https:\/\/librosdelzorrorojo.com\/ca\/cataleg\/escribir\/#primaryimage"},"image":{"@id":"https:\/\/librosdelzorrorojo.com\/ca\/cataleg\/escribir\/#primaryimage"},"thumbnailUrl":"https:\/\/librosdelzorrorojo.com\/wp-content\/uploads\/2016\/11\/Cover-Escribir.png","datePublished":"2016-11-16T11:00:13+00:00","dateModified":"2024-03-01T08:18:21+00:00","description":"imaginativa reflexi\u00f3n sobre el proceso de escritura y sus aspectos f\u00edsicos y sociales, escritura, lectura, ni\u00f1os lectores, \u00a1libros!","breadcrumb":{"@id":"https:\/\/librosdelzorrorojo.com\/ca\/cataleg\/escribir\/#breadcrumb"},"inLanguage":"ca","potentialAction":[{"@type":"ReadAction","target":["https:\/\/librosdelzorrorojo.com\/ca\/cataleg\/escribir\/"]}]},{"@type":"ImageObject","inLanguage":"ca","@id":"https:\/\/librosdelzorrorojo.com\/ca\/cataleg\/escribir\/#primaryimage","url":"https:\/\/librosdelzorrorojo.com\/wp-content\/uploads\/2016\/11\/Cover-Escribir.png","contentUrl":"https:\/\/librosdelzorrorojo.com\/wp-content\/uploads\/2016\/11\/Cover-Escribir.png","width":747,"height":1083,"caption":"Cover Escribir"},{"@type":"BreadcrumbList","@id":"https:\/\/librosdelzorrorojo.com\/ca\/cataleg\/escribir\/#breadcrumb","itemListElement":[{"@type":"ListItem","position":1,"name":"Portada","item":"https:\/\/librosdelzorrorojo.com\/ca\/"},{"@type":"ListItem","position":2,"name":"Cat\u00e0leg","item":"https:\/\/librosdelzorrorojo.com\/ca\/cataleg\/"},{"@type":"ListItem","position":3,"name":"Escribir"}]},{"@type":"WebSite","@id":"https:\/\/librosdelzorrorojo.com\/#website","url":"https:\/\/librosdelzorrorojo.com\/","name":"Libros del Zorro Rojo","description":"Libros ilustrados","potentialAction":[{"@type":"SearchAction","target":{"@type":"EntryPoint","urlTemplate":"https:\/\/librosdelzorrorojo.com\/?s={search_term_string}"},"query-input":{"@type":"PropertyValueSpecification","valueRequired":true,"valueName":"search_term_string"}}],"inLanguage":"ca"}]}},"_links":{"self":[{"href":"https:\/\/librosdelzorrorojo.com\/ca\/wp-json\/wp\/v2\/product\/12094","targetHints":{"allow":["GET"]}}],"collection":[{"href":"https:\/\/librosdelzorrorojo.com\/ca\/wp-json\/wp\/v2\/product"}],"about":[{"href":"https:\/\/librosdelzorrorojo.com\/ca\/wp-json\/wp\/v2\/types\/product"}],"wp:featuredmedia":[{"embeddable":true,"href":"https:\/\/librosdelzorrorojo.com\/ca\/wp-json\/wp\/v2\/media\/8060"}],"wp:attachment":[{"href":"https:\/\/librosdelzorrorojo.com\/ca\/wp-json\/wp\/v2\/media?parent=12094"}],"wp:term":[{"taxonomy":"product_brand","embeddable":true,"href":"https:\/\/librosdelzorrorojo.com\/ca\/wp-json\/wp\/v2\/product_brand?post=12094"},{"taxonomy":"product_cat","embeddable":true,"href":"https:\/\/librosdelzorrorojo.com\/ca\/wp-json\/wp\/v2\/product_cat?post=12094"},{"taxonomy":"product_tag","embeddable":true,"href":"https:\/\/librosdelzorrorojo.com\/ca\/wp-json\/wp\/v2\/product_tag?post=12094"}],"curies":[{"name":"wp","href":"https:\/\/api.w.org\/{rel}","templated":true}]}}