{"id":12087,"date":"2017-02-15T12:00:27","date_gmt":"2017-02-15T11:00:27","guid":{"rendered":"https:\/\/librosdelzorrorojo.com\/catalogo\/bestiario\/"},"modified":"2024-02-29T11:37:46","modified_gmt":"2024-02-29T10:37:46","slug":"bestiario","status":"publish","type":"product","link":"https:\/\/librosdelzorrorojo.com\/ca\/cataleg\/bestiario\/","title":{"rendered":"Bestiario"},"content":{"rendered":"<p>Cthulhu, el gran durmiente venido de las estrellas, es la \u00abmonta\u00f1osa monstruosidad\u00bb lovecraftiana m\u00e1s popular y recurrente en la literatura de terror. Pero \u00bfqu\u00e9 otros inquietantes seres recorren los relatos del gran maestro de la literatura fant\u00e1stica? Este <em>Bestiario<\/em> es un ejercicio interpretativo, repleto de insinuaciones, que re\u00fane veintid\u00f3s pavorosas criaturas representadas por Enrique Alcatena, cumplimentadas con extractos de las obras capitales de H. P. Lovecraft: un magistral descenso hacia los abismos del terror. Hongos de Yuggoth, los Nocturnos, Los Tsathoggua o los Shoggoths, entre otros, protagonizan esta panor\u00e1mica atm\u00f3sfera de miedo del escritor estadounidense, que sobrepasa las previas manifestaciones literarias de lo fantasmag\u00f3rico y lo sangriento. Influenciado por la atm\u00f3sfera macabra y siniestra de Edgar Allan Poe, Lovecraft, creador de la corriente del horror c\u00f3smico, va m\u00e1s all\u00e1 del terror cl\u00e1sico y expande la imaginaci\u00f3n del lector apelando a lo inenarrable; el miedo generado por la incomprensibilidad ante sucesos de car\u00e1cter indescriptible: \u00abNo existen palabras para describir semejantes abismos de estridente e inmemorial locura, ni semejantes contradicciones pavorosas de todas las leyes de la materia, la fuerza y el orden c\u00f3smicos\u00bb, <em>(La llamada de Cthulhu).<\/em> Fuerzas ignotas, ajenas a las leyes de la naturaleza y figuraciones permanentemente veladas reclaman el lenguaje pict\u00f3rico de las estampas de Alcatena.<\/p>\n<p>&nbsp;<\/p>\n<p><img decoding=\"async\" src=\"https:\/\/librosdelzorrorojo.com\/wp-content\/uploads\/2021\/09\/DC-ICEC-horitzontal-cos12-bn-1-600x80.png\" alt=\"\" width=\"300\" height=\"40\" class=\"alignnone wp-image-23704\" srcset=\"https:\/\/librosdelzorrorojo.com\/wp-content\/uploads\/2021\/09\/DC-ICEC-horitzontal-cos12-bn-1-600x80.png 600w, https:\/\/librosdelzorrorojo.com\/wp-content\/uploads\/2021\/09\/DC-ICEC-horitzontal-cos12-bn-1-1024x137.png 1024w, https:\/\/librosdelzorrorojo.com\/wp-content\/uploads\/2021\/09\/DC-ICEC-horitzontal-cos12-bn-1-768x103.png 768w, https:\/\/librosdelzorrorojo.com\/wp-content\/uploads\/2021\/09\/DC-ICEC-horitzontal-cos12-bn-1-800x107.png 800w, https:\/\/librosdelzorrorojo.com\/wp-content\/uploads\/2021\/09\/DC-ICEC-horitzontal-cos12-bn-1.png 1482w\" sizes=\"(max-width: 300px) 100vw, 300px\" \/><\/p>\n<p>&nbsp;<\/p>\n<p>&nbsp;<\/p>\n","protected":false},"excerpt":{"rendered":"Veintid\u00f3s criaturas nos conducen al mundo perturbador del gran maestro de la narrativa fant\u00e1stica. Las estampas de Enrique Alcatena nos revelan las bestias m\u00e1s inquietantes y extraordinarias del universo de H. P. Lovecraft en un descenso magistral hacia los abismos del terror.","protected":false},"featured_media":12093,"template":"","meta":{"_acf_changed":false},"product_brand":[],"product_cat":[844,3156],"product_tag":[],"class_list":{"0":"post-12087","1":"product","2":"type-product","3":"status-publish","4":"has-post-thumbnail","6":"product_cat-castella","7":"product_cat-juvenil-adult","8":"vinculo-bestiario-lovecraft","10":"first","11":"outofstock","12":"taxable","13":"shipping-taxable","14":"purchasable","15":"product-type-simple"},"acf":[],"yoast_head":"<!-- This site is optimized with the Yoast SEO plugin v25.1 - https:\/\/yoast.com\/wordpress\/plugins\/seo\/ -->\n<title>Bestiario<\/title>\n<meta name=\"description\" content=\"re\u00fane veintid\u00f3s pavorosas criaturas representadas por Enrique Alcatena, cumplimentadas con extractos de las obras capitales de H. P. Lovecraft\" \/>\n<meta name=\"robots\" content=\"index, follow, max-snippet:-1, max-image-preview:large, max-video-preview:-1\" \/>\n<link rel=\"canonical\" href=\"https:\/\/librosdelzorrorojo.com\/ca\/cataleg\/bestiario\/\" \/>\n<meta property=\"og:locale\" content=\"ca_ES\" \/>\n<meta property=\"og:type\" content=\"article\" \/>\n<meta property=\"og:title\" content=\"Bestiario\" \/>\n<meta property=\"og:description\" content=\"re\u00fane veintid\u00f3s pavorosas criaturas representadas por Enrique Alcatena, cumplimentadas con extractos de las obras capitales de H. P. Lovecraft\" \/>\n<meta property=\"og:url\" content=\"https:\/\/librosdelzorrorojo.com\/ca\/cataleg\/bestiario\/\" \/>\n<meta property=\"og:site_name\" content=\"Libros del Zorro Rojo\" \/>\n<meta property=\"article:modified_time\" content=\"2024-02-29T10:37:46+00:00\" \/>\n<meta property=\"og:image\" content=\"https:\/\/librosdelzorrorojo.com\/wp-content\/uploads\/2017\/11\/Bestiario.jpg\" \/>\n\t<meta property=\"og:image:width\" content=\"844\" \/>\n\t<meta property=\"og:image:height\" content=\"1200\" \/>\n\t<meta property=\"og:image:type\" content=\"image\/jpeg\" \/>\n<meta name=\"twitter:card\" content=\"summary_large_image\" \/>\n<meta name=\"twitter:label1\" content=\"Temps estimat de lectura\" \/>\n\t<meta name=\"twitter:data1\" content=\"1 minut\" \/>\n<script type=\"application\/ld+json\" class=\"yoast-schema-graph\">{\"@context\":\"https:\/\/schema.org\",\"@graph\":[{\"@type\":\"WebPage\",\"@id\":\"https:\/\/librosdelzorrorojo.com\/ca\/cataleg\/bestiario\/\",\"url\":\"https:\/\/librosdelzorrorojo.com\/ca\/cataleg\/bestiario\/\",\"name\":\"Bestiario\",\"isPartOf\":{\"@id\":\"https:\/\/librosdelzorrorojo.com\/#website\"},\"primaryImageOfPage\":{\"@id\":\"https:\/\/librosdelzorrorojo.com\/ca\/cataleg\/bestiario\/#primaryimage\"},\"image\":{\"@id\":\"https:\/\/librosdelzorrorojo.com\/ca\/cataleg\/bestiario\/#primaryimage\"},\"thumbnailUrl\":\"https:\/\/librosdelzorrorojo.com\/wp-content\/uploads\/2017\/11\/Bestiario.jpg\",\"datePublished\":\"2017-02-15T11:00:27+00:00\",\"dateModified\":\"2024-02-29T10:37:46+00:00\",\"description\":\"re\u00fane veintid\u00f3s pavorosas criaturas representadas por Enrique Alcatena, cumplimentadas con extractos de las obras capitales de H. P. Lovecraft\",\"breadcrumb\":{\"@id\":\"https:\/\/librosdelzorrorojo.com\/ca\/cataleg\/bestiario\/#breadcrumb\"},\"inLanguage\":\"ca\",\"potentialAction\":[{\"@type\":\"ReadAction\",\"target\":[\"https:\/\/librosdelzorrorojo.com\/ca\/cataleg\/bestiario\/\"]}]},{\"@type\":\"ImageObject\",\"inLanguage\":\"ca\",\"@id\":\"https:\/\/librosdelzorrorojo.com\/ca\/cataleg\/bestiario\/#primaryimage\",\"url\":\"https:\/\/librosdelzorrorojo.com\/wp-content\/uploads\/2017\/11\/Bestiario.jpg\",\"contentUrl\":\"https:\/\/librosdelzorrorojo.com\/wp-content\/uploads\/2017\/11\/Bestiario.jpg\",\"width\":844,\"height\":1200,\"caption\":\"Bestiario\"},{\"@type\":\"BreadcrumbList\",\"@id\":\"https:\/\/librosdelzorrorojo.com\/ca\/cataleg\/bestiario\/#breadcrumb\",\"itemListElement\":[{\"@type\":\"ListItem\",\"position\":1,\"name\":\"Portada\",\"item\":\"https:\/\/librosdelzorrorojo.com\/ca\/\"},{\"@type\":\"ListItem\",\"position\":2,\"name\":\"Cat\u00e0leg\",\"item\":\"https:\/\/librosdelzorrorojo.com\/ca\/cataleg\/\"},{\"@type\":\"ListItem\",\"position\":3,\"name\":\"Bestiario\"}]},{\"@type\":\"WebSite\",\"@id\":\"https:\/\/librosdelzorrorojo.com\/#website\",\"url\":\"https:\/\/librosdelzorrorojo.com\/\",\"name\":\"Libros del Zorro Rojo\",\"description\":\"Libros ilustrados\",\"potentialAction\":[{\"@type\":\"SearchAction\",\"target\":{\"@type\":\"EntryPoint\",\"urlTemplate\":\"https:\/\/librosdelzorrorojo.com\/?s={search_term_string}\"},\"query-input\":{\"@type\":\"PropertyValueSpecification\",\"valueRequired\":true,\"valueName\":\"search_term_string\"}}],\"inLanguage\":\"ca\"}]}<\/script>\n<!-- \/ Yoast SEO plugin. -->","yoast_head_json":{"title":"Bestiario","description":"re\u00fane veintid\u00f3s pavorosas criaturas representadas por Enrique Alcatena, cumplimentadas con extractos de las obras capitales de H. P. Lovecraft","robots":{"index":"index","follow":"follow","max-snippet":"max-snippet:-1","max-image-preview":"max-image-preview:large","max-video-preview":"max-video-preview:-1"},"canonical":"https:\/\/librosdelzorrorojo.com\/ca\/cataleg\/bestiario\/","og_locale":"ca_ES","og_type":"article","og_title":"Bestiario","og_description":"re\u00fane veintid\u00f3s pavorosas criaturas representadas por Enrique Alcatena, cumplimentadas con extractos de las obras capitales de H. P. Lovecraft","og_url":"https:\/\/librosdelzorrorojo.com\/ca\/cataleg\/bestiario\/","og_site_name":"Libros del Zorro Rojo","article_modified_time":"2024-02-29T10:37:46+00:00","og_image":[{"width":844,"height":1200,"url":"https:\/\/librosdelzorrorojo.com\/wp-content\/uploads\/2017\/11\/Bestiario.jpg","type":"image\/jpeg"}],"twitter_card":"summary_large_image","twitter_misc":{"Temps estimat de lectura":"1 minut"},"schema":{"@context":"https:\/\/schema.org","@graph":[{"@type":"WebPage","@id":"https:\/\/librosdelzorrorojo.com\/ca\/cataleg\/bestiario\/","url":"https:\/\/librosdelzorrorojo.com\/ca\/cataleg\/bestiario\/","name":"Bestiario","isPartOf":{"@id":"https:\/\/librosdelzorrorojo.com\/#website"},"primaryImageOfPage":{"@id":"https:\/\/librosdelzorrorojo.com\/ca\/cataleg\/bestiario\/#primaryimage"},"image":{"@id":"https:\/\/librosdelzorrorojo.com\/ca\/cataleg\/bestiario\/#primaryimage"},"thumbnailUrl":"https:\/\/librosdelzorrorojo.com\/wp-content\/uploads\/2017\/11\/Bestiario.jpg","datePublished":"2017-02-15T11:00:27+00:00","dateModified":"2024-02-29T10:37:46+00:00","description":"re\u00fane veintid\u00f3s pavorosas criaturas representadas por Enrique Alcatena, cumplimentadas con extractos de las obras capitales de H. P. Lovecraft","breadcrumb":{"@id":"https:\/\/librosdelzorrorojo.com\/ca\/cataleg\/bestiario\/#breadcrumb"},"inLanguage":"ca","potentialAction":[{"@type":"ReadAction","target":["https:\/\/librosdelzorrorojo.com\/ca\/cataleg\/bestiario\/"]}]},{"@type":"ImageObject","inLanguage":"ca","@id":"https:\/\/librosdelzorrorojo.com\/ca\/cataleg\/bestiario\/#primaryimage","url":"https:\/\/librosdelzorrorojo.com\/wp-content\/uploads\/2017\/11\/Bestiario.jpg","contentUrl":"https:\/\/librosdelzorrorojo.com\/wp-content\/uploads\/2017\/11\/Bestiario.jpg","width":844,"height":1200,"caption":"Bestiario"},{"@type":"BreadcrumbList","@id":"https:\/\/librosdelzorrorojo.com\/ca\/cataleg\/bestiario\/#breadcrumb","itemListElement":[{"@type":"ListItem","position":1,"name":"Portada","item":"https:\/\/librosdelzorrorojo.com\/ca\/"},{"@type":"ListItem","position":2,"name":"Cat\u00e0leg","item":"https:\/\/librosdelzorrorojo.com\/ca\/cataleg\/"},{"@type":"ListItem","position":3,"name":"Bestiario"}]},{"@type":"WebSite","@id":"https:\/\/librosdelzorrorojo.com\/#website","url":"https:\/\/librosdelzorrorojo.com\/","name":"Libros del Zorro Rojo","description":"Libros ilustrados","potentialAction":[{"@type":"SearchAction","target":{"@type":"EntryPoint","urlTemplate":"https:\/\/librosdelzorrorojo.com\/?s={search_term_string}"},"query-input":{"@type":"PropertyValueSpecification","valueRequired":true,"valueName":"search_term_string"}}],"inLanguage":"ca"}]}},"_links":{"self":[{"href":"https:\/\/librosdelzorrorojo.com\/ca\/wp-json\/wp\/v2\/product\/12087","targetHints":{"allow":["GET"]}}],"collection":[{"href":"https:\/\/librosdelzorrorojo.com\/ca\/wp-json\/wp\/v2\/product"}],"about":[{"href":"https:\/\/librosdelzorrorojo.com\/ca\/wp-json\/wp\/v2\/types\/product"}],"wp:featuredmedia":[{"embeddable":true,"href":"https:\/\/librosdelzorrorojo.com\/ca\/wp-json\/wp\/v2\/media\/12093"}],"wp:attachment":[{"href":"https:\/\/librosdelzorrorojo.com\/ca\/wp-json\/wp\/v2\/media?parent=12087"}],"wp:term":[{"taxonomy":"product_brand","embeddable":true,"href":"https:\/\/librosdelzorrorojo.com\/ca\/wp-json\/wp\/v2\/product_brand?post=12087"},{"taxonomy":"product_cat","embeddable":true,"href":"https:\/\/librosdelzorrorojo.com\/ca\/wp-json\/wp\/v2\/product_cat?post=12087"},{"taxonomy":"product_tag","embeddable":true,"href":"https:\/\/librosdelzorrorojo.com\/ca\/wp-json\/wp\/v2\/product_tag?post=12087"}],"curies":[{"name":"wp","href":"https:\/\/api.w.org\/{rel}","templated":true}]}}