{"id":12074,"date":"2017-03-01T12:00:26","date_gmt":"2017-03-01T11:00:26","guid":{"rendered":"https:\/\/librosdelzorrorojo.com\/catalogo\/acostarse-con-la-reina\/"},"modified":"2024-02-29T11:37:45","modified_gmt":"2024-02-29T10:37:45","slug":"acostarse-con-la-reina","status":"publish","type":"product","link":"https:\/\/librosdelzorrorojo.com\/ca\/cataleg\/acostarse-con-la-reina\/","title":{"rendered":"Acostarse con la reina"},"content":{"rendered":"<p dir=\"ltr\"><span style=\"font-weight: 400;\">\u00ab\u00c9rase una vez un ni\u00f1o peque\u00f1o que, cuando sus padres le preguntaban qu\u00e9 le gustar\u00eda ser de mayor, respond\u00eda de forma invariable: \u201cCuando sea grande, me acostar\u00e9 con la reina\u201d.\u00bb<\/span><\/p>\n<p dir=\"ltr\"><span style=\"font-weight: 400;\">Poderosas dosis de humor negro y surrealismo destilan las p\u00e1ginas de <\/span><i><span style=\"font-weight: 400;\">Acostarse con la reina y otras delicias<\/span><\/i><span style=\"font-weight: 400;\">, del irreverente y corrosivo autor franc\u00e9s de ra\u00edces polacas Roland Topor. Leer sus cuentos implica caminar por el filo de su apellido (\u00abhacha\u00bb, en polaco) ante la inminencia de lo inesperado. El banquete toporiano se sirve crudo; a \u00e9l se nos invita como alimento de nuestro propio asombro.<\/span><\/p>\n<p dir=\"ltr\"><span style=\"font-weight: 400;\">Pat Andrea acent\u00faa el aspecto poderoso del corte de las escenas toporianas, en figuras humanas rebeladas de la proporci\u00f3n, en contrastes crom\u00e1ticos que multiplican la atenci\u00f3n que ejerce lo grotesco.<\/span><\/p>\n<p dir=\"ltr\">&#8211;<\/p>\n<p dir=\"ltr\"><span>Hojea el libro\u00a0<a href=\"https:\/\/issuu.com\/librosdelzorrorojo\/docs\/toporissuu\"><span style=\"color: #ff0000;\">aqu\u00ed.<\/span><\/a><\/span><span><\/span><\/p>\n","protected":false},"excerpt":{"rendered":"Poderosas dosis de humor negro y surrealismo destilan las p\u00e1ginas de <em>Acostarse con la reina y otros relatos<\/em>, del irreverente y corrosivo autor franc\u00e9s de ra\u00edces polacas, Roland Topor. Leer sus cuentos es caminar por el filo de su apellido (Hacha, en polaco) ante la inminencia de lo inesperado. El banquete toporiano se sirve crudo; a \u00e9l se nos invita como alimento de nuestro propio asombro.","protected":false},"featured_media":12075,"template":"","meta":{"_acf_changed":false},"product_brand":[],"product_cat":[844,3156],"product_tag":[],"class_list":{"0":"post-12074","1":"product","2":"type-product","3":"status-publish","4":"has-post-thumbnail","6":"product_cat-castella","7":"product_cat-juvenil-adult","9":"first","10":"instock","11":"taxable","12":"shipping-taxable","13":"purchasable","14":"product-type-simple"},"acf":[],"yoast_head":"<!-- This site is optimized with the Yoast SEO plugin v25.1 - https:\/\/yoast.com\/wordpress\/plugins\/seo\/ -->\n<title>Acostarse con la reina y otras historias<\/title>\n<meta name=\"description\" content=\"Poderosas dosis de humor negro y surrealismo destilan las p\u00e1ginas de Acostarse con la reina y otras delicias, ilustraciones, Pat Andrea\" \/>\n<meta name=\"robots\" content=\"index, follow, max-snippet:-1, max-image-preview:large, max-video-preview:-1\" \/>\n<link rel=\"canonical\" href=\"https:\/\/librosdelzorrorojo.com\/ca\/cataleg\/acostarse-con-la-reina\/\" \/>\n<meta property=\"og:locale\" content=\"ca_ES\" \/>\n<meta property=\"og:type\" content=\"article\" \/>\n<meta property=\"og:title\" content=\"Acostarse con la reina y otras historias\" \/>\n<meta property=\"og:description\" content=\"Poderosas dosis de humor negro y surrealismo destilan las p\u00e1ginas de Acostarse con la reina y otras delicias, ilustraciones, Pat Andrea\" \/>\n<meta property=\"og:url\" content=\"https:\/\/librosdelzorrorojo.com\/ca\/cataleg\/acostarse-con-la-reina\/\" \/>\n<meta property=\"og:site_name\" content=\"Libros del Zorro Rojo\" \/>\n<meta property=\"article:modified_time\" content=\"2024-02-29T10:37:45+00:00\" \/>\n<meta property=\"og:image\" content=\"https:\/\/librosdelzorrorojo.com\/wp-content\/uploads\/2017\/03\/AcostarseConLaReina2_1200x1200.png\" \/>\n<meta name=\"twitter:card\" content=\"summary_large_image\" \/>\n<meta name=\"twitter:label1\" content=\"Temps estimat de lectura\" \/>\n\t<meta name=\"twitter:data1\" content=\"1 minut\" \/>\n<script type=\"application\/ld+json\" class=\"yoast-schema-graph\">{\"@context\":\"https:\/\/schema.org\",\"@graph\":[{\"@type\":\"WebPage\",\"@id\":\"https:\/\/librosdelzorrorojo.com\/ca\/cataleg\/acostarse-con-la-reina\/\",\"url\":\"https:\/\/librosdelzorrorojo.com\/ca\/cataleg\/acostarse-con-la-reina\/\",\"name\":\"Acostarse con la reina y otras historias\",\"isPartOf\":{\"@id\":\"https:\/\/librosdelzorrorojo.com\/#website\"},\"primaryImageOfPage\":{\"@id\":\"https:\/\/librosdelzorrorojo.com\/ca\/cataleg\/acostarse-con-la-reina\/#primaryimage\"},\"image\":{\"@id\":\"https:\/\/librosdelzorrorojo.com\/ca\/cataleg\/acostarse-con-la-reina\/#primaryimage\"},\"thumbnailUrl\":\"https:\/\/librosdelzorrorojo.com\/wp-content\/uploads\/2017\/11\/libros-del-zorro-rojo-acostarse-con-la-reina-roland-topor-9788494595035-1-e1525359638921.jpg\",\"datePublished\":\"2017-03-01T11:00:26+00:00\",\"dateModified\":\"2024-02-29T10:37:45+00:00\",\"description\":\"Poderosas dosis de humor negro y surrealismo destilan las p\u00e1ginas de Acostarse con la reina y otras delicias, ilustraciones, Pat Andrea\",\"breadcrumb\":{\"@id\":\"https:\/\/librosdelzorrorojo.com\/ca\/cataleg\/acostarse-con-la-reina\/#breadcrumb\"},\"inLanguage\":\"ca\",\"potentialAction\":[{\"@type\":\"ReadAction\",\"target\":[\"https:\/\/librosdelzorrorojo.com\/ca\/cataleg\/acostarse-con-la-reina\/\"]}]},{\"@type\":\"ImageObject\",\"inLanguage\":\"ca\",\"@id\":\"https:\/\/librosdelzorrorojo.com\/ca\/cataleg\/acostarse-con-la-reina\/#primaryimage\",\"url\":\"https:\/\/librosdelzorrorojo.com\/wp-content\/uploads\/2017\/11\/libros-del-zorro-rojo-acostarse-con-la-reina-roland-topor-9788494595035-1-e1525359638921.jpg\",\"contentUrl\":\"https:\/\/librosdelzorrorojo.com\/wp-content\/uploads\/2017\/11\/libros-del-zorro-rojo-acostarse-con-la-reina-roland-topor-9788494595035-1-e1525359638921.jpg\",\"width\":850,\"height\":1233,\"caption\":\"libros del zorro rojo acostarse con la reina roland topor 9788494595035 1 e1525359638921\"},{\"@type\":\"BreadcrumbList\",\"@id\":\"https:\/\/librosdelzorrorojo.com\/ca\/cataleg\/acostarse-con-la-reina\/#breadcrumb\",\"itemListElement\":[{\"@type\":\"ListItem\",\"position\":1,\"name\":\"Portada\",\"item\":\"https:\/\/librosdelzorrorojo.com\/ca\/\"},{\"@type\":\"ListItem\",\"position\":2,\"name\":\"Cat\u00e0leg\",\"item\":\"https:\/\/librosdelzorrorojo.com\/ca\/cataleg\/\"},{\"@type\":\"ListItem\",\"position\":3,\"name\":\"Acostarse con la reina\"}]},{\"@type\":\"WebSite\",\"@id\":\"https:\/\/librosdelzorrorojo.com\/#website\",\"url\":\"https:\/\/librosdelzorrorojo.com\/\",\"name\":\"Libros del Zorro Rojo\",\"description\":\"Libros ilustrados\",\"potentialAction\":[{\"@type\":\"SearchAction\",\"target\":{\"@type\":\"EntryPoint\",\"urlTemplate\":\"https:\/\/librosdelzorrorojo.com\/?s={search_term_string}\"},\"query-input\":{\"@type\":\"PropertyValueSpecification\",\"valueRequired\":true,\"valueName\":\"search_term_string\"}}],\"inLanguage\":\"ca\"}]}<\/script>\n<!-- \/ Yoast SEO plugin. -->","yoast_head_json":{"title":"Acostarse con la reina y otras historias","description":"Poderosas dosis de humor negro y surrealismo destilan las p\u00e1ginas de Acostarse con la reina y otras delicias, ilustraciones, Pat Andrea","robots":{"index":"index","follow":"follow","max-snippet":"max-snippet:-1","max-image-preview":"max-image-preview:large","max-video-preview":"max-video-preview:-1"},"canonical":"https:\/\/librosdelzorrorojo.com\/ca\/cataleg\/acostarse-con-la-reina\/","og_locale":"ca_ES","og_type":"article","og_title":"Acostarse con la reina y otras historias","og_description":"Poderosas dosis de humor negro y surrealismo destilan las p\u00e1ginas de Acostarse con la reina y otras delicias, ilustraciones, Pat Andrea","og_url":"https:\/\/librosdelzorrorojo.com\/ca\/cataleg\/acostarse-con-la-reina\/","og_site_name":"Libros del Zorro Rojo","article_modified_time":"2024-02-29T10:37:45+00:00","og_image":[{"url":"https:\/\/librosdelzorrorojo.com\/wp-content\/uploads\/2017\/03\/AcostarseConLaReina2_1200x1200.png","type":"","width":"","height":""}],"twitter_card":"summary_large_image","twitter_misc":{"Temps estimat de lectura":"1 minut"},"schema":{"@context":"https:\/\/schema.org","@graph":[{"@type":"WebPage","@id":"https:\/\/librosdelzorrorojo.com\/ca\/cataleg\/acostarse-con-la-reina\/","url":"https:\/\/librosdelzorrorojo.com\/ca\/cataleg\/acostarse-con-la-reina\/","name":"Acostarse con la reina y otras historias","isPartOf":{"@id":"https:\/\/librosdelzorrorojo.com\/#website"},"primaryImageOfPage":{"@id":"https:\/\/librosdelzorrorojo.com\/ca\/cataleg\/acostarse-con-la-reina\/#primaryimage"},"image":{"@id":"https:\/\/librosdelzorrorojo.com\/ca\/cataleg\/acostarse-con-la-reina\/#primaryimage"},"thumbnailUrl":"https:\/\/librosdelzorrorojo.com\/wp-content\/uploads\/2017\/11\/libros-del-zorro-rojo-acostarse-con-la-reina-roland-topor-9788494595035-1-e1525359638921.jpg","datePublished":"2017-03-01T11:00:26+00:00","dateModified":"2024-02-29T10:37:45+00:00","description":"Poderosas dosis de humor negro y surrealismo destilan las p\u00e1ginas de Acostarse con la reina y otras delicias, ilustraciones, Pat Andrea","breadcrumb":{"@id":"https:\/\/librosdelzorrorojo.com\/ca\/cataleg\/acostarse-con-la-reina\/#breadcrumb"},"inLanguage":"ca","potentialAction":[{"@type":"ReadAction","target":["https:\/\/librosdelzorrorojo.com\/ca\/cataleg\/acostarse-con-la-reina\/"]}]},{"@type":"ImageObject","inLanguage":"ca","@id":"https:\/\/librosdelzorrorojo.com\/ca\/cataleg\/acostarse-con-la-reina\/#primaryimage","url":"https:\/\/librosdelzorrorojo.com\/wp-content\/uploads\/2017\/11\/libros-del-zorro-rojo-acostarse-con-la-reina-roland-topor-9788494595035-1-e1525359638921.jpg","contentUrl":"https:\/\/librosdelzorrorojo.com\/wp-content\/uploads\/2017\/11\/libros-del-zorro-rojo-acostarse-con-la-reina-roland-topor-9788494595035-1-e1525359638921.jpg","width":850,"height":1233,"caption":"libros del zorro rojo acostarse con la reina roland topor 9788494595035 1 e1525359638921"},{"@type":"BreadcrumbList","@id":"https:\/\/librosdelzorrorojo.com\/ca\/cataleg\/acostarse-con-la-reina\/#breadcrumb","itemListElement":[{"@type":"ListItem","position":1,"name":"Portada","item":"https:\/\/librosdelzorrorojo.com\/ca\/"},{"@type":"ListItem","position":2,"name":"Cat\u00e0leg","item":"https:\/\/librosdelzorrorojo.com\/ca\/cataleg\/"},{"@type":"ListItem","position":3,"name":"Acostarse con la reina"}]},{"@type":"WebSite","@id":"https:\/\/librosdelzorrorojo.com\/#website","url":"https:\/\/librosdelzorrorojo.com\/","name":"Libros del Zorro Rojo","description":"Libros ilustrados","potentialAction":[{"@type":"SearchAction","target":{"@type":"EntryPoint","urlTemplate":"https:\/\/librosdelzorrorojo.com\/?s={search_term_string}"},"query-input":{"@type":"PropertyValueSpecification","valueRequired":true,"valueName":"search_term_string"}}],"inLanguage":"ca"}]}},"_links":{"self":[{"href":"https:\/\/librosdelzorrorojo.com\/ca\/wp-json\/wp\/v2\/product\/12074","targetHints":{"allow":["GET"]}}],"collection":[{"href":"https:\/\/librosdelzorrorojo.com\/ca\/wp-json\/wp\/v2\/product"}],"about":[{"href":"https:\/\/librosdelzorrorojo.com\/ca\/wp-json\/wp\/v2\/types\/product"}],"wp:featuredmedia":[{"embeddable":true,"href":"https:\/\/librosdelzorrorojo.com\/ca\/wp-json\/wp\/v2\/media\/12075"}],"wp:attachment":[{"href":"https:\/\/librosdelzorrorojo.com\/ca\/wp-json\/wp\/v2\/media?parent=12074"}],"wp:term":[{"taxonomy":"product_brand","embeddable":true,"href":"https:\/\/librosdelzorrorojo.com\/ca\/wp-json\/wp\/v2\/product_brand?post=12074"},{"taxonomy":"product_cat","embeddable":true,"href":"https:\/\/librosdelzorrorojo.com\/ca\/wp-json\/wp\/v2\/product_cat?post=12074"},{"taxonomy":"product_tag","embeddable":true,"href":"https:\/\/librosdelzorrorojo.com\/ca\/wp-json\/wp\/v2\/product_tag?post=12074"}],"curies":[{"name":"wp","href":"https:\/\/api.w.org\/{rel}","templated":true}]}}