{"id":12065,"date":"2017-03-29T12:00:35","date_gmt":"2017-03-29T10:00:35","guid":{"rendered":"https:\/\/librosdelzorrorojo.com\/catalogo\/el-jardin-malefico\/"},"modified":"2024-03-01T09:19:08","modified_gmt":"2024-03-01T08:19:08","slug":"el-jardin-malefico","status":"publish","type":"product","link":"https:\/\/librosdelzorrorojo.com\/ca\/cataleg\/el-jardin-malefico\/","title":{"rendered":"El jard\u00edn mal\u00e9fico"},"content":{"rendered":"<p dir=\"ltr\"><span style=\"font-weight: 400\">La familia dominguera que decide aprovechar la entrada gratuita al jard\u00edn mal\u00e9fico para disfrutar de una agradable tarde de sol no sospecha que el jard\u00edn tambi\u00e9n tiene sus planes y quiz\u00e1 hasta logre disfrutar m\u00e1s que ella.<\/span><\/p>\n<p><span>Hojea el libro\u00a0<span style=\"color: #ff0000\"><a href=\"https:\/\/issuu.com\/librosdelzorrorojo\/docs\/book-el_jardin_malefico_issuu\" style=\"color: #ff0000\">aqu\u00ed<\/a><\/span><\/span><span><\/span><\/p>\n<p>&nbsp;<\/p>\n","protected":false},"excerpt":{"rendered":"<span style=\"font-weight: 400\">La familia dominguera que decide aprovechar la entrada gratuita al Jard\u00edn Mal\u00e9fico para disfrutar de una agradable tarde de sol no sospecha que el jard\u00edn tambi\u00e9n tiene sus planes y quiz\u00e1 hasta logre disfrutar m\u00e1s que ella.<\/span>","protected":false},"featured_media":12066,"template":"","meta":{"_acf_changed":false},"product_brand":[],"product_cat":[844,3156],"product_tag":[],"class_list":{"0":"post-12065","1":"product","2":"type-product","3":"status-publish","4":"has-post-thumbnail","6":"product_cat-castella","7":"product_cat-juvenil-adult","9":"first","10":"instock","11":"taxable","12":"shipping-taxable","13":"purchasable","14":"product-type-simple"},"acf":[],"yoast_head":"<!-- This site is optimized with the Yoast SEO plugin v25.1 - https:\/\/yoast.com\/wordpress\/plugins\/seo\/ -->\n<title>El jard\u00edn mal\u00e9fico<\/title>\n<meta name=\"description\" content=\"familia, domingo, felicidad, jard\u00edn, magia, mal\u00e9fico, ilustraciones, disfrutar, sol, plenitud, planes, secretos, dibujos, sospechas\" \/>\n<meta name=\"robots\" content=\"index, follow, max-snippet:-1, max-image-preview:large, max-video-preview:-1\" \/>\n<link rel=\"canonical\" href=\"https:\/\/librosdelzorrorojo.com\/ca\/cataleg\/el-jardin-malefico\/\" \/>\n<meta property=\"og:locale\" content=\"ca_ES\" \/>\n<meta property=\"og:type\" content=\"article\" \/>\n<meta property=\"og:title\" content=\"El jard\u00edn mal\u00e9fico\" \/>\n<meta property=\"og:description\" content=\"La familia dominguera que decide aprovechar la entrada gratuita al jard\u00edn mal\u00e9fico para disfrutar de una agradable tarde de sol no sospecha que el jard\u00edn tambi\u00e9n tiene sus planes y quiz\u00e1 hasta logre disfrutar m\u00e1s que ella.\" \/>\n<meta property=\"og:url\" content=\"https:\/\/librosdelzorrorojo.com\/ca\/cataleg\/el-jardin-malefico\/\" \/>\n<meta property=\"og:site_name\" content=\"Libros del Zorro Rojo\" \/>\n<meta property=\"article:modified_time\" content=\"2024-03-01T08:19:08+00:00\" \/>\n<meta property=\"og:image\" content=\"https:\/\/librosdelzorrorojo.com\/wp-content\/uploads\/2017\/03\/Eljardinmalefico_1200x1200-1.png\" \/>\n\t<meta property=\"og:image:width\" content=\"1200\" \/>\n\t<meta property=\"og:image:height\" content=\"1200\" \/>\n\t<meta property=\"og:image:type\" content=\"image\/png\" \/>\n<meta name=\"twitter:card\" content=\"summary_large_image\" \/>\n<script type=\"application\/ld+json\" class=\"yoast-schema-graph\">{\"@context\":\"https:\/\/schema.org\",\"@graph\":[{\"@type\":\"WebPage\",\"@id\":\"https:\/\/librosdelzorrorojo.com\/ca\/cataleg\/el-jardin-malefico\/\",\"url\":\"https:\/\/librosdelzorrorojo.com\/ca\/cataleg\/el-jardin-malefico\/\",\"name\":\"El jard\u00edn mal\u00e9fico\",\"isPartOf\":{\"@id\":\"https:\/\/librosdelzorrorojo.com\/#website\"},\"primaryImageOfPage\":{\"@id\":\"https:\/\/librosdelzorrorojo.com\/ca\/cataleg\/el-jardin-malefico\/#primaryimage\"},\"image\":{\"@id\":\"https:\/\/librosdelzorrorojo.com\/ca\/cataleg\/el-jardin-malefico\/#primaryimage\"},\"thumbnailUrl\":\"https:\/\/librosdelzorrorojo.com\/wp-content\/uploads\/2017\/03\/Cover_El-jardin-malefico-e1527603872434.jpg\",\"datePublished\":\"2017-03-29T10:00:35+00:00\",\"dateModified\":\"2024-03-01T08:19:08+00:00\",\"description\":\"familia, domingo, felicidad, jard\u00edn, magia, mal\u00e9fico, ilustraciones, disfrutar, sol, plenitud, planes, secretos, dibujos, sospechas\",\"breadcrumb\":{\"@id\":\"https:\/\/librosdelzorrorojo.com\/ca\/cataleg\/el-jardin-malefico\/#breadcrumb\"},\"inLanguage\":\"ca\",\"potentialAction\":[{\"@type\":\"ReadAction\",\"target\":[\"https:\/\/librosdelzorrorojo.com\/ca\/cataleg\/el-jardin-malefico\/\"]}]},{\"@type\":\"ImageObject\",\"inLanguage\":\"ca\",\"@id\":\"https:\/\/librosdelzorrorojo.com\/ca\/cataleg\/el-jardin-malefico\/#primaryimage\",\"url\":\"https:\/\/librosdelzorrorojo.com\/wp-content\/uploads\/2017\/03\/Cover_El-jardin-malefico-e1527603872434.jpg\",\"contentUrl\":\"https:\/\/librosdelzorrorojo.com\/wp-content\/uploads\/2017\/03\/Cover_El-jardin-malefico-e1527603872434.jpg\",\"width\":850,\"height\":711,\"caption\":\"Cover El jardin malefico e1527603872434\"},{\"@type\":\"BreadcrumbList\",\"@id\":\"https:\/\/librosdelzorrorojo.com\/ca\/cataleg\/el-jardin-malefico\/#breadcrumb\",\"itemListElement\":[{\"@type\":\"ListItem\",\"position\":1,\"name\":\"Portada\",\"item\":\"https:\/\/librosdelzorrorojo.com\/ca\/\"},{\"@type\":\"ListItem\",\"position\":2,\"name\":\"Cat\u00e0leg\",\"item\":\"https:\/\/librosdelzorrorojo.com\/ca\/cataleg\/\"},{\"@type\":\"ListItem\",\"position\":3,\"name\":\"El jard\u00edn mal\u00e9fico\"}]},{\"@type\":\"WebSite\",\"@id\":\"https:\/\/librosdelzorrorojo.com\/#website\",\"url\":\"https:\/\/librosdelzorrorojo.com\/\",\"name\":\"Libros del Zorro Rojo\",\"description\":\"Libros ilustrados\",\"potentialAction\":[{\"@type\":\"SearchAction\",\"target\":{\"@type\":\"EntryPoint\",\"urlTemplate\":\"https:\/\/librosdelzorrorojo.com\/?s={search_term_string}\"},\"query-input\":{\"@type\":\"PropertyValueSpecification\",\"valueRequired\":true,\"valueName\":\"search_term_string\"}}],\"inLanguage\":\"ca\"}]}<\/script>\n<!-- \/ Yoast SEO plugin. -->","yoast_head_json":{"title":"El jard\u00edn mal\u00e9fico","description":"familia, domingo, felicidad, jard\u00edn, magia, mal\u00e9fico, ilustraciones, disfrutar, sol, plenitud, planes, secretos, dibujos, sospechas","robots":{"index":"index","follow":"follow","max-snippet":"max-snippet:-1","max-image-preview":"max-image-preview:large","max-video-preview":"max-video-preview:-1"},"canonical":"https:\/\/librosdelzorrorojo.com\/ca\/cataleg\/el-jardin-malefico\/","og_locale":"ca_ES","og_type":"article","og_title":"El jard\u00edn mal\u00e9fico","og_description":"La familia dominguera que decide aprovechar la entrada gratuita al jard\u00edn mal\u00e9fico para disfrutar de una agradable tarde de sol no sospecha que el jard\u00edn tambi\u00e9n tiene sus planes y quiz\u00e1 hasta logre disfrutar m\u00e1s que ella.","og_url":"https:\/\/librosdelzorrorojo.com\/ca\/cataleg\/el-jardin-malefico\/","og_site_name":"Libros del Zorro Rojo","article_modified_time":"2024-03-01T08:19:08+00:00","og_image":[{"width":1200,"height":1200,"url":"https:\/\/librosdelzorrorojo.com\/wp-content\/uploads\/2017\/03\/Eljardinmalefico_1200x1200-1.png","type":"image\/png"}],"twitter_card":"summary_large_image","schema":{"@context":"https:\/\/schema.org","@graph":[{"@type":"WebPage","@id":"https:\/\/librosdelzorrorojo.com\/ca\/cataleg\/el-jardin-malefico\/","url":"https:\/\/librosdelzorrorojo.com\/ca\/cataleg\/el-jardin-malefico\/","name":"El jard\u00edn mal\u00e9fico","isPartOf":{"@id":"https:\/\/librosdelzorrorojo.com\/#website"},"primaryImageOfPage":{"@id":"https:\/\/librosdelzorrorojo.com\/ca\/cataleg\/el-jardin-malefico\/#primaryimage"},"image":{"@id":"https:\/\/librosdelzorrorojo.com\/ca\/cataleg\/el-jardin-malefico\/#primaryimage"},"thumbnailUrl":"https:\/\/librosdelzorrorojo.com\/wp-content\/uploads\/2017\/03\/Cover_El-jardin-malefico-e1527603872434.jpg","datePublished":"2017-03-29T10:00:35+00:00","dateModified":"2024-03-01T08:19:08+00:00","description":"familia, domingo, felicidad, jard\u00edn, magia, mal\u00e9fico, ilustraciones, disfrutar, sol, plenitud, planes, secretos, dibujos, sospechas","breadcrumb":{"@id":"https:\/\/librosdelzorrorojo.com\/ca\/cataleg\/el-jardin-malefico\/#breadcrumb"},"inLanguage":"ca","potentialAction":[{"@type":"ReadAction","target":["https:\/\/librosdelzorrorojo.com\/ca\/cataleg\/el-jardin-malefico\/"]}]},{"@type":"ImageObject","inLanguage":"ca","@id":"https:\/\/librosdelzorrorojo.com\/ca\/cataleg\/el-jardin-malefico\/#primaryimage","url":"https:\/\/librosdelzorrorojo.com\/wp-content\/uploads\/2017\/03\/Cover_El-jardin-malefico-e1527603872434.jpg","contentUrl":"https:\/\/librosdelzorrorojo.com\/wp-content\/uploads\/2017\/03\/Cover_El-jardin-malefico-e1527603872434.jpg","width":850,"height":711,"caption":"Cover El jardin malefico e1527603872434"},{"@type":"BreadcrumbList","@id":"https:\/\/librosdelzorrorojo.com\/ca\/cataleg\/el-jardin-malefico\/#breadcrumb","itemListElement":[{"@type":"ListItem","position":1,"name":"Portada","item":"https:\/\/librosdelzorrorojo.com\/ca\/"},{"@type":"ListItem","position":2,"name":"Cat\u00e0leg","item":"https:\/\/librosdelzorrorojo.com\/ca\/cataleg\/"},{"@type":"ListItem","position":3,"name":"El jard\u00edn mal\u00e9fico"}]},{"@type":"WebSite","@id":"https:\/\/librosdelzorrorojo.com\/#website","url":"https:\/\/librosdelzorrorojo.com\/","name":"Libros del Zorro Rojo","description":"Libros ilustrados","potentialAction":[{"@type":"SearchAction","target":{"@type":"EntryPoint","urlTemplate":"https:\/\/librosdelzorrorojo.com\/?s={search_term_string}"},"query-input":{"@type":"PropertyValueSpecification","valueRequired":true,"valueName":"search_term_string"}}],"inLanguage":"ca"}]}},"_links":{"self":[{"href":"https:\/\/librosdelzorrorojo.com\/ca\/wp-json\/wp\/v2\/product\/12065","targetHints":{"allow":["GET"]}}],"collection":[{"href":"https:\/\/librosdelzorrorojo.com\/ca\/wp-json\/wp\/v2\/product"}],"about":[{"href":"https:\/\/librosdelzorrorojo.com\/ca\/wp-json\/wp\/v2\/types\/product"}],"wp:featuredmedia":[{"embeddable":true,"href":"https:\/\/librosdelzorrorojo.com\/ca\/wp-json\/wp\/v2\/media\/12066"}],"wp:attachment":[{"href":"https:\/\/librosdelzorrorojo.com\/ca\/wp-json\/wp\/v2\/media?parent=12065"}],"wp:term":[{"taxonomy":"product_brand","embeddable":true,"href":"https:\/\/librosdelzorrorojo.com\/ca\/wp-json\/wp\/v2\/product_brand?post=12065"},{"taxonomy":"product_cat","embeddable":true,"href":"https:\/\/librosdelzorrorojo.com\/ca\/wp-json\/wp\/v2\/product_cat?post=12065"},{"taxonomy":"product_tag","embeddable":true,"href":"https:\/\/librosdelzorrorojo.com\/ca\/wp-json\/wp\/v2\/product_tag?post=12065"}],"curies":[{"name":"wp","href":"https:\/\/api.w.org\/{rel}","templated":true}]}}