{"id":12048,"date":"2020-09-20T12:00:31","date_gmt":"2020-09-20T10:00:31","guid":{"rendered":"https:\/\/librosdelzorrorojo.com\/catalogo\/el-dios-dinero\/"},"modified":"2024-03-01T09:17:57","modified_gmt":"2024-03-01T08:17:57","slug":"el-dios-dinero","status":"publish","type":"product","link":"https:\/\/librosdelzorrorojo.com\/ca\/cataleg\/el-dios-dinero\/","title":{"rendered":"El Dios Dinero"},"content":{"rendered":"<p>La vigencia de todo cl\u00e1sico \u2014artista, pensador\u2014 implica que los efectos discursivos del pasado contin\u00faan interpelando, vivamente, el mundo del presente. El pensamiento de Marx es un ejemplo flagrante.\u00a0<em>El dios dinero<\/em> se basa en extractos del c\u00e9lebre cap\u00edtulo del autor alem\u00e1n sobre el poder del dinero de la obra <em>Manuscritos econ\u00f3micos y filos\u00f3ficos<\/em> de 1884. En esa \u00e9poca, Marx era un joven desafiante y cr\u00edtico para con un mundo emergente de codicia descontrolada y consumo.<\/p>\n<p>Las originales im\u00e1genes del ilustrador espa\u00f1ol Maguma sirven como herramienta cr\u00edtica y comunicativa para cuestionar el desenfreno consumista promovido por las econom\u00edas de mercado. Ilustraciones que recrean esta celebrada diatriba en contra de las mentes entumecidas por el poder\u00edo del dinero, en el contexto de los desarrollos contempor\u00e1neos, donde la propagaci\u00f3n de la avaricia a escala global casi ha conducido a la muerte de los bienes comunes.<\/p>\n<p>Inspirado en el relato b\u00edblico de la Ca\u00edda, el artista representa, mediante trazos surreales que efect\u00faan un gui\u00f1o al arte de El Bosco, un mundo continuamente atravesado por un af\u00e1n de insaciable acumulaci\u00f3n. Impactantes estampas que expresan, desde una perspectiva nueva, las percepciones de Marx sobre los efectos del dinero, y nos invitan a recordar por qu\u00e9 su cr\u00edtica a la sociedad capitalista es m\u00e1s relevante que nunca.<\/p>\n<p>&nbsp;<\/p>\n<p><img decoding=\"async\" src=\"https:\/\/librosdelzorrorojo.com\/wp-content\/uploads\/2021\/09\/DC-ICEC-horitzontal-cos12-bn-1-600x80.png\" alt=\"\" width=\"300\" height=\"40\" class=\"alignnone wp-image-23703\" srcset=\"https:\/\/librosdelzorrorojo.com\/wp-content\/uploads\/2021\/09\/DC-ICEC-horitzontal-cos12-bn-1-600x80.png 600w, https:\/\/librosdelzorrorojo.com\/wp-content\/uploads\/2021\/09\/DC-ICEC-horitzontal-cos12-bn-1-1024x137.png 1024w, https:\/\/librosdelzorrorojo.com\/wp-content\/uploads\/2021\/09\/DC-ICEC-horitzontal-cos12-bn-1-768x103.png 768w, https:\/\/librosdelzorrorojo.com\/wp-content\/uploads\/2021\/09\/DC-ICEC-horitzontal-cos12-bn-1-800x107.png 800w, https:\/\/librosdelzorrorojo.com\/wp-content\/uploads\/2021\/09\/DC-ICEC-horitzontal-cos12-bn-1.png 1482w\" sizes=\"(max-width: 300px) 100vw, 300px\" \/><\/p>\n<p>&nbsp;<\/p>\n","protected":false},"excerpt":{"rendered":"La vigencia de todo cl\u00e1sico \u2014artista, pensador\u2014 implica que los efectos discursivos del pasado contin\u00faan interpelando, vivamente, el mundo del presente. El pensamiento de Marx es un ejemplo flagrante.\u00a0<em>El dios dinero<\/em> se basa en extractos del c\u00e9lebre cap\u00edtulo del autor alem\u00e1n sobre el poder del dinero de la obra <em>Manuscritos econ\u00f3micos y filos\u00f3ficos<\/em> de 1884. En esa \u00e9poca, Marx era un joven desafiante y cr\u00edtico para con un mundo emergente de codicia descontrolada y consumo.","protected":false},"featured_media":11332,"template":"","meta":{"_acf_changed":false},"product_brand":[],"product_cat":[844,3156],"product_tag":[],"class_list":{"0":"post-12048","1":"product","2":"type-product","3":"status-publish","4":"has-post-thumbnail","6":"product_cat-castella","7":"product_cat-juvenil-adult","9":"first","10":"instock","11":"taxable","12":"shipping-taxable","13":"purchasable","14":"product-type-simple"},"acf":[],"yoast_head":"<!-- This site is optimized with the Yoast SEO plugin v25.1 - https:\/\/yoast.com\/wordpress\/plugins\/seo\/ -->\n<title>Libros del Zorro Rojo El Dios Dinero -<\/title>\n<meta name=\"description\" content=\"El dios dinero se basa en extractos del c\u00e9lebre cap\u00edtulo del autor alem\u00e1n sobre el poder del dinero de la obra Manuscritos econ\u00f3micos y filos\u00f3ficos\" \/>\n<meta name=\"robots\" content=\"index, follow, max-snippet:-1, max-image-preview:large, max-video-preview:-1\" \/>\n<link rel=\"canonical\" href=\"https:\/\/librosdelzorrorojo.com\/ca\/cataleg\/el-dios-dinero\/\" \/>\n<meta property=\"og:locale\" content=\"ca_ES\" \/>\n<meta property=\"og:type\" content=\"article\" \/>\n<meta property=\"og:title\" content=\"Libros del Zorro Rojo El Dios Dinero -\" \/>\n<meta property=\"og:description\" content=\"El dios dinero se basa en extractos del c\u00e9lebre cap\u00edtulo del autor alem\u00e1n sobre el poder del dinero de la obra Manuscritos econ\u00f3micos y filos\u00f3ficos\" \/>\n<meta property=\"og:url\" content=\"https:\/\/librosdelzorrorojo.com\/ca\/cataleg\/el-dios-dinero\/\" \/>\n<meta property=\"og:site_name\" content=\"Libros del Zorro Rojo\" \/>\n<meta property=\"article:modified_time\" content=\"2024-03-01T08:17:57+00:00\" \/>\n<meta property=\"og:image\" content=\"https:\/\/librosdelzorrorojo.com\/wp-content\/uploads\/2020\/09\/DiosDinero_1200x1200-768x768.png\" \/>\n\t<meta property=\"og:image:width\" content=\"768\" \/>\n\t<meta property=\"og:image:height\" content=\"768\" \/>\n\t<meta property=\"og:image:type\" content=\"image\/png\" \/>\n<meta name=\"twitter:card\" content=\"summary_large_image\" \/>\n<meta name=\"twitter:label1\" content=\"Temps estimat de lectura\" \/>\n\t<meta name=\"twitter:data1\" content=\"1 minut\" \/>\n<script type=\"application\/ld+json\" class=\"yoast-schema-graph\">{\"@context\":\"https:\/\/schema.org\",\"@graph\":[{\"@type\":\"WebPage\",\"@id\":\"https:\/\/librosdelzorrorojo.com\/ca\/cataleg\/el-dios-dinero\/\",\"url\":\"https:\/\/librosdelzorrorojo.com\/ca\/cataleg\/el-dios-dinero\/\",\"name\":\"Libros del Zorro Rojo El Dios Dinero -\",\"isPartOf\":{\"@id\":\"https:\/\/librosdelzorrorojo.com\/#website\"},\"primaryImageOfPage\":{\"@id\":\"https:\/\/librosdelzorrorojo.com\/ca\/cataleg\/el-dios-dinero\/#primaryimage\"},\"image\":{\"@id\":\"https:\/\/librosdelzorrorojo.com\/ca\/cataleg\/el-dios-dinero\/#primaryimage\"},\"thumbnailUrl\":\"https:\/\/librosdelzorrorojo.com\/wp-content\/uploads\/2017\/09\/Cover_ElDiosDineroWEB.png\",\"datePublished\":\"2020-09-20T10:00:31+00:00\",\"dateModified\":\"2024-03-01T08:17:57+00:00\",\"description\":\"El dios dinero se basa en extractos del c\u00e9lebre cap\u00edtulo del autor alem\u00e1n sobre el poder del dinero de la obra Manuscritos econ\u00f3micos y filos\u00f3ficos\",\"breadcrumb\":{\"@id\":\"https:\/\/librosdelzorrorojo.com\/ca\/cataleg\/el-dios-dinero\/#breadcrumb\"},\"inLanguage\":\"ca\",\"potentialAction\":[{\"@type\":\"ReadAction\",\"target\":[\"https:\/\/librosdelzorrorojo.com\/ca\/cataleg\/el-dios-dinero\/\"]}]},{\"@type\":\"ImageObject\",\"inLanguage\":\"ca\",\"@id\":\"https:\/\/librosdelzorrorojo.com\/ca\/cataleg\/el-dios-dinero\/#primaryimage\",\"url\":\"https:\/\/librosdelzorrorojo.com\/wp-content\/uploads\/2017\/09\/Cover_ElDiosDineroWEB.png\",\"contentUrl\":\"https:\/\/librosdelzorrorojo.com\/wp-content\/uploads\/2017\/09\/Cover_ElDiosDineroWEB.png\",\"width\":850,\"height\":1561,\"caption\":\"Cover ElDiosDineroWEB\"},{\"@type\":\"BreadcrumbList\",\"@id\":\"https:\/\/librosdelzorrorojo.com\/ca\/cataleg\/el-dios-dinero\/#breadcrumb\",\"itemListElement\":[{\"@type\":\"ListItem\",\"position\":1,\"name\":\"Portada\",\"item\":\"https:\/\/librosdelzorrorojo.com\/ca\/\"},{\"@type\":\"ListItem\",\"position\":2,\"name\":\"Cat\u00e0leg\",\"item\":\"https:\/\/librosdelzorrorojo.com\/ca\/cataleg\/\"},{\"@type\":\"ListItem\",\"position\":3,\"name\":\"El Dios Dinero\"}]},{\"@type\":\"WebSite\",\"@id\":\"https:\/\/librosdelzorrorojo.com\/#website\",\"url\":\"https:\/\/librosdelzorrorojo.com\/\",\"name\":\"Libros del Zorro Rojo\",\"description\":\"Libros ilustrados\",\"potentialAction\":[{\"@type\":\"SearchAction\",\"target\":{\"@type\":\"EntryPoint\",\"urlTemplate\":\"https:\/\/librosdelzorrorojo.com\/?s={search_term_string}\"},\"query-input\":{\"@type\":\"PropertyValueSpecification\",\"valueRequired\":true,\"valueName\":\"search_term_string\"}}],\"inLanguage\":\"ca\"}]}<\/script>\n<!-- \/ Yoast SEO plugin. -->","yoast_head_json":{"title":"Libros del Zorro Rojo El Dios Dinero -","description":"El dios dinero se basa en extractos del c\u00e9lebre cap\u00edtulo del autor alem\u00e1n sobre el poder del dinero de la obra Manuscritos econ\u00f3micos y filos\u00f3ficos","robots":{"index":"index","follow":"follow","max-snippet":"max-snippet:-1","max-image-preview":"max-image-preview:large","max-video-preview":"max-video-preview:-1"},"canonical":"https:\/\/librosdelzorrorojo.com\/ca\/cataleg\/el-dios-dinero\/","og_locale":"ca_ES","og_type":"article","og_title":"Libros del Zorro Rojo El Dios Dinero -","og_description":"El dios dinero se basa en extractos del c\u00e9lebre cap\u00edtulo del autor alem\u00e1n sobre el poder del dinero de la obra Manuscritos econ\u00f3micos y filos\u00f3ficos","og_url":"https:\/\/librosdelzorrorojo.com\/ca\/cataleg\/el-dios-dinero\/","og_site_name":"Libros del Zorro Rojo","article_modified_time":"2024-03-01T08:17:57+00:00","og_image":[{"width":768,"height":768,"url":"https:\/\/librosdelzorrorojo.com\/wp-content\/uploads\/2020\/09\/DiosDinero_1200x1200-768x768.png","type":"image\/png"}],"twitter_card":"summary_large_image","twitter_misc":{"Temps estimat de lectura":"1 minut"},"schema":{"@context":"https:\/\/schema.org","@graph":[{"@type":"WebPage","@id":"https:\/\/librosdelzorrorojo.com\/ca\/cataleg\/el-dios-dinero\/","url":"https:\/\/librosdelzorrorojo.com\/ca\/cataleg\/el-dios-dinero\/","name":"Libros del Zorro Rojo El Dios Dinero -","isPartOf":{"@id":"https:\/\/librosdelzorrorojo.com\/#website"},"primaryImageOfPage":{"@id":"https:\/\/librosdelzorrorojo.com\/ca\/cataleg\/el-dios-dinero\/#primaryimage"},"image":{"@id":"https:\/\/librosdelzorrorojo.com\/ca\/cataleg\/el-dios-dinero\/#primaryimage"},"thumbnailUrl":"https:\/\/librosdelzorrorojo.com\/wp-content\/uploads\/2017\/09\/Cover_ElDiosDineroWEB.png","datePublished":"2020-09-20T10:00:31+00:00","dateModified":"2024-03-01T08:17:57+00:00","description":"El dios dinero se basa en extractos del c\u00e9lebre cap\u00edtulo del autor alem\u00e1n sobre el poder del dinero de la obra Manuscritos econ\u00f3micos y filos\u00f3ficos","breadcrumb":{"@id":"https:\/\/librosdelzorrorojo.com\/ca\/cataleg\/el-dios-dinero\/#breadcrumb"},"inLanguage":"ca","potentialAction":[{"@type":"ReadAction","target":["https:\/\/librosdelzorrorojo.com\/ca\/cataleg\/el-dios-dinero\/"]}]},{"@type":"ImageObject","inLanguage":"ca","@id":"https:\/\/librosdelzorrorojo.com\/ca\/cataleg\/el-dios-dinero\/#primaryimage","url":"https:\/\/librosdelzorrorojo.com\/wp-content\/uploads\/2017\/09\/Cover_ElDiosDineroWEB.png","contentUrl":"https:\/\/librosdelzorrorojo.com\/wp-content\/uploads\/2017\/09\/Cover_ElDiosDineroWEB.png","width":850,"height":1561,"caption":"Cover ElDiosDineroWEB"},{"@type":"BreadcrumbList","@id":"https:\/\/librosdelzorrorojo.com\/ca\/cataleg\/el-dios-dinero\/#breadcrumb","itemListElement":[{"@type":"ListItem","position":1,"name":"Portada","item":"https:\/\/librosdelzorrorojo.com\/ca\/"},{"@type":"ListItem","position":2,"name":"Cat\u00e0leg","item":"https:\/\/librosdelzorrorojo.com\/ca\/cataleg\/"},{"@type":"ListItem","position":3,"name":"El Dios Dinero"}]},{"@type":"WebSite","@id":"https:\/\/librosdelzorrorojo.com\/#website","url":"https:\/\/librosdelzorrorojo.com\/","name":"Libros del Zorro Rojo","description":"Libros ilustrados","potentialAction":[{"@type":"SearchAction","target":{"@type":"EntryPoint","urlTemplate":"https:\/\/librosdelzorrorojo.com\/?s={search_term_string}"},"query-input":{"@type":"PropertyValueSpecification","valueRequired":true,"valueName":"search_term_string"}}],"inLanguage":"ca"}]}},"_links":{"self":[{"href":"https:\/\/librosdelzorrorojo.com\/ca\/wp-json\/wp\/v2\/product\/12048","targetHints":{"allow":["GET"]}}],"collection":[{"href":"https:\/\/librosdelzorrorojo.com\/ca\/wp-json\/wp\/v2\/product"}],"about":[{"href":"https:\/\/librosdelzorrorojo.com\/ca\/wp-json\/wp\/v2\/types\/product"}],"wp:featuredmedia":[{"embeddable":true,"href":"https:\/\/librosdelzorrorojo.com\/ca\/wp-json\/wp\/v2\/media\/11332"}],"wp:attachment":[{"href":"https:\/\/librosdelzorrorojo.com\/ca\/wp-json\/wp\/v2\/media?parent=12048"}],"wp:term":[{"taxonomy":"product_brand","embeddable":true,"href":"https:\/\/librosdelzorrorojo.com\/ca\/wp-json\/wp\/v2\/product_brand?post=12048"},{"taxonomy":"product_cat","embeddable":true,"href":"https:\/\/librosdelzorrorojo.com\/ca\/wp-json\/wp\/v2\/product_cat?post=12048"},{"taxonomy":"product_tag","embeddable":true,"href":"https:\/\/librosdelzorrorojo.com\/ca\/wp-json\/wp\/v2\/product_tag?post=12048"}],"curies":[{"name":"wp","href":"https:\/\/api.w.org\/{rel}","templated":true}]}}