{"id":12042,"date":"2023-04-27T12:00:27","date_gmt":"2023-04-27T10:00:27","guid":{"rendered":"https:\/\/librosdelzorrorojo.com\/catalogo\/aura\/"},"modified":"2025-12-15T11:06:27","modified_gmt":"2025-12-15T10:06:27","slug":"aura","status":"publish","type":"product","link":"https:\/\/librosdelzorrorojo.com\/ca\/cataleg\/aura\/","title":{"rendered":"Aura"},"content":{"rendered":"<p class=\"p1\"><span class=\"s1\"><span class=\"Apple-converted-space\">Uno de los escritos m\u00e1s trepidantes de Carlos Fuentes vuelve a ser publicado, tras dos d\u00e9cadas in\u00e9dito en Espa\u00f1a. Desde las primeras l\u00edneas, el lector es absorbido por la narraci\u00f3n en segunda persona: juego de espejos que lo mimetiza con el personaje de esta historia vertiginosa, y lo sumerge en una atm\u00f3sfera inquietante y misteriosa, un<span>\u00a0<\/span><em>Aura<\/em><span>\u00a0<\/span>poblada por sombras ambiguas y silencios enmohecidos. Recorrer\u00e1 los cautivadores ambientes de una vieja casona, de un fant\u00e1stico jard\u00edn, con pasos ahogados, que dibujar\u00e1n la silueta aviesa de un laberinto elevado por encima de toda linealidad temporal. Este tiempo b\u00edfido es una de las formas en que se expresa la constante dualidad que late en la<span>\u00a0<\/span><em>nouvelle.<\/em><span>\u00a0<\/span>La figura del doble irrumpe desde cada uno de los simbolismos que conforman los ejes de este particular espacio vital y se extiende hacia el lector, convoc\u00e1ndolo al lugar de actor en este singular escenario. Tal y como puntualiza la poeta y ensayista Mar\u00eda Negroni en el ep\u00edlogo de esta edici\u00f3n, \u00ab<em>Aura<\/em> quiere decir &#8220;luz&#8221;, &#8220;halo&#8221;, pero tambi\u00e9n &#8220;ave rapaz&#8221;\u00bb. En efecto, un filo binar recorre la obra: en cada hoja acerada lo ominoso y lo familiar se alternan en un trenzado que, paulatinamente, desdibuja sus fronteras. En el esplendor se insin\u00faa lo luctuoso; en el centro de la lozan\u00eda reverbera la purulencia de la decrepitud. \u00a0<\/span><\/span><\/p>\n<p class=\"p1\"><span class=\"s1\">Una novela con marcada impronta visual que Alejandra Acosta explora y profundiza \u2014en palabras de Negroni: \u00abFuentes narra como si filmara, capturando el presente psicol\u00f3gico con verbos activos y deficientes, usando el suspenso y la premonici\u00f3n\u00bb\u2014. Sus sensuales<span>\u00a0<\/span><em>collages<\/em><span>\u00a0<\/span>dan cuenta de la amalgama \u2014intr\u00ednseca al relato de Fuentes\u2014 entre la cultura europea y la exuberancia americana, al tiempo que intensifican los contrastes mediante la yuxtaposici\u00f3n del verde y del rojo, resaltan la decadencia del esplendor victoriano y dan cuerpo tangible a ese espejismo en forma de oasis que nos invita a entrar en sus arenas movedizas.<br \/>\n<\/span><\/p>\n<p class=\"p1\"><span class=\"s1\">Acosta misma ingresa en ese territorio de asideros insidiosos. Sobre su t\u00e9cnica empleada: \u00abParto desde la intuici\u00f3n, creando una imagen en mi mente, pero dependo mucho de encontrar los recortes que me van a ayudar a componer esa idea. Cada imagen implica una b\u00fasqueda en bibliotecas antiguas, libros de anatom\u00eda, libros de bot\u00e1nica\u2026, dependes del hallazgo. En ese sentido es un trabajo muy entretenido, pero al mismo tiempo es como entrar en un laberinto, ya que nunca sabes d\u00f3nde vas a terminar\u00bb.<\/span><\/p>\n<p><span>Hojea el libro\u00a0<a href=\"https:\/\/issuu.com\/librosdelzorrorojo\/docs\/aura_issuu\"><span style=\"color: #ff0000;\">aqu\u00ed<\/span><\/a>\u00a0<\/span><span>|<\/span><span>\u00a0<\/span><span>Mira el\u00a0<\/span><a href=\"https:\/\/www.youtube.com\/watch?v=bx-NQirMWHE\"><span style=\"color: #ff0000;\">booktrailer<\/span><\/a><\/p>\n<p><img decoding=\"async\" src=\"https:\/\/librosdelzorrorojo.com\/wp-content\/uploads\/2024\/10\/ICEC.jpg\" alt=\"\" width=\"380\" height=\"85\" class=\"alignnone size-full wp-image-29095\" \/><\/p>\n<p>&nbsp;<\/p>\n","protected":false},"excerpt":{"rendered":"<span class=\"s1\"><span class=\"Apple-converted-space\">Uno de los escritos m\u00e1s trepidantes de Carlos Fuentes vuelve a ser publicado, tras dos d\u00e9cadas in\u00e9dito en Espa\u00f1a. Desde las primeras l\u00edneas, el lector es absorbido por la narraci\u00f3n en segunda persona: juego de espejos que lo mimetiza con el personaje de esta historia vertiginosa, y lo sumerge en una atm\u00f3sfera inquietante y misteriosa: un<span>\u00a0<\/span><em>Aura<\/em><span>\u00a0<\/span>poblada por sombras ambiguas y silencios enmohecidos. Recorrer\u00e1 los cautivadores ambientes de una vieja casona, de un fant\u00e1stico jard\u00edn, con pasos ahogados, que dibujar\u00e1n la silueta aviesa de un laberinto elevado por encima de toda linealidad temporal. Este tiempo b\u00edfido es una de las formas en que se expresa la constante dualidad que late en la<span>\u00a0<\/span><em>nouvelle.<\/em><span>\u00a0<\/span>La figura del doble irrumpe desde cada uno de los simbolismos que conforman los ejes de este particular espacio vital y se extiende hacia el lector, convoc\u00e1ndolo al lugar de actor en este singular escenario. Tal y como puntualiza la poeta y ensayista Mar\u00eda Negroni en el ep\u00edlogo de esta edici\u00f3n, \u00ab<em>Aura<\/em> quiere decir &#8220;luz&#8221;, &#8220;halo&#8221;, pero tambi\u00e9n &#8220;ave rapaz&#8221;\u00bb. En efecto, un filo binar recorre la obra: en cada hoja acerada lo ominoso y lo familiar se alternan en un trenzado que, paulatinamente, desdibuja sus fronteras. En el esplendor se insin\u00faa lo luctuoso; en el centro de la lozan\u00eda reverbera la purulencia de la decrepitud. \u00a0<\/span><\/span>","protected":false},"featured_media":25373,"template":"","meta":{"_acf_changed":false},"product_brand":[],"product_cat":[844,3156,846],"product_tag":[],"class_list":{"0":"post-12042","1":"product","2":"type-product","3":"status-publish","4":"has-post-thumbnail","6":"product_cat-castella","7":"product_cat-juvenil-adult","8":"product_cat-novedades-ca","10":"first","11":"instock","12":"taxable","13":"shipping-taxable","14":"purchasable","15":"product-type-variable"},"acf":[],"yoast_head":"<!-- This site is optimized with the Yoast SEO plugin v25.1 - https:\/\/yoast.com\/wordpress\/plugins\/seo\/ -->\n<title>Libros del Zorro Rojo - Aura -<\/title>\n<meta name=\"description\" content=\"Uno de los escritos m\u00e1s trepidantes de Carlos Fuentes vuelve a ser publicado, tras dos d\u00e9cadas in\u00e9dito en Espa\u00f1a. Desde el inicio, el lector es absorbido\" \/>\n<meta name=\"robots\" content=\"index, follow, max-snippet:-1, max-image-preview:large, max-video-preview:-1\" \/>\n<link rel=\"canonical\" href=\"https:\/\/librosdelzorrorojo.com\/ca\/cataleg\/aura\/\" \/>\n<meta property=\"og:locale\" content=\"ca_ES\" \/>\n<meta property=\"og:type\" content=\"article\" \/>\n<meta property=\"og:title\" content=\"Libros del Zorro Rojo - Aura -\" \/>\n<meta property=\"og:description\" content=\"Uno de los escritos m\u00e1s trepidantes de Carlos Fuentes vuelve a ser publicado, tras dos d\u00e9cadas in\u00e9dito en Espa\u00f1a. Desde el inicio, el lector es absorbido\" \/>\n<meta property=\"og:url\" content=\"https:\/\/librosdelzorrorojo.com\/ca\/cataleg\/aura\/\" \/>\n<meta property=\"og:site_name\" content=\"Libros del Zorro Rojo\" \/>\n<meta property=\"article:modified_time\" content=\"2025-12-15T10:06:27+00:00\" \/>\n<meta property=\"og:image\" content=\"https:\/\/librosdelzorrorojo.com\/wp-content\/uploads\/2017\/09\/Aura2_1200x1200-1-1024x1024.png\" \/>\n\t<meta property=\"og:image:width\" content=\"1024\" \/>\n\t<meta property=\"og:image:height\" content=\"1024\" \/>\n\t<meta property=\"og:image:type\" content=\"image\/png\" \/>\n<meta name=\"twitter:card\" content=\"summary_large_image\" \/>\n<meta name=\"twitter:label1\" content=\"Temps estimat de lectura\" \/>\n\t<meta name=\"twitter:data1\" content=\"2 minuts\" \/>\n<script type=\"application\/ld+json\" class=\"yoast-schema-graph\">{\"@context\":\"https:\/\/schema.org\",\"@graph\":[{\"@type\":\"WebPage\",\"@id\":\"https:\/\/librosdelzorrorojo.com\/ca\/cataleg\/aura\/\",\"url\":\"https:\/\/librosdelzorrorojo.com\/ca\/cataleg\/aura\/\",\"name\":\"Libros del Zorro Rojo - Aura -\",\"isPartOf\":{\"@id\":\"https:\/\/librosdelzorrorojo.com\/#website\"},\"primaryImageOfPage\":{\"@id\":\"https:\/\/librosdelzorrorojo.com\/ca\/cataleg\/aura\/#primaryimage\"},\"image\":{\"@id\":\"https:\/\/librosdelzorrorojo.com\/ca\/cataleg\/aura\/#primaryimage\"},\"thumbnailUrl\":\"https:\/\/librosdelzorrorojo.com\/wp-content\/uploads\/2017\/09\/COVER_AURA_WEB.jpg\",\"datePublished\":\"2023-04-27T10:00:27+00:00\",\"dateModified\":\"2025-12-15T10:06:27+00:00\",\"description\":\"Uno de los escritos m\u00e1s trepidantes de Carlos Fuentes vuelve a ser publicado, tras dos d\u00e9cadas in\u00e9dito en Espa\u00f1a. Desde el inicio, el lector es absorbido\",\"breadcrumb\":{\"@id\":\"https:\/\/librosdelzorrorojo.com\/ca\/cataleg\/aura\/#breadcrumb\"},\"inLanguage\":\"ca\",\"potentialAction\":[{\"@type\":\"ReadAction\",\"target\":[\"https:\/\/librosdelzorrorojo.com\/ca\/cataleg\/aura\/\"]}]},{\"@type\":\"ImageObject\",\"inLanguage\":\"ca\",\"@id\":\"https:\/\/librosdelzorrorojo.com\/ca\/cataleg\/aura\/#primaryimage\",\"url\":\"https:\/\/librosdelzorrorojo.com\/wp-content\/uploads\/2017\/09\/COVER_AURA_WEB.jpg\",\"contentUrl\":\"https:\/\/librosdelzorrorojo.com\/wp-content\/uploads\/2017\/09\/COVER_AURA_WEB.jpg\",\"width\":850,\"height\":1227,\"caption\":\"COVER AURA WEB\"},{\"@type\":\"BreadcrumbList\",\"@id\":\"https:\/\/librosdelzorrorojo.com\/ca\/cataleg\/aura\/#breadcrumb\",\"itemListElement\":[{\"@type\":\"ListItem\",\"position\":1,\"name\":\"Portada\",\"item\":\"https:\/\/librosdelzorrorojo.com\/ca\/\"},{\"@type\":\"ListItem\",\"position\":2,\"name\":\"Cat\u00e0leg\",\"item\":\"https:\/\/librosdelzorrorojo.com\/ca\/cataleg\/\"},{\"@type\":\"ListItem\",\"position\":3,\"name\":\"Aura\"}]},{\"@type\":\"WebSite\",\"@id\":\"https:\/\/librosdelzorrorojo.com\/#website\",\"url\":\"https:\/\/librosdelzorrorojo.com\/\",\"name\":\"Libros del Zorro Rojo\",\"description\":\"Libros ilustrados\",\"potentialAction\":[{\"@type\":\"SearchAction\",\"target\":{\"@type\":\"EntryPoint\",\"urlTemplate\":\"https:\/\/librosdelzorrorojo.com\/?s={search_term_string}\"},\"query-input\":{\"@type\":\"PropertyValueSpecification\",\"valueRequired\":true,\"valueName\":\"search_term_string\"}}],\"inLanguage\":\"ca\"}]}<\/script>\n<!-- \/ Yoast SEO plugin. -->","yoast_head_json":{"title":"Libros del Zorro Rojo - Aura -","description":"Uno de los escritos m\u00e1s trepidantes de Carlos Fuentes vuelve a ser publicado, tras dos d\u00e9cadas in\u00e9dito en Espa\u00f1a. Desde el inicio, el lector es absorbido","robots":{"index":"index","follow":"follow","max-snippet":"max-snippet:-1","max-image-preview":"max-image-preview:large","max-video-preview":"max-video-preview:-1"},"canonical":"https:\/\/librosdelzorrorojo.com\/ca\/cataleg\/aura\/","og_locale":"ca_ES","og_type":"article","og_title":"Libros del Zorro Rojo - Aura -","og_description":"Uno de los escritos m\u00e1s trepidantes de Carlos Fuentes vuelve a ser publicado, tras dos d\u00e9cadas in\u00e9dito en Espa\u00f1a. Desde el inicio, el lector es absorbido","og_url":"https:\/\/librosdelzorrorojo.com\/ca\/cataleg\/aura\/","og_site_name":"Libros del Zorro Rojo","article_modified_time":"2025-12-15T10:06:27+00:00","og_image":[{"width":1024,"height":1024,"url":"https:\/\/librosdelzorrorojo.com\/wp-content\/uploads\/2017\/09\/Aura2_1200x1200-1-1024x1024.png","type":"image\/png"}],"twitter_card":"summary_large_image","twitter_misc":{"Temps estimat de lectura":"2 minuts"},"schema":{"@context":"https:\/\/schema.org","@graph":[{"@type":"WebPage","@id":"https:\/\/librosdelzorrorojo.com\/ca\/cataleg\/aura\/","url":"https:\/\/librosdelzorrorojo.com\/ca\/cataleg\/aura\/","name":"Libros del Zorro Rojo - Aura -","isPartOf":{"@id":"https:\/\/librosdelzorrorojo.com\/#website"},"primaryImageOfPage":{"@id":"https:\/\/librosdelzorrorojo.com\/ca\/cataleg\/aura\/#primaryimage"},"image":{"@id":"https:\/\/librosdelzorrorojo.com\/ca\/cataleg\/aura\/#primaryimage"},"thumbnailUrl":"https:\/\/librosdelzorrorojo.com\/wp-content\/uploads\/2017\/09\/COVER_AURA_WEB.jpg","datePublished":"2023-04-27T10:00:27+00:00","dateModified":"2025-12-15T10:06:27+00:00","description":"Uno de los escritos m\u00e1s trepidantes de Carlos Fuentes vuelve a ser publicado, tras dos d\u00e9cadas in\u00e9dito en Espa\u00f1a. Desde el inicio, el lector es absorbido","breadcrumb":{"@id":"https:\/\/librosdelzorrorojo.com\/ca\/cataleg\/aura\/#breadcrumb"},"inLanguage":"ca","potentialAction":[{"@type":"ReadAction","target":["https:\/\/librosdelzorrorojo.com\/ca\/cataleg\/aura\/"]}]},{"@type":"ImageObject","inLanguage":"ca","@id":"https:\/\/librosdelzorrorojo.com\/ca\/cataleg\/aura\/#primaryimage","url":"https:\/\/librosdelzorrorojo.com\/wp-content\/uploads\/2017\/09\/COVER_AURA_WEB.jpg","contentUrl":"https:\/\/librosdelzorrorojo.com\/wp-content\/uploads\/2017\/09\/COVER_AURA_WEB.jpg","width":850,"height":1227,"caption":"COVER AURA WEB"},{"@type":"BreadcrumbList","@id":"https:\/\/librosdelzorrorojo.com\/ca\/cataleg\/aura\/#breadcrumb","itemListElement":[{"@type":"ListItem","position":1,"name":"Portada","item":"https:\/\/librosdelzorrorojo.com\/ca\/"},{"@type":"ListItem","position":2,"name":"Cat\u00e0leg","item":"https:\/\/librosdelzorrorojo.com\/ca\/cataleg\/"},{"@type":"ListItem","position":3,"name":"Aura"}]},{"@type":"WebSite","@id":"https:\/\/librosdelzorrorojo.com\/#website","url":"https:\/\/librosdelzorrorojo.com\/","name":"Libros del Zorro Rojo","description":"Libros ilustrados","potentialAction":[{"@type":"SearchAction","target":{"@type":"EntryPoint","urlTemplate":"https:\/\/librosdelzorrorojo.com\/?s={search_term_string}"},"query-input":{"@type":"PropertyValueSpecification","valueRequired":true,"valueName":"search_term_string"}}],"inLanguage":"ca"}]}},"_links":{"self":[{"href":"https:\/\/librosdelzorrorojo.com\/ca\/wp-json\/wp\/v2\/product\/12042","targetHints":{"allow":["GET"]}}],"collection":[{"href":"https:\/\/librosdelzorrorojo.com\/ca\/wp-json\/wp\/v2\/product"}],"about":[{"href":"https:\/\/librosdelzorrorojo.com\/ca\/wp-json\/wp\/v2\/types\/product"}],"wp:featuredmedia":[{"embeddable":true,"href":"https:\/\/librosdelzorrorojo.com\/ca\/wp-json\/wp\/v2\/media\/25373"}],"wp:attachment":[{"href":"https:\/\/librosdelzorrorojo.com\/ca\/wp-json\/wp\/v2\/media?parent=12042"}],"wp:term":[{"taxonomy":"product_brand","embeddable":true,"href":"https:\/\/librosdelzorrorojo.com\/ca\/wp-json\/wp\/v2\/product_brand?post=12042"},{"taxonomy":"product_cat","embeddable":true,"href":"https:\/\/librosdelzorrorojo.com\/ca\/wp-json\/wp\/v2\/product_cat?post=12042"},{"taxonomy":"product_tag","embeddable":true,"href":"https:\/\/librosdelzorrorojo.com\/ca\/wp-json\/wp\/v2\/product_tag?post=12042"}],"curies":[{"name":"wp","href":"https:\/\/api.w.org\/{rel}","templated":true}]}}