{"id":12018,"date":"2017-10-18T12:00:28","date_gmt":"2017-10-18T10:00:28","guid":{"rendered":"https:\/\/librosdelzorrorojo.com\/catalogo\/chagall\/"},"modified":"2024-03-01T09:17:20","modified_gmt":"2024-03-01T08:17:20","slug":"chagall","status":"publish","type":"product","link":"https:\/\/librosdelzorrorojo.com\/ca\/cataleg\/chagall\/","title":{"rendered":"Chagall sue\u00f1a la Biblia"},"content":{"rendered":"<p>Marc Chagall fue uno de los pintores fundamentales del siglo XX. De \u00e9l dijo Picasso: \u00abDespu\u00e9s de Matisse, es el \u00fanico pintor que de verdad entiende lo que es el color\u00bb. Chagall \u2014que en ruso significa \u00ab\u00a1camina!, \u00a1marcha!\u00bb\u2014 fue tambi\u00e9n un jud\u00edo errante. Sorteando el hambre, el fr\u00edo, las guerras, los pogromos, en 1923, en medio de un clima que anticipaba el horror de la Segunda Guerra Mundial, logr\u00f3 trasladarse desde su Rusia natal a Par\u00eds. All\u00ed, inici\u00f3 en 1931 el monumental trabajo de ilustrar los pasajes del Antiguo Testamento de la Biblia. Este trabajo \u2014in\u00e9dito en espa\u00f1ol hasta la fecha\u2014 cuenta con veintid\u00f3s bocetos previos, preparatorios, y los<span>\u00a0<\/span><em>gouaches<\/em><span>\u00a0<\/span>definitivos de esta grandiosa obra, que es una magistral muestra art\u00edstica del dominio del color y, asimismo, la forma en que Chagall se reconect\u00f3, desde el exilio, con las marcas hist\u00f3ricas, art\u00edsticas y culturales de su tierra. En efecto, Chagall, que en un momento de su vida solo pintaba con el color violeta \u2014y que en sus primeros a\u00f1os en Par\u00eds recibi\u00f3 la visita de su antiguo maestro, Bakst, quien le dedic\u00f3 estas \u00faltimas palabras: \u00abahora sus colores cantan\u00bb\u2014, cre\u00f3 sus pinturas de la Biblia durante un per\u00edodo marcado por el antisemitismo y la amenaza de la guerra, circunstancias pol\u00edticas que se reflejan en su iconograf\u00eda.<\/p>\n<p>Chagall logr\u00f3 pintar la autobiograf\u00eda de su infancia y primera juventud en una suerte de \u00e1rbol geneal\u00f3gico de m\u00faltiples frutos iridiscentes, a trav\u00e9s de una lectura po\u00e9tica de los textos sacros. Manifest\u00f3: \u00abQue Dios me ayude a verter l\u00e1grimas aut\u00e9nticas en mis telas. En ellas permanecer\u00e1n mis arrugas, mi tez p\u00e1lida, en ellas quedar\u00e1 marcada para siempre mi alma fluida\u00bb. Completan esta fabulosa edici\u00f3n tres ensayos que estudian y desentra\u00f1an la relaci\u00f3n de la pintura de Chagall con los \u00edconos cl\u00e1sicos y con el simbolismo de la pintura rusa.<\/p>\n<p><span>Hojea el libro\u00a0<a href=\"https:\/\/issuu.com\/librosdelzorrorojo\/docs\/chagall_biblia_issuu\"><span style=\"color: #ff0000\">aqu\u00ed<\/span><\/a>\u00a0<\/span><span><\/span><\/p>\n<p><img decoding=\"async\" src=\"https:\/\/librosdelzorrorojo.com\/wp-content\/uploads\/2017\/09\/logo-generalitat2.jpg\" alt=\"\" width=\"200\" height=\"67\" class=\"alignnone size-full wp-image-11151\" \/><\/p>\n","protected":false},"excerpt":{"rendered":"Marc Chagall fue uno de los pintores fundamentales del siglo XX. De \u00e9l dijo Picasso: \u00abDespu\u00e9s de Matisse, es el \u00fanico pintor que de verdad entiende lo que es el color\u00bb. Chagall \u2014que en ruso significa \u00ab\u00a1camina!, \u00a1marcha!\u00bb\u2014 fue tambi\u00e9n un jud\u00edo errante. Sorteando el hambre, el fr\u00edo, las guerras, los pogromos, en 1923, en medio de un clima que anticipaba el horror de la Segunda Guerra Mundial, logr\u00f3 trasladarse desde su Rusia natal a Par\u00eds. All\u00ed, inici\u00f3 en 1931 el monumental trabajo de ilustrar los pasajes del Antiguo Testamento de la Biblia. Este trabajo \u2014in\u00e9dito en espa\u00f1ol hasta la fecha\u2014 cuenta con veintid\u00f3s bocetos previos, preparatorios, y los<span>\u00a0<\/span><em>gouaches<\/em><span>\u00a0<\/span>definitivos de esta grandiosa obra, que es una magistral muestra art\u00edstica del dominio del color y, asimismo, la forma en que Chagall se reconect\u00f3, desde el exilio, con las marcas hist\u00f3ricas, art\u00edsticas y culturales de su tierra. En efecto, Chagall, que en un momento de su vida solo pintaba con el color violeta \u2014y que en sus primeros a\u00f1os en Par\u00eds recibi\u00f3 la visita de su antiguo maestro, Bakst, quien le dedic\u00f3 estas \u00faltimas palabras: \u00abahora sus colores cantan\u00bb\u2014, cre\u00f3 sus pinturas de la Biblia durante un per\u00edodo marcado por el antisemitismo y la amenaza de la guerra, circunstancias pol\u00edticas que se reflejan en su iconograf\u00eda.","protected":false},"featured_media":12023,"template":"","meta":{"_acf_changed":false},"product_brand":[],"product_cat":[844,3156],"product_tag":[],"class_list":{"0":"post-12018","1":"product","2":"type-product","3":"status-publish","4":"has-post-thumbnail","6":"product_cat-castella","7":"product_cat-juvenil-adult","9":"first","10":"instock","11":"taxable","12":"shipping-taxable","13":"purchasable","14":"product-type-simple"},"acf":[],"yoast_head":"<!-- This site is optimized with the Yoast SEO plugin v25.1 - https:\/\/yoast.com\/wordpress\/plugins\/seo\/ -->\n<title>Libros del Zorro Rojo - Chagall sue\u00f1a la Biblia -<\/title>\n<meta name=\"description\" content=\"ilustrar los pasajes del Antiguo Testamento de la Biblia, los \u00edconos cl\u00e1sicos y con el simbolismo de la pintura rusa, pintura, arte\" \/>\n<meta name=\"robots\" content=\"index, follow, max-snippet:-1, max-image-preview:large, max-video-preview:-1\" \/>\n<link rel=\"canonical\" href=\"https:\/\/librosdelzorrorojo.com\/ca\/cataleg\/chagall\/\" \/>\n<meta property=\"og:locale\" content=\"ca_ES\" \/>\n<meta property=\"og:type\" content=\"article\" \/>\n<meta property=\"og:title\" content=\"Libros del Zorro Rojo - Chagall sue\u00f1a la Biblia -\" \/>\n<meta property=\"og:description\" content=\"ilustrar los pasajes del Antiguo Testamento de la Biblia, los \u00edconos cl\u00e1sicos y con el simbolismo de la pintura rusa, pintura, arte\" \/>\n<meta property=\"og:url\" content=\"https:\/\/librosdelzorrorojo.com\/ca\/cataleg\/chagall\/\" \/>\n<meta property=\"og:site_name\" content=\"Libros del Zorro Rojo\" \/>\n<meta property=\"article:modified_time\" content=\"2024-03-01T08:17:20+00:00\" \/>\n<meta property=\"og:image\" content=\"https:\/\/librosdelzorrorojo.com\/wp-content\/uploads\/2017\/10\/Chagall_1200x1200-2-1024x1024.png\" \/>\n\t<meta property=\"og:image:width\" content=\"1024\" \/>\n\t<meta property=\"og:image:height\" content=\"1024\" \/>\n\t<meta property=\"og:image:type\" content=\"image\/png\" \/>\n<meta name=\"twitter:card\" content=\"summary_large_image\" \/>\n<meta name=\"twitter:label1\" content=\"Temps estimat de lectura\" \/>\n\t<meta name=\"twitter:data1\" content=\"2 minuts\" \/>\n<script type=\"application\/ld+json\" class=\"yoast-schema-graph\">{\"@context\":\"https:\/\/schema.org\",\"@graph\":[{\"@type\":\"WebPage\",\"@id\":\"https:\/\/librosdelzorrorojo.com\/ca\/cataleg\/chagall\/\",\"url\":\"https:\/\/librosdelzorrorojo.com\/ca\/cataleg\/chagall\/\",\"name\":\"Libros del Zorro Rojo - Chagall sue\u00f1a la Biblia -\",\"isPartOf\":{\"@id\":\"https:\/\/librosdelzorrorojo.com\/#website\"},\"primaryImageOfPage\":{\"@id\":\"https:\/\/librosdelzorrorojo.com\/ca\/cataleg\/chagall\/#primaryimage\"},\"image\":{\"@id\":\"https:\/\/librosdelzorrorojo.com\/ca\/cataleg\/chagall\/#primaryimage\"},\"thumbnailUrl\":\"https:\/\/librosdelzorrorojo.com\/wp-content\/uploads\/2017\/10\/Cover_Chagall.png\",\"datePublished\":\"2017-10-18T10:00:28+00:00\",\"dateModified\":\"2024-03-01T08:17:20+00:00\",\"description\":\"ilustrar los pasajes del Antiguo Testamento de la Biblia, los \u00edconos cl\u00e1sicos y con el simbolismo de la pintura rusa, pintura, arte\",\"breadcrumb\":{\"@id\":\"https:\/\/librosdelzorrorojo.com\/ca\/cataleg\/chagall\/#breadcrumb\"},\"inLanguage\":\"ca\",\"potentialAction\":[{\"@type\":\"ReadAction\",\"target\":[\"https:\/\/librosdelzorrorojo.com\/ca\/cataleg\/chagall\/\"]}]},{\"@type\":\"ImageObject\",\"inLanguage\":\"ca\",\"@id\":\"https:\/\/librosdelzorrorojo.com\/ca\/cataleg\/chagall\/#primaryimage\",\"url\":\"https:\/\/librosdelzorrorojo.com\/wp-content\/uploads\/2017\/10\/Cover_Chagall.png\",\"contentUrl\":\"https:\/\/librosdelzorrorojo.com\/wp-content\/uploads\/2017\/10\/Cover_Chagall.png\",\"width\":850,\"height\":1244,\"caption\":\"Cover Chagall\"},{\"@type\":\"BreadcrumbList\",\"@id\":\"https:\/\/librosdelzorrorojo.com\/ca\/cataleg\/chagall\/#breadcrumb\",\"itemListElement\":[{\"@type\":\"ListItem\",\"position\":1,\"name\":\"Portada\",\"item\":\"https:\/\/librosdelzorrorojo.com\/ca\/\"},{\"@type\":\"ListItem\",\"position\":2,\"name\":\"Cat\u00e0leg\",\"item\":\"https:\/\/librosdelzorrorojo.com\/ca\/cataleg\/\"},{\"@type\":\"ListItem\",\"position\":3,\"name\":\"Chagall sue\u00f1a la Biblia\"}]},{\"@type\":\"WebSite\",\"@id\":\"https:\/\/librosdelzorrorojo.com\/#website\",\"url\":\"https:\/\/librosdelzorrorojo.com\/\",\"name\":\"Libros del Zorro Rojo\",\"description\":\"Libros ilustrados\",\"potentialAction\":[{\"@type\":\"SearchAction\",\"target\":{\"@type\":\"EntryPoint\",\"urlTemplate\":\"https:\/\/librosdelzorrorojo.com\/?s={search_term_string}\"},\"query-input\":{\"@type\":\"PropertyValueSpecification\",\"valueRequired\":true,\"valueName\":\"search_term_string\"}}],\"inLanguage\":\"ca\"}]}<\/script>\n<!-- \/ Yoast SEO plugin. -->","yoast_head_json":{"title":"Libros del Zorro Rojo - Chagall sue\u00f1a la Biblia -","description":"ilustrar los pasajes del Antiguo Testamento de la Biblia, los \u00edconos cl\u00e1sicos y con el simbolismo de la pintura rusa, pintura, arte","robots":{"index":"index","follow":"follow","max-snippet":"max-snippet:-1","max-image-preview":"max-image-preview:large","max-video-preview":"max-video-preview:-1"},"canonical":"https:\/\/librosdelzorrorojo.com\/ca\/cataleg\/chagall\/","og_locale":"ca_ES","og_type":"article","og_title":"Libros del Zorro Rojo - Chagall sue\u00f1a la Biblia -","og_description":"ilustrar los pasajes del Antiguo Testamento de la Biblia, los \u00edconos cl\u00e1sicos y con el simbolismo de la pintura rusa, pintura, arte","og_url":"https:\/\/librosdelzorrorojo.com\/ca\/cataleg\/chagall\/","og_site_name":"Libros del Zorro Rojo","article_modified_time":"2024-03-01T08:17:20+00:00","og_image":[{"width":1024,"height":1024,"url":"https:\/\/librosdelzorrorojo.com\/wp-content\/uploads\/2017\/10\/Chagall_1200x1200-2-1024x1024.png","type":"image\/png"}],"twitter_card":"summary_large_image","twitter_misc":{"Temps estimat de lectura":"2 minuts"},"schema":{"@context":"https:\/\/schema.org","@graph":[{"@type":"WebPage","@id":"https:\/\/librosdelzorrorojo.com\/ca\/cataleg\/chagall\/","url":"https:\/\/librosdelzorrorojo.com\/ca\/cataleg\/chagall\/","name":"Libros del Zorro Rojo - Chagall sue\u00f1a la Biblia -","isPartOf":{"@id":"https:\/\/librosdelzorrorojo.com\/#website"},"primaryImageOfPage":{"@id":"https:\/\/librosdelzorrorojo.com\/ca\/cataleg\/chagall\/#primaryimage"},"image":{"@id":"https:\/\/librosdelzorrorojo.com\/ca\/cataleg\/chagall\/#primaryimage"},"thumbnailUrl":"https:\/\/librosdelzorrorojo.com\/wp-content\/uploads\/2017\/10\/Cover_Chagall.png","datePublished":"2017-10-18T10:00:28+00:00","dateModified":"2024-03-01T08:17:20+00:00","description":"ilustrar los pasajes del Antiguo Testamento de la Biblia, los \u00edconos cl\u00e1sicos y con el simbolismo de la pintura rusa, pintura, arte","breadcrumb":{"@id":"https:\/\/librosdelzorrorojo.com\/ca\/cataleg\/chagall\/#breadcrumb"},"inLanguage":"ca","potentialAction":[{"@type":"ReadAction","target":["https:\/\/librosdelzorrorojo.com\/ca\/cataleg\/chagall\/"]}]},{"@type":"ImageObject","inLanguage":"ca","@id":"https:\/\/librosdelzorrorojo.com\/ca\/cataleg\/chagall\/#primaryimage","url":"https:\/\/librosdelzorrorojo.com\/wp-content\/uploads\/2017\/10\/Cover_Chagall.png","contentUrl":"https:\/\/librosdelzorrorojo.com\/wp-content\/uploads\/2017\/10\/Cover_Chagall.png","width":850,"height":1244,"caption":"Cover Chagall"},{"@type":"BreadcrumbList","@id":"https:\/\/librosdelzorrorojo.com\/ca\/cataleg\/chagall\/#breadcrumb","itemListElement":[{"@type":"ListItem","position":1,"name":"Portada","item":"https:\/\/librosdelzorrorojo.com\/ca\/"},{"@type":"ListItem","position":2,"name":"Cat\u00e0leg","item":"https:\/\/librosdelzorrorojo.com\/ca\/cataleg\/"},{"@type":"ListItem","position":3,"name":"Chagall sue\u00f1a la Biblia"}]},{"@type":"WebSite","@id":"https:\/\/librosdelzorrorojo.com\/#website","url":"https:\/\/librosdelzorrorojo.com\/","name":"Libros del Zorro Rojo","description":"Libros ilustrados","potentialAction":[{"@type":"SearchAction","target":{"@type":"EntryPoint","urlTemplate":"https:\/\/librosdelzorrorojo.com\/?s={search_term_string}"},"query-input":{"@type":"PropertyValueSpecification","valueRequired":true,"valueName":"search_term_string"}}],"inLanguage":"ca"}]}},"_links":{"self":[{"href":"https:\/\/librosdelzorrorojo.com\/ca\/wp-json\/wp\/v2\/product\/12018","targetHints":{"allow":["GET"]}}],"collection":[{"href":"https:\/\/librosdelzorrorojo.com\/ca\/wp-json\/wp\/v2\/product"}],"about":[{"href":"https:\/\/librosdelzorrorojo.com\/ca\/wp-json\/wp\/v2\/types\/product"}],"wp:featuredmedia":[{"embeddable":true,"href":"https:\/\/librosdelzorrorojo.com\/ca\/wp-json\/wp\/v2\/media\/12023"}],"wp:attachment":[{"href":"https:\/\/librosdelzorrorojo.com\/ca\/wp-json\/wp\/v2\/media?parent=12018"}],"wp:term":[{"taxonomy":"product_brand","embeddable":true,"href":"https:\/\/librosdelzorrorojo.com\/ca\/wp-json\/wp\/v2\/product_brand?post=12018"},{"taxonomy":"product_cat","embeddable":true,"href":"https:\/\/librosdelzorrorojo.com\/ca\/wp-json\/wp\/v2\/product_cat?post=12018"},{"taxonomy":"product_tag","embeddable":true,"href":"https:\/\/librosdelzorrorojo.com\/ca\/wp-json\/wp\/v2\/product_tag?post=12018"}],"curies":[{"name":"wp","href":"https:\/\/api.w.org\/{rel}","templated":true}]}}