{"id":12012,"date":"2017-10-18T12:00:41","date_gmt":"2017-10-18T10:00:41","guid":{"rendered":"https:\/\/librosdelzorrorojo.com\/catalogo\/prodigios\/"},"modified":"2026-05-06T13:44:43","modified_gmt":"2026-05-06T11:44:43","slug":"prodigios","status":"publish","type":"product","link":"https:\/\/librosdelzorrorojo.com\/ca\/cataleg\/prodigios\/","title":{"rendered":"Prodigios"},"content":{"rendered":"<p>Publicar en nuestros d\u00edas una obra de poes\u00eda, una obra de poes\u00eda \u00e1rabe, en una edici\u00f3n biling\u00fce y que congrega voces de autores tan lejanos \u2014a veces en el tiempo, otras en el espacio\u2014 es tal vez empresa de c\u00e1ndidos. Pero quien sostiene en sus manos este libro por primera vez presiente que est\u00e1 ante una obra \u00fanica, imposible de comparar con otras ediciones de poes\u00eda, de poes\u00eda \u00e1rabe o biling\u00fces.<\/p>\n<p>Esta antolog\u00eda, ilustrada por el c\u00e9lebre artista y cal\u00edgrafo argelino Rachid Kora\u00efchi, recoge algunos de los poemas \u00e1rabes m\u00e1s bellos escritos desde el siglo VI hasta nuestros d\u00edas. Una obra para leer y contemplar, que no solo es un \u00abhermoso libro\u00bb, sino tambi\u00e9n una experiencia apasionante para el p\u00fablico m\u00e1s heterog\u00e9neo, ya que presenta un desaf\u00edo al lector a trav\u00e9s de dos caminos creativos: la poes\u00eda y la imagen pl\u00e1stica.<\/p>\n<p>Una obra que re\u00fane en un solo volumen tres antolog\u00edas, con nuevas traducciones de los versos m\u00e1s destacados de la poes\u00eda \u00e1rabe, la poes\u00eda andalus\u00ed y la poes\u00eda de Argelia, desde su tradici\u00f3n hasta sus voces m\u00e1s actuales, y abre nuevos horizontes a la experiencia art\u00edstica, para que sea el lector quien se deje impregnar por la palabra y la imagen, y la trascienda.<\/p>\n<p>Cincuenta y dos voces, algunas de ellas in\u00e9ditas hasta ahora en Espa\u00f1a, que indagan en torno a temas eternos y universales, como el amor y la muerte, el arrebato vital y la b\u00fasqueda del absoluto, entre los que destacan poetas inmensos, como los andalus\u00edes Ibn Zayd\u00fan, Ibn Arabi o Ibn Quzm\u00e1n; voces m\u00e1s modernas, como las de Anna Gr\u00e9ki, Mahmoud Darwish, Nizar Qabbani o la del sirio Adonis, por citar algunos de los m\u00e1s populares, cuyos nombres quedar\u00e1n grabados, al igual que los de otros autores de esta antolog\u00eda in\u00e9ditos hasta ahora en Espa\u00f1a, en la memoria del lector, provocando su curiosidad y su anhelo de conocer mejor el legado de la poes\u00eda \u00e1rabe, incluso la escrita en lengua francesa.<\/p>\n<p>Cada uno de los cap\u00edtulos est\u00e1 precedido de una contextualizaci\u00f3n literaria e hist\u00f3rica, que permite vislumbrar no solo algunos de los rasgos distintivos de este lenguaje po\u00e9tico, sino tambi\u00e9n permite entrever su evoluci\u00f3n y su revoluci\u00f3n. Esta obra, avalada por el prestigioso arabista don Pedro Mart\u00ednez Mont\u00e1vez, puede ser de gran utilidad para profesores, adem\u00e1s de una inspiraci\u00f3n para conocedores e iniciados en la cultura \u00e1rabe, entendida como una suma de sensibilidades.<\/p>\n<p>Las sorprendentes e inspiradoras ilustraciones del artista Rachid Kora\u00efchi nos invitan a recorrer este libro como quien se adentra en una galer\u00eda de cautivadoras im\u00e1genes que captan la esencia de una magn\u00edfica cultura, donde la poes\u00eda fue, y sigue siendo todav\u00eda, una revelaci\u00f3n, un lugar de encuentro y una v\u00eda que abre nuevos horizontes.<\/p>\n<p><img decoding=\"async\" src=\"https:\/\/librosdelzorrorojo.com\/wp-content\/uploads\/2017\/09\/logo-generalitat2.jpg\" alt=\"\" width=\"200\" height=\"67\" class=\"alignnone size-full wp-image-11151\" \/><\/p>\n<p>&#8211;<\/p>\n<p>Rese\u00f1a en <em>United Explanations<\/em><span style=\"color: #ff0000;\"><a href=\"https:\/\/librosdelzorrorojo.com\/hay-que-entender-las-tensiones-y-las-diferencias-2\/\" style=\"color: #ff0000;\"> aqu\u00ed.<\/a><\/span><\/p>\n","protected":false},"excerpt":{"rendered":"Publicar en nuestros d\u00edas una obra de poes\u00eda, una obra de poes\u00eda \u00e1rabe, en una edici\u00f3n biling\u00fce y que congrega voces de autores tan lejanos \u2014a veces en el tiempo, otras en el espacio\u2014 es tal vez empresa de c\u00e1ndidos. Pero quien sostiene en sus manos este libro por primera vez presiente que est\u00e1 ante una obra \u00fanica, imposible de comparar con otras ediciones de poes\u00eda, de poes\u00eda \u00e1rabe o biling\u00fces.\r\n\r\nEsta antolog\u00eda, ilustrada por el c\u00e9lebre artista y cal\u00edgrafo argelino Rachid Kora\u00efchi, recoge algunos de los poemas \u00e1rabes m\u00e1s bellos escritos desde el siglo VI hasta nuestros d\u00edas. Una obra para leer y contemplar, que no solo es un \u00abhermoso libro\u00bb, sino tambi\u00e9n una experiencia apasionante para el p\u00fablico m\u00e1s heterog\u00e9neo, ya que presenta un desaf\u00edo al lector a trav\u00e9s de dos caminos creativos: la poes\u00eda y la imagen pl\u00e1stica.","protected":false},"featured_media":12013,"template":"","meta":{"_acf_changed":false},"product_brand":[],"product_cat":[844,3156],"product_tag":[],"class_list":{"0":"post-12012","1":"product","2":"type-product","3":"status-publish","4":"has-post-thumbnail","6":"product_cat-castella","7":"product_cat-juvenil-adult","9":"first","10":"instock","11":"taxable","12":"shipping-taxable","13":"purchasable","14":"product-type-simple"},"acf":[],"yoast_head":"<!-- This site is optimized with the Yoast SEO plugin v25.1 - https:\/\/yoast.com\/wordpress\/plugins\/seo\/ -->\n<title>Libros del Zorro Rojo - Prodigios -<\/title>\n<meta name=\"description\" content=\"Cincuenta y dos voces, algunas de ellas in\u00e9ditas hasta ahora en Espa\u00f1a, que indagan en torno a temas eternos y universales, como el amor y la muerte\" \/>\n<meta name=\"robots\" content=\"index, follow, max-snippet:-1, max-image-preview:large, max-video-preview:-1\" \/>\n<link rel=\"canonical\" href=\"https:\/\/librosdelzorrorojo.com\/ca\/cataleg\/prodigios\/\" \/>\n<meta property=\"og:locale\" content=\"ca_ES\" \/>\n<meta property=\"og:type\" content=\"article\" \/>\n<meta property=\"og:title\" content=\"Libros del Zorro Rojo - Prodigios -\" \/>\n<meta property=\"og:description\" content=\"Cincuenta y dos voces, algunas de ellas in\u00e9ditas hasta ahora en Espa\u00f1a, que indagan en torno a temas eternos y universales, como el amor y la muerte\" \/>\n<meta property=\"og:url\" content=\"https:\/\/librosdelzorrorojo.com\/ca\/cataleg\/prodigios\/\" \/>\n<meta property=\"og:site_name\" content=\"Libros del Zorro Rojo\" \/>\n<meta property=\"article:modified_time\" content=\"2026-05-06T11:44:43+00:00\" \/>\n<meta property=\"og:image\" content=\"https:\/\/librosdelzorrorojo.com\/wp-content\/uploads\/2017\/10\/prodigios_doble-6-1024x580.jpg\" \/>\n\t<meta property=\"og:image:width\" content=\"1024\" \/>\n\t<meta property=\"og:image:height\" content=\"580\" \/>\n\t<meta property=\"og:image:type\" content=\"image\/jpeg\" \/>\n<meta name=\"twitter:card\" content=\"summary_large_image\" \/>\n<meta name=\"twitter:label1\" content=\"Temps estimat de lectura\" \/>\n\t<meta name=\"twitter:data1\" content=\"3 minuts\" \/>\n<script type=\"application\/ld+json\" class=\"yoast-schema-graph\">{\"@context\":\"https:\/\/schema.org\",\"@graph\":[{\"@type\":\"WebPage\",\"@id\":\"https:\/\/librosdelzorrorojo.com\/ca\/cataleg\/prodigios\/\",\"url\":\"https:\/\/librosdelzorrorojo.com\/ca\/cataleg\/prodigios\/\",\"name\":\"Libros del Zorro Rojo - Prodigios -\",\"isPartOf\":{\"@id\":\"https:\/\/librosdelzorrorojo.com\/#website\"},\"primaryImageOfPage\":{\"@id\":\"https:\/\/librosdelzorrorojo.com\/ca\/cataleg\/prodigios\/#primaryimage\"},\"image\":{\"@id\":\"https:\/\/librosdelzorrorojo.com\/ca\/cataleg\/prodigios\/#primaryimage\"},\"thumbnailUrl\":\"https:\/\/librosdelzorrorojo.com\/wp-content\/uploads\/2017\/11\/libros-del-zorro-rojo-prodigios-rachid-koraichi-9788494728426-1-e1525358967587.jpg\",\"datePublished\":\"2017-10-18T10:00:41+00:00\",\"dateModified\":\"2026-05-06T11:44:43+00:00\",\"description\":\"Cincuenta y dos voces, algunas de ellas in\u00e9ditas hasta ahora en Espa\u00f1a, que indagan en torno a temas eternos y universales, como el amor y la muerte\",\"breadcrumb\":{\"@id\":\"https:\/\/librosdelzorrorojo.com\/ca\/cataleg\/prodigios\/#breadcrumb\"},\"inLanguage\":\"ca\",\"potentialAction\":[{\"@type\":\"ReadAction\",\"target\":[\"https:\/\/librosdelzorrorojo.com\/ca\/cataleg\/prodigios\/\"]}]},{\"@type\":\"ImageObject\",\"inLanguage\":\"ca\",\"@id\":\"https:\/\/librosdelzorrorojo.com\/ca\/cataleg\/prodigios\/#primaryimage\",\"url\":\"https:\/\/librosdelzorrorojo.com\/wp-content\/uploads\/2017\/11\/libros-del-zorro-rojo-prodigios-rachid-koraichi-9788494728426-1-e1525358967587.jpg\",\"contentUrl\":\"https:\/\/librosdelzorrorojo.com\/wp-content\/uploads\/2017\/11\/libros-del-zorro-rojo-prodigios-rachid-koraichi-9788494728426-1-e1525358967587.jpg\",\"width\":850,\"height\":963,\"caption\":\"libros del zorro rojo prodigios rachid koraichi 9788494728426 1 e1525358967587\"},{\"@type\":\"BreadcrumbList\",\"@id\":\"https:\/\/librosdelzorrorojo.com\/ca\/cataleg\/prodigios\/#breadcrumb\",\"itemListElement\":[{\"@type\":\"ListItem\",\"position\":1,\"name\":\"Portada\",\"item\":\"https:\/\/librosdelzorrorojo.com\/ca\/\"},{\"@type\":\"ListItem\",\"position\":2,\"name\":\"Cat\u00e0leg\",\"item\":\"https:\/\/librosdelzorrorojo.com\/ca\/cataleg\/\"},{\"@type\":\"ListItem\",\"position\":3,\"name\":\"Prodigios\"}]},{\"@type\":\"WebSite\",\"@id\":\"https:\/\/librosdelzorrorojo.com\/#website\",\"url\":\"https:\/\/librosdelzorrorojo.com\/\",\"name\":\"Libros del Zorro Rojo\",\"description\":\"Libros ilustrados\",\"potentialAction\":[{\"@type\":\"SearchAction\",\"target\":{\"@type\":\"EntryPoint\",\"urlTemplate\":\"https:\/\/librosdelzorrorojo.com\/?s={search_term_string}\"},\"query-input\":{\"@type\":\"PropertyValueSpecification\",\"valueRequired\":true,\"valueName\":\"search_term_string\"}}],\"inLanguage\":\"ca\"}]}<\/script>\n<!-- \/ Yoast SEO plugin. -->","yoast_head_json":{"title":"Libros del Zorro Rojo - Prodigios -","description":"Cincuenta y dos voces, algunas de ellas in\u00e9ditas hasta ahora en Espa\u00f1a, que indagan en torno a temas eternos y universales, como el amor y la muerte","robots":{"index":"index","follow":"follow","max-snippet":"max-snippet:-1","max-image-preview":"max-image-preview:large","max-video-preview":"max-video-preview:-1"},"canonical":"https:\/\/librosdelzorrorojo.com\/ca\/cataleg\/prodigios\/","og_locale":"ca_ES","og_type":"article","og_title":"Libros del Zorro Rojo - Prodigios -","og_description":"Cincuenta y dos voces, algunas de ellas in\u00e9ditas hasta ahora en Espa\u00f1a, que indagan en torno a temas eternos y universales, como el amor y la muerte","og_url":"https:\/\/librosdelzorrorojo.com\/ca\/cataleg\/prodigios\/","og_site_name":"Libros del Zorro Rojo","article_modified_time":"2026-05-06T11:44:43+00:00","og_image":[{"width":1024,"height":580,"url":"https:\/\/librosdelzorrorojo.com\/wp-content\/uploads\/2017\/10\/prodigios_doble-6-1024x580.jpg","type":"image\/jpeg"}],"twitter_card":"summary_large_image","twitter_misc":{"Temps estimat de lectura":"3 minuts"},"schema":{"@context":"https:\/\/schema.org","@graph":[{"@type":"WebPage","@id":"https:\/\/librosdelzorrorojo.com\/ca\/cataleg\/prodigios\/","url":"https:\/\/librosdelzorrorojo.com\/ca\/cataleg\/prodigios\/","name":"Libros del Zorro Rojo - Prodigios -","isPartOf":{"@id":"https:\/\/librosdelzorrorojo.com\/#website"},"primaryImageOfPage":{"@id":"https:\/\/librosdelzorrorojo.com\/ca\/cataleg\/prodigios\/#primaryimage"},"image":{"@id":"https:\/\/librosdelzorrorojo.com\/ca\/cataleg\/prodigios\/#primaryimage"},"thumbnailUrl":"https:\/\/librosdelzorrorojo.com\/wp-content\/uploads\/2017\/11\/libros-del-zorro-rojo-prodigios-rachid-koraichi-9788494728426-1-e1525358967587.jpg","datePublished":"2017-10-18T10:00:41+00:00","dateModified":"2026-05-06T11:44:43+00:00","description":"Cincuenta y dos voces, algunas de ellas in\u00e9ditas hasta ahora en Espa\u00f1a, que indagan en torno a temas eternos y universales, como el amor y la muerte","breadcrumb":{"@id":"https:\/\/librosdelzorrorojo.com\/ca\/cataleg\/prodigios\/#breadcrumb"},"inLanguage":"ca","potentialAction":[{"@type":"ReadAction","target":["https:\/\/librosdelzorrorojo.com\/ca\/cataleg\/prodigios\/"]}]},{"@type":"ImageObject","inLanguage":"ca","@id":"https:\/\/librosdelzorrorojo.com\/ca\/cataleg\/prodigios\/#primaryimage","url":"https:\/\/librosdelzorrorojo.com\/wp-content\/uploads\/2017\/11\/libros-del-zorro-rojo-prodigios-rachid-koraichi-9788494728426-1-e1525358967587.jpg","contentUrl":"https:\/\/librosdelzorrorojo.com\/wp-content\/uploads\/2017\/11\/libros-del-zorro-rojo-prodigios-rachid-koraichi-9788494728426-1-e1525358967587.jpg","width":850,"height":963,"caption":"libros del zorro rojo prodigios rachid koraichi 9788494728426 1 e1525358967587"},{"@type":"BreadcrumbList","@id":"https:\/\/librosdelzorrorojo.com\/ca\/cataleg\/prodigios\/#breadcrumb","itemListElement":[{"@type":"ListItem","position":1,"name":"Portada","item":"https:\/\/librosdelzorrorojo.com\/ca\/"},{"@type":"ListItem","position":2,"name":"Cat\u00e0leg","item":"https:\/\/librosdelzorrorojo.com\/ca\/cataleg\/"},{"@type":"ListItem","position":3,"name":"Prodigios"}]},{"@type":"WebSite","@id":"https:\/\/librosdelzorrorojo.com\/#website","url":"https:\/\/librosdelzorrorojo.com\/","name":"Libros del Zorro Rojo","description":"Libros ilustrados","potentialAction":[{"@type":"SearchAction","target":{"@type":"EntryPoint","urlTemplate":"https:\/\/librosdelzorrorojo.com\/?s={search_term_string}"},"query-input":{"@type":"PropertyValueSpecification","valueRequired":true,"valueName":"search_term_string"}}],"inLanguage":"ca"}]}},"_links":{"self":[{"href":"https:\/\/librosdelzorrorojo.com\/ca\/wp-json\/wp\/v2\/product\/12012","targetHints":{"allow":["GET"]}}],"collection":[{"href":"https:\/\/librosdelzorrorojo.com\/ca\/wp-json\/wp\/v2\/product"}],"about":[{"href":"https:\/\/librosdelzorrorojo.com\/ca\/wp-json\/wp\/v2\/types\/product"}],"wp:featuredmedia":[{"embeddable":true,"href":"https:\/\/librosdelzorrorojo.com\/ca\/wp-json\/wp\/v2\/media\/12013"}],"wp:attachment":[{"href":"https:\/\/librosdelzorrorojo.com\/ca\/wp-json\/wp\/v2\/media?parent=12012"}],"wp:term":[{"taxonomy":"product_brand","embeddable":true,"href":"https:\/\/librosdelzorrorojo.com\/ca\/wp-json\/wp\/v2\/product_brand?post=12012"},{"taxonomy":"product_cat","embeddable":true,"href":"https:\/\/librosdelzorrorojo.com\/ca\/wp-json\/wp\/v2\/product_cat?post=12012"},{"taxonomy":"product_tag","embeddable":true,"href":"https:\/\/librosdelzorrorojo.com\/ca\/wp-json\/wp\/v2\/product_tag?post=12012"}],"curies":[{"name":"wp","href":"https:\/\/api.w.org\/{rel}","templated":true}]}}