{"id":12001,"date":"2017-10-25T12:00:36","date_gmt":"2017-10-25T10:00:36","guid":{"rendered":"https:\/\/librosdelzorrorojo.com\/catalogo\/lunambula\/"},"modified":"2026-04-14T12:16:18","modified_gmt":"2026-04-14T10:16:18","slug":"lunambula","status":"publish","type":"product","link":"https:\/\/librosdelzorrorojo.com\/ca\/cataleg\/lunambula\/","title":{"rendered":"Lun\u00e1mbula"},"content":{"rendered":"<p>La llegada de una nueva inquilina a la buhardilla fue el presagio de que aquel verano ser\u00eda distinto. Al anochecer, la nueva vecina, Madame Merlot, comenzaba una singular marcha nocturna por la ciudad portuaria. Sus extra\u00f1os movimientos no tardaron en sorprender a dos j\u00f3venes que, agazapados en la oscuridad, comenzaron una persecuci\u00f3n sigilosa.<\/p>\n<p>Lun\u00e1mbula, apodo con el que los muchachos se refieren a la enigm\u00e1tica Madame Merlot, estampa c\u00f3digos num\u00e9ricos en las fachadas de las casas y siembra la oscuridad con extra\u00f1os artilugios. Las sombras de la noche no son ya la \u00fanica compa\u00f1\u00eda de la misteriosa mujer. \u00bfQui\u00e9n es en realidad Lun\u00e1mbula? \u00bfCu\u00e1l es el porqu\u00e9 de su singular conducta? Rodeada de secretos y envuelta en un halo de misterio, Lun\u00e1mbula explora a conciencia lo invisible.<\/p>\n<p>Un \u00e1lbum inquietante y sofisticado, atractivo para peque\u00f1os y mayores, que nos hace part\u00edcipes, nuevamente, del desarrollo de la t\u00e9cnica de Turkowski, cercana a la litograf\u00eda. Su virtuosismo con el l\u00e1piz capaz de dar textura a los detalles y la combinaci\u00f3n de los blancos y el azul \u00edndigo acent\u00faan los numerosos matices de las escenas nocturnas, a medio camino entre la realidad y la fantas\u00eda.<\/p>\n<p><em>Lun\u00e1mbula<\/em><span>\u00a0<\/span>trata sobre la curiosidad como est\u00edmulo para el aprendizaje. Un \u00e1lbum en el que la atm\u00f3sfera de magia y misterio crece en torno a una persona mayor que no interacciona con el mundo infantil, pero que de alguna manera forma parte de ese camino hacia lo desconocido e introduce un importante y original elemento discursivo en el argumento de la historia.<\/p>\n<p><span>Hojea el libro\u00a0<span style=\"color: #ff0000;\"><a href=\"https:\/\/issuu.com\/librosdelzorrorojo\/docs\/lunambula_20issuu\" style=\"color: #ff0000;\">aqu\u00ed<\/a><\/span>\u00a0<\/span><span><\/span><\/p>\n<p>&nbsp;<\/p>\n","protected":false},"excerpt":{"rendered":"La llegada de una nueva inquilina a la buhardilla fue el presagio de que aquel verano ser\u00eda distinto. Al anochecer, la nueva vecina, Madame Merlot, comenzaba una singular marcha nocturna por la ciudad portuaria. Sus extra\u00f1os movimientos no tardaron en sorprender a dos j\u00f3venes que, agazapados en la oscuridad, comenzaron una persecuci\u00f3n sigilosa.\r\n\r\nLun\u00e1mbula, apodo con el que los muchachos se refieren a la enigm\u00e1tica Madame Merlot, estampa c\u00f3digos num\u00e9ricos en las fachadas de las casas y siembra la oscuridad con extra\u00f1os artilugios. Las sombras de la noche no son ya la \u00fanica compa\u00f1\u00eda de la misteriosa mujer. \u00bfQui\u00e9n es en realidad Lun\u00e1mbula? \u00bfCu\u00e1l es el porqu\u00e9 de su singular conducta? Rodeada de secretos y envuelta en un halo de misterio, Lun\u00e1mbula explora a conciencia lo invisible.","protected":false},"featured_media":12005,"template":"","meta":{"_acf_changed":false},"product_brand":[],"product_cat":[844,843],"product_tag":[],"class_list":{"0":"post-12001","1":"product","2":"type-product","3":"status-publish","4":"has-post-thumbnail","6":"product_cat-castella","7":"product_cat-infantiles-ca","9":"first","10":"instock","11":"taxable","12":"shipping-taxable","13":"purchasable","14":"product-type-simple"},"acf":[],"yoast_head":"<!-- This site is optimized with the Yoast SEO plugin v25.1 - https:\/\/yoast.com\/wordpress\/plugins\/seo\/ -->\n<title>Libros del Zorro Rojo Lun\u00e1mbula -<\/title>\n<meta name=\"description\" content=\"Lun\u00e1mbula\u00a0trata sobre la curiosidad como est\u00edmulo para el aprendizaje. Un \u00e1lbum en el que la atm\u00f3sfera de magia y misterio crece\" \/>\n<meta name=\"robots\" content=\"index, follow, max-snippet:-1, max-image-preview:large, max-video-preview:-1\" \/>\n<link rel=\"canonical\" href=\"https:\/\/librosdelzorrorojo.com\/ca\/cataleg\/lunambula\/\" \/>\n<meta property=\"og:locale\" content=\"ca_ES\" \/>\n<meta property=\"og:type\" content=\"article\" \/>\n<meta property=\"og:title\" content=\"Libros del Zorro Rojo Lun\u00e1mbula -\" \/>\n<meta property=\"og:description\" content=\"Lun\u00e1mbula\u00a0trata sobre la curiosidad como est\u00edmulo para el aprendizaje. Un \u00e1lbum en el que la atm\u00f3sfera de magia y misterio crece\" \/>\n<meta property=\"og:url\" content=\"https:\/\/librosdelzorrorojo.com\/ca\/cataleg\/lunambula\/\" \/>\n<meta property=\"og:site_name\" content=\"Libros del Zorro Rojo\" \/>\n<meta property=\"article:modified_time\" content=\"2026-04-14T10:16:18+00:00\" \/>\n<meta property=\"og:image\" content=\"https:\/\/librosdelzorrorojo.com\/wp-content\/uploads\/2017\/10\/Lun\u00e1mbula_1200x1200_3.jpg\" \/>\n\t<meta property=\"og:image:width\" content=\"1200\" \/>\n\t<meta property=\"og:image:height\" content=\"1200\" \/>\n\t<meta property=\"og:image:type\" content=\"image\/jpeg\" \/>\n<meta name=\"twitter:card\" content=\"summary_large_image\" \/>\n<meta name=\"twitter:label1\" content=\"Temps estimat de lectura\" \/>\n\t<meta name=\"twitter:data1\" content=\"1 minut\" \/>\n<script type=\"application\/ld+json\" class=\"yoast-schema-graph\">{\"@context\":\"https:\/\/schema.org\",\"@graph\":[{\"@type\":\"WebPage\",\"@id\":\"https:\/\/librosdelzorrorojo.com\/ca\/cataleg\/lunambula\/\",\"url\":\"https:\/\/librosdelzorrorojo.com\/ca\/cataleg\/lunambula\/\",\"name\":\"Libros del Zorro Rojo Lun\u00e1mbula -\",\"isPartOf\":{\"@id\":\"https:\/\/librosdelzorrorojo.com\/#website\"},\"primaryImageOfPage\":{\"@id\":\"https:\/\/librosdelzorrorojo.com\/ca\/cataleg\/lunambula\/#primaryimage\"},\"image\":{\"@id\":\"https:\/\/librosdelzorrorojo.com\/ca\/cataleg\/lunambula\/#primaryimage\"},\"thumbnailUrl\":\"https:\/\/librosdelzorrorojo.com\/wp-content\/uploads\/2017\/11\/libros-del-zorro-rojo-lunambula-einar-turkowski-9788494674440-1-e1525357568506.jpg\",\"datePublished\":\"2017-10-25T10:00:36+00:00\",\"dateModified\":\"2026-04-14T10:16:18+00:00\",\"description\":\"Lun\u00e1mbula\u00a0trata sobre la curiosidad como est\u00edmulo para el aprendizaje. Un \u00e1lbum en el que la atm\u00f3sfera de magia y misterio crece\",\"breadcrumb\":{\"@id\":\"https:\/\/librosdelzorrorojo.com\/ca\/cataleg\/lunambula\/#breadcrumb\"},\"inLanguage\":\"ca\",\"potentialAction\":[{\"@type\":\"ReadAction\",\"target\":[\"https:\/\/librosdelzorrorojo.com\/ca\/cataleg\/lunambula\/\"]}]},{\"@type\":\"ImageObject\",\"inLanguage\":\"ca\",\"@id\":\"https:\/\/librosdelzorrorojo.com\/ca\/cataleg\/lunambula\/#primaryimage\",\"url\":\"https:\/\/librosdelzorrorojo.com\/wp-content\/uploads\/2017\/11\/libros-del-zorro-rojo-lunambula-einar-turkowski-9788494674440-1-e1525357568506.jpg\",\"contentUrl\":\"https:\/\/librosdelzorrorojo.com\/wp-content\/uploads\/2017\/11\/libros-del-zorro-rojo-lunambula-einar-turkowski-9788494674440-1-e1525357568506.jpg\",\"width\":850,\"height\":575,\"caption\":\"libros del zorro rojo lunambula einar turkowski 9788494674440 1 e1525357568506\"},{\"@type\":\"BreadcrumbList\",\"@id\":\"https:\/\/librosdelzorrorojo.com\/ca\/cataleg\/lunambula\/#breadcrumb\",\"itemListElement\":[{\"@type\":\"ListItem\",\"position\":1,\"name\":\"Portada\",\"item\":\"https:\/\/librosdelzorrorojo.com\/ca\/\"},{\"@type\":\"ListItem\",\"position\":2,\"name\":\"Cat\u00e0leg\",\"item\":\"https:\/\/librosdelzorrorojo.com\/ca\/cataleg\/\"},{\"@type\":\"ListItem\",\"position\":3,\"name\":\"Lun\u00e1mbula\"}]},{\"@type\":\"WebSite\",\"@id\":\"https:\/\/librosdelzorrorojo.com\/#website\",\"url\":\"https:\/\/librosdelzorrorojo.com\/\",\"name\":\"Libros del Zorro Rojo\",\"description\":\"Libros ilustrados\",\"potentialAction\":[{\"@type\":\"SearchAction\",\"target\":{\"@type\":\"EntryPoint\",\"urlTemplate\":\"https:\/\/librosdelzorrorojo.com\/?s={search_term_string}\"},\"query-input\":{\"@type\":\"PropertyValueSpecification\",\"valueRequired\":true,\"valueName\":\"search_term_string\"}}],\"inLanguage\":\"ca\"}]}<\/script>\n<!-- \/ Yoast SEO plugin. -->","yoast_head_json":{"title":"Libros del Zorro Rojo Lun\u00e1mbula -","description":"Lun\u00e1mbula\u00a0trata sobre la curiosidad como est\u00edmulo para el aprendizaje. Un \u00e1lbum en el que la atm\u00f3sfera de magia y misterio crece","robots":{"index":"index","follow":"follow","max-snippet":"max-snippet:-1","max-image-preview":"max-image-preview:large","max-video-preview":"max-video-preview:-1"},"canonical":"https:\/\/librosdelzorrorojo.com\/ca\/cataleg\/lunambula\/","og_locale":"ca_ES","og_type":"article","og_title":"Libros del Zorro Rojo Lun\u00e1mbula -","og_description":"Lun\u00e1mbula\u00a0trata sobre la curiosidad como est\u00edmulo para el aprendizaje. Un \u00e1lbum en el que la atm\u00f3sfera de magia y misterio crece","og_url":"https:\/\/librosdelzorrorojo.com\/ca\/cataleg\/lunambula\/","og_site_name":"Libros del Zorro Rojo","article_modified_time":"2026-04-14T10:16:18+00:00","og_image":[{"width":1200,"height":1200,"url":"https:\/\/librosdelzorrorojo.com\/wp-content\/uploads\/2017\/10\/Lun\u00e1mbula_1200x1200_3.jpg","type":"image\/jpeg"}],"twitter_card":"summary_large_image","twitter_misc":{"Temps estimat de lectura":"1 minut"},"schema":{"@context":"https:\/\/schema.org","@graph":[{"@type":"WebPage","@id":"https:\/\/librosdelzorrorojo.com\/ca\/cataleg\/lunambula\/","url":"https:\/\/librosdelzorrorojo.com\/ca\/cataleg\/lunambula\/","name":"Libros del Zorro Rojo Lun\u00e1mbula -","isPartOf":{"@id":"https:\/\/librosdelzorrorojo.com\/#website"},"primaryImageOfPage":{"@id":"https:\/\/librosdelzorrorojo.com\/ca\/cataleg\/lunambula\/#primaryimage"},"image":{"@id":"https:\/\/librosdelzorrorojo.com\/ca\/cataleg\/lunambula\/#primaryimage"},"thumbnailUrl":"https:\/\/librosdelzorrorojo.com\/wp-content\/uploads\/2017\/11\/libros-del-zorro-rojo-lunambula-einar-turkowski-9788494674440-1-e1525357568506.jpg","datePublished":"2017-10-25T10:00:36+00:00","dateModified":"2026-04-14T10:16:18+00:00","description":"Lun\u00e1mbula\u00a0trata sobre la curiosidad como est\u00edmulo para el aprendizaje. Un \u00e1lbum en el que la atm\u00f3sfera de magia y misterio crece","breadcrumb":{"@id":"https:\/\/librosdelzorrorojo.com\/ca\/cataleg\/lunambula\/#breadcrumb"},"inLanguage":"ca","potentialAction":[{"@type":"ReadAction","target":["https:\/\/librosdelzorrorojo.com\/ca\/cataleg\/lunambula\/"]}]},{"@type":"ImageObject","inLanguage":"ca","@id":"https:\/\/librosdelzorrorojo.com\/ca\/cataleg\/lunambula\/#primaryimage","url":"https:\/\/librosdelzorrorojo.com\/wp-content\/uploads\/2017\/11\/libros-del-zorro-rojo-lunambula-einar-turkowski-9788494674440-1-e1525357568506.jpg","contentUrl":"https:\/\/librosdelzorrorojo.com\/wp-content\/uploads\/2017\/11\/libros-del-zorro-rojo-lunambula-einar-turkowski-9788494674440-1-e1525357568506.jpg","width":850,"height":575,"caption":"libros del zorro rojo lunambula einar turkowski 9788494674440 1 e1525357568506"},{"@type":"BreadcrumbList","@id":"https:\/\/librosdelzorrorojo.com\/ca\/cataleg\/lunambula\/#breadcrumb","itemListElement":[{"@type":"ListItem","position":1,"name":"Portada","item":"https:\/\/librosdelzorrorojo.com\/ca\/"},{"@type":"ListItem","position":2,"name":"Cat\u00e0leg","item":"https:\/\/librosdelzorrorojo.com\/ca\/cataleg\/"},{"@type":"ListItem","position":3,"name":"Lun\u00e1mbula"}]},{"@type":"WebSite","@id":"https:\/\/librosdelzorrorojo.com\/#website","url":"https:\/\/librosdelzorrorojo.com\/","name":"Libros del Zorro Rojo","description":"Libros ilustrados","potentialAction":[{"@type":"SearchAction","target":{"@type":"EntryPoint","urlTemplate":"https:\/\/librosdelzorrorojo.com\/?s={search_term_string}"},"query-input":{"@type":"PropertyValueSpecification","valueRequired":true,"valueName":"search_term_string"}}],"inLanguage":"ca"}]}},"_links":{"self":[{"href":"https:\/\/librosdelzorrorojo.com\/ca\/wp-json\/wp\/v2\/product\/12001","targetHints":{"allow":["GET"]}}],"collection":[{"href":"https:\/\/librosdelzorrorojo.com\/ca\/wp-json\/wp\/v2\/product"}],"about":[{"href":"https:\/\/librosdelzorrorojo.com\/ca\/wp-json\/wp\/v2\/types\/product"}],"wp:featuredmedia":[{"embeddable":true,"href":"https:\/\/librosdelzorrorojo.com\/ca\/wp-json\/wp\/v2\/media\/12005"}],"wp:attachment":[{"href":"https:\/\/librosdelzorrorojo.com\/ca\/wp-json\/wp\/v2\/media?parent=12001"}],"wp:term":[{"taxonomy":"product_brand","embeddable":true,"href":"https:\/\/librosdelzorrorojo.com\/ca\/wp-json\/wp\/v2\/product_brand?post=12001"},{"taxonomy":"product_cat","embeddable":true,"href":"https:\/\/librosdelzorrorojo.com\/ca\/wp-json\/wp\/v2\/product_cat?post=12001"},{"taxonomy":"product_tag","embeddable":true,"href":"https:\/\/librosdelzorrorojo.com\/ca\/wp-json\/wp\/v2\/product_tag?post=12001"}],"curies":[{"name":"wp","href":"https:\/\/api.w.org\/{rel}","templated":true}]}}