{"id":11995,"date":"2017-11-13T13:47:43","date_gmt":"2017-11-13T12:47:43","guid":{"rendered":"https:\/\/librosdelzorrorojo.com\/catalogo\/traeme-tu-amor-2\/"},"modified":"2024-02-29T11:37:42","modified_gmt":"2024-02-29T10:37:42","slug":"traeme-tu-amor-2","status":"publish","type":"product","link":"https:\/\/librosdelzorrorojo.com\/ca\/cataleg\/traeme-tu-amor-2\/","title":{"rendered":"Tr\u00e1eme tu amor"},"content":{"rendered":"<p dir=\"ltr\"><span style=\"font-weight: 400;\">Se sabe que Charles Bukowski y Robert Crumb, cronistas complementarios de la vida y las pesadillas en los pliegues m\u00e1s inc\u00f3modos de su sociedad, se vieron una sola vez, pero se profesaban admiraci\u00f3n y respeto.<\/span><\/p>\n<p dir=\"ltr\"><span style=\"font-weight: 400;\">\u00abPara m\u00ed \u2014opin\u00f3 Crumb sobre Bukowski\u2014, dice las cosas como hay que decirlas. Creo que para ser artista o escritor en el mundo moderno hace falta una fuerte dosis de alienaci\u00f3n. Si eres muy equilibrado, no tienes nada interesante que decir.\u00bb<\/span><\/p>\n<p dir=\"ltr\"><span style=\"font-weight: 400;\">\u00abEn la gente que \u00e9l dibuja \u2014dijo Bukowski sobre Crumb\u2014 hay energ\u00eda y resplandor. Una de las personas m\u00e1s verdaderas que he conocido. Ser\u00eda para m\u00ed un m\u00e1gico honor que ilustrara algunos de mis ruinosos personajes.\u00bb <\/span><\/p>\n<p dir=\"ltr\"><span style=\"font-weight: 400;\">Entre 1975 y 1984, Robert Crumb ilustr\u00f3 los tres notables relatos que componen este libro: \u00abTr\u00e1eme tu amor\u00bb, \u00abNo funciona el negocio\u00bb y \u00abBop, bop, contra aquel tel\u00f3n\u00bb, historias de perdedores obsesionados con la precariedad laboral, el alcohol y el sexo, a quienes la realidad controla para que no puedan salir de donde est\u00e1n.<\/span><\/p>\n<p dir=\"ltr\"><img decoding=\"async\" src=\"https:\/\/librosdelzorrorojo.com\/wp-content\/uploads\/2021\/09\/DC-ICEC-horitzontal-cos12-bn-1-600x80.png\" alt=\"\" width=\"480\" height=\"64\" class=\"alignnone  wp-image-23703\" srcset=\"https:\/\/librosdelzorrorojo.com\/wp-content\/uploads\/2021\/09\/DC-ICEC-horitzontal-cos12-bn-1-600x80.png 600w, https:\/\/librosdelzorrorojo.com\/wp-content\/uploads\/2021\/09\/DC-ICEC-horitzontal-cos12-bn-1-1024x137.png 1024w, https:\/\/librosdelzorrorojo.com\/wp-content\/uploads\/2021\/09\/DC-ICEC-horitzontal-cos12-bn-1-768x103.png 768w, https:\/\/librosdelzorrorojo.com\/wp-content\/uploads\/2021\/09\/DC-ICEC-horitzontal-cos12-bn-1-800x107.png 800w, https:\/\/librosdelzorrorojo.com\/wp-content\/uploads\/2021\/09\/DC-ICEC-horitzontal-cos12-bn-1.png 1482w\" sizes=\"(max-width: 480px) 100vw, 480px\" \/><\/p>\n","protected":false},"excerpt":{"rendered":"<p dir=\"ltr\"><span style=\"font-weight: 400;\">Se sabe que Charles Bukowski y Robert Crumb, cronistas complementarios de la vida y las pesadillas en los pliegues m\u00e1s inc\u00f3modos de su sociedad, se vieron una sola vez, pero se profesaban admiraci\u00f3n y respeto.<\/span><\/p>\r\n<p dir=\"ltr\"><span style=\"font-weight: 400;\">\u00abPara m\u00ed \u2014opin\u00f3 Crumb sobre Bukowski\u2014, dice las cosas como hay que decirlas. Creo que para ser artista o escritor en el mundo moderno hace falta una fuerte dosis de alienaci\u00f3n. Si eres muy equilibrado, no tienes nada interesante que decir.\u00bb<\/span><\/p>","protected":false},"featured_media":11996,"template":"","meta":{"_acf_changed":false},"product_brand":[],"product_cat":[844,3156],"product_tag":[],"class_list":{"0":"post-11995","1":"product","2":"type-product","3":"status-publish","4":"has-post-thumbnail","6":"product_cat-castella","7":"product_cat-juvenil-adult","9":"first","10":"instock","11":"taxable","12":"shipping-taxable","13":"purchasable","14":"product-type-variable"},"acf":[],"yoast_head":"<!-- This site is optimized with the Yoast SEO plugin v25.1 - https:\/\/yoast.com\/wordpress\/plugins\/seo\/ -->\n<title>Tr\u00e1eme tu amor, pocket<\/title>\n<meta name=\"description\" content=\"historias de perdedores obsesionados con la precariedad laboral, el alcohol y el sexo, a quienes la realidad controla para que no puedan salir\" \/>\n<meta name=\"robots\" content=\"index, follow, max-snippet:-1, max-image-preview:large, max-video-preview:-1\" \/>\n<link rel=\"canonical\" href=\"https:\/\/librosdelzorrorojo.com\/ca\/cataleg\/traeme-tu-amor-2\/\" \/>\n<meta property=\"og:locale\" content=\"ca_ES\" \/>\n<meta property=\"og:type\" content=\"article\" \/>\n<meta property=\"og:title\" content=\"Tr\u00e1eme tu amor, pocket\" \/>\n<meta property=\"og:description\" content=\"historias de perdedores obsesionados con la precariedad laboral, el alcohol y el sexo, a quienes la realidad controla para que no puedan salir\" \/>\n<meta property=\"og:url\" content=\"https:\/\/librosdelzorrorojo.com\/ca\/cataleg\/traeme-tu-amor-2\/\" \/>\n<meta property=\"og:site_name\" content=\"Libros del Zorro Rojo\" \/>\n<meta property=\"article:modified_time\" content=\"2024-02-29T10:37:42+00:00\" \/>\n<meta property=\"og:image\" content=\"https:\/\/librosdelzorrorojo.com\/wp-content\/uploads\/2017\/11\/libros-del-zorro-rojo-traeme-tu-amor-charles-bukowski-9788494164538-1-e1525358584589.jpg\" \/>\n\t<meta property=\"og:image:width\" content=\"850\" \/>\n\t<meta property=\"og:image:height\" content=\"1163\" \/>\n\t<meta property=\"og:image:type\" content=\"image\/jpeg\" \/>\n<meta name=\"twitter:card\" content=\"summary_large_image\" \/>\n<meta name=\"twitter:label1\" content=\"Temps estimat de lectura\" \/>\n\t<meta name=\"twitter:data1\" content=\"1 minut\" \/>\n<script type=\"application\/ld+json\" class=\"yoast-schema-graph\">{\"@context\":\"https:\/\/schema.org\",\"@graph\":[{\"@type\":\"WebPage\",\"@id\":\"https:\/\/librosdelzorrorojo.com\/ca\/cataleg\/traeme-tu-amor-2\/\",\"url\":\"https:\/\/librosdelzorrorojo.com\/ca\/cataleg\/traeme-tu-amor-2\/\",\"name\":\"Tr\u00e1eme tu amor, pocket\",\"isPartOf\":{\"@id\":\"https:\/\/librosdelzorrorojo.com\/#website\"},\"primaryImageOfPage\":{\"@id\":\"https:\/\/librosdelzorrorojo.com\/ca\/cataleg\/traeme-tu-amor-2\/#primaryimage\"},\"image\":{\"@id\":\"https:\/\/librosdelzorrorojo.com\/ca\/cataleg\/traeme-tu-amor-2\/#primaryimage\"},\"thumbnailUrl\":\"https:\/\/librosdelzorrorojo.com\/wp-content\/uploads\/2017\/11\/libros-del-zorro-rojo-traeme-tu-amor-charles-bukowski-9788494164538-1-e1525358584589.jpg\",\"datePublished\":\"2017-11-13T12:47:43+00:00\",\"dateModified\":\"2024-02-29T10:37:42+00:00\",\"description\":\"historias de perdedores obsesionados con la precariedad laboral, el alcohol y el sexo, a quienes la realidad controla para que no puedan salir\",\"breadcrumb\":{\"@id\":\"https:\/\/librosdelzorrorojo.com\/ca\/cataleg\/traeme-tu-amor-2\/#breadcrumb\"},\"inLanguage\":\"ca\",\"potentialAction\":[{\"@type\":\"ReadAction\",\"target\":[\"https:\/\/librosdelzorrorojo.com\/ca\/cataleg\/traeme-tu-amor-2\/\"]}]},{\"@type\":\"ImageObject\",\"inLanguage\":\"ca\",\"@id\":\"https:\/\/librosdelzorrorojo.com\/ca\/cataleg\/traeme-tu-amor-2\/#primaryimage\",\"url\":\"https:\/\/librosdelzorrorojo.com\/wp-content\/uploads\/2017\/11\/libros-del-zorro-rojo-traeme-tu-amor-charles-bukowski-9788494164538-1-e1525358584589.jpg\",\"contentUrl\":\"https:\/\/librosdelzorrorojo.com\/wp-content\/uploads\/2017\/11\/libros-del-zorro-rojo-traeme-tu-amor-charles-bukowski-9788494164538-1-e1525358584589.jpg\",\"width\":850,\"height\":1163,\"caption\":\"libros del zorro rojo traeme tu amor charles bukowski 9788494164538 1 e1525358584589\"},{\"@type\":\"BreadcrumbList\",\"@id\":\"https:\/\/librosdelzorrorojo.com\/ca\/cataleg\/traeme-tu-amor-2\/#breadcrumb\",\"itemListElement\":[{\"@type\":\"ListItem\",\"position\":1,\"name\":\"Portada\",\"item\":\"https:\/\/librosdelzorrorojo.com\/ca\/\"},{\"@type\":\"ListItem\",\"position\":2,\"name\":\"Cat\u00e0leg\",\"item\":\"https:\/\/librosdelzorrorojo.com\/ca\/cataleg\/\"},{\"@type\":\"ListItem\",\"position\":3,\"name\":\"Tr\u00e1eme tu amor\"}]},{\"@type\":\"WebSite\",\"@id\":\"https:\/\/librosdelzorrorojo.com\/#website\",\"url\":\"https:\/\/librosdelzorrorojo.com\/\",\"name\":\"Libros del Zorro Rojo\",\"description\":\"Libros ilustrados\",\"potentialAction\":[{\"@type\":\"SearchAction\",\"target\":{\"@type\":\"EntryPoint\",\"urlTemplate\":\"https:\/\/librosdelzorrorojo.com\/?s={search_term_string}\"},\"query-input\":{\"@type\":\"PropertyValueSpecification\",\"valueRequired\":true,\"valueName\":\"search_term_string\"}}],\"inLanguage\":\"ca\"}]}<\/script>\n<!-- \/ Yoast SEO plugin. -->","yoast_head_json":{"title":"Tr\u00e1eme tu amor, pocket","description":"historias de perdedores obsesionados con la precariedad laboral, el alcohol y el sexo, a quienes la realidad controla para que no puedan salir","robots":{"index":"index","follow":"follow","max-snippet":"max-snippet:-1","max-image-preview":"max-image-preview:large","max-video-preview":"max-video-preview:-1"},"canonical":"https:\/\/librosdelzorrorojo.com\/ca\/cataleg\/traeme-tu-amor-2\/","og_locale":"ca_ES","og_type":"article","og_title":"Tr\u00e1eme tu amor, pocket","og_description":"historias de perdedores obsesionados con la precariedad laboral, el alcohol y el sexo, a quienes la realidad controla para que no puedan salir","og_url":"https:\/\/librosdelzorrorojo.com\/ca\/cataleg\/traeme-tu-amor-2\/","og_site_name":"Libros del Zorro Rojo","article_modified_time":"2024-02-29T10:37:42+00:00","og_image":[{"width":850,"height":1163,"url":"https:\/\/librosdelzorrorojo.com\/wp-content\/uploads\/2017\/11\/libros-del-zorro-rojo-traeme-tu-amor-charles-bukowski-9788494164538-1-e1525358584589.jpg","type":"image\/jpeg"}],"twitter_card":"summary_large_image","twitter_misc":{"Temps estimat de lectura":"1 minut"},"schema":{"@context":"https:\/\/schema.org","@graph":[{"@type":"WebPage","@id":"https:\/\/librosdelzorrorojo.com\/ca\/cataleg\/traeme-tu-amor-2\/","url":"https:\/\/librosdelzorrorojo.com\/ca\/cataleg\/traeme-tu-amor-2\/","name":"Tr\u00e1eme tu amor, pocket","isPartOf":{"@id":"https:\/\/librosdelzorrorojo.com\/#website"},"primaryImageOfPage":{"@id":"https:\/\/librosdelzorrorojo.com\/ca\/cataleg\/traeme-tu-amor-2\/#primaryimage"},"image":{"@id":"https:\/\/librosdelzorrorojo.com\/ca\/cataleg\/traeme-tu-amor-2\/#primaryimage"},"thumbnailUrl":"https:\/\/librosdelzorrorojo.com\/wp-content\/uploads\/2017\/11\/libros-del-zorro-rojo-traeme-tu-amor-charles-bukowski-9788494164538-1-e1525358584589.jpg","datePublished":"2017-11-13T12:47:43+00:00","dateModified":"2024-02-29T10:37:42+00:00","description":"historias de perdedores obsesionados con la precariedad laboral, el alcohol y el sexo, a quienes la realidad controla para que no puedan salir","breadcrumb":{"@id":"https:\/\/librosdelzorrorojo.com\/ca\/cataleg\/traeme-tu-amor-2\/#breadcrumb"},"inLanguage":"ca","potentialAction":[{"@type":"ReadAction","target":["https:\/\/librosdelzorrorojo.com\/ca\/cataleg\/traeme-tu-amor-2\/"]}]},{"@type":"ImageObject","inLanguage":"ca","@id":"https:\/\/librosdelzorrorojo.com\/ca\/cataleg\/traeme-tu-amor-2\/#primaryimage","url":"https:\/\/librosdelzorrorojo.com\/wp-content\/uploads\/2017\/11\/libros-del-zorro-rojo-traeme-tu-amor-charles-bukowski-9788494164538-1-e1525358584589.jpg","contentUrl":"https:\/\/librosdelzorrorojo.com\/wp-content\/uploads\/2017\/11\/libros-del-zorro-rojo-traeme-tu-amor-charles-bukowski-9788494164538-1-e1525358584589.jpg","width":850,"height":1163,"caption":"libros del zorro rojo traeme tu amor charles bukowski 9788494164538 1 e1525358584589"},{"@type":"BreadcrumbList","@id":"https:\/\/librosdelzorrorojo.com\/ca\/cataleg\/traeme-tu-amor-2\/#breadcrumb","itemListElement":[{"@type":"ListItem","position":1,"name":"Portada","item":"https:\/\/librosdelzorrorojo.com\/ca\/"},{"@type":"ListItem","position":2,"name":"Cat\u00e0leg","item":"https:\/\/librosdelzorrorojo.com\/ca\/cataleg\/"},{"@type":"ListItem","position":3,"name":"Tr\u00e1eme tu amor"}]},{"@type":"WebSite","@id":"https:\/\/librosdelzorrorojo.com\/#website","url":"https:\/\/librosdelzorrorojo.com\/","name":"Libros del Zorro Rojo","description":"Libros ilustrados","potentialAction":[{"@type":"SearchAction","target":{"@type":"EntryPoint","urlTemplate":"https:\/\/librosdelzorrorojo.com\/?s={search_term_string}"},"query-input":{"@type":"PropertyValueSpecification","valueRequired":true,"valueName":"search_term_string"}}],"inLanguage":"ca"}]}},"_links":{"self":[{"href":"https:\/\/librosdelzorrorojo.com\/ca\/wp-json\/wp\/v2\/product\/11995","targetHints":{"allow":["GET"]}}],"collection":[{"href":"https:\/\/librosdelzorrorojo.com\/ca\/wp-json\/wp\/v2\/product"}],"about":[{"href":"https:\/\/librosdelzorrorojo.com\/ca\/wp-json\/wp\/v2\/types\/product"}],"wp:featuredmedia":[{"embeddable":true,"href":"https:\/\/librosdelzorrorojo.com\/ca\/wp-json\/wp\/v2\/media\/11996"}],"wp:attachment":[{"href":"https:\/\/librosdelzorrorojo.com\/ca\/wp-json\/wp\/v2\/media?parent=11995"}],"wp:term":[{"taxonomy":"product_brand","embeddable":true,"href":"https:\/\/librosdelzorrorojo.com\/ca\/wp-json\/wp\/v2\/product_brand?post=11995"},{"taxonomy":"product_cat","embeddable":true,"href":"https:\/\/librosdelzorrorojo.com\/ca\/wp-json\/wp\/v2\/product_cat?post=11995"},{"taxonomy":"product_tag","embeddable":true,"href":"https:\/\/librosdelzorrorojo.com\/ca\/wp-json\/wp\/v2\/product_tag?post=11995"}],"curies":[{"name":"wp","href":"https:\/\/api.w.org\/{rel}","templated":true}]}}