{"id":11989,"date":"2018-02-14T12:00:17","date_gmt":"2018-02-14T11:00:17","guid":{"rendered":"https:\/\/librosdelzorrorojo.com\/catalogo\/yo-leonardo\/"},"modified":"2024-02-29T11:37:37","modified_gmt":"2024-02-29T10:37:37","slug":"yo-leonardo","status":"publish","type":"product","link":"https:\/\/librosdelzorrorojo.com\/ca\/cataleg\/yo-leonardo\/","title":{"rendered":"Yo, Leonardo"},"content":{"rendered":"<p>En este diario de un genio, la voz de Leonardo nos invita a recorrer su mundo m\u00e1s \u00edntimo: sus obsesiones, sus inventos, los encargos art\u00edsticos de los monarcas, la rivalidad con Miguel \u00c1ngel, la g\u00e9nesis de <em>La \u00daltima Cena<\/em>, los encuentros con la Mona Lisa, de los que nacer\u00eda ese \u00edcono pict\u00f3rico de belleza y sensualidad: \u00abHab\u00eda aceptado pintar el retrato de una dama cuyo rostro era de otro mundo [\u2026]. Para contentarla y hacerla sentir a gusto, contrat\u00e9 a un grupo de juglares para que, en su rostro \u2014pero sobre todo en su coraz\u00f3n\u2014 hubiera siempre una sonrisa\u00bb.<\/p>\n<p>Con destreza inigualable en el manejo de la tinta, Ralph Steadman recrea la atm\u00f3sfera art\u00edstica y la situaci\u00f3n pol\u00edtica de su tiempo, a la par que, con trazos cargados de fino humor, da vida a los personajes m\u00e1s influyentes en quien ha sido considerado como el modelo de sabio renacentista. Stedman desarroll\u00f3 una gran obsesi\u00f3n por Leonardo, fijaci\u00f3n que lo llev\u00f3 a pintar su propia versi\u00f3n de <em>La \u00daltima Cena<\/em> en la pared de su dormitorio; a construir una m\u00e1quina equivalente a la de Leonardo, que logr\u00f3 alzar el vuelo; y a recorrer aquellas ciudades y paisajes italianos transitados por Da Vinci, tratando, as\u00ed, de imaginar c\u00f3mo era habitar la mente imaginativa de un esp\u00edritu sin l\u00edmites. Inmerso en la creaci\u00f3n del libro, Steadman dijo: \u00abMe convert\u00ed en Leonardo. Sin tener que leer a Kenneth Clark\u00bb.<\/p>\n<p><span>Hojea el libro\u00a0<a href=\"https:\/\/issuu.com\/librosdelzorrorojo\/docs\/issuu_yo_leonardo_01\"><span style=\"color: #ff0000\">aqu\u00ed<\/span><\/a>\u00a0<\/span><span><\/span><\/p>\n<p><img decoding=\"async\" src=\"https:\/\/librosdelzorrorojo.com\/wp-content\/uploads\/2017\/09\/logo-generalitat2.jpg\" alt=\"\" width=\"200\" height=\"67\" class=\"alignnone size-full wp-image-11152\" \/><\/p>\n","protected":false},"excerpt":{"rendered":"En este diario de un genio, la voz de Leonardo nos invita a recorrer su mundo m\u00e1s \u00edntimo: sus obsesiones, sus inventos, los encargos art\u00edsticos de los monarcas, la rivalidad con Miguel \u00c1ngel, la g\u00e9nesis de <em>La \u00daltima Cena<\/em>, los encuentros con la Mona Lisa, de los que nacer\u00eda ese \u00edcono pict\u00f3rico de belleza y sensualidad: \u00abHab\u00eda aceptado pintar el retrato de una dama cuyo rostro era de otro mundo [\u2026]. Para contentarla y hacerla sentir a gusto, contrat\u00e9 a un grupo de juglares para que, en su rostro \u2014pero sobre todo en su coraz\u00f3n\u2014, hubiera siempre una sonrisa\u00bb.","protected":false},"featured_media":11990,"template":"","meta":{"_acf_changed":false},"product_brand":[],"product_cat":[844,3156],"product_tag":[],"class_list":{"0":"post-11989","1":"product","2":"type-product","3":"status-publish","4":"has-post-thumbnail","6":"product_cat-castella","7":"product_cat-juvenil-adult","9":"first","10":"instock","11":"taxable","12":"shipping-taxable","13":"purchasable","14":"product-type-simple"},"acf":[],"yoast_head":"<!-- This site is optimized with the Yoast SEO plugin v25.1 - https:\/\/yoast.com\/wordpress\/plugins\/seo\/ -->\n<title>Yo, Leonardo - Libros del Zorro Rojo<\/title>\n<meta name=\"description\" content=\"En este diario de un genio, la voz de Leonardo nos invita a recorrer su mundo m\u00e1s \u00edntimo: sus obsesiones, sus inventos, leonardo Da Vinci\" \/>\n<meta name=\"robots\" content=\"index, follow, max-snippet:-1, max-image-preview:large, max-video-preview:-1\" \/>\n<link rel=\"canonical\" href=\"https:\/\/librosdelzorrorojo.com\/ca\/cataleg\/yo-leonardo\/\" \/>\n<meta property=\"og:locale\" content=\"ca_ES\" \/>\n<meta property=\"og:type\" content=\"article\" \/>\n<meta property=\"og:title\" content=\"Yo, Leonardo - Libros del Zorro Rojo\" \/>\n<meta property=\"og:description\" content=\"En este diario de un genio, la voz de Leonardo nos invita a recorrer su mundo m\u00e1s \u00edntimo: sus obsesiones, sus inventos, leonardo Da Vinci\" \/>\n<meta property=\"og:url\" content=\"https:\/\/librosdelzorrorojo.com\/ca\/cataleg\/yo-leonardo\/\" \/>\n<meta property=\"og:site_name\" content=\"Libros del Zorro Rojo\" \/>\n<meta property=\"article:modified_time\" content=\"2024-02-29T10:37:37+00:00\" \/>\n<meta property=\"og:image\" content=\"https:\/\/librosdelzorrorojo.com\/wp-content\/uploads\/2018\/02\/Cover_YoLeonardo-e1528815057899.jpg\" \/>\n\t<meta property=\"og:image:width\" content=\"850\" \/>\n\t<meta property=\"og:image:height\" content=\"736\" \/>\n\t<meta property=\"og:image:type\" content=\"image\/jpeg\" \/>\n<meta name=\"twitter:card\" content=\"summary_large_image\" \/>\n<meta name=\"twitter:label1\" content=\"Temps estimat de lectura\" \/>\n\t<meta name=\"twitter:data1\" content=\"1 minut\" \/>\n<script type=\"application\/ld+json\" class=\"yoast-schema-graph\">{\"@context\":\"https:\/\/schema.org\",\"@graph\":[{\"@type\":\"WebPage\",\"@id\":\"https:\/\/librosdelzorrorojo.com\/ca\/cataleg\/yo-leonardo\/\",\"url\":\"https:\/\/librosdelzorrorojo.com\/ca\/cataleg\/yo-leonardo\/\",\"name\":\"Yo, Leonardo - Libros del Zorro Rojo\",\"isPartOf\":{\"@id\":\"https:\/\/librosdelzorrorojo.com\/#website\"},\"primaryImageOfPage\":{\"@id\":\"https:\/\/librosdelzorrorojo.com\/ca\/cataleg\/yo-leonardo\/#primaryimage\"},\"image\":{\"@id\":\"https:\/\/librosdelzorrorojo.com\/ca\/cataleg\/yo-leonardo\/#primaryimage\"},\"thumbnailUrl\":\"https:\/\/librosdelzorrorojo.com\/wp-content\/uploads\/2018\/02\/Cover_YoLeonardo-e1528815057899.jpg\",\"datePublished\":\"2018-02-14T11:00:17+00:00\",\"dateModified\":\"2024-02-29T10:37:37+00:00\",\"description\":\"En este diario de un genio, la voz de Leonardo nos invita a recorrer su mundo m\u00e1s \u00edntimo: sus obsesiones, sus inventos, leonardo Da Vinci\",\"breadcrumb\":{\"@id\":\"https:\/\/librosdelzorrorojo.com\/ca\/cataleg\/yo-leonardo\/#breadcrumb\"},\"inLanguage\":\"ca\",\"potentialAction\":[{\"@type\":\"ReadAction\",\"target\":[\"https:\/\/librosdelzorrorojo.com\/ca\/cataleg\/yo-leonardo\/\"]}]},{\"@type\":\"ImageObject\",\"inLanguage\":\"ca\",\"@id\":\"https:\/\/librosdelzorrorojo.com\/ca\/cataleg\/yo-leonardo\/#primaryimage\",\"url\":\"https:\/\/librosdelzorrorojo.com\/wp-content\/uploads\/2018\/02\/Cover_YoLeonardo-e1528815057899.jpg\",\"contentUrl\":\"https:\/\/librosdelzorrorojo.com\/wp-content\/uploads\/2018\/02\/Cover_YoLeonardo-e1528815057899.jpg\",\"width\":850,\"height\":736,\"caption\":\"Cover YoLeonardo e1528815057899\"},{\"@type\":\"BreadcrumbList\",\"@id\":\"https:\/\/librosdelzorrorojo.com\/ca\/cataleg\/yo-leonardo\/#breadcrumb\",\"itemListElement\":[{\"@type\":\"ListItem\",\"position\":1,\"name\":\"Portada\",\"item\":\"https:\/\/librosdelzorrorojo.com\/ca\/\"},{\"@type\":\"ListItem\",\"position\":2,\"name\":\"Cat\u00e0leg\",\"item\":\"https:\/\/librosdelzorrorojo.com\/ca\/cataleg\/\"},{\"@type\":\"ListItem\",\"position\":3,\"name\":\"Yo, Leonardo\"}]},{\"@type\":\"WebSite\",\"@id\":\"https:\/\/librosdelzorrorojo.com\/#website\",\"url\":\"https:\/\/librosdelzorrorojo.com\/\",\"name\":\"Libros del Zorro Rojo\",\"description\":\"Libros ilustrados\",\"potentialAction\":[{\"@type\":\"SearchAction\",\"target\":{\"@type\":\"EntryPoint\",\"urlTemplate\":\"https:\/\/librosdelzorrorojo.com\/?s={search_term_string}\"},\"query-input\":{\"@type\":\"PropertyValueSpecification\",\"valueRequired\":true,\"valueName\":\"search_term_string\"}}],\"inLanguage\":\"ca\"}]}<\/script>\n<!-- \/ Yoast SEO plugin. -->","yoast_head_json":{"title":"Yo, Leonardo - Libros del Zorro Rojo","description":"En este diario de un genio, la voz de Leonardo nos invita a recorrer su mundo m\u00e1s \u00edntimo: sus obsesiones, sus inventos, leonardo Da Vinci","robots":{"index":"index","follow":"follow","max-snippet":"max-snippet:-1","max-image-preview":"max-image-preview:large","max-video-preview":"max-video-preview:-1"},"canonical":"https:\/\/librosdelzorrorojo.com\/ca\/cataleg\/yo-leonardo\/","og_locale":"ca_ES","og_type":"article","og_title":"Yo, Leonardo - Libros del Zorro Rojo","og_description":"En este diario de un genio, la voz de Leonardo nos invita a recorrer su mundo m\u00e1s \u00edntimo: sus obsesiones, sus inventos, leonardo Da Vinci","og_url":"https:\/\/librosdelzorrorojo.com\/ca\/cataleg\/yo-leonardo\/","og_site_name":"Libros del Zorro Rojo","article_modified_time":"2024-02-29T10:37:37+00:00","og_image":[{"width":850,"height":736,"url":"https:\/\/librosdelzorrorojo.com\/wp-content\/uploads\/2018\/02\/Cover_YoLeonardo-e1528815057899.jpg","type":"image\/jpeg"}],"twitter_card":"summary_large_image","twitter_misc":{"Temps estimat de lectura":"1 minut"},"schema":{"@context":"https:\/\/schema.org","@graph":[{"@type":"WebPage","@id":"https:\/\/librosdelzorrorojo.com\/ca\/cataleg\/yo-leonardo\/","url":"https:\/\/librosdelzorrorojo.com\/ca\/cataleg\/yo-leonardo\/","name":"Yo, Leonardo - Libros del Zorro Rojo","isPartOf":{"@id":"https:\/\/librosdelzorrorojo.com\/#website"},"primaryImageOfPage":{"@id":"https:\/\/librosdelzorrorojo.com\/ca\/cataleg\/yo-leonardo\/#primaryimage"},"image":{"@id":"https:\/\/librosdelzorrorojo.com\/ca\/cataleg\/yo-leonardo\/#primaryimage"},"thumbnailUrl":"https:\/\/librosdelzorrorojo.com\/wp-content\/uploads\/2018\/02\/Cover_YoLeonardo-e1528815057899.jpg","datePublished":"2018-02-14T11:00:17+00:00","dateModified":"2024-02-29T10:37:37+00:00","description":"En este diario de un genio, la voz de Leonardo nos invita a recorrer su mundo m\u00e1s \u00edntimo: sus obsesiones, sus inventos, leonardo Da Vinci","breadcrumb":{"@id":"https:\/\/librosdelzorrorojo.com\/ca\/cataleg\/yo-leonardo\/#breadcrumb"},"inLanguage":"ca","potentialAction":[{"@type":"ReadAction","target":["https:\/\/librosdelzorrorojo.com\/ca\/cataleg\/yo-leonardo\/"]}]},{"@type":"ImageObject","inLanguage":"ca","@id":"https:\/\/librosdelzorrorojo.com\/ca\/cataleg\/yo-leonardo\/#primaryimage","url":"https:\/\/librosdelzorrorojo.com\/wp-content\/uploads\/2018\/02\/Cover_YoLeonardo-e1528815057899.jpg","contentUrl":"https:\/\/librosdelzorrorojo.com\/wp-content\/uploads\/2018\/02\/Cover_YoLeonardo-e1528815057899.jpg","width":850,"height":736,"caption":"Cover YoLeonardo e1528815057899"},{"@type":"BreadcrumbList","@id":"https:\/\/librosdelzorrorojo.com\/ca\/cataleg\/yo-leonardo\/#breadcrumb","itemListElement":[{"@type":"ListItem","position":1,"name":"Portada","item":"https:\/\/librosdelzorrorojo.com\/ca\/"},{"@type":"ListItem","position":2,"name":"Cat\u00e0leg","item":"https:\/\/librosdelzorrorojo.com\/ca\/cataleg\/"},{"@type":"ListItem","position":3,"name":"Yo, Leonardo"}]},{"@type":"WebSite","@id":"https:\/\/librosdelzorrorojo.com\/#website","url":"https:\/\/librosdelzorrorojo.com\/","name":"Libros del Zorro Rojo","description":"Libros ilustrados","potentialAction":[{"@type":"SearchAction","target":{"@type":"EntryPoint","urlTemplate":"https:\/\/librosdelzorrorojo.com\/?s={search_term_string}"},"query-input":{"@type":"PropertyValueSpecification","valueRequired":true,"valueName":"search_term_string"}}],"inLanguage":"ca"}]}},"_links":{"self":[{"href":"https:\/\/librosdelzorrorojo.com\/ca\/wp-json\/wp\/v2\/product\/11989","targetHints":{"allow":["GET"]}}],"collection":[{"href":"https:\/\/librosdelzorrorojo.com\/ca\/wp-json\/wp\/v2\/product"}],"about":[{"href":"https:\/\/librosdelzorrorojo.com\/ca\/wp-json\/wp\/v2\/types\/product"}],"wp:featuredmedia":[{"embeddable":true,"href":"https:\/\/librosdelzorrorojo.com\/ca\/wp-json\/wp\/v2\/media\/11990"}],"wp:attachment":[{"href":"https:\/\/librosdelzorrorojo.com\/ca\/wp-json\/wp\/v2\/media?parent=11989"}],"wp:term":[{"taxonomy":"product_brand","embeddable":true,"href":"https:\/\/librosdelzorrorojo.com\/ca\/wp-json\/wp\/v2\/product_brand?post=11989"},{"taxonomy":"product_cat","embeddable":true,"href":"https:\/\/librosdelzorrorojo.com\/ca\/wp-json\/wp\/v2\/product_cat?post=11989"},{"taxonomy":"product_tag","embeddable":true,"href":"https:\/\/librosdelzorrorojo.com\/ca\/wp-json\/wp\/v2\/product_tag?post=11989"}],"curies":[{"name":"wp","href":"https:\/\/api.w.org\/{rel}","templated":true}]}}