{"id":11958,"date":"2018-04-04T12:00:49","date_gmt":"2018-04-04T10:00:49","guid":{"rendered":"https:\/\/librosdelzorrorojo.com\/catalogo\/la-guerra-de-las-salamandras\/"},"modified":"2026-04-09T11:36:51","modified_gmt":"2026-04-09T09:36:51","slug":"la-guerra-de-las-salamandras","status":"publish","type":"product","link":"https:\/\/librosdelzorrorojo.com\/ca\/cataleg\/la-guerra-de-las-salamandras\/","title":{"rendered":"La guerra de las salamandras"},"content":{"rendered":"<p>Obra central de uno de los referentes de la ciencia ficci\u00f3n, <em>La guerra de las salamandras<\/em> se sirve de una \u00e1cida iron\u00eda para construir una f\u00e1bula que desnuda las estructuras discursivas del imperialismo y de los reg\u00edmenes totalitarios, al tiempo que rescata una pregunta fundamental: \u00bfqu\u00e9 mundo ayudamos \u2014con nuestros actos, con nuestra pasividad\u2014 a construir?<\/p>\n<p>Esta edici\u00f3n recupera el sorprendente trabajo art\u00edstico de Hans Ticha que cuenta con m\u00e1s de cien ilustraciones inspiradas en el Pop Art, el cubismo y el cartelismo del constructivismo ruso. Publicado originalmente en Alemania en 1987, est\u00e1 considerado uno de los libros m\u00e1s bellos de la Rep\u00fablica Democr\u00e1tica Alemana.<\/p>\n<p><span>Hojea el libro\u00a0<a href=\"https:\/\/issuu.com\/librosdelzorrorojo\/docs\/issuu_salamandras\"><span style=\"color: #ff0000;\">aqu\u00ed<\/span><\/a>\u00a0<\/span><span><\/span><\/p>\n<p><img decoding=\"async\" src=\"https:\/\/librosdelzorrorojo.com\/wp-content\/uploads\/2021\/09\/DC-ICEC-horitzontal-cos12-bn-1-600x80.png\" alt=\"\" width=\"300\" height=\"40\" class=\"alignnone wp-image-23703\" srcset=\"https:\/\/librosdelzorrorojo.com\/wp-content\/uploads\/2021\/09\/DC-ICEC-horitzontal-cos12-bn-1-600x80.png 600w, https:\/\/librosdelzorrorojo.com\/wp-content\/uploads\/2021\/09\/DC-ICEC-horitzontal-cos12-bn-1-1024x137.png 1024w, https:\/\/librosdelzorrorojo.com\/wp-content\/uploads\/2021\/09\/DC-ICEC-horitzontal-cos12-bn-1-768x103.png 768w, https:\/\/librosdelzorrorojo.com\/wp-content\/uploads\/2021\/09\/DC-ICEC-horitzontal-cos12-bn-1-800x107.png 800w, https:\/\/librosdelzorrorojo.com\/wp-content\/uploads\/2021\/09\/DC-ICEC-horitzontal-cos12-bn-1.png 1482w\" sizes=\"(max-width: 300px) 100vw, 300px\" \/><\/p>\n<p>&#8211;<\/p>\n<p>Rese\u00f1a en <em>Eldiario.es<\/em> <span style=\"color: #ff0000;\"><a href=\"https:\/\/librosdelzorrorojo.com\/un-espiritu-libre-no-debe-aprender-como-esclavo\/\" style=\"color: #ff0000;\">aqu\u00ed<\/a><\/span><\/p>\n","protected":false},"excerpt":{"rendered":"Obra central de uno de los referentes de la ciencia ficci\u00f3n, <em>La guerra de las salamandras<\/em> se sirve de una \u00e1cida iron\u00eda para construir una f\u00e1bula que desnuda las estructuras discursivas del imperialismo y de los reg\u00edmenes totalitarios, al tiempo que rescata una pregunta fundamental: \u00bfqu\u00e9 mundo ayudamos \u2014con nuestros actos, con nuestra pasividad\u2014 a construir?","protected":false},"featured_media":9485,"template":"","meta":{"_acf_changed":false},"product_brand":[],"product_cat":[844,3156],"product_tag":[],"class_list":{"0":"post-11958","1":"product","2":"type-product","3":"status-publish","4":"has-post-thumbnail","6":"product_cat-castella","7":"product_cat-juvenil-adult","9":"first","10":"instock","11":"taxable","12":"shipping-taxable","13":"purchasable","14":"product-type-variable"},"acf":[],"yoast_head":"<!-- This site is optimized with the Yoast SEO plugin v25.1 - https:\/\/yoast.com\/wordpress\/plugins\/seo\/ -->\n<title>La guerra de las salamandras - Libros del Zorro Rojo<\/title>\n<meta name=\"description\" content=\"Obra central de uno de los referentes de la ciencia ficci\u00f3n, La guerra de las salamandras se sirve de una \u00e1cida iron\u00eda para construir una f\u00e1bula\" \/>\n<meta name=\"robots\" content=\"index, follow, max-snippet:-1, max-image-preview:large, max-video-preview:-1\" \/>\n<link rel=\"canonical\" href=\"https:\/\/librosdelzorrorojo.com\/ca\/cataleg\/la-guerra-de-las-salamandras\/\" \/>\n<meta property=\"og:locale\" content=\"ca_ES\" \/>\n<meta property=\"og:type\" content=\"article\" \/>\n<meta property=\"og:title\" content=\"La guerra de las salamandras - Libros del Zorro Rojo\" \/>\n<meta property=\"og:description\" content=\"Obra central de uno de los referentes de la ciencia ficci\u00f3n, La guerra de las salamandras se sirve de una \u00e1cida iron\u00eda para construir una f\u00e1bula\" \/>\n<meta property=\"og:url\" content=\"https:\/\/librosdelzorrorojo.com\/ca\/cataleg\/la-guerra-de-las-salamandras\/\" \/>\n<meta property=\"og:site_name\" content=\"Libros del Zorro Rojo\" \/>\n<meta property=\"article:modified_time\" content=\"2026-04-09T09:36:51+00:00\" \/>\n<meta property=\"og:image\" content=\"https:\/\/librosdelzorrorojo.com\/wp-content\/uploads\/2018\/04\/LaGuerraDeLasSalamandras5_1200x1200-1024x1024.png\" \/>\n\t<meta property=\"og:image:width\" content=\"1024\" \/>\n\t<meta property=\"og:image:height\" content=\"1024\" \/>\n\t<meta property=\"og:image:type\" content=\"image\/png\" \/>\n<meta name=\"twitter:card\" content=\"summary_large_image\" \/>\n<meta name=\"twitter:label1\" content=\"Temps estimat de lectura\" \/>\n\t<meta name=\"twitter:data1\" content=\"1 minut\" \/>\n<script type=\"application\/ld+json\" class=\"yoast-schema-graph\">{\"@context\":\"https:\/\/schema.org\",\"@graph\":[{\"@type\":\"WebPage\",\"@id\":\"https:\/\/librosdelzorrorojo.com\/ca\/cataleg\/la-guerra-de-las-salamandras\/\",\"url\":\"https:\/\/librosdelzorrorojo.com\/ca\/cataleg\/la-guerra-de-las-salamandras\/\",\"name\":\"La guerra de las salamandras - Libros del Zorro Rojo\",\"isPartOf\":{\"@id\":\"https:\/\/librosdelzorrorojo.com\/#website\"},\"primaryImageOfPage\":{\"@id\":\"https:\/\/librosdelzorrorojo.com\/ca\/cataleg\/la-guerra-de-las-salamandras\/#primaryimage\"},\"image\":{\"@id\":\"https:\/\/librosdelzorrorojo.com\/ca\/cataleg\/la-guerra-de-las-salamandras\/#primaryimage\"},\"thumbnailUrl\":\"https:\/\/librosdelzorrorojo.com\/wp-content\/uploads\/2018\/04\/Cover_LaGuerraDeLasSalamandras.png\",\"datePublished\":\"2018-04-04T10:00:49+00:00\",\"dateModified\":\"2026-04-09T09:36:51+00:00\",\"description\":\"Obra central de uno de los referentes de la ciencia ficci\u00f3n, La guerra de las salamandras se sirve de una \u00e1cida iron\u00eda para construir una f\u00e1bula\",\"breadcrumb\":{\"@id\":\"https:\/\/librosdelzorrorojo.com\/ca\/cataleg\/la-guerra-de-las-salamandras\/#breadcrumb\"},\"inLanguage\":\"ca\",\"potentialAction\":[{\"@type\":\"ReadAction\",\"target\":[\"https:\/\/librosdelzorrorojo.com\/ca\/cataleg\/la-guerra-de-las-salamandras\/\"]}]},{\"@type\":\"ImageObject\",\"inLanguage\":\"ca\",\"@id\":\"https:\/\/librosdelzorrorojo.com\/ca\/cataleg\/la-guerra-de-las-salamandras\/#primaryimage\",\"url\":\"https:\/\/librosdelzorrorojo.com\/wp-content\/uploads\/2018\/04\/Cover_LaGuerraDeLasSalamandras.png\",\"contentUrl\":\"https:\/\/librosdelzorrorojo.com\/wp-content\/uploads\/2018\/04\/Cover_LaGuerraDeLasSalamandras.png\",\"width\":850,\"height\":1288,\"caption\":\"Cover LaGuerraDeLasSalamandras\"},{\"@type\":\"BreadcrumbList\",\"@id\":\"https:\/\/librosdelzorrorojo.com\/ca\/cataleg\/la-guerra-de-las-salamandras\/#breadcrumb\",\"itemListElement\":[{\"@type\":\"ListItem\",\"position\":1,\"name\":\"Portada\",\"item\":\"https:\/\/librosdelzorrorojo.com\/ca\/\"},{\"@type\":\"ListItem\",\"position\":2,\"name\":\"Cat\u00e0leg\",\"item\":\"https:\/\/librosdelzorrorojo.com\/ca\/cataleg\/\"},{\"@type\":\"ListItem\",\"position\":3,\"name\":\"La guerra de las salamandras\"}]},{\"@type\":\"WebSite\",\"@id\":\"https:\/\/librosdelzorrorojo.com\/#website\",\"url\":\"https:\/\/librosdelzorrorojo.com\/\",\"name\":\"Libros del Zorro Rojo\",\"description\":\"Libros ilustrados\",\"potentialAction\":[{\"@type\":\"SearchAction\",\"target\":{\"@type\":\"EntryPoint\",\"urlTemplate\":\"https:\/\/librosdelzorrorojo.com\/?s={search_term_string}\"},\"query-input\":{\"@type\":\"PropertyValueSpecification\",\"valueRequired\":true,\"valueName\":\"search_term_string\"}}],\"inLanguage\":\"ca\"}]}<\/script>\n<!-- \/ Yoast SEO plugin. -->","yoast_head_json":{"title":"La guerra de las salamandras - Libros del Zorro Rojo","description":"Obra central de uno de los referentes de la ciencia ficci\u00f3n, La guerra de las salamandras se sirve de una \u00e1cida iron\u00eda para construir una f\u00e1bula","robots":{"index":"index","follow":"follow","max-snippet":"max-snippet:-1","max-image-preview":"max-image-preview:large","max-video-preview":"max-video-preview:-1"},"canonical":"https:\/\/librosdelzorrorojo.com\/ca\/cataleg\/la-guerra-de-las-salamandras\/","og_locale":"ca_ES","og_type":"article","og_title":"La guerra de las salamandras - Libros del Zorro Rojo","og_description":"Obra central de uno de los referentes de la ciencia ficci\u00f3n, La guerra de las salamandras se sirve de una \u00e1cida iron\u00eda para construir una f\u00e1bula","og_url":"https:\/\/librosdelzorrorojo.com\/ca\/cataleg\/la-guerra-de-las-salamandras\/","og_site_name":"Libros del Zorro Rojo","article_modified_time":"2026-04-09T09:36:51+00:00","og_image":[{"width":1024,"height":1024,"url":"https:\/\/librosdelzorrorojo.com\/wp-content\/uploads\/2018\/04\/LaGuerraDeLasSalamandras5_1200x1200-1024x1024.png","type":"image\/png"}],"twitter_card":"summary_large_image","twitter_misc":{"Temps estimat de lectura":"1 minut"},"schema":{"@context":"https:\/\/schema.org","@graph":[{"@type":"WebPage","@id":"https:\/\/librosdelzorrorojo.com\/ca\/cataleg\/la-guerra-de-las-salamandras\/","url":"https:\/\/librosdelzorrorojo.com\/ca\/cataleg\/la-guerra-de-las-salamandras\/","name":"La guerra de las salamandras - Libros del Zorro Rojo","isPartOf":{"@id":"https:\/\/librosdelzorrorojo.com\/#website"},"primaryImageOfPage":{"@id":"https:\/\/librosdelzorrorojo.com\/ca\/cataleg\/la-guerra-de-las-salamandras\/#primaryimage"},"image":{"@id":"https:\/\/librosdelzorrorojo.com\/ca\/cataleg\/la-guerra-de-las-salamandras\/#primaryimage"},"thumbnailUrl":"https:\/\/librosdelzorrorojo.com\/wp-content\/uploads\/2018\/04\/Cover_LaGuerraDeLasSalamandras.png","datePublished":"2018-04-04T10:00:49+00:00","dateModified":"2026-04-09T09:36:51+00:00","description":"Obra central de uno de los referentes de la ciencia ficci\u00f3n, La guerra de las salamandras se sirve de una \u00e1cida iron\u00eda para construir una f\u00e1bula","breadcrumb":{"@id":"https:\/\/librosdelzorrorojo.com\/ca\/cataleg\/la-guerra-de-las-salamandras\/#breadcrumb"},"inLanguage":"ca","potentialAction":[{"@type":"ReadAction","target":["https:\/\/librosdelzorrorojo.com\/ca\/cataleg\/la-guerra-de-las-salamandras\/"]}]},{"@type":"ImageObject","inLanguage":"ca","@id":"https:\/\/librosdelzorrorojo.com\/ca\/cataleg\/la-guerra-de-las-salamandras\/#primaryimage","url":"https:\/\/librosdelzorrorojo.com\/wp-content\/uploads\/2018\/04\/Cover_LaGuerraDeLasSalamandras.png","contentUrl":"https:\/\/librosdelzorrorojo.com\/wp-content\/uploads\/2018\/04\/Cover_LaGuerraDeLasSalamandras.png","width":850,"height":1288,"caption":"Cover LaGuerraDeLasSalamandras"},{"@type":"BreadcrumbList","@id":"https:\/\/librosdelzorrorojo.com\/ca\/cataleg\/la-guerra-de-las-salamandras\/#breadcrumb","itemListElement":[{"@type":"ListItem","position":1,"name":"Portada","item":"https:\/\/librosdelzorrorojo.com\/ca\/"},{"@type":"ListItem","position":2,"name":"Cat\u00e0leg","item":"https:\/\/librosdelzorrorojo.com\/ca\/cataleg\/"},{"@type":"ListItem","position":3,"name":"La guerra de las salamandras"}]},{"@type":"WebSite","@id":"https:\/\/librosdelzorrorojo.com\/#website","url":"https:\/\/librosdelzorrorojo.com\/","name":"Libros del Zorro Rojo","description":"Libros ilustrados","potentialAction":[{"@type":"SearchAction","target":{"@type":"EntryPoint","urlTemplate":"https:\/\/librosdelzorrorojo.com\/?s={search_term_string}"},"query-input":{"@type":"PropertyValueSpecification","valueRequired":true,"valueName":"search_term_string"}}],"inLanguage":"ca"}]}},"_links":{"self":[{"href":"https:\/\/librosdelzorrorojo.com\/ca\/wp-json\/wp\/v2\/product\/11958","targetHints":{"allow":["GET"]}}],"collection":[{"href":"https:\/\/librosdelzorrorojo.com\/ca\/wp-json\/wp\/v2\/product"}],"about":[{"href":"https:\/\/librosdelzorrorojo.com\/ca\/wp-json\/wp\/v2\/types\/product"}],"wp:featuredmedia":[{"embeddable":true,"href":"https:\/\/librosdelzorrorojo.com\/ca\/wp-json\/wp\/v2\/media\/9485"}],"wp:attachment":[{"href":"https:\/\/librosdelzorrorojo.com\/ca\/wp-json\/wp\/v2\/media?parent=11958"}],"wp:term":[{"taxonomy":"product_brand","embeddable":true,"href":"https:\/\/librosdelzorrorojo.com\/ca\/wp-json\/wp\/v2\/product_brand?post=11958"},{"taxonomy":"product_cat","embeddable":true,"href":"https:\/\/librosdelzorrorojo.com\/ca\/wp-json\/wp\/v2\/product_cat?post=11958"},{"taxonomy":"product_tag","embeddable":true,"href":"https:\/\/librosdelzorrorojo.com\/ca\/wp-json\/wp\/v2\/product_tag?post=11958"}],"curies":[{"name":"wp","href":"https:\/\/api.w.org\/{rel}","templated":true}]}}