{"id":11936,"date":"2018-05-06T12:00:48","date_gmt":"2018-05-06T10:00:48","guid":{"rendered":"https:\/\/librosdelzorrorojo.com\/catalogo\/orbis-sensualium-pictus\/"},"modified":"2024-02-29T11:37:35","modified_gmt":"2024-02-29T10:37:35","slug":"orbis-sensualium-pictus","status":"publish","type":"product","link":"https:\/\/librosdelzorrorojo.com\/ca\/cataleg\/orbis-sensualium-pictus\/","title":{"rendered":"Orbis Sensualium Pictus"},"content":{"rendered":"<p>En 1658, el pedagogo y fil\u00f3sofo checo Jan Amos Komensky\u0301, Comenius en lat\u00edn, public\u00f3 esta obra, considerada el primer libro ilustrado para ni\u00f1os, fiel a su premisa: \u00abSi alguna cosa pudiera ser percibida por diversos sentidos, ofr\u00e9zcase a todos ellos. [\u2026] Puesto que los sentidos son los fidel\u00edsimos proveedores de la memoria\u00bb.<\/p>\n<p>Una enciclopedia visual dividida en ciento cincuenta cap\u00edtulos, cuya tem\u00e1tica abarca \u00abtodas las cosas fundamentales en el mundo y de las actividades en la vida\u00bb. <em>Orbis Sensualium Pictus<\/em>, tambi\u00e9n conocido como <em>Orbis Pictus<\/em>, recorre la totalidad del universo de su tiempo: Dios, la naturaleza, los objetos y los seres humanos, recreando los diferentes aspectos de su condici\u00f3n moral y social. El libro, concebido originalmente para el aprendizaje del lat\u00edn, introdujo una propuesta novedosa y revolucionaria en su momento, al emplear las ilustraciones con fines did\u00e1cticos.<\/p>\n<p><span>Hojea el libro\u00a0<a href=\"https:\/\/issuu.com\/librosdelzorrorojo\/docs\/issuu_orbis_2\"><span style=\"color: #ff0000\">aqu\u00ed<\/span><\/a><\/span><span><\/span><\/p>\n<p>&#8211;<\/p>\n<p>Rese\u00f1a en <em>Encuentros. Suplemento de Cultura del Diario de Tarragona<\/em> <span style=\"color: #ff0000\"><a href=\"https:\/\/librosdelzorrorojo.com\/el-viento-subterraneo-provoca-el-terremoto\/\" style=\"color: #ff0000\">aqu\u00ed.<\/a><\/span><\/p>\n","protected":false},"excerpt":{"rendered":"Una enciclopedia visual dividida en ciento cincuenta cap\u00edtulos, cuya tem\u00e1tica abarca \u00abtodas las cosas fundamentales en el mundo y de las actividades en la vida\u00bb. <em>Orbis sensualium pictus<\/em>, tambi\u00e9n conocido como <em>Orbis Pictus<\/em>, recorre la totalidad del universo de su tiempo: Dios, la naturaleza, los objetos y los seres humanos, recreando los diferentes aspectos de su condici\u00f3n moral y social.","protected":false},"featured_media":9456,"template":"","meta":{"_acf_changed":false},"product_brand":[],"product_cat":[844,3156],"product_tag":[],"class_list":{"0":"post-11936","1":"product","2":"type-product","3":"status-publish","4":"has-post-thumbnail","6":"product_cat-castella","7":"product_cat-juvenil-adult","8":"vinculo-orbis-sensualium-pictus","10":"first","11":"instock","12":"taxable","13":"shipping-taxable","14":"purchasable","15":"product-type-simple"},"acf":[],"yoast_head":"<!-- This site is optimized with the Yoast SEO plugin v25.1 - https:\/\/yoast.com\/wordpress\/plugins\/seo\/ -->\n<title>Orbis Sensualium Pictus - Libros del Zorro Rojo<\/title>\n<meta name=\"description\" content=\"primer libro ilustrado, enciclopedia visual, Dios, naturaleza, objetos, seres humanos, Ilustraciones, tiempo, universo, aprendizaje\" \/>\n<meta name=\"robots\" content=\"index, follow, max-snippet:-1, max-image-preview:large, max-video-preview:-1\" \/>\n<link rel=\"canonical\" href=\"https:\/\/librosdelzorrorojo.com\/ca\/cataleg\/orbis-sensualium-pictus\/\" \/>\n<meta property=\"og:locale\" content=\"ca_ES\" \/>\n<meta property=\"og:type\" content=\"article\" \/>\n<meta property=\"og:title\" content=\"Orbis Sensualium Pictus - Libros del Zorro Rojo\" \/>\n<meta property=\"og:description\" content=\"primer libro ilustrado, enciclopedia visual, Dios, naturaleza, objetos, seres humanos, Ilustraciones, tiempo, universo, aprendizaje\" \/>\n<meta property=\"og:url\" content=\"https:\/\/librosdelzorrorojo.com\/ca\/cataleg\/orbis-sensualium-pictus\/\" \/>\n<meta property=\"og:site_name\" content=\"Libros del Zorro Rojo\" \/>\n<meta property=\"article:modified_time\" content=\"2024-02-29T10:37:35+00:00\" \/>\n<meta property=\"og:image\" content=\"https:\/\/librosdelzorrorojo.com\/wp-content\/uploads\/2018\/05\/Cover_Orbis-1.jpg\" \/>\n\t<meta property=\"og:image:width\" content=\"850\" \/>\n\t<meta property=\"og:image:height\" content=\"1283\" \/>\n\t<meta property=\"og:image:type\" content=\"image\/jpeg\" \/>\n<meta name=\"twitter:card\" content=\"summary_large_image\" \/>\n<meta name=\"twitter:label1\" content=\"Temps estimat de lectura\" \/>\n\t<meta name=\"twitter:data1\" content=\"1 minut\" \/>\n<script type=\"application\/ld+json\" class=\"yoast-schema-graph\">{\"@context\":\"https:\/\/schema.org\",\"@graph\":[{\"@type\":\"WebPage\",\"@id\":\"https:\/\/librosdelzorrorojo.com\/ca\/cataleg\/orbis-sensualium-pictus\/\",\"url\":\"https:\/\/librosdelzorrorojo.com\/ca\/cataleg\/orbis-sensualium-pictus\/\",\"name\":\"Orbis Sensualium Pictus - Libros del Zorro Rojo\",\"isPartOf\":{\"@id\":\"https:\/\/librosdelzorrorojo.com\/#website\"},\"primaryImageOfPage\":{\"@id\":\"https:\/\/librosdelzorrorojo.com\/ca\/cataleg\/orbis-sensualium-pictus\/#primaryimage\"},\"image\":{\"@id\":\"https:\/\/librosdelzorrorojo.com\/ca\/cataleg\/orbis-sensualium-pictus\/#primaryimage\"},\"thumbnailUrl\":\"https:\/\/librosdelzorrorojo.com\/wp-content\/uploads\/2018\/05\/Cover_Orbis-1.jpg\",\"datePublished\":\"2018-05-06T10:00:48+00:00\",\"dateModified\":\"2024-02-29T10:37:35+00:00\",\"description\":\"primer libro ilustrado, enciclopedia visual, Dios, naturaleza, objetos, seres humanos, Ilustraciones, tiempo, universo, aprendizaje\",\"breadcrumb\":{\"@id\":\"https:\/\/librosdelzorrorojo.com\/ca\/cataleg\/orbis-sensualium-pictus\/#breadcrumb\"},\"inLanguage\":\"ca\",\"potentialAction\":[{\"@type\":\"ReadAction\",\"target\":[\"https:\/\/librosdelzorrorojo.com\/ca\/cataleg\/orbis-sensualium-pictus\/\"]}]},{\"@type\":\"ImageObject\",\"inLanguage\":\"ca\",\"@id\":\"https:\/\/librosdelzorrorojo.com\/ca\/cataleg\/orbis-sensualium-pictus\/#primaryimage\",\"url\":\"https:\/\/librosdelzorrorojo.com\/wp-content\/uploads\/2018\/05\/Cover_Orbis-1.jpg\",\"contentUrl\":\"https:\/\/librosdelzorrorojo.com\/wp-content\/uploads\/2018\/05\/Cover_Orbis-1.jpg\",\"width\":850,\"height\":1283,\"caption\":\"Cover Orbis 1\"},{\"@type\":\"BreadcrumbList\",\"@id\":\"https:\/\/librosdelzorrorojo.com\/ca\/cataleg\/orbis-sensualium-pictus\/#breadcrumb\",\"itemListElement\":[{\"@type\":\"ListItem\",\"position\":1,\"name\":\"Portada\",\"item\":\"https:\/\/librosdelzorrorojo.com\/ca\/\"},{\"@type\":\"ListItem\",\"position\":2,\"name\":\"Cat\u00e0leg\",\"item\":\"https:\/\/librosdelzorrorojo.com\/ca\/cataleg\/\"},{\"@type\":\"ListItem\",\"position\":3,\"name\":\"Orbis Sensualium Pictus\"}]},{\"@type\":\"WebSite\",\"@id\":\"https:\/\/librosdelzorrorojo.com\/#website\",\"url\":\"https:\/\/librosdelzorrorojo.com\/\",\"name\":\"Libros del Zorro Rojo\",\"description\":\"Libros ilustrados\",\"potentialAction\":[{\"@type\":\"SearchAction\",\"target\":{\"@type\":\"EntryPoint\",\"urlTemplate\":\"https:\/\/librosdelzorrorojo.com\/?s={search_term_string}\"},\"query-input\":{\"@type\":\"PropertyValueSpecification\",\"valueRequired\":true,\"valueName\":\"search_term_string\"}}],\"inLanguage\":\"ca\"}]}<\/script>\n<!-- \/ Yoast SEO plugin. -->","yoast_head_json":{"title":"Orbis Sensualium Pictus - Libros del Zorro Rojo","description":"primer libro ilustrado, enciclopedia visual, Dios, naturaleza, objetos, seres humanos, Ilustraciones, tiempo, universo, aprendizaje","robots":{"index":"index","follow":"follow","max-snippet":"max-snippet:-1","max-image-preview":"max-image-preview:large","max-video-preview":"max-video-preview:-1"},"canonical":"https:\/\/librosdelzorrorojo.com\/ca\/cataleg\/orbis-sensualium-pictus\/","og_locale":"ca_ES","og_type":"article","og_title":"Orbis Sensualium Pictus - Libros del Zorro Rojo","og_description":"primer libro ilustrado, enciclopedia visual, Dios, naturaleza, objetos, seres humanos, Ilustraciones, tiempo, universo, aprendizaje","og_url":"https:\/\/librosdelzorrorojo.com\/ca\/cataleg\/orbis-sensualium-pictus\/","og_site_name":"Libros del Zorro Rojo","article_modified_time":"2024-02-29T10:37:35+00:00","og_image":[{"width":850,"height":1283,"url":"https:\/\/librosdelzorrorojo.com\/wp-content\/uploads\/2018\/05\/Cover_Orbis-1.jpg","type":"image\/jpeg"}],"twitter_card":"summary_large_image","twitter_misc":{"Temps estimat de lectura":"1 minut"},"schema":{"@context":"https:\/\/schema.org","@graph":[{"@type":"WebPage","@id":"https:\/\/librosdelzorrorojo.com\/ca\/cataleg\/orbis-sensualium-pictus\/","url":"https:\/\/librosdelzorrorojo.com\/ca\/cataleg\/orbis-sensualium-pictus\/","name":"Orbis Sensualium Pictus - Libros del Zorro Rojo","isPartOf":{"@id":"https:\/\/librosdelzorrorojo.com\/#website"},"primaryImageOfPage":{"@id":"https:\/\/librosdelzorrorojo.com\/ca\/cataleg\/orbis-sensualium-pictus\/#primaryimage"},"image":{"@id":"https:\/\/librosdelzorrorojo.com\/ca\/cataleg\/orbis-sensualium-pictus\/#primaryimage"},"thumbnailUrl":"https:\/\/librosdelzorrorojo.com\/wp-content\/uploads\/2018\/05\/Cover_Orbis-1.jpg","datePublished":"2018-05-06T10:00:48+00:00","dateModified":"2024-02-29T10:37:35+00:00","description":"primer libro ilustrado, enciclopedia visual, Dios, naturaleza, objetos, seres humanos, Ilustraciones, tiempo, universo, aprendizaje","breadcrumb":{"@id":"https:\/\/librosdelzorrorojo.com\/ca\/cataleg\/orbis-sensualium-pictus\/#breadcrumb"},"inLanguage":"ca","potentialAction":[{"@type":"ReadAction","target":["https:\/\/librosdelzorrorojo.com\/ca\/cataleg\/orbis-sensualium-pictus\/"]}]},{"@type":"ImageObject","inLanguage":"ca","@id":"https:\/\/librosdelzorrorojo.com\/ca\/cataleg\/orbis-sensualium-pictus\/#primaryimage","url":"https:\/\/librosdelzorrorojo.com\/wp-content\/uploads\/2018\/05\/Cover_Orbis-1.jpg","contentUrl":"https:\/\/librosdelzorrorojo.com\/wp-content\/uploads\/2018\/05\/Cover_Orbis-1.jpg","width":850,"height":1283,"caption":"Cover Orbis 1"},{"@type":"BreadcrumbList","@id":"https:\/\/librosdelzorrorojo.com\/ca\/cataleg\/orbis-sensualium-pictus\/#breadcrumb","itemListElement":[{"@type":"ListItem","position":1,"name":"Portada","item":"https:\/\/librosdelzorrorojo.com\/ca\/"},{"@type":"ListItem","position":2,"name":"Cat\u00e0leg","item":"https:\/\/librosdelzorrorojo.com\/ca\/cataleg\/"},{"@type":"ListItem","position":3,"name":"Orbis Sensualium Pictus"}]},{"@type":"WebSite","@id":"https:\/\/librosdelzorrorojo.com\/#website","url":"https:\/\/librosdelzorrorojo.com\/","name":"Libros del Zorro Rojo","description":"Libros ilustrados","potentialAction":[{"@type":"SearchAction","target":{"@type":"EntryPoint","urlTemplate":"https:\/\/librosdelzorrorojo.com\/?s={search_term_string}"},"query-input":{"@type":"PropertyValueSpecification","valueRequired":true,"valueName":"search_term_string"}}],"inLanguage":"ca"}]}},"_links":{"self":[{"href":"https:\/\/librosdelzorrorojo.com\/ca\/wp-json\/wp\/v2\/product\/11936","targetHints":{"allow":["GET"]}}],"collection":[{"href":"https:\/\/librosdelzorrorojo.com\/ca\/wp-json\/wp\/v2\/product"}],"about":[{"href":"https:\/\/librosdelzorrorojo.com\/ca\/wp-json\/wp\/v2\/types\/product"}],"wp:featuredmedia":[{"embeddable":true,"href":"https:\/\/librosdelzorrorojo.com\/ca\/wp-json\/wp\/v2\/media\/9456"}],"wp:attachment":[{"href":"https:\/\/librosdelzorrorojo.com\/ca\/wp-json\/wp\/v2\/media?parent=11936"}],"wp:term":[{"taxonomy":"product_brand","embeddable":true,"href":"https:\/\/librosdelzorrorojo.com\/ca\/wp-json\/wp\/v2\/product_brand?post=11936"},{"taxonomy":"product_cat","embeddable":true,"href":"https:\/\/librosdelzorrorojo.com\/ca\/wp-json\/wp\/v2\/product_cat?post=11936"},{"taxonomy":"product_tag","embeddable":true,"href":"https:\/\/librosdelzorrorojo.com\/ca\/wp-json\/wp\/v2\/product_tag?post=11936"}],"curies":[{"name":"wp","href":"https:\/\/api.w.org\/{rel}","templated":true}]}}