{"id":11935,"date":"2018-08-29T18:46:12","date_gmt":"2018-08-29T16:46:12","guid":{"rendered":"https:\/\/librosdelzorrorojo.com\/catalogo\/la-vida-es-sueno\/"},"modified":"2025-04-12T09:43:44","modified_gmt":"2025-04-12T07:43:44","slug":"la-vida-es-sueno","status":"publish","type":"product","link":"https:\/\/librosdelzorrorojo.com\/ca\/cataleg\/la-vida-es-sueno\/","title":{"rendered":"La vida es sue\u00f1o"},"content":{"rendered":"<p><i>La vida es sue\u00f1o<\/i> es una de las obras m\u00e1s deslumbrantes de la dramaturgia espa\u00f1ola, que recrea la capacidad y el esfuerzo del ser humano por la conquista de la libertad y la lucha contra su propio destino. Al igual que en <i>Hamlet,<\/i> el teatro forma parte de la vida y de las escenas m\u00e1s determinantes para los personajes centrales de ambas obras. Inscrita en el Siglo de Oro espa\u00f1ol, el lirismo calderoniano conjugado con la riqueza de los temas tratados (determinismo, libre albedr\u00edo, educaci\u00f3n del ser humano\u2026) siguen plenamente vigentes, generando en el lector contempor\u00e1neo las mismas inquietudes que en su primer estreno en 1635.<\/p>\n<p>Gabriel Gr\u00fcn ha realizado para esta edici\u00f3n veintis\u00e9is pinturas al \u00f3leo que, sin abandonar el registro cl\u00e1sico, enfatizan la vertiente on\u00edrica y grotesca de la obra. Una nueva puesta en valor que ampl\u00eda el espectro de lectores, acercando la obra a un p\u00fablico m\u00e1s joven.<\/p>\n<p>Mira el booktrailer <span style=\"color: #ff0000\"><a href=\"https:\/\/www.youtube.com\/watch?v=f0Gq77dXcec\" style=\"color: #ff0000\">aqu\u00ed.<\/a><\/span><\/p>\n","protected":false},"excerpt":{"rendered":"La vida es sue\u00f1o es una de las obras m\u00e1s deslumbrantes de la dramaturgia espa\u00f1ola, que recrea la capacidad y el esfuerzo del ser humano por la conquista de la libertad y la lucha contra su propio destino.","protected":false},"featured_media":9470,"template":"","meta":{"_acf_changed":false},"product_brand":[],"product_cat":[844,3156],"product_tag":[],"class_list":{"0":"post-11935","1":"product","2":"type-product","3":"status-publish","4":"has-post-thumbnail","6":"product_cat-castella","7":"product_cat-juvenil-adult","9":"first","10":"instock","11":"taxable","12":"shipping-taxable","13":"purchasable","14":"product-type-simple"},"acf":[],"yoast_head":"<!-- This site is optimized with the Yoast SEO plugin v25.1 - https:\/\/yoast.com\/wordpress\/plugins\/seo\/ -->\n<title>La vida es sue\u00f1o - Libros del Zorro Rojo<\/title>\n<meta name=\"description\" content=\"obras m\u00e1s deslumbrantes de la dramaturgia espa\u00f1ola, por la conquista de la libertad, Siglo de Oro espa\u00f1ol, determinismo, libre albedr\u00edo, educaci\u00f3n\" \/>\n<meta name=\"robots\" content=\"index, follow, max-snippet:-1, max-image-preview:large, max-video-preview:-1\" \/>\n<link rel=\"canonical\" href=\"https:\/\/librosdelzorrorojo.com\/ca\/cataleg\/la-vida-es-sueno\/\" \/>\n<meta property=\"og:locale\" content=\"ca_ES\" \/>\n<meta property=\"og:type\" content=\"article\" \/>\n<meta property=\"og:title\" content=\"La vida es sue\u00f1o - Libros del Zorro Rojo\" \/>\n<meta property=\"og:description\" content=\"obras m\u00e1s deslumbrantes de la dramaturgia espa\u00f1ola, por la conquista de la libertad, Siglo de Oro espa\u00f1ol, determinismo, libre albedr\u00edo, educaci\u00f3n\" \/>\n<meta property=\"og:url\" content=\"https:\/\/librosdelzorrorojo.com\/ca\/cataleg\/la-vida-es-sueno\/\" \/>\n<meta property=\"og:site_name\" content=\"Libros del Zorro Rojo\" \/>\n<meta property=\"article:modified_time\" content=\"2025-04-12T07:43:44+00:00\" \/>\n<meta property=\"og:image\" content=\"https:\/\/librosdelzorrorojo.com\/wp-content\/uploads\/2018\/08\/Cover_La-vida-es-suen\u0303o.png\" \/>\n\t<meta property=\"og:image:width\" content=\"850\" \/>\n\t<meta property=\"og:image:height\" content=\"1187\" \/>\n\t<meta property=\"og:image:type\" content=\"image\/png\" \/>\n<meta name=\"twitter:card\" content=\"summary_large_image\" \/>\n<meta name=\"twitter:label1\" content=\"Temps estimat de lectura\" \/>\n\t<meta name=\"twitter:data1\" content=\"1 minut\" \/>\n<script type=\"application\/ld+json\" class=\"yoast-schema-graph\">{\"@context\":\"https:\/\/schema.org\",\"@graph\":[{\"@type\":\"WebPage\",\"@id\":\"https:\/\/librosdelzorrorojo.com\/ca\/cataleg\/la-vida-es-sueno\/\",\"url\":\"https:\/\/librosdelzorrorojo.com\/ca\/cataleg\/la-vida-es-sueno\/\",\"name\":\"La vida es sue\u00f1o - Libros del Zorro Rojo\",\"isPartOf\":{\"@id\":\"https:\/\/librosdelzorrorojo.com\/#website\"},\"primaryImageOfPage\":{\"@id\":\"https:\/\/librosdelzorrorojo.com\/ca\/cataleg\/la-vida-es-sueno\/#primaryimage\"},\"image\":{\"@id\":\"https:\/\/librosdelzorrorojo.com\/ca\/cataleg\/la-vida-es-sueno\/#primaryimage\"},\"thumbnailUrl\":\"https:\/\/librosdelzorrorojo.com\/wp-content\/uploads\/2018\/08\/Cover_La-vida-es-suen\u0303o.png\",\"datePublished\":\"2018-08-29T16:46:12+00:00\",\"dateModified\":\"2025-04-12T07:43:44+00:00\",\"description\":\"obras m\u00e1s deslumbrantes de la dramaturgia espa\u00f1ola, por la conquista de la libertad, Siglo de Oro espa\u00f1ol, determinismo, libre albedr\u00edo, educaci\u00f3n\",\"breadcrumb\":{\"@id\":\"https:\/\/librosdelzorrorojo.com\/ca\/cataleg\/la-vida-es-sueno\/#breadcrumb\"},\"inLanguage\":\"ca\",\"potentialAction\":[{\"@type\":\"ReadAction\",\"target\":[\"https:\/\/librosdelzorrorojo.com\/ca\/cataleg\/la-vida-es-sueno\/\"]}]},{\"@type\":\"ImageObject\",\"inLanguage\":\"ca\",\"@id\":\"https:\/\/librosdelzorrorojo.com\/ca\/cataleg\/la-vida-es-sueno\/#primaryimage\",\"url\":\"https:\/\/librosdelzorrorojo.com\/wp-content\/uploads\/2018\/08\/Cover_La-vida-es-suen\u0303o.png\",\"contentUrl\":\"https:\/\/librosdelzorrorojo.com\/wp-content\/uploads\/2018\/08\/Cover_La-vida-es-suen\u0303o.png\",\"width\":850,\"height\":1187,\"caption\":\"Cover La vida es suen\u0303o\"},{\"@type\":\"BreadcrumbList\",\"@id\":\"https:\/\/librosdelzorrorojo.com\/ca\/cataleg\/la-vida-es-sueno\/#breadcrumb\",\"itemListElement\":[{\"@type\":\"ListItem\",\"position\":1,\"name\":\"Portada\",\"item\":\"https:\/\/librosdelzorrorojo.com\/ca\/\"},{\"@type\":\"ListItem\",\"position\":2,\"name\":\"Cat\u00e0leg\",\"item\":\"https:\/\/librosdelzorrorojo.com\/ca\/cataleg\/\"},{\"@type\":\"ListItem\",\"position\":3,\"name\":\"La vida es sue\u00f1o\"}]},{\"@type\":\"WebSite\",\"@id\":\"https:\/\/librosdelzorrorojo.com\/#website\",\"url\":\"https:\/\/librosdelzorrorojo.com\/\",\"name\":\"Libros del Zorro Rojo\",\"description\":\"Libros ilustrados\",\"potentialAction\":[{\"@type\":\"SearchAction\",\"target\":{\"@type\":\"EntryPoint\",\"urlTemplate\":\"https:\/\/librosdelzorrorojo.com\/?s={search_term_string}\"},\"query-input\":{\"@type\":\"PropertyValueSpecification\",\"valueRequired\":true,\"valueName\":\"search_term_string\"}}],\"inLanguage\":\"ca\"}]}<\/script>\n<!-- \/ Yoast SEO plugin. -->","yoast_head_json":{"title":"La vida es sue\u00f1o - Libros del Zorro Rojo","description":"obras m\u00e1s deslumbrantes de la dramaturgia espa\u00f1ola, por la conquista de la libertad, Siglo de Oro espa\u00f1ol, determinismo, libre albedr\u00edo, educaci\u00f3n","robots":{"index":"index","follow":"follow","max-snippet":"max-snippet:-1","max-image-preview":"max-image-preview:large","max-video-preview":"max-video-preview:-1"},"canonical":"https:\/\/librosdelzorrorojo.com\/ca\/cataleg\/la-vida-es-sueno\/","og_locale":"ca_ES","og_type":"article","og_title":"La vida es sue\u00f1o - Libros del Zorro Rojo","og_description":"obras m\u00e1s deslumbrantes de la dramaturgia espa\u00f1ola, por la conquista de la libertad, Siglo de Oro espa\u00f1ol, determinismo, libre albedr\u00edo, educaci\u00f3n","og_url":"https:\/\/librosdelzorrorojo.com\/ca\/cataleg\/la-vida-es-sueno\/","og_site_name":"Libros del Zorro Rojo","article_modified_time":"2025-04-12T07:43:44+00:00","og_image":[{"width":850,"height":1187,"url":"https:\/\/librosdelzorrorojo.com\/wp-content\/uploads\/2018\/08\/Cover_La-vida-es-suen\u0303o.png","type":"image\/png"}],"twitter_card":"summary_large_image","twitter_misc":{"Temps estimat de lectura":"1 minut"},"schema":{"@context":"https:\/\/schema.org","@graph":[{"@type":"WebPage","@id":"https:\/\/librosdelzorrorojo.com\/ca\/cataleg\/la-vida-es-sueno\/","url":"https:\/\/librosdelzorrorojo.com\/ca\/cataleg\/la-vida-es-sueno\/","name":"La vida es sue\u00f1o - Libros del Zorro Rojo","isPartOf":{"@id":"https:\/\/librosdelzorrorojo.com\/#website"},"primaryImageOfPage":{"@id":"https:\/\/librosdelzorrorojo.com\/ca\/cataleg\/la-vida-es-sueno\/#primaryimage"},"image":{"@id":"https:\/\/librosdelzorrorojo.com\/ca\/cataleg\/la-vida-es-sueno\/#primaryimage"},"thumbnailUrl":"https:\/\/librosdelzorrorojo.com\/wp-content\/uploads\/2018\/08\/Cover_La-vida-es-suen\u0303o.png","datePublished":"2018-08-29T16:46:12+00:00","dateModified":"2025-04-12T07:43:44+00:00","description":"obras m\u00e1s deslumbrantes de la dramaturgia espa\u00f1ola, por la conquista de la libertad, Siglo de Oro espa\u00f1ol, determinismo, libre albedr\u00edo, educaci\u00f3n","breadcrumb":{"@id":"https:\/\/librosdelzorrorojo.com\/ca\/cataleg\/la-vida-es-sueno\/#breadcrumb"},"inLanguage":"ca","potentialAction":[{"@type":"ReadAction","target":["https:\/\/librosdelzorrorojo.com\/ca\/cataleg\/la-vida-es-sueno\/"]}]},{"@type":"ImageObject","inLanguage":"ca","@id":"https:\/\/librosdelzorrorojo.com\/ca\/cataleg\/la-vida-es-sueno\/#primaryimage","url":"https:\/\/librosdelzorrorojo.com\/wp-content\/uploads\/2018\/08\/Cover_La-vida-es-suen\u0303o.png","contentUrl":"https:\/\/librosdelzorrorojo.com\/wp-content\/uploads\/2018\/08\/Cover_La-vida-es-suen\u0303o.png","width":850,"height":1187,"caption":"Cover La vida es suen\u0303o"},{"@type":"BreadcrumbList","@id":"https:\/\/librosdelzorrorojo.com\/ca\/cataleg\/la-vida-es-sueno\/#breadcrumb","itemListElement":[{"@type":"ListItem","position":1,"name":"Portada","item":"https:\/\/librosdelzorrorojo.com\/ca\/"},{"@type":"ListItem","position":2,"name":"Cat\u00e0leg","item":"https:\/\/librosdelzorrorojo.com\/ca\/cataleg\/"},{"@type":"ListItem","position":3,"name":"La vida es sue\u00f1o"}]},{"@type":"WebSite","@id":"https:\/\/librosdelzorrorojo.com\/#website","url":"https:\/\/librosdelzorrorojo.com\/","name":"Libros del Zorro Rojo","description":"Libros ilustrados","potentialAction":[{"@type":"SearchAction","target":{"@type":"EntryPoint","urlTemplate":"https:\/\/librosdelzorrorojo.com\/?s={search_term_string}"},"query-input":{"@type":"PropertyValueSpecification","valueRequired":true,"valueName":"search_term_string"}}],"inLanguage":"ca"}]}},"_links":{"self":[{"href":"https:\/\/librosdelzorrorojo.com\/ca\/wp-json\/wp\/v2\/product\/11935","targetHints":{"allow":["GET"]}}],"collection":[{"href":"https:\/\/librosdelzorrorojo.com\/ca\/wp-json\/wp\/v2\/product"}],"about":[{"href":"https:\/\/librosdelzorrorojo.com\/ca\/wp-json\/wp\/v2\/types\/product"}],"wp:featuredmedia":[{"embeddable":true,"href":"https:\/\/librosdelzorrorojo.com\/ca\/wp-json\/wp\/v2\/media\/9470"}],"wp:attachment":[{"href":"https:\/\/librosdelzorrorojo.com\/ca\/wp-json\/wp\/v2\/media?parent=11935"}],"wp:term":[{"taxonomy":"product_brand","embeddable":true,"href":"https:\/\/librosdelzorrorojo.com\/ca\/wp-json\/wp\/v2\/product_brand?post=11935"},{"taxonomy":"product_cat","embeddable":true,"href":"https:\/\/librosdelzorrorojo.com\/ca\/wp-json\/wp\/v2\/product_cat?post=11935"},{"taxonomy":"product_tag","embeddable":true,"href":"https:\/\/librosdelzorrorojo.com\/ca\/wp-json\/wp\/v2\/product_tag?post=11935"}],"curies":[{"name":"wp","href":"https:\/\/api.w.org\/{rel}","templated":true}]}}