{"id":11934,"date":"2018-09-26T16:01:08","date_gmt":"2018-09-26T14:01:08","guid":{"rendered":"https:\/\/librosdelzorrorojo.com\/catalogo\/el-horla-y-otros-cuentos-de-locura-y-horror\/"},"modified":"2024-12-13T11:26:44","modified_gmt":"2024-12-13T10:26:44","slug":"el-horla-y-otros-cuentos-de-locura-y-horror","status":"publish","type":"product","link":"https:\/\/librosdelzorrorojo.com\/ca\/cataleg\/el-horla-y-otros-cuentos-de-locura-y-horror\/","title":{"rendered":"El Horla"},"content":{"rendered":"<p>Estas historias nos sumergen en la atm\u00f3sfera vital y creativa de uno de los m\u00e1s ilustres cuentistas franceses de todos los tiempos. De fuerte corte autobiogr\u00e1fico, esta tr\u00edada de relatos re\u00fane los temas que atravesaron a Maupassant: la locura, el estado de conciencia alterado por la hipnosis y el terror frente a aquellos elementos inexplicables que generan sobre el cuerpo efectos incontrolables.<span>\u00a0<\/span><em>El Horla<\/em>, sobre todo, resulta una literaturizaci\u00f3n de su propia experiencia de alienaci\u00f3n, alucinaciones y horror frente a lo inexplicable.<\/p>\n<p>Las extraordinarias ilustraciones de Mauro Cascioli despliegan un universo simb\u00f3lico que rebasa la posibilidad de asimilaci\u00f3n al golpe de vista. La t\u00e9cnica en la utilizaci\u00f3n de l\u00e1piz y tinta alcanza extremos deslumbrantes de virtuosismo en composiciones caleidosc\u00f3picas que incrementan la profusi\u00f3n de los planos y los significados.<\/p>\n<p>&#8211;<\/p>\n<p>Rese\u00f1a en <em>La Nueva Espa\u00f1a<\/em> <span style=\"color: #ff0000;\"><a href=\"https:\/\/librosdelzorrorojo.com\/ca\/arrebatadora-edicion\/\" style=\"color: #ff0000;\">aqu\u00ed.<\/a><\/span><\/p>\n<p><img decoding=\"async\" src=\"https:\/\/librosdelzorrorojo.com\/wp-content\/uploads\/2024\/10\/ICEC.jpg\" alt=\"\" width=\"380\" height=\"85\" class=\"alignnone size-full wp-image-29095\" \/><\/p>\n","protected":false},"excerpt":{"rendered":"Estas historias nos sumergen en la atm\u00f3sfera vital y creativa de uno de los m\u00e1s ilustres cuentistas franceses de todos los tiempos. De fuerte corte autobiogr\u00e1fico, esta tr\u00edada de relatos re\u00fane los temas que atravesaron a Maupassant: la locura, el estado de conciencia alterado por la hipnosis y el terror frente a aquellos elementos inexplicables que generan sobre el cuerpo efectos incontrolables.<span>\u00a0<\/span><em>El Horla<\/em>, sobre todo, resulta una literaturizaci\u00f3n de su propia experiencia de alienaci\u00f3n, alucinaciones y horror frente a lo inexplicable.","protected":false},"featured_media":11546,"template":"","meta":{"_acf_changed":false},"product_brand":[],"product_cat":[844,3156],"product_tag":[],"class_list":{"0":"post-11934","1":"product","2":"type-product","3":"status-publish","4":"has-post-thumbnail","6":"product_cat-castella","7":"product_cat-juvenil-adult","9":"first","10":"instock","11":"taxable","12":"shipping-taxable","13":"purchasable","14":"product-type-simple"},"acf":[],"yoast_head":"<!-- This site is optimized with the Yoast SEO plugin v25.1 - https:\/\/yoast.com\/wordpress\/plugins\/seo\/ -->\n<title>El Horla - Libros del Zorro Rojo<\/title>\n<meta name=\"description\" content=\"universo simb\u00f3lico, creatividad, cuentista franc\u00e9s, autobiograf\u00eda, relatos, horror, locura, literatura, hipnosis, experiencia, alusinaciones\" \/>\n<meta name=\"robots\" content=\"index, follow, max-snippet:-1, max-image-preview:large, max-video-preview:-1\" \/>\n<link rel=\"canonical\" href=\"https:\/\/librosdelzorrorojo.com\/ca\/cataleg\/el-horla-y-otros-cuentos-de-locura-y-horror\/\" \/>\n<meta property=\"og:locale\" content=\"ca_ES\" \/>\n<meta property=\"og:type\" content=\"article\" \/>\n<meta property=\"og:title\" content=\"El Horla - Libros del Zorro Rojo\" \/>\n<meta property=\"og:description\" content=\"universo simb\u00f3lico, creatividad, cuentista franc\u00e9s, autobiograf\u00eda, relatos, horror, locura, literatura, hipnosis, experiencia, alusinaciones\" \/>\n<meta property=\"og:url\" content=\"https:\/\/librosdelzorrorojo.com\/ca\/cataleg\/el-horla-y-otros-cuentos-de-locura-y-horror\/\" \/>\n<meta property=\"og:site_name\" content=\"Libros del Zorro Rojo\" \/>\n<meta property=\"article:modified_time\" content=\"2024-12-13T10:26:44+00:00\" \/>\n<meta property=\"og:image\" content=\"https:\/\/librosdelzorrorojo.com\/wp-content\/uploads\/2018\/09\/Cover_ElHorla-WEB.png\" \/>\n\t<meta property=\"og:image:width\" content=\"850\" \/>\n\t<meta property=\"og:image:height\" content=\"1218\" \/>\n\t<meta property=\"og:image:type\" content=\"image\/png\" \/>\n<meta name=\"twitter:card\" content=\"summary_large_image\" \/>\n<meta name=\"twitter:label1\" content=\"Temps estimat de lectura\" \/>\n\t<meta name=\"twitter:data1\" content=\"1 minut\" \/>\n<script type=\"application\/ld+json\" class=\"yoast-schema-graph\">{\"@context\":\"https:\/\/schema.org\",\"@graph\":[{\"@type\":\"WebPage\",\"@id\":\"https:\/\/librosdelzorrorojo.com\/ca\/cataleg\/el-horla-y-otros-cuentos-de-locura-y-horror\/\",\"url\":\"https:\/\/librosdelzorrorojo.com\/ca\/cataleg\/el-horla-y-otros-cuentos-de-locura-y-horror\/\",\"name\":\"El Horla - Libros del Zorro Rojo\",\"isPartOf\":{\"@id\":\"https:\/\/librosdelzorrorojo.com\/#website\"},\"primaryImageOfPage\":{\"@id\":\"https:\/\/librosdelzorrorojo.com\/ca\/cataleg\/el-horla-y-otros-cuentos-de-locura-y-horror\/#primaryimage\"},\"image\":{\"@id\":\"https:\/\/librosdelzorrorojo.com\/ca\/cataleg\/el-horla-y-otros-cuentos-de-locura-y-horror\/#primaryimage\"},\"thumbnailUrl\":\"https:\/\/librosdelzorrorojo.com\/wp-content\/uploads\/2018\/09\/Cover_ElHorla-WEB.png\",\"datePublished\":\"2018-09-26T14:01:08+00:00\",\"dateModified\":\"2024-12-13T10:26:44+00:00\",\"description\":\"universo simb\u00f3lico, creatividad, cuentista franc\u00e9s, autobiograf\u00eda, relatos, horror, locura, literatura, hipnosis, experiencia, alusinaciones\",\"breadcrumb\":{\"@id\":\"https:\/\/librosdelzorrorojo.com\/ca\/cataleg\/el-horla-y-otros-cuentos-de-locura-y-horror\/#breadcrumb\"},\"inLanguage\":\"ca\",\"potentialAction\":[{\"@type\":\"ReadAction\",\"target\":[\"https:\/\/librosdelzorrorojo.com\/ca\/cataleg\/el-horla-y-otros-cuentos-de-locura-y-horror\/\"]}]},{\"@type\":\"ImageObject\",\"inLanguage\":\"ca\",\"@id\":\"https:\/\/librosdelzorrorojo.com\/ca\/cataleg\/el-horla-y-otros-cuentos-de-locura-y-horror\/#primaryimage\",\"url\":\"https:\/\/librosdelzorrorojo.com\/wp-content\/uploads\/2018\/09\/Cover_ElHorla-WEB.png\",\"contentUrl\":\"https:\/\/librosdelzorrorojo.com\/wp-content\/uploads\/2018\/09\/Cover_ElHorla-WEB.png\",\"width\":850,\"height\":1218,\"caption\":\"Cover ElHorla WEB\"},{\"@type\":\"BreadcrumbList\",\"@id\":\"https:\/\/librosdelzorrorojo.com\/ca\/cataleg\/el-horla-y-otros-cuentos-de-locura-y-horror\/#breadcrumb\",\"itemListElement\":[{\"@type\":\"ListItem\",\"position\":1,\"name\":\"Portada\",\"item\":\"https:\/\/librosdelzorrorojo.com\/ca\/\"},{\"@type\":\"ListItem\",\"position\":2,\"name\":\"Cat\u00e0leg\",\"item\":\"https:\/\/librosdelzorrorojo.com\/ca\/cataleg\/\"},{\"@type\":\"ListItem\",\"position\":3,\"name\":\"El Horla\"}]},{\"@type\":\"WebSite\",\"@id\":\"https:\/\/librosdelzorrorojo.com\/#website\",\"url\":\"https:\/\/librosdelzorrorojo.com\/\",\"name\":\"Libros del Zorro Rojo\",\"description\":\"Libros ilustrados\",\"potentialAction\":[{\"@type\":\"SearchAction\",\"target\":{\"@type\":\"EntryPoint\",\"urlTemplate\":\"https:\/\/librosdelzorrorojo.com\/?s={search_term_string}\"},\"query-input\":{\"@type\":\"PropertyValueSpecification\",\"valueRequired\":true,\"valueName\":\"search_term_string\"}}],\"inLanguage\":\"ca\"}]}<\/script>\n<!-- \/ Yoast SEO plugin. -->","yoast_head_json":{"title":"El Horla - Libros del Zorro Rojo","description":"universo simb\u00f3lico, creatividad, cuentista franc\u00e9s, autobiograf\u00eda, relatos, horror, locura, literatura, hipnosis, experiencia, alusinaciones","robots":{"index":"index","follow":"follow","max-snippet":"max-snippet:-1","max-image-preview":"max-image-preview:large","max-video-preview":"max-video-preview:-1"},"canonical":"https:\/\/librosdelzorrorojo.com\/ca\/cataleg\/el-horla-y-otros-cuentos-de-locura-y-horror\/","og_locale":"ca_ES","og_type":"article","og_title":"El Horla - Libros del Zorro Rojo","og_description":"universo simb\u00f3lico, creatividad, cuentista franc\u00e9s, autobiograf\u00eda, relatos, horror, locura, literatura, hipnosis, experiencia, alusinaciones","og_url":"https:\/\/librosdelzorrorojo.com\/ca\/cataleg\/el-horla-y-otros-cuentos-de-locura-y-horror\/","og_site_name":"Libros del Zorro Rojo","article_modified_time":"2024-12-13T10:26:44+00:00","og_image":[{"width":850,"height":1218,"url":"https:\/\/librosdelzorrorojo.com\/wp-content\/uploads\/2018\/09\/Cover_ElHorla-WEB.png","type":"image\/png"}],"twitter_card":"summary_large_image","twitter_misc":{"Temps estimat de lectura":"1 minut"},"schema":{"@context":"https:\/\/schema.org","@graph":[{"@type":"WebPage","@id":"https:\/\/librosdelzorrorojo.com\/ca\/cataleg\/el-horla-y-otros-cuentos-de-locura-y-horror\/","url":"https:\/\/librosdelzorrorojo.com\/ca\/cataleg\/el-horla-y-otros-cuentos-de-locura-y-horror\/","name":"El Horla - Libros del Zorro Rojo","isPartOf":{"@id":"https:\/\/librosdelzorrorojo.com\/#website"},"primaryImageOfPage":{"@id":"https:\/\/librosdelzorrorojo.com\/ca\/cataleg\/el-horla-y-otros-cuentos-de-locura-y-horror\/#primaryimage"},"image":{"@id":"https:\/\/librosdelzorrorojo.com\/ca\/cataleg\/el-horla-y-otros-cuentos-de-locura-y-horror\/#primaryimage"},"thumbnailUrl":"https:\/\/librosdelzorrorojo.com\/wp-content\/uploads\/2018\/09\/Cover_ElHorla-WEB.png","datePublished":"2018-09-26T14:01:08+00:00","dateModified":"2024-12-13T10:26:44+00:00","description":"universo simb\u00f3lico, creatividad, cuentista franc\u00e9s, autobiograf\u00eda, relatos, horror, locura, literatura, hipnosis, experiencia, alusinaciones","breadcrumb":{"@id":"https:\/\/librosdelzorrorojo.com\/ca\/cataleg\/el-horla-y-otros-cuentos-de-locura-y-horror\/#breadcrumb"},"inLanguage":"ca","potentialAction":[{"@type":"ReadAction","target":["https:\/\/librosdelzorrorojo.com\/ca\/cataleg\/el-horla-y-otros-cuentos-de-locura-y-horror\/"]}]},{"@type":"ImageObject","inLanguage":"ca","@id":"https:\/\/librosdelzorrorojo.com\/ca\/cataleg\/el-horla-y-otros-cuentos-de-locura-y-horror\/#primaryimage","url":"https:\/\/librosdelzorrorojo.com\/wp-content\/uploads\/2018\/09\/Cover_ElHorla-WEB.png","contentUrl":"https:\/\/librosdelzorrorojo.com\/wp-content\/uploads\/2018\/09\/Cover_ElHorla-WEB.png","width":850,"height":1218,"caption":"Cover ElHorla WEB"},{"@type":"BreadcrumbList","@id":"https:\/\/librosdelzorrorojo.com\/ca\/cataleg\/el-horla-y-otros-cuentos-de-locura-y-horror\/#breadcrumb","itemListElement":[{"@type":"ListItem","position":1,"name":"Portada","item":"https:\/\/librosdelzorrorojo.com\/ca\/"},{"@type":"ListItem","position":2,"name":"Cat\u00e0leg","item":"https:\/\/librosdelzorrorojo.com\/ca\/cataleg\/"},{"@type":"ListItem","position":3,"name":"El Horla"}]},{"@type":"WebSite","@id":"https:\/\/librosdelzorrorojo.com\/#website","url":"https:\/\/librosdelzorrorojo.com\/","name":"Libros del Zorro Rojo","description":"Libros ilustrados","potentialAction":[{"@type":"SearchAction","target":{"@type":"EntryPoint","urlTemplate":"https:\/\/librosdelzorrorojo.com\/?s={search_term_string}"},"query-input":{"@type":"PropertyValueSpecification","valueRequired":true,"valueName":"search_term_string"}}],"inLanguage":"ca"}]}},"_links":{"self":[{"href":"https:\/\/librosdelzorrorojo.com\/ca\/wp-json\/wp\/v2\/product\/11934","targetHints":{"allow":["GET"]}}],"collection":[{"href":"https:\/\/librosdelzorrorojo.com\/ca\/wp-json\/wp\/v2\/product"}],"about":[{"href":"https:\/\/librosdelzorrorojo.com\/ca\/wp-json\/wp\/v2\/types\/product"}],"wp:featuredmedia":[{"embeddable":true,"href":"https:\/\/librosdelzorrorojo.com\/ca\/wp-json\/wp\/v2\/media\/11546"}],"wp:attachment":[{"href":"https:\/\/librosdelzorrorojo.com\/ca\/wp-json\/wp\/v2\/media?parent=11934"}],"wp:term":[{"taxonomy":"product_brand","embeddable":true,"href":"https:\/\/librosdelzorrorojo.com\/ca\/wp-json\/wp\/v2\/product_brand?post=11934"},{"taxonomy":"product_cat","embeddable":true,"href":"https:\/\/librosdelzorrorojo.com\/ca\/wp-json\/wp\/v2\/product_cat?post=11934"},{"taxonomy":"product_tag","embeddable":true,"href":"https:\/\/librosdelzorrorojo.com\/ca\/wp-json\/wp\/v2\/product_tag?post=11934"}],"curies":[{"name":"wp","href":"https:\/\/api.w.org\/{rel}","templated":true}]}}