{"id":11932,"date":"2018-10-02T14:07:46","date_gmt":"2018-10-02T12:07:46","guid":{"rendered":"https:\/\/librosdelzorrorojo.com\/catalogo\/criaturas-fantasticas\/"},"modified":"2024-10-01T13:10:49","modified_gmt":"2024-10-01T11:10:49","slug":"criaturas-fantasticas","status":"publish","type":"product","link":"https:\/\/librosdelzorrorojo.com\/ca\/cataleg\/criaturas-fantasticas\/","title":{"rendered":"Criaturas fant\u00e1sticas"},"content":{"rendered":"<p>\u00bfSab\u00edas que puedes domesticar un drag\u00f3n d\u00e1ndole leche de beber, que el grifo es un rom\u00e1ntico empedernido y que en todo el mundo no existe m\u00e1s que un solo Ave f\u00e9nix? \u00bfO has o\u00eddo hablar de Mahaha, el esp\u00edritu que vaga desnudo por el Polo Norte, torturando a la gente con sus cosquillas?<\/p>\n<p>Dragones, unicornios, hidras y otros seres mitol\u00f3gicos deambulan por este libro: un compendio de casi un centenar de criaturas y monstruos de los cinco continentes, que forman parte de la fantas\u00eda humana m\u00e1s desbordada.<\/p>\n<p>Un recorrido por un singular t\u00fanel del terror, que parte de los animales y dioses de la mitolog\u00eda grecorromana \u2014espeluznantes incluso para el mism\u00edsimo Heracles\u2014 y que contin\u00faa con un desfile de personajes asombrosos e inveros\u00edmiles, entre los que se encuentran los troles escandinavos, los extra\u00f1os<span>\u00a0<\/span><em>yokais<\/em><span>\u00a0<\/span>japoneses, los dragones chinos o los<span>\u00a0<\/span><em>yinn<\/em><span>\u00a0<\/span>del mundo isl\u00e1mico, cuyas historias ser\u00e1n un entretenimiento espeluznante.<\/p>\n<p>&#8211;<\/p>\n<p>Rese\u00f1a en <em>Una mam\u00e1 novata<\/em> <span style=\"color: #ff0000;\"><a href=\"https:\/\/librosdelzorrorojo.com\/la-enciclopedia-mas-completa-de-los-seres-fantasticos\/\" style=\"color: #ff0000;\">aqu\u00ed.<\/a><\/span><\/p>\n<p>&nbsp;<\/p>\n<p><img decoding=\"async\" src=\"https:\/\/librosdelzorrorojo.com\/wp-content\/uploads\/2021\/09\/DC-ICEC-horitzontal-cos12-bn-1-600x80.png\" alt=\"\" width=\"300\" height=\"40\" class=\"alignnone wp-image-23703\" srcset=\"https:\/\/librosdelzorrorojo.com\/wp-content\/uploads\/2021\/09\/DC-ICEC-horitzontal-cos12-bn-1-600x80.png 600w, https:\/\/librosdelzorrorojo.com\/wp-content\/uploads\/2021\/09\/DC-ICEC-horitzontal-cos12-bn-1-1024x137.png 1024w, https:\/\/librosdelzorrorojo.com\/wp-content\/uploads\/2021\/09\/DC-ICEC-horitzontal-cos12-bn-1-768x103.png 768w, https:\/\/librosdelzorrorojo.com\/wp-content\/uploads\/2021\/09\/DC-ICEC-horitzontal-cos12-bn-1-800x107.png 800w, https:\/\/librosdelzorrorojo.com\/wp-content\/uploads\/2021\/09\/DC-ICEC-horitzontal-cos12-bn-1.png 1482w\" sizes=\"(max-width: 300px) 100vw, 300px\" \/><\/p>\n<p>&nbsp;<\/p>\n<p>&nbsp;<\/p>\n","protected":false},"excerpt":{"rendered":"\u00bfSab\u00edas que puedes domesticar un drag\u00f3n d\u00e1ndole leche de beber; que el grifo es un rom\u00e1ntico empedernido; y que en todo el mundo no existe m\u00e1s que un solo Ave f\u00e9nix? \u00bfO has o\u00eddo hablar de Mahaha, el esp\u00edritu que vaga desnudo por el Polo Norte, torturando a la gente con sus cosquillas? Dragones, unicornios, hidras y otros seres mitol\u00f3gicos deambulan por este libro: un compendio de casi un centenar de criaturas y monstruos de los cinco continentes, que forman parte de la fantas\u00eda humana m\u00e1s desbordada.","protected":false},"featured_media":9268,"template":"","meta":{"_acf_changed":false},"product_brand":[],"product_cat":[844,843],"product_tag":[],"class_list":{"0":"post-11932","1":"product","2":"type-product","3":"status-publish","4":"has-post-thumbnail","6":"product_cat-castella","7":"product_cat-infantiles-ca","9":"first","10":"outofstock","11":"taxable","12":"shipping-taxable","13":"purchasable","14":"product-type-simple"},"acf":[],"yoast_head":"<!-- This site is optimized with the Yoast SEO plugin v25.1 - https:\/\/yoast.com\/wordpress\/plugins\/seo\/ -->\n<title>Criaturas fant\u00e1sticas - Libros del Zorro Rojo<\/title>\n<meta name=\"description\" content=\"animales, dioses, mitolog\u00eda, Roma, dragones, unicornios, hidras, criaturas, fantas\u00eda, mitos, ave f\u00e9nix, minotauro, grifos, cuentos\" \/>\n<meta name=\"robots\" content=\"index, follow, max-snippet:-1, max-image-preview:large, max-video-preview:-1\" \/>\n<link rel=\"canonical\" href=\"https:\/\/librosdelzorrorojo.com\/ca\/cataleg\/criaturas-fantasticas\/\" \/>\n<meta property=\"og:locale\" content=\"ca_ES\" \/>\n<meta property=\"og:type\" content=\"article\" \/>\n<meta property=\"og:title\" content=\"Criaturas fant\u00e1sticas - Libros del Zorro Rojo\" \/>\n<meta property=\"og:description\" content=\"animales, dioses, mitolog\u00eda, Roma, dragones, unicornios, hidras, criaturas, fantas\u00eda, mitos, ave f\u00e9nix, minotauro, grifos, cuentos\" \/>\n<meta property=\"og:url\" content=\"https:\/\/librosdelzorrorojo.com\/ca\/cataleg\/criaturas-fantasticas\/\" \/>\n<meta property=\"og:site_name\" content=\"Libros del Zorro Rojo\" \/>\n<meta property=\"article:modified_time\" content=\"2024-10-01T11:10:49+00:00\" \/>\n<meta property=\"og:image\" content=\"https:\/\/librosdelzorrorojo.com\/wp-content\/uploads\/2018\/09\/Cover_Criaturas-Fanta\u0301sticasWEB.png\" \/>\n\t<meta property=\"og:image:width\" content=\"850\" \/>\n\t<meta property=\"og:image:height\" content=\"1162\" \/>\n\t<meta property=\"og:image:type\" content=\"image\/png\" \/>\n<meta name=\"twitter:card\" content=\"summary_large_image\" \/>\n<meta name=\"twitter:label1\" content=\"Temps estimat de lectura\" \/>\n\t<meta name=\"twitter:data1\" content=\"1 minut\" \/>\n<script type=\"application\/ld+json\" class=\"yoast-schema-graph\">{\"@context\":\"https:\/\/schema.org\",\"@graph\":[{\"@type\":\"WebPage\",\"@id\":\"https:\/\/librosdelzorrorojo.com\/ca\/cataleg\/criaturas-fantasticas\/\",\"url\":\"https:\/\/librosdelzorrorojo.com\/ca\/cataleg\/criaturas-fantasticas\/\",\"name\":\"Criaturas fant\u00e1sticas - Libros del Zorro Rojo\",\"isPartOf\":{\"@id\":\"https:\/\/librosdelzorrorojo.com\/#website\"},\"primaryImageOfPage\":{\"@id\":\"https:\/\/librosdelzorrorojo.com\/ca\/cataleg\/criaturas-fantasticas\/#primaryimage\"},\"image\":{\"@id\":\"https:\/\/librosdelzorrorojo.com\/ca\/cataleg\/criaturas-fantasticas\/#primaryimage\"},\"thumbnailUrl\":\"https:\/\/librosdelzorrorojo.com\/wp-content\/uploads\/2018\/09\/Cover_Criaturas-Fanta\u0301sticasWEB.png\",\"datePublished\":\"2018-10-02T12:07:46+00:00\",\"dateModified\":\"2024-10-01T11:10:49+00:00\",\"description\":\"animales, dioses, mitolog\u00eda, Roma, dragones, unicornios, hidras, criaturas, fantas\u00eda, mitos, ave f\u00e9nix, minotauro, grifos, cuentos\",\"breadcrumb\":{\"@id\":\"https:\/\/librosdelzorrorojo.com\/ca\/cataleg\/criaturas-fantasticas\/#breadcrumb\"},\"inLanguage\":\"ca\",\"potentialAction\":[{\"@type\":\"ReadAction\",\"target\":[\"https:\/\/librosdelzorrorojo.com\/ca\/cataleg\/criaturas-fantasticas\/\"]}]},{\"@type\":\"ImageObject\",\"inLanguage\":\"ca\",\"@id\":\"https:\/\/librosdelzorrorojo.com\/ca\/cataleg\/criaturas-fantasticas\/#primaryimage\",\"url\":\"https:\/\/librosdelzorrorojo.com\/wp-content\/uploads\/2018\/09\/Cover_Criaturas-Fanta\u0301sticasWEB.png\",\"contentUrl\":\"https:\/\/librosdelzorrorojo.com\/wp-content\/uploads\/2018\/09\/Cover_Criaturas-Fanta\u0301sticasWEB.png\",\"width\":850,\"height\":1162,\"caption\":\"Cover Criaturas Fanta\u0301sticasWEB\"},{\"@type\":\"BreadcrumbList\",\"@id\":\"https:\/\/librosdelzorrorojo.com\/ca\/cataleg\/criaturas-fantasticas\/#breadcrumb\",\"itemListElement\":[{\"@type\":\"ListItem\",\"position\":1,\"name\":\"Portada\",\"item\":\"https:\/\/librosdelzorrorojo.com\/ca\/\"},{\"@type\":\"ListItem\",\"position\":2,\"name\":\"Cat\u00e0leg\",\"item\":\"https:\/\/librosdelzorrorojo.com\/ca\/cataleg\/\"},{\"@type\":\"ListItem\",\"position\":3,\"name\":\"Criaturas fant\u00e1sticas\"}]},{\"@type\":\"WebSite\",\"@id\":\"https:\/\/librosdelzorrorojo.com\/#website\",\"url\":\"https:\/\/librosdelzorrorojo.com\/\",\"name\":\"Libros del Zorro Rojo\",\"description\":\"Libros ilustrados\",\"potentialAction\":[{\"@type\":\"SearchAction\",\"target\":{\"@type\":\"EntryPoint\",\"urlTemplate\":\"https:\/\/librosdelzorrorojo.com\/?s={search_term_string}\"},\"query-input\":{\"@type\":\"PropertyValueSpecification\",\"valueRequired\":true,\"valueName\":\"search_term_string\"}}],\"inLanguage\":\"ca\"}]}<\/script>\n<!-- \/ Yoast SEO plugin. -->","yoast_head_json":{"title":"Criaturas fant\u00e1sticas - Libros del Zorro Rojo","description":"animales, dioses, mitolog\u00eda, Roma, dragones, unicornios, hidras, criaturas, fantas\u00eda, mitos, ave f\u00e9nix, minotauro, grifos, cuentos","robots":{"index":"index","follow":"follow","max-snippet":"max-snippet:-1","max-image-preview":"max-image-preview:large","max-video-preview":"max-video-preview:-1"},"canonical":"https:\/\/librosdelzorrorojo.com\/ca\/cataleg\/criaturas-fantasticas\/","og_locale":"ca_ES","og_type":"article","og_title":"Criaturas fant\u00e1sticas - Libros del Zorro Rojo","og_description":"animales, dioses, mitolog\u00eda, Roma, dragones, unicornios, hidras, criaturas, fantas\u00eda, mitos, ave f\u00e9nix, minotauro, grifos, cuentos","og_url":"https:\/\/librosdelzorrorojo.com\/ca\/cataleg\/criaturas-fantasticas\/","og_site_name":"Libros del Zorro Rojo","article_modified_time":"2024-10-01T11:10:49+00:00","og_image":[{"width":850,"height":1162,"url":"https:\/\/librosdelzorrorojo.com\/wp-content\/uploads\/2018\/09\/Cover_Criaturas-Fanta\u0301sticasWEB.png","type":"image\/png"}],"twitter_card":"summary_large_image","twitter_misc":{"Temps estimat de lectura":"1 minut"},"schema":{"@context":"https:\/\/schema.org","@graph":[{"@type":"WebPage","@id":"https:\/\/librosdelzorrorojo.com\/ca\/cataleg\/criaturas-fantasticas\/","url":"https:\/\/librosdelzorrorojo.com\/ca\/cataleg\/criaturas-fantasticas\/","name":"Criaturas fant\u00e1sticas - Libros del Zorro Rojo","isPartOf":{"@id":"https:\/\/librosdelzorrorojo.com\/#website"},"primaryImageOfPage":{"@id":"https:\/\/librosdelzorrorojo.com\/ca\/cataleg\/criaturas-fantasticas\/#primaryimage"},"image":{"@id":"https:\/\/librosdelzorrorojo.com\/ca\/cataleg\/criaturas-fantasticas\/#primaryimage"},"thumbnailUrl":"https:\/\/librosdelzorrorojo.com\/wp-content\/uploads\/2018\/09\/Cover_Criaturas-Fanta\u0301sticasWEB.png","datePublished":"2018-10-02T12:07:46+00:00","dateModified":"2024-10-01T11:10:49+00:00","description":"animales, dioses, mitolog\u00eda, Roma, dragones, unicornios, hidras, criaturas, fantas\u00eda, mitos, ave f\u00e9nix, minotauro, grifos, cuentos","breadcrumb":{"@id":"https:\/\/librosdelzorrorojo.com\/ca\/cataleg\/criaturas-fantasticas\/#breadcrumb"},"inLanguage":"ca","potentialAction":[{"@type":"ReadAction","target":["https:\/\/librosdelzorrorojo.com\/ca\/cataleg\/criaturas-fantasticas\/"]}]},{"@type":"ImageObject","inLanguage":"ca","@id":"https:\/\/librosdelzorrorojo.com\/ca\/cataleg\/criaturas-fantasticas\/#primaryimage","url":"https:\/\/librosdelzorrorojo.com\/wp-content\/uploads\/2018\/09\/Cover_Criaturas-Fanta\u0301sticasWEB.png","contentUrl":"https:\/\/librosdelzorrorojo.com\/wp-content\/uploads\/2018\/09\/Cover_Criaturas-Fanta\u0301sticasWEB.png","width":850,"height":1162,"caption":"Cover Criaturas Fanta\u0301sticasWEB"},{"@type":"BreadcrumbList","@id":"https:\/\/librosdelzorrorojo.com\/ca\/cataleg\/criaturas-fantasticas\/#breadcrumb","itemListElement":[{"@type":"ListItem","position":1,"name":"Portada","item":"https:\/\/librosdelzorrorojo.com\/ca\/"},{"@type":"ListItem","position":2,"name":"Cat\u00e0leg","item":"https:\/\/librosdelzorrorojo.com\/ca\/cataleg\/"},{"@type":"ListItem","position":3,"name":"Criaturas fant\u00e1sticas"}]},{"@type":"WebSite","@id":"https:\/\/librosdelzorrorojo.com\/#website","url":"https:\/\/librosdelzorrorojo.com\/","name":"Libros del Zorro Rojo","description":"Libros ilustrados","potentialAction":[{"@type":"SearchAction","target":{"@type":"EntryPoint","urlTemplate":"https:\/\/librosdelzorrorojo.com\/?s={search_term_string}"},"query-input":{"@type":"PropertyValueSpecification","valueRequired":true,"valueName":"search_term_string"}}],"inLanguage":"ca"}]}},"_links":{"self":[{"href":"https:\/\/librosdelzorrorojo.com\/ca\/wp-json\/wp\/v2\/product\/11932","targetHints":{"allow":["GET"]}}],"collection":[{"href":"https:\/\/librosdelzorrorojo.com\/ca\/wp-json\/wp\/v2\/product"}],"about":[{"href":"https:\/\/librosdelzorrorojo.com\/ca\/wp-json\/wp\/v2\/types\/product"}],"wp:featuredmedia":[{"embeddable":true,"href":"https:\/\/librosdelzorrorojo.com\/ca\/wp-json\/wp\/v2\/media\/9268"}],"wp:attachment":[{"href":"https:\/\/librosdelzorrorojo.com\/ca\/wp-json\/wp\/v2\/media?parent=11932"}],"wp:term":[{"taxonomy":"product_brand","embeddable":true,"href":"https:\/\/librosdelzorrorojo.com\/ca\/wp-json\/wp\/v2\/product_brand?post=11932"},{"taxonomy":"product_cat","embeddable":true,"href":"https:\/\/librosdelzorrorojo.com\/ca\/wp-json\/wp\/v2\/product_cat?post=11932"},{"taxonomy":"product_tag","embeddable":true,"href":"https:\/\/librosdelzorrorojo.com\/ca\/wp-json\/wp\/v2\/product_tag?post=11932"}],"curies":[{"name":"wp","href":"https:\/\/api.w.org\/{rel}","templated":true}]}}