{"id":11930,"date":"2018-10-29T12:21:45","date_gmt":"2018-10-29T11:21:45","guid":{"rendered":"https:\/\/librosdelzorrorojo.com\/catalogo\/amantes\/"},"modified":"2024-02-29T11:37:31","modified_gmt":"2024-02-29T10:37:31","slug":"amantes","status":"publish","type":"product","link":"https:\/\/librosdelzorrorojo.com\/ca\/cataleg\/amantes\/","title":{"rendered":"Amantes"},"content":{"rendered":"<p class=\"p1\" style=\"margin: 0cm; margin-bottom: .0001pt;\">Girondo fue uno de los grandes poetas que dio Argentina y el primer surrealista de las letras del R\u00edo de la Plata. En <em>Poema\u00a012<\/em> (t\u00edtulo original de la obra, dentro del poemario <em>Espantap\u00e1jaros<\/em>) revoluciona, con delicadeza y finura, los l\u00edmites del poema. <o:p><\/o:p><\/p>\n<p class=\"p1\" style=\"margin: 0cm; margin-bottom: .0001pt;\">El verbo reflexivo se torna escenario l\u00fadico y sensual en el que la piel, la carne y la sangre trascienden la frontera del propio ser. Esta edici\u00f3n rebautiza la l\u00edrica de <em>Amantes<\/em> haciendo eco de las libertades que signaron el rumbo de la escritura de Oliverio. <o:p><\/o:p><\/p>\n<p class=\"p1\" style=\"margin: 0cm; margin-bottom: .0001pt;\">MO Guti\u00e9rrez Serna se interna en ese bosque en que lo evidente y lo sugerido pugnan en cada mancha, en cada textura, en cada \u00f3rgano que reclama para s\u00ed la rica experiencia del efecto dual.<o:p><\/o:p><\/p>\n<p>&#8211;<\/p>\n<p>Rese\u00f1a en <em>Literaria Comunicaci\u00f3n<\/em> <span style=\"color: #ff0000;\"><a href=\"https:\/\/librosdelzorrorojo.com\/una-obra-de-arte-unica\/\" style=\"color: #ff0000;\">aqu\u00ed.<\/a><\/span><\/p>\n<p>&nbsp;<\/p>\n<p><img decoding=\"async\" src=\"https:\/\/librosdelzorrorojo.com\/wp-content\/uploads\/2018\/10\/2018logotipo-20pfl-e1594033577233.jpg\" alt=\"\" width=\"150\" height=\"36\" class=\"alignnone wp-image-17437 size-full\" \/><\/p>\n<p><img decoding=\"async\" src=\"https:\/\/librosdelzorrorojo.com\/wp-content\/uploads\/2018\/10\/2018logo-cultura-deporte-e1594033663166.jpg\" alt=\"\" width=\"199\" height=\"57\" class=\"alignnone wp-image-17439 size-full\" \/><\/p>\n","protected":false},"excerpt":{"rendered":"Girondo fue uno de los grandes poetas que dio Argentina y el primer surrealista de las letras del R\u00edo de la Plata. En 12 (t\u00edtulo original de la obra, dentro del poemario Espantap\u00e1jaros) revoluciona, con delicadeza y finura, los l\u00edmites del poema. El verbo reflexivo se torna escenario l\u00fadico y sensual en el que la piel, la carne y la sangre trascienden la frontera del propio ser. Esta edici\u00f3n rebautiza la l\u00edrica de Amantes haciendo eco de las libertades que signaron el rumbo de la escritura de Oliverio. MO Guti\u00e9rrez Serna se interna en ese bosque en que lo evidente y lo sugerido pugnan en cada mancha, en cada textura, en cada \u00f3rgano que reclama para s\u00ed la rica experiencia del efecto dual.","protected":false},"featured_media":10715,"template":"","meta":{"_acf_changed":false},"product_brand":[],"product_cat":[844,3156],"product_tag":[],"class_list":{"0":"post-11930","1":"product","2":"type-product","3":"status-publish","4":"has-post-thumbnail","6":"product_cat-castella","7":"product_cat-juvenil-adult","9":"first","10":"instock","11":"taxable","12":"shipping-taxable","13":"purchasable","14":"product-type-simple"},"acf":[],"yoast_head":"<!-- This site is optimized with the Yoast SEO plugin v25.1 - https:\/\/yoast.com\/wordpress\/plugins\/seo\/ -->\n<title>Amantes - Libros del Zorro Rojo<\/title>\n<meta name=\"description\" content=\"Poes\u00eda, amantes, Oliverio Girondo, poemario, Poema 12, verbo reflexivo, sensualidad, libertad, escritura, amor, literatura\" \/>\n<meta name=\"robots\" content=\"index, follow, max-snippet:-1, max-image-preview:large, max-video-preview:-1\" \/>\n<link rel=\"canonical\" href=\"https:\/\/librosdelzorrorojo.com\/ca\/cataleg\/amantes\/\" \/>\n<meta property=\"og:locale\" content=\"ca_ES\" \/>\n<meta property=\"og:type\" content=\"article\" \/>\n<meta property=\"og:title\" content=\"Amantes - Libros del Zorro Rojo\" \/>\n<meta property=\"og:description\" content=\"Poes\u00eda, amantes, Oliverio Girondo, poemario, Poema 12, verbo reflexivo, sensualidad, libertad, escritura, amor, literatura\" \/>\n<meta property=\"og:url\" content=\"https:\/\/librosdelzorrorojo.com\/ca\/cataleg\/amantes\/\" \/>\n<meta property=\"og:site_name\" content=\"Libros del Zorro Rojo\" \/>\n<meta property=\"article:modified_time\" content=\"2024-02-29T10:37:31+00:00\" \/>\n<meta property=\"og:image\" content=\"https:\/\/librosdelzorrorojo.com\/wp-content\/uploads\/2018\/10\/Cover-Amantes-WEB.png\" \/>\n\t<meta property=\"og:image:width\" content=\"850\" \/>\n\t<meta property=\"og:image:height\" content=\"1272\" \/>\n\t<meta property=\"og:image:type\" content=\"image\/png\" \/>\n<meta name=\"twitter:card\" content=\"summary_large_image\" \/>\n<meta name=\"twitter:label1\" content=\"Temps estimat de lectura\" \/>\n\t<meta name=\"twitter:data1\" content=\"1 minut\" \/>\n<script type=\"application\/ld+json\" class=\"yoast-schema-graph\">{\"@context\":\"https:\/\/schema.org\",\"@graph\":[{\"@type\":\"WebPage\",\"@id\":\"https:\/\/librosdelzorrorojo.com\/ca\/cataleg\/amantes\/\",\"url\":\"https:\/\/librosdelzorrorojo.com\/ca\/cataleg\/amantes\/\",\"name\":\"Amantes - Libros del Zorro Rojo\",\"isPartOf\":{\"@id\":\"https:\/\/librosdelzorrorojo.com\/#website\"},\"primaryImageOfPage\":{\"@id\":\"https:\/\/librosdelzorrorojo.com\/ca\/cataleg\/amantes\/#primaryimage\"},\"image\":{\"@id\":\"https:\/\/librosdelzorrorojo.com\/ca\/cataleg\/amantes\/#primaryimage\"},\"thumbnailUrl\":\"https:\/\/librosdelzorrorojo.com\/wp-content\/uploads\/2018\/10\/Cover-Amantes-WEB.png\",\"datePublished\":\"2018-10-29T11:21:45+00:00\",\"dateModified\":\"2024-02-29T10:37:31+00:00\",\"description\":\"Poes\u00eda, amantes, Oliverio Girondo, poemario, Poema 12, verbo reflexivo, sensualidad, libertad, escritura, amor, literatura\",\"breadcrumb\":{\"@id\":\"https:\/\/librosdelzorrorojo.com\/ca\/cataleg\/amantes\/#breadcrumb\"},\"inLanguage\":\"ca\",\"potentialAction\":[{\"@type\":\"ReadAction\",\"target\":[\"https:\/\/librosdelzorrorojo.com\/ca\/cataleg\/amantes\/\"]}]},{\"@type\":\"ImageObject\",\"inLanguage\":\"ca\",\"@id\":\"https:\/\/librosdelzorrorojo.com\/ca\/cataleg\/amantes\/#primaryimage\",\"url\":\"https:\/\/librosdelzorrorojo.com\/wp-content\/uploads\/2018\/10\/Cover-Amantes-WEB.png\",\"contentUrl\":\"https:\/\/librosdelzorrorojo.com\/wp-content\/uploads\/2018\/10\/Cover-Amantes-WEB.png\",\"width\":850,\"height\":1272,\"caption\":\"Cover Amantes WEB\"},{\"@type\":\"BreadcrumbList\",\"@id\":\"https:\/\/librosdelzorrorojo.com\/ca\/cataleg\/amantes\/#breadcrumb\",\"itemListElement\":[{\"@type\":\"ListItem\",\"position\":1,\"name\":\"Portada\",\"item\":\"https:\/\/librosdelzorrorojo.com\/ca\/\"},{\"@type\":\"ListItem\",\"position\":2,\"name\":\"Cat\u00e0leg\",\"item\":\"https:\/\/librosdelzorrorojo.com\/ca\/cataleg\/\"},{\"@type\":\"ListItem\",\"position\":3,\"name\":\"Amantes\"}]},{\"@type\":\"WebSite\",\"@id\":\"https:\/\/librosdelzorrorojo.com\/#website\",\"url\":\"https:\/\/librosdelzorrorojo.com\/\",\"name\":\"Libros del Zorro Rojo\",\"description\":\"Libros ilustrados\",\"potentialAction\":[{\"@type\":\"SearchAction\",\"target\":{\"@type\":\"EntryPoint\",\"urlTemplate\":\"https:\/\/librosdelzorrorojo.com\/?s={search_term_string}\"},\"query-input\":{\"@type\":\"PropertyValueSpecification\",\"valueRequired\":true,\"valueName\":\"search_term_string\"}}],\"inLanguage\":\"ca\"}]}<\/script>\n<!-- \/ Yoast SEO plugin. -->","yoast_head_json":{"title":"Amantes - Libros del Zorro Rojo","description":"Poes\u00eda, amantes, Oliverio Girondo, poemario, Poema 12, verbo reflexivo, sensualidad, libertad, escritura, amor, literatura","robots":{"index":"index","follow":"follow","max-snippet":"max-snippet:-1","max-image-preview":"max-image-preview:large","max-video-preview":"max-video-preview:-1"},"canonical":"https:\/\/librosdelzorrorojo.com\/ca\/cataleg\/amantes\/","og_locale":"ca_ES","og_type":"article","og_title":"Amantes - Libros del Zorro Rojo","og_description":"Poes\u00eda, amantes, Oliverio Girondo, poemario, Poema 12, verbo reflexivo, sensualidad, libertad, escritura, amor, literatura","og_url":"https:\/\/librosdelzorrorojo.com\/ca\/cataleg\/amantes\/","og_site_name":"Libros del Zorro Rojo","article_modified_time":"2024-02-29T10:37:31+00:00","og_image":[{"width":850,"height":1272,"url":"https:\/\/librosdelzorrorojo.com\/wp-content\/uploads\/2018\/10\/Cover-Amantes-WEB.png","type":"image\/png"}],"twitter_card":"summary_large_image","twitter_misc":{"Temps estimat de lectura":"1 minut"},"schema":{"@context":"https:\/\/schema.org","@graph":[{"@type":"WebPage","@id":"https:\/\/librosdelzorrorojo.com\/ca\/cataleg\/amantes\/","url":"https:\/\/librosdelzorrorojo.com\/ca\/cataleg\/amantes\/","name":"Amantes - Libros del Zorro Rojo","isPartOf":{"@id":"https:\/\/librosdelzorrorojo.com\/#website"},"primaryImageOfPage":{"@id":"https:\/\/librosdelzorrorojo.com\/ca\/cataleg\/amantes\/#primaryimage"},"image":{"@id":"https:\/\/librosdelzorrorojo.com\/ca\/cataleg\/amantes\/#primaryimage"},"thumbnailUrl":"https:\/\/librosdelzorrorojo.com\/wp-content\/uploads\/2018\/10\/Cover-Amantes-WEB.png","datePublished":"2018-10-29T11:21:45+00:00","dateModified":"2024-02-29T10:37:31+00:00","description":"Poes\u00eda, amantes, Oliverio Girondo, poemario, Poema 12, verbo reflexivo, sensualidad, libertad, escritura, amor, literatura","breadcrumb":{"@id":"https:\/\/librosdelzorrorojo.com\/ca\/cataleg\/amantes\/#breadcrumb"},"inLanguage":"ca","potentialAction":[{"@type":"ReadAction","target":["https:\/\/librosdelzorrorojo.com\/ca\/cataleg\/amantes\/"]}]},{"@type":"ImageObject","inLanguage":"ca","@id":"https:\/\/librosdelzorrorojo.com\/ca\/cataleg\/amantes\/#primaryimage","url":"https:\/\/librosdelzorrorojo.com\/wp-content\/uploads\/2018\/10\/Cover-Amantes-WEB.png","contentUrl":"https:\/\/librosdelzorrorojo.com\/wp-content\/uploads\/2018\/10\/Cover-Amantes-WEB.png","width":850,"height":1272,"caption":"Cover Amantes WEB"},{"@type":"BreadcrumbList","@id":"https:\/\/librosdelzorrorojo.com\/ca\/cataleg\/amantes\/#breadcrumb","itemListElement":[{"@type":"ListItem","position":1,"name":"Portada","item":"https:\/\/librosdelzorrorojo.com\/ca\/"},{"@type":"ListItem","position":2,"name":"Cat\u00e0leg","item":"https:\/\/librosdelzorrorojo.com\/ca\/cataleg\/"},{"@type":"ListItem","position":3,"name":"Amantes"}]},{"@type":"WebSite","@id":"https:\/\/librosdelzorrorojo.com\/#website","url":"https:\/\/librosdelzorrorojo.com\/","name":"Libros del Zorro Rojo","description":"Libros ilustrados","potentialAction":[{"@type":"SearchAction","target":{"@type":"EntryPoint","urlTemplate":"https:\/\/librosdelzorrorojo.com\/?s={search_term_string}"},"query-input":{"@type":"PropertyValueSpecification","valueRequired":true,"valueName":"search_term_string"}}],"inLanguage":"ca"}]}},"_links":{"self":[{"href":"https:\/\/librosdelzorrorojo.com\/ca\/wp-json\/wp\/v2\/product\/11930","targetHints":{"allow":["GET"]}}],"collection":[{"href":"https:\/\/librosdelzorrorojo.com\/ca\/wp-json\/wp\/v2\/product"}],"about":[{"href":"https:\/\/librosdelzorrorojo.com\/ca\/wp-json\/wp\/v2\/types\/product"}],"wp:featuredmedia":[{"embeddable":true,"href":"https:\/\/librosdelzorrorojo.com\/ca\/wp-json\/wp\/v2\/media\/10715"}],"wp:attachment":[{"href":"https:\/\/librosdelzorrorojo.com\/ca\/wp-json\/wp\/v2\/media?parent=11930"}],"wp:term":[{"taxonomy":"product_brand","embeddable":true,"href":"https:\/\/librosdelzorrorojo.com\/ca\/wp-json\/wp\/v2\/product_brand?post=11930"},{"taxonomy":"product_cat","embeddable":true,"href":"https:\/\/librosdelzorrorojo.com\/ca\/wp-json\/wp\/v2\/product_cat?post=11930"},{"taxonomy":"product_tag","embeddable":true,"href":"https:\/\/librosdelzorrorojo.com\/ca\/wp-json\/wp\/v2\/product_tag?post=11930"}],"curies":[{"name":"wp","href":"https:\/\/api.w.org\/{rel}","templated":true}]}}