{"id":11925,"date":"2000-11-12T14:08:37","date_gmt":"2000-11-12T13:08:37","guid":{"rendered":"https:\/\/librosdelzorrorojo.com\/catalogo\/el-viejo-del-puente\/"},"modified":"2024-12-17T22:22:03","modified_gmt":"2024-12-17T21:22:03","slug":"el-viejo-del-puente","status":"publish","type":"product","link":"https:\/\/librosdelzorrorojo.com\/ca\/cataleg\/el-viejo-del-puente\/","title":{"rendered":"El viejo del puente"},"content":{"rendered":"<p><span>En plena ofensiva fascista, en alg\u00fan lugar del Ebro, un anciano parece anclado a un puente, incapaz de reaccionar. No se sabe si espera la muerte o huye de ella. Se ha visto forzado a abandonar su pueblo natal y lo ha perdido todo por culpa de la barbarie de la guerra. Mientras los republicanos evac\u00faan el lugar, el narrador, un soldado encargado de reconocer las inmediaciones, mantiene una conversaci\u00f3n con \u00e9l.\u00a0<\/span><br \/>\n<span>En una situaci\u00f3n tan ef\u00edmera como el encuentro en un puente entre un anciano y un soldado, Hemingway condensa la trayectoria de toda una existencia. Perfila, sin dibujarla, la l\u00ednea de una vida anterior y sugiere, sin contarlo, lo que est\u00e1 sucediendo en ese mismo instante y las posibilidades que emergen de una vida futura \u2014o truncada\u2014.\u00a0<\/span><br \/>\n<span>Hemingway compuso este relato cuando trabajaba en Espa\u00f1a como corresponsal durante la Guerra Civil, a partir de una noticia que envi\u00f3 por cable el 17 de abril de 1938, Domingo de Resurrecci\u00f3n.\u00a0<\/span><i>El viejo del puente<\/i><span>\u00a0ver\u00eda la luz ese mismo a\u00f1o, en forma de relato y no de cr\u00f3nica, primero en la revista\u00a0<\/span><i>Ken Magazine<\/i><span>, y poco despu\u00e9s, como parte del libro<\/span><i>Cuarenta y nueve primeros cuentos<\/i><span>.\u00a0<\/span><br \/>\n<span>El ep\u00edlogo de Ian Gibson, especialista en historia contempor\u00e1nea, ofrece de forma precisa y rigurosa la contextualizaci\u00f3n de los hechos que subyacen bajo el cuento.<\/span><\/p>\n<p>&#8211;<\/p>\n<p>Mira el booktrailer <span style=\"color: #ff0000\"><a href=\"https:\/\/www.youtube.com\/watch?v=E4C8NXugZm0\" style=\"color: #ff0000\">aqu\u00ed<\/a><\/span>.<\/p>\n<p>Descarga la <span style=\"color: #ff0000\"><a href=\"https:\/\/drive.google.com\/file\/d\/1daMXr5u9WfOBRbb93DZd7bdik21atzjA\/view?usp=sharing\" style=\"color: #ff0000\">gu\u00eda de lectura<\/a><\/span>.<\/p>\n<p><span style=\"color: #ff0000\"><a href=\"https:\/\/youtu.be\/e3FowiQlhwg\" style=\"color: #ff0000\">Presentaci\u00f3n<\/a> <\/span>de <em>El viejo en el puente<\/em> en la librer\u00eda La Mem\u00f2ria (Barcelona).<\/p>\n<p>&nbsp;<\/p>\n","protected":false},"excerpt":{"rendered":"<span>En plena ofensiva fascista, en alg\u00fan lugar del Ebro, un anciano parece anclado a un puente, incapaz de reaccionar. No se sabe si espera la muerte o huye de ella. Se ha visto forzado a abandonar su pueblo natal y lo ha perdido todo por culpa de la barbarie de la guerra. Mientras los republicanos evac\u00faan el lugar, el narrador, un soldado encargado de reconocer las inmediaciones, mantiene una conversaci\u00f3n con \u00e9l.\u00a0<\/span>\r\n<span>En una situaci\u00f3n tan ef\u00edmera como el encuentro en un puente entre un anciano y un soldado, Hemingway condensa la trayectoria de toda una existencia. Perfila, sin dibujarla, la l\u00ednea de una vida anterior y sugiere, sin contarlo, lo que est\u00e1 sucediendo en ese mismo instante y las posibilidades que emergen de una vida futura \u2014o truncada\u2014.\u00a0<\/span>","protected":false},"featured_media":11491,"template":"","meta":{"_acf_changed":false},"product_brand":[],"product_cat":[844,3156],"product_tag":[],"class_list":{"0":"post-11925","1":"product","2":"type-product","3":"status-publish","4":"has-post-thumbnail","6":"product_cat-castella","7":"product_cat-juvenil-adult","8":"vinculo-el-viejo-del-puente","10":"first","11":"instock","12":"taxable","13":"shipping-taxable","14":"purchasable","15":"product-type-simple"},"acf":[],"yoast_head":"<!-- This site is optimized with the Yoast SEO plugin v25.1 - https:\/\/yoast.com\/wordpress\/plugins\/seo\/ -->\n<title>El viejo del puente - Libros del Zorro Rojo<\/title>\n<meta name=\"description\" content=\"En plena ofensiva fascista, en alg\u00fan lugar del Ebro, un anciano parece anclado a un puente, incapaz de reaccionar. No se sabe\" \/>\n<meta name=\"robots\" content=\"index, follow, max-snippet:-1, max-image-preview:large, max-video-preview:-1\" \/>\n<link rel=\"canonical\" href=\"https:\/\/librosdelzorrorojo.com\/ca\/cataleg\/el-viejo-del-puente\/\" \/>\n<meta property=\"og:locale\" content=\"ca_ES\" \/>\n<meta property=\"og:type\" content=\"article\" \/>\n<meta property=\"og:title\" content=\"El viejo del puente - Libros del Zorro Rojo\" \/>\n<meta property=\"og:description\" content=\"En plena ofensiva fascista, en alg\u00fan lugar del Ebro, un anciano parece anclado a un puente, incapaz de reaccionar. No se sabe\" \/>\n<meta property=\"og:url\" content=\"https:\/\/librosdelzorrorojo.com\/ca\/cataleg\/el-viejo-del-puente\/\" \/>\n<meta property=\"og:site_name\" content=\"Libros del Zorro Rojo\" \/>\n<meta property=\"article:modified_time\" content=\"2024-12-17T21:22:03+00:00\" \/>\n<meta property=\"og:image\" content=\"https:\/\/librosdelzorrorojo.com\/wp-content\/uploads\/2000\/11\/Cover_El-viejo-del-puente-WEB.png\" \/>\n\t<meta property=\"og:image:width\" content=\"850\" \/>\n\t<meta property=\"og:image:height\" content=\"1265\" \/>\n\t<meta property=\"og:image:type\" content=\"image\/png\" \/>\n<meta name=\"twitter:card\" content=\"summary_large_image\" \/>\n<meta name=\"twitter:label1\" content=\"Temps estimat de lectura\" \/>\n\t<meta name=\"twitter:data1\" content=\"1 minut\" \/>\n<script type=\"application\/ld+json\" class=\"yoast-schema-graph\">{\"@context\":\"https:\/\/schema.org\",\"@graph\":[{\"@type\":\"WebPage\",\"@id\":\"https:\/\/librosdelzorrorojo.com\/ca\/cataleg\/el-viejo-del-puente\/\",\"url\":\"https:\/\/librosdelzorrorojo.com\/ca\/cataleg\/el-viejo-del-puente\/\",\"name\":\"El viejo del puente - Libros del Zorro Rojo\",\"isPartOf\":{\"@id\":\"https:\/\/librosdelzorrorojo.com\/#website\"},\"primaryImageOfPage\":{\"@id\":\"https:\/\/librosdelzorrorojo.com\/ca\/cataleg\/el-viejo-del-puente\/#primaryimage\"},\"image\":{\"@id\":\"https:\/\/librosdelzorrorojo.com\/ca\/cataleg\/el-viejo-del-puente\/#primaryimage\"},\"thumbnailUrl\":\"https:\/\/librosdelzorrorojo.com\/wp-content\/uploads\/2000\/11\/Cover_El-viejo-del-puente-WEB.png\",\"datePublished\":\"2000-11-12T13:08:37+00:00\",\"dateModified\":\"2024-12-17T21:22:03+00:00\",\"description\":\"En plena ofensiva fascista, en alg\u00fan lugar del Ebro, un anciano parece anclado a un puente, incapaz de reaccionar. No se sabe\",\"breadcrumb\":{\"@id\":\"https:\/\/librosdelzorrorojo.com\/ca\/cataleg\/el-viejo-del-puente\/#breadcrumb\"},\"inLanguage\":\"ca\",\"potentialAction\":[{\"@type\":\"ReadAction\",\"target\":[\"https:\/\/librosdelzorrorojo.com\/ca\/cataleg\/el-viejo-del-puente\/\"]}]},{\"@type\":\"ImageObject\",\"inLanguage\":\"ca\",\"@id\":\"https:\/\/librosdelzorrorojo.com\/ca\/cataleg\/el-viejo-del-puente\/#primaryimage\",\"url\":\"https:\/\/librosdelzorrorojo.com\/wp-content\/uploads\/2000\/11\/Cover_El-viejo-del-puente-WEB.png\",\"contentUrl\":\"https:\/\/librosdelzorrorojo.com\/wp-content\/uploads\/2000\/11\/Cover_El-viejo-del-puente-WEB.png\",\"width\":850,\"height\":1265,\"caption\":\"Cover El viejo del puente WEB\"},{\"@type\":\"BreadcrumbList\",\"@id\":\"https:\/\/librosdelzorrorojo.com\/ca\/cataleg\/el-viejo-del-puente\/#breadcrumb\",\"itemListElement\":[{\"@type\":\"ListItem\",\"position\":1,\"name\":\"Portada\",\"item\":\"https:\/\/librosdelzorrorojo.com\/ca\/\"},{\"@type\":\"ListItem\",\"position\":2,\"name\":\"Cat\u00e0leg\",\"item\":\"https:\/\/librosdelzorrorojo.com\/ca\/cataleg\/\"},{\"@type\":\"ListItem\",\"position\":3,\"name\":\"El viejo del puente\"}]},{\"@type\":\"WebSite\",\"@id\":\"https:\/\/librosdelzorrorojo.com\/#website\",\"url\":\"https:\/\/librosdelzorrorojo.com\/\",\"name\":\"Libros del Zorro Rojo\",\"description\":\"Libros ilustrados\",\"potentialAction\":[{\"@type\":\"SearchAction\",\"target\":{\"@type\":\"EntryPoint\",\"urlTemplate\":\"https:\/\/librosdelzorrorojo.com\/?s={search_term_string}\"},\"query-input\":{\"@type\":\"PropertyValueSpecification\",\"valueRequired\":true,\"valueName\":\"search_term_string\"}}],\"inLanguage\":\"ca\"}]}<\/script>\n<!-- \/ Yoast SEO plugin. -->","yoast_head_json":{"title":"El viejo del puente - Libros del Zorro Rojo","description":"En plena ofensiva fascista, en alg\u00fan lugar del Ebro, un anciano parece anclado a un puente, incapaz de reaccionar. No se sabe","robots":{"index":"index","follow":"follow","max-snippet":"max-snippet:-1","max-image-preview":"max-image-preview:large","max-video-preview":"max-video-preview:-1"},"canonical":"https:\/\/librosdelzorrorojo.com\/ca\/cataleg\/el-viejo-del-puente\/","og_locale":"ca_ES","og_type":"article","og_title":"El viejo del puente - Libros del Zorro Rojo","og_description":"En plena ofensiva fascista, en alg\u00fan lugar del Ebro, un anciano parece anclado a un puente, incapaz de reaccionar. No se sabe","og_url":"https:\/\/librosdelzorrorojo.com\/ca\/cataleg\/el-viejo-del-puente\/","og_site_name":"Libros del Zorro Rojo","article_modified_time":"2024-12-17T21:22:03+00:00","og_image":[{"width":850,"height":1265,"url":"https:\/\/librosdelzorrorojo.com\/wp-content\/uploads\/2000\/11\/Cover_El-viejo-del-puente-WEB.png","type":"image\/png"}],"twitter_card":"summary_large_image","twitter_misc":{"Temps estimat de lectura":"1 minut"},"schema":{"@context":"https:\/\/schema.org","@graph":[{"@type":"WebPage","@id":"https:\/\/librosdelzorrorojo.com\/ca\/cataleg\/el-viejo-del-puente\/","url":"https:\/\/librosdelzorrorojo.com\/ca\/cataleg\/el-viejo-del-puente\/","name":"El viejo del puente - Libros del Zorro Rojo","isPartOf":{"@id":"https:\/\/librosdelzorrorojo.com\/#website"},"primaryImageOfPage":{"@id":"https:\/\/librosdelzorrorojo.com\/ca\/cataleg\/el-viejo-del-puente\/#primaryimage"},"image":{"@id":"https:\/\/librosdelzorrorojo.com\/ca\/cataleg\/el-viejo-del-puente\/#primaryimage"},"thumbnailUrl":"https:\/\/librosdelzorrorojo.com\/wp-content\/uploads\/2000\/11\/Cover_El-viejo-del-puente-WEB.png","datePublished":"2000-11-12T13:08:37+00:00","dateModified":"2024-12-17T21:22:03+00:00","description":"En plena ofensiva fascista, en alg\u00fan lugar del Ebro, un anciano parece anclado a un puente, incapaz de reaccionar. No se sabe","breadcrumb":{"@id":"https:\/\/librosdelzorrorojo.com\/ca\/cataleg\/el-viejo-del-puente\/#breadcrumb"},"inLanguage":"ca","potentialAction":[{"@type":"ReadAction","target":["https:\/\/librosdelzorrorojo.com\/ca\/cataleg\/el-viejo-del-puente\/"]}]},{"@type":"ImageObject","inLanguage":"ca","@id":"https:\/\/librosdelzorrorojo.com\/ca\/cataleg\/el-viejo-del-puente\/#primaryimage","url":"https:\/\/librosdelzorrorojo.com\/wp-content\/uploads\/2000\/11\/Cover_El-viejo-del-puente-WEB.png","contentUrl":"https:\/\/librosdelzorrorojo.com\/wp-content\/uploads\/2000\/11\/Cover_El-viejo-del-puente-WEB.png","width":850,"height":1265,"caption":"Cover El viejo del puente WEB"},{"@type":"BreadcrumbList","@id":"https:\/\/librosdelzorrorojo.com\/ca\/cataleg\/el-viejo-del-puente\/#breadcrumb","itemListElement":[{"@type":"ListItem","position":1,"name":"Portada","item":"https:\/\/librosdelzorrorojo.com\/ca\/"},{"@type":"ListItem","position":2,"name":"Cat\u00e0leg","item":"https:\/\/librosdelzorrorojo.com\/ca\/cataleg\/"},{"@type":"ListItem","position":3,"name":"El viejo del puente"}]},{"@type":"WebSite","@id":"https:\/\/librosdelzorrorojo.com\/#website","url":"https:\/\/librosdelzorrorojo.com\/","name":"Libros del Zorro Rojo","description":"Libros ilustrados","potentialAction":[{"@type":"SearchAction","target":{"@type":"EntryPoint","urlTemplate":"https:\/\/librosdelzorrorojo.com\/?s={search_term_string}"},"query-input":{"@type":"PropertyValueSpecification","valueRequired":true,"valueName":"search_term_string"}}],"inLanguage":"ca"}]}},"_links":{"self":[{"href":"https:\/\/librosdelzorrorojo.com\/ca\/wp-json\/wp\/v2\/product\/11925","targetHints":{"allow":["GET"]}}],"collection":[{"href":"https:\/\/librosdelzorrorojo.com\/ca\/wp-json\/wp\/v2\/product"}],"about":[{"href":"https:\/\/librosdelzorrorojo.com\/ca\/wp-json\/wp\/v2\/types\/product"}],"wp:featuredmedia":[{"embeddable":true,"href":"https:\/\/librosdelzorrorojo.com\/ca\/wp-json\/wp\/v2\/media\/11491"}],"wp:attachment":[{"href":"https:\/\/librosdelzorrorojo.com\/ca\/wp-json\/wp\/v2\/media?parent=11925"}],"wp:term":[{"taxonomy":"product_brand","embeddable":true,"href":"https:\/\/librosdelzorrorojo.com\/ca\/wp-json\/wp\/v2\/product_brand?post=11925"},{"taxonomy":"product_cat","embeddable":true,"href":"https:\/\/librosdelzorrorojo.com\/ca\/wp-json\/wp\/v2\/product_cat?post=11925"},{"taxonomy":"product_tag","embeddable":true,"href":"https:\/\/librosdelzorrorojo.com\/ca\/wp-json\/wp\/v2\/product_tag?post=11925"}],"curies":[{"name":"wp","href":"https:\/\/api.w.org\/{rel}","templated":true}]}}