{"id":11301,"date":"2000-11-12T13:26:38","date_gmt":"2000-11-12T12:26:38","guid":{"rendered":"https:\/\/librosdelzorrorojo.com\/?post_type=product&#038;p=11301"},"modified":"2025-12-06T21:17:13","modified_gmt":"2025-12-06T20:17:13","slug":"una-llum-diminuta-sorgi-del-no-res","status":"publish","type":"product","link":"https:\/\/librosdelzorrorojo.com\/ca\/cataleg\/una-llum-diminuta-sorgi-del-no-res\/","title":{"rendered":"Una llum diminuta sorg\u00ed del no-res"},"content":{"rendered":"<p><span>En una antiga i solit\u00e0ria casa, el meticul\u00f3s senyor Ribblestone dedica els seus dies a la jardineria. La seva vida tranquil\u00b7la es trencar\u00e0 quan una estranya planta comenci a cr\u00e9ixer en un rac\u00f3 dels seus dominis, posant a prova la paci\u00e8ncia i la capacitat de sorpresa del protagonista. Una mirada po\u00e8tica sobre la naturalesa i el temps on el gran il\u00b7lustrador Einar Turkowski torna a retratar un m\u00f3n misteri\u00f3s, d&#8217;extraordin\u00e0ria bellesa.<\/span><\/p>\n","protected":false},"excerpt":{"rendered":"En una antiga i solit\u00e0ria casa, el meticul\u00f3s senyor Ribblestone dedica els seus dies a la jardineria. La seva vida tranquil\u00b7la es trencar\u00e0 quan una estranya planta comenci a cr\u00e9ixer en un rac\u00f3 dels seus dominis, posant a prova la paci\u00e8ncia i la capacitat de sorpresa del protagonista. Una mirada po\u00e8tica sobre la naturalesa i [&hellip;]","protected":false},"featured_media":11484,"template":"","meta":{"_acf_changed":false},"product_brand":[],"product_cat":[840],"product_tag":[],"class_list":{"0":"post-11301","1":"product","2":"type-product","3":"status-publish","4":"has-post-thumbnail","6":"product_cat-catala","7":"vinculo-una-luz-diminuta-surgio-de-la-nada","9":"first","10":"instock","11":"taxable","12":"shipping-taxable","13":"purchasable","14":"product-type-simple"},"acf":[],"yoast_head":"<!-- This site is optimized with the Yoast SEO plugin v25.1 - https:\/\/yoast.com\/wordpress\/plugins\/seo\/ -->\n<title>Una llum diminuta sorg\u00ed del no-res - Libros del Zorro Rojo<\/title>\n<meta name=\"description\" content=\"En una antiga i solit\u00e0ria casa, el meticul\u00f3s senyor Ribblestone dedica els seus dies a la jardineria. La seva vida tranquil\u00b7la es trencar\u00e0 quan\" \/>\n<meta name=\"robots\" content=\"index, follow, max-snippet:-1, max-image-preview:large, max-video-preview:-1\" \/>\n<link rel=\"canonical\" href=\"https:\/\/librosdelzorrorojo.com\/ca\/cataleg\/una-llum-diminuta-sorgi-del-no-res\/\" \/>\n<meta property=\"og:locale\" content=\"ca_ES\" \/>\n<meta property=\"og:type\" content=\"article\" \/>\n<meta property=\"og:title\" content=\"Una llum diminuta sorg\u00ed del no-res - Libros del Zorro Rojo\" \/>\n<meta property=\"og:description\" content=\"En una antiga i solit\u00e0ria casa, el meticul\u00f3s senyor Ribblestone dedica els seus dies a la jardineria. La seva vida tranquil\u00b7la es trencar\u00e0 quan\" \/>\n<meta property=\"og:url\" content=\"https:\/\/librosdelzorrorojo.com\/ca\/cataleg\/una-llum-diminuta-sorgi-del-no-res\/\" \/>\n<meta property=\"og:site_name\" content=\"Libros del Zorro Rojo\" \/>\n<meta property=\"article:modified_time\" content=\"2025-12-06T20:17:13+00:00\" \/>\n<meta property=\"og:image\" content=\"https:\/\/librosdelzorrorojo.com\/wp-content\/uploads\/2000\/11\/Cover_Una-llum-diminuta-sorgi\u0301-del-no-res-WEB.png\" \/>\n\t<meta property=\"og:image:width\" content=\"850\" \/>\n\t<meta property=\"og:image:height\" content=\"664\" \/>\n\t<meta property=\"og:image:type\" content=\"image\/png\" \/>\n<meta name=\"twitter:card\" content=\"summary_large_image\" \/>\n<script type=\"application\/ld+json\" class=\"yoast-schema-graph\">{\"@context\":\"https:\/\/schema.org\",\"@graph\":[{\"@type\":\"WebPage\",\"@id\":\"https:\/\/librosdelzorrorojo.com\/ca\/cataleg\/una-llum-diminuta-sorgi-del-no-res\/\",\"url\":\"https:\/\/librosdelzorrorojo.com\/ca\/cataleg\/una-llum-diminuta-sorgi-del-no-res\/\",\"name\":\"Una llum diminuta sorg\u00ed del no-res - Libros del Zorro Rojo\",\"isPartOf\":{\"@id\":\"https:\/\/librosdelzorrorojo.com\/#website\"},\"primaryImageOfPage\":{\"@id\":\"https:\/\/librosdelzorrorojo.com\/ca\/cataleg\/una-llum-diminuta-sorgi-del-no-res\/#primaryimage\"},\"image\":{\"@id\":\"https:\/\/librosdelzorrorojo.com\/ca\/cataleg\/una-llum-diminuta-sorgi-del-no-res\/#primaryimage\"},\"thumbnailUrl\":\"https:\/\/librosdelzorrorojo.com\/wp-content\/uploads\/2000\/11\/Cover_Una-llum-diminuta-sorgi\u0301-del-no-res-WEB.png\",\"datePublished\":\"2000-11-12T12:26:38+00:00\",\"dateModified\":\"2025-12-06T20:17:13+00:00\",\"description\":\"En una antiga i solit\u00e0ria casa, el meticul\u00f3s senyor Ribblestone dedica els seus dies a la jardineria. La seva vida tranquil\u00b7la es trencar\u00e0 quan\",\"breadcrumb\":{\"@id\":\"https:\/\/librosdelzorrorojo.com\/ca\/cataleg\/una-llum-diminuta-sorgi-del-no-res\/#breadcrumb\"},\"inLanguage\":\"ca\",\"potentialAction\":[{\"@type\":\"ReadAction\",\"target\":[\"https:\/\/librosdelzorrorojo.com\/ca\/cataleg\/una-llum-diminuta-sorgi-del-no-res\/\"]}]},{\"@type\":\"ImageObject\",\"inLanguage\":\"ca\",\"@id\":\"https:\/\/librosdelzorrorojo.com\/ca\/cataleg\/una-llum-diminuta-sorgi-del-no-res\/#primaryimage\",\"url\":\"https:\/\/librosdelzorrorojo.com\/wp-content\/uploads\/2000\/11\/Cover_Una-llum-diminuta-sorgi\u0301-del-no-res-WEB.png\",\"contentUrl\":\"https:\/\/librosdelzorrorojo.com\/wp-content\/uploads\/2000\/11\/Cover_Una-llum-diminuta-sorgi\u0301-del-no-res-WEB.png\",\"width\":850,\"height\":664,\"caption\":\"Cover Una llum diminuta sorgi\u0301 del no res WEB\"},{\"@type\":\"BreadcrumbList\",\"@id\":\"https:\/\/librosdelzorrorojo.com\/ca\/cataleg\/una-llum-diminuta-sorgi-del-no-res\/#breadcrumb\",\"itemListElement\":[{\"@type\":\"ListItem\",\"position\":1,\"name\":\"Portada\",\"item\":\"https:\/\/librosdelzorrorojo.com\/ca\/\"},{\"@type\":\"ListItem\",\"position\":2,\"name\":\"Cat\u00e0leg\",\"item\":\"https:\/\/librosdelzorrorojo.com\/ca\/cataleg\/\"},{\"@type\":\"ListItem\",\"position\":3,\"name\":\"Una llum diminuta sorg\u00ed del no-res\"}]},{\"@type\":\"WebSite\",\"@id\":\"https:\/\/librosdelzorrorojo.com\/#website\",\"url\":\"https:\/\/librosdelzorrorojo.com\/\",\"name\":\"Libros del Zorro Rojo\",\"description\":\"Libros ilustrados\",\"potentialAction\":[{\"@type\":\"SearchAction\",\"target\":{\"@type\":\"EntryPoint\",\"urlTemplate\":\"https:\/\/librosdelzorrorojo.com\/?s={search_term_string}\"},\"query-input\":{\"@type\":\"PropertyValueSpecification\",\"valueRequired\":true,\"valueName\":\"search_term_string\"}}],\"inLanguage\":\"ca\"}]}<\/script>\n<!-- \/ Yoast SEO plugin. -->","yoast_head_json":{"title":"Una llum diminuta sorg\u00ed del no-res - Libros del Zorro Rojo","description":"En una antiga i solit\u00e0ria casa, el meticul\u00f3s senyor Ribblestone dedica els seus dies a la jardineria. La seva vida tranquil\u00b7la es trencar\u00e0 quan","robots":{"index":"index","follow":"follow","max-snippet":"max-snippet:-1","max-image-preview":"max-image-preview:large","max-video-preview":"max-video-preview:-1"},"canonical":"https:\/\/librosdelzorrorojo.com\/ca\/cataleg\/una-llum-diminuta-sorgi-del-no-res\/","og_locale":"ca_ES","og_type":"article","og_title":"Una llum diminuta sorg\u00ed del no-res - Libros del Zorro Rojo","og_description":"En una antiga i solit\u00e0ria casa, el meticul\u00f3s senyor Ribblestone dedica els seus dies a la jardineria. La seva vida tranquil\u00b7la es trencar\u00e0 quan","og_url":"https:\/\/librosdelzorrorojo.com\/ca\/cataleg\/una-llum-diminuta-sorgi-del-no-res\/","og_site_name":"Libros del Zorro Rojo","article_modified_time":"2025-12-06T20:17:13+00:00","og_image":[{"width":850,"height":664,"url":"https:\/\/librosdelzorrorojo.com\/wp-content\/uploads\/2000\/11\/Cover_Una-llum-diminuta-sorgi\u0301-del-no-res-WEB.png","type":"image\/png"}],"twitter_card":"summary_large_image","schema":{"@context":"https:\/\/schema.org","@graph":[{"@type":"WebPage","@id":"https:\/\/librosdelzorrorojo.com\/ca\/cataleg\/una-llum-diminuta-sorgi-del-no-res\/","url":"https:\/\/librosdelzorrorojo.com\/ca\/cataleg\/una-llum-diminuta-sorgi-del-no-res\/","name":"Una llum diminuta sorg\u00ed del no-res - Libros del Zorro Rojo","isPartOf":{"@id":"https:\/\/librosdelzorrorojo.com\/#website"},"primaryImageOfPage":{"@id":"https:\/\/librosdelzorrorojo.com\/ca\/cataleg\/una-llum-diminuta-sorgi-del-no-res\/#primaryimage"},"image":{"@id":"https:\/\/librosdelzorrorojo.com\/ca\/cataleg\/una-llum-diminuta-sorgi-del-no-res\/#primaryimage"},"thumbnailUrl":"https:\/\/librosdelzorrorojo.com\/wp-content\/uploads\/2000\/11\/Cover_Una-llum-diminuta-sorgi\u0301-del-no-res-WEB.png","datePublished":"2000-11-12T12:26:38+00:00","dateModified":"2025-12-06T20:17:13+00:00","description":"En una antiga i solit\u00e0ria casa, el meticul\u00f3s senyor Ribblestone dedica els seus dies a la jardineria. La seva vida tranquil\u00b7la es trencar\u00e0 quan","breadcrumb":{"@id":"https:\/\/librosdelzorrorojo.com\/ca\/cataleg\/una-llum-diminuta-sorgi-del-no-res\/#breadcrumb"},"inLanguage":"ca","potentialAction":[{"@type":"ReadAction","target":["https:\/\/librosdelzorrorojo.com\/ca\/cataleg\/una-llum-diminuta-sorgi-del-no-res\/"]}]},{"@type":"ImageObject","inLanguage":"ca","@id":"https:\/\/librosdelzorrorojo.com\/ca\/cataleg\/una-llum-diminuta-sorgi-del-no-res\/#primaryimage","url":"https:\/\/librosdelzorrorojo.com\/wp-content\/uploads\/2000\/11\/Cover_Una-llum-diminuta-sorgi\u0301-del-no-res-WEB.png","contentUrl":"https:\/\/librosdelzorrorojo.com\/wp-content\/uploads\/2000\/11\/Cover_Una-llum-diminuta-sorgi\u0301-del-no-res-WEB.png","width":850,"height":664,"caption":"Cover Una llum diminuta sorgi\u0301 del no res WEB"},{"@type":"BreadcrumbList","@id":"https:\/\/librosdelzorrorojo.com\/ca\/cataleg\/una-llum-diminuta-sorgi-del-no-res\/#breadcrumb","itemListElement":[{"@type":"ListItem","position":1,"name":"Portada","item":"https:\/\/librosdelzorrorojo.com\/ca\/"},{"@type":"ListItem","position":2,"name":"Cat\u00e0leg","item":"https:\/\/librosdelzorrorojo.com\/ca\/cataleg\/"},{"@type":"ListItem","position":3,"name":"Una llum diminuta sorg\u00ed del no-res"}]},{"@type":"WebSite","@id":"https:\/\/librosdelzorrorojo.com\/#website","url":"https:\/\/librosdelzorrorojo.com\/","name":"Libros del Zorro Rojo","description":"Libros ilustrados","potentialAction":[{"@type":"SearchAction","target":{"@type":"EntryPoint","urlTemplate":"https:\/\/librosdelzorrorojo.com\/?s={search_term_string}"},"query-input":{"@type":"PropertyValueSpecification","valueRequired":true,"valueName":"search_term_string"}}],"inLanguage":"ca"}]}},"_links":{"self":[{"href":"https:\/\/librosdelzorrorojo.com\/ca\/wp-json\/wp\/v2\/product\/11301","targetHints":{"allow":["GET"]}}],"collection":[{"href":"https:\/\/librosdelzorrorojo.com\/ca\/wp-json\/wp\/v2\/product"}],"about":[{"href":"https:\/\/librosdelzorrorojo.com\/ca\/wp-json\/wp\/v2\/types\/product"}],"wp:featuredmedia":[{"embeddable":true,"href":"https:\/\/librosdelzorrorojo.com\/ca\/wp-json\/wp\/v2\/media\/11484"}],"wp:attachment":[{"href":"https:\/\/librosdelzorrorojo.com\/ca\/wp-json\/wp\/v2\/media?parent=11301"}],"wp:term":[{"taxonomy":"product_brand","embeddable":true,"href":"https:\/\/librosdelzorrorojo.com\/ca\/wp-json\/wp\/v2\/product_brand?post=11301"},{"taxonomy":"product_cat","embeddable":true,"href":"https:\/\/librosdelzorrorojo.com\/ca\/wp-json\/wp\/v2\/product_cat?post=11301"},{"taxonomy":"product_tag","embeddable":true,"href":"https:\/\/librosdelzorrorojo.com\/ca\/wp-json\/wp\/v2\/product_tag?post=11301"}],"curies":[{"name":"wp","href":"https:\/\/api.w.org\/{rel}","templated":true}]}}