{"id":11293,"date":"2000-11-12T13:07:09","date_gmt":"2000-11-12T12:07:09","guid":{"rendered":"https:\/\/librosdelzorrorojo.com\/?post_type=product&#038;p=11293"},"modified":"2025-08-28T16:11:02","modified_gmt":"2025-08-28T14:11:02","slug":"era-fosc-i-sospitosament-tranquil","status":"publish","type":"product","link":"https:\/\/librosdelzorrorojo.com\/ca\/cataleg\/era-fosc-i-sospitosament-tranquil\/","title":{"rendered":"Era fosc i sospitosament tranquil"},"content":{"rendered":"<p><span>Aquest misteri\u00f3s \u00e0lbum conta la hist\u00f2ria d<\/span><span>\u2019<\/span><span>un pescador de n\u00favols que viu en una casa abandonada a la vora del mar. A m\u00e9s, domina a la perfecci\u00f3 un art desconegut, despertant l<\/span><span>\u2019<\/span><span>enveja i l<\/span><span>\u2019<\/span><span>hostilitat dels seus ve\u00efns. Un m\u00f3n surrealista de personatges extravagants, d&#8217;objectes inaudits i d&#8217;eterns paisatges nocturns.<\/span><\/p>\n","protected":false},"excerpt":{"rendered":"Aquest misteri\u00f3s \u00e0lbum conta la hist\u00f2ria d\u2019un pescador de n\u00favols que viu en una casa abandonada a la vora del mar. A m\u00e9s, domina a la perfecci\u00f3 un art desconegut, despertant l\u2019enveja i l\u2019hostilitat dels seus ve\u00efns. Un m\u00f3n surrealista de personatges extravagants, d&#8217;objectes inaudits i d&#8217;eterns paisatges nocturns.","protected":false},"featured_media":11579,"template":"","meta":{"_acf_changed":false},"product_brand":[],"product_cat":[840,843,3156],"product_tag":[],"class_list":{"0":"post-11293","1":"product","2":"type-product","3":"status-publish","4":"has-post-thumbnail","6":"product_cat-catala","7":"product_cat-infantiles-ca","8":"product_cat-juvenil-adult","9":"vinculo-estaba-oscuro-y-sospechosamente-tranquilo","11":"first","12":"instock","13":"taxable","14":"shipping-taxable","15":"purchasable","16":"product-type-simple"},"acf":[],"yoast_head":"<!-- This site is optimized with the Yoast SEO plugin v25.1 - https:\/\/yoast.com\/wordpress\/plugins\/seo\/ -->\n<title>Era fosc i sospitosament tranquil - Libros del Zorro Rojo<\/title>\n<meta name=\"description\" content=\"Aquest misteri\u00f3s \u00e0lbum conta la hist\u00f2ria d\u2019un pescador de n\u00favols que viu en una casa abandonada a la vora del mar. A m\u00e9s, domina a la perfecci\u00f3 un art\" \/>\n<meta name=\"robots\" content=\"index, follow, max-snippet:-1, max-image-preview:large, max-video-preview:-1\" \/>\n<link rel=\"canonical\" href=\"https:\/\/librosdelzorrorojo.com\/ca\/cataleg\/era-fosc-i-sospitosament-tranquil\/\" \/>\n<meta property=\"og:locale\" content=\"ca_ES\" \/>\n<meta property=\"og:type\" content=\"article\" \/>\n<meta property=\"og:title\" content=\"Era fosc i sospitosament tranquil - Libros del Zorro Rojo\" \/>\n<meta property=\"og:description\" content=\"Aquest misteri\u00f3s \u00e0lbum conta la hist\u00f2ria d\u2019un pescador de n\u00favols que viu en una casa abandonada a la vora del mar. A m\u00e9s, domina a la perfecci\u00f3 un art\" \/>\n<meta property=\"og:url\" content=\"https:\/\/librosdelzorrorojo.com\/ca\/cataleg\/era-fosc-i-sospitosament-tranquil\/\" \/>\n<meta property=\"og:site_name\" content=\"Libros del Zorro Rojo\" \/>\n<meta property=\"article:modified_time\" content=\"2025-08-28T14:11:02+00:00\" \/>\n<meta property=\"og:image\" content=\"https:\/\/librosdelzorrorojo.com\/wp-content\/uploads\/2000\/11\/Cover_EraFoscISospitosamentTranquil-WEB-1.png\" \/>\n\t<meta property=\"og:image:width\" content=\"850\" \/>\n\t<meta property=\"og:image:height\" content=\"651\" \/>\n\t<meta property=\"og:image:type\" content=\"image\/png\" \/>\n<meta name=\"twitter:card\" content=\"summary_large_image\" \/>\n<meta name=\"twitter:label1\" content=\"Temps estimat de lectura\" \/>\n\t<meta name=\"twitter:data1\" content=\"1 minut\" \/>\n<script type=\"application\/ld+json\" class=\"yoast-schema-graph\">{\"@context\":\"https:\/\/schema.org\",\"@graph\":[{\"@type\":\"WebPage\",\"@id\":\"https:\/\/librosdelzorrorojo.com\/ca\/cataleg\/era-fosc-i-sospitosament-tranquil\/\",\"url\":\"https:\/\/librosdelzorrorojo.com\/ca\/cataleg\/era-fosc-i-sospitosament-tranquil\/\",\"name\":\"Era fosc i sospitosament tranquil - Libros del Zorro Rojo\",\"isPartOf\":{\"@id\":\"https:\/\/librosdelzorrorojo.com\/#website\"},\"primaryImageOfPage\":{\"@id\":\"https:\/\/librosdelzorrorojo.com\/ca\/cataleg\/era-fosc-i-sospitosament-tranquil\/#primaryimage\"},\"image\":{\"@id\":\"https:\/\/librosdelzorrorojo.com\/ca\/cataleg\/era-fosc-i-sospitosament-tranquil\/#primaryimage\"},\"thumbnailUrl\":\"https:\/\/librosdelzorrorojo.com\/wp-content\/uploads\/2000\/11\/Cover_EraFoscISospitosamentTranquil-WEB-1.png\",\"datePublished\":\"2000-11-12T12:07:09+00:00\",\"dateModified\":\"2025-08-28T14:11:02+00:00\",\"description\":\"Aquest misteri\u00f3s \u00e0lbum conta la hist\u00f2ria d\u2019un pescador de n\u00favols que viu en una casa abandonada a la vora del mar. A m\u00e9s, domina a la perfecci\u00f3 un art\",\"breadcrumb\":{\"@id\":\"https:\/\/librosdelzorrorojo.com\/ca\/cataleg\/era-fosc-i-sospitosament-tranquil\/#breadcrumb\"},\"inLanguage\":\"ca\",\"potentialAction\":[{\"@type\":\"ReadAction\",\"target\":[\"https:\/\/librosdelzorrorojo.com\/ca\/cataleg\/era-fosc-i-sospitosament-tranquil\/\"]}]},{\"@type\":\"ImageObject\",\"inLanguage\":\"ca\",\"@id\":\"https:\/\/librosdelzorrorojo.com\/ca\/cataleg\/era-fosc-i-sospitosament-tranquil\/#primaryimage\",\"url\":\"https:\/\/librosdelzorrorojo.com\/wp-content\/uploads\/2000\/11\/Cover_EraFoscISospitosamentTranquil-WEB-1.png\",\"contentUrl\":\"https:\/\/librosdelzorrorojo.com\/wp-content\/uploads\/2000\/11\/Cover_EraFoscISospitosamentTranquil-WEB-1.png\",\"width\":850,\"height\":651,\"caption\":\"Cover EraFoscISospitosamentTranquil WEB 1\"},{\"@type\":\"BreadcrumbList\",\"@id\":\"https:\/\/librosdelzorrorojo.com\/ca\/cataleg\/era-fosc-i-sospitosament-tranquil\/#breadcrumb\",\"itemListElement\":[{\"@type\":\"ListItem\",\"position\":1,\"name\":\"Portada\",\"item\":\"https:\/\/librosdelzorrorojo.com\/ca\/\"},{\"@type\":\"ListItem\",\"position\":2,\"name\":\"Cat\u00e0leg\",\"item\":\"https:\/\/librosdelzorrorojo.com\/ca\/cataleg\/\"},{\"@type\":\"ListItem\",\"position\":3,\"name\":\"Era fosc i sospitosament tranquil\"}]},{\"@type\":\"WebSite\",\"@id\":\"https:\/\/librosdelzorrorojo.com\/#website\",\"url\":\"https:\/\/librosdelzorrorojo.com\/\",\"name\":\"Libros del Zorro Rojo\",\"description\":\"Libros ilustrados\",\"potentialAction\":[{\"@type\":\"SearchAction\",\"target\":{\"@type\":\"EntryPoint\",\"urlTemplate\":\"https:\/\/librosdelzorrorojo.com\/?s={search_term_string}\"},\"query-input\":{\"@type\":\"PropertyValueSpecification\",\"valueRequired\":true,\"valueName\":\"search_term_string\"}}],\"inLanguage\":\"ca\"}]}<\/script>\n<!-- \/ Yoast SEO plugin. -->","yoast_head_json":{"title":"Era fosc i sospitosament tranquil - Libros del Zorro Rojo","description":"Aquest misteri\u00f3s \u00e0lbum conta la hist\u00f2ria d\u2019un pescador de n\u00favols que viu en una casa abandonada a la vora del mar. A m\u00e9s, domina a la perfecci\u00f3 un art","robots":{"index":"index","follow":"follow","max-snippet":"max-snippet:-1","max-image-preview":"max-image-preview:large","max-video-preview":"max-video-preview:-1"},"canonical":"https:\/\/librosdelzorrorojo.com\/ca\/cataleg\/era-fosc-i-sospitosament-tranquil\/","og_locale":"ca_ES","og_type":"article","og_title":"Era fosc i sospitosament tranquil - Libros del Zorro Rojo","og_description":"Aquest misteri\u00f3s \u00e0lbum conta la hist\u00f2ria d\u2019un pescador de n\u00favols que viu en una casa abandonada a la vora del mar. A m\u00e9s, domina a la perfecci\u00f3 un art","og_url":"https:\/\/librosdelzorrorojo.com\/ca\/cataleg\/era-fosc-i-sospitosament-tranquil\/","og_site_name":"Libros del Zorro Rojo","article_modified_time":"2025-08-28T14:11:02+00:00","og_image":[{"width":850,"height":651,"url":"https:\/\/librosdelzorrorojo.com\/wp-content\/uploads\/2000\/11\/Cover_EraFoscISospitosamentTranquil-WEB-1.png","type":"image\/png"}],"twitter_card":"summary_large_image","twitter_misc":{"Temps estimat de lectura":"1 minut"},"schema":{"@context":"https:\/\/schema.org","@graph":[{"@type":"WebPage","@id":"https:\/\/librosdelzorrorojo.com\/ca\/cataleg\/era-fosc-i-sospitosament-tranquil\/","url":"https:\/\/librosdelzorrorojo.com\/ca\/cataleg\/era-fosc-i-sospitosament-tranquil\/","name":"Era fosc i sospitosament tranquil - Libros del Zorro Rojo","isPartOf":{"@id":"https:\/\/librosdelzorrorojo.com\/#website"},"primaryImageOfPage":{"@id":"https:\/\/librosdelzorrorojo.com\/ca\/cataleg\/era-fosc-i-sospitosament-tranquil\/#primaryimage"},"image":{"@id":"https:\/\/librosdelzorrorojo.com\/ca\/cataleg\/era-fosc-i-sospitosament-tranquil\/#primaryimage"},"thumbnailUrl":"https:\/\/librosdelzorrorojo.com\/wp-content\/uploads\/2000\/11\/Cover_EraFoscISospitosamentTranquil-WEB-1.png","datePublished":"2000-11-12T12:07:09+00:00","dateModified":"2025-08-28T14:11:02+00:00","description":"Aquest misteri\u00f3s \u00e0lbum conta la hist\u00f2ria d\u2019un pescador de n\u00favols que viu en una casa abandonada a la vora del mar. A m\u00e9s, domina a la perfecci\u00f3 un art","breadcrumb":{"@id":"https:\/\/librosdelzorrorojo.com\/ca\/cataleg\/era-fosc-i-sospitosament-tranquil\/#breadcrumb"},"inLanguage":"ca","potentialAction":[{"@type":"ReadAction","target":["https:\/\/librosdelzorrorojo.com\/ca\/cataleg\/era-fosc-i-sospitosament-tranquil\/"]}]},{"@type":"ImageObject","inLanguage":"ca","@id":"https:\/\/librosdelzorrorojo.com\/ca\/cataleg\/era-fosc-i-sospitosament-tranquil\/#primaryimage","url":"https:\/\/librosdelzorrorojo.com\/wp-content\/uploads\/2000\/11\/Cover_EraFoscISospitosamentTranquil-WEB-1.png","contentUrl":"https:\/\/librosdelzorrorojo.com\/wp-content\/uploads\/2000\/11\/Cover_EraFoscISospitosamentTranquil-WEB-1.png","width":850,"height":651,"caption":"Cover EraFoscISospitosamentTranquil WEB 1"},{"@type":"BreadcrumbList","@id":"https:\/\/librosdelzorrorojo.com\/ca\/cataleg\/era-fosc-i-sospitosament-tranquil\/#breadcrumb","itemListElement":[{"@type":"ListItem","position":1,"name":"Portada","item":"https:\/\/librosdelzorrorojo.com\/ca\/"},{"@type":"ListItem","position":2,"name":"Cat\u00e0leg","item":"https:\/\/librosdelzorrorojo.com\/ca\/cataleg\/"},{"@type":"ListItem","position":3,"name":"Era fosc i sospitosament tranquil"}]},{"@type":"WebSite","@id":"https:\/\/librosdelzorrorojo.com\/#website","url":"https:\/\/librosdelzorrorojo.com\/","name":"Libros del Zorro Rojo","description":"Libros ilustrados","potentialAction":[{"@type":"SearchAction","target":{"@type":"EntryPoint","urlTemplate":"https:\/\/librosdelzorrorojo.com\/?s={search_term_string}"},"query-input":{"@type":"PropertyValueSpecification","valueRequired":true,"valueName":"search_term_string"}}],"inLanguage":"ca"}]}},"_links":{"self":[{"href":"https:\/\/librosdelzorrorojo.com\/ca\/wp-json\/wp\/v2\/product\/11293","targetHints":{"allow":["GET"]}}],"collection":[{"href":"https:\/\/librosdelzorrorojo.com\/ca\/wp-json\/wp\/v2\/product"}],"about":[{"href":"https:\/\/librosdelzorrorojo.com\/ca\/wp-json\/wp\/v2\/types\/product"}],"wp:featuredmedia":[{"embeddable":true,"href":"https:\/\/librosdelzorrorojo.com\/ca\/wp-json\/wp\/v2\/media\/11579"}],"wp:attachment":[{"href":"https:\/\/librosdelzorrorojo.com\/ca\/wp-json\/wp\/v2\/media?parent=11293"}],"wp:term":[{"taxonomy":"product_brand","embeddable":true,"href":"https:\/\/librosdelzorrorojo.com\/ca\/wp-json\/wp\/v2\/product_brand?post=11293"},{"taxonomy":"product_cat","embeddable":true,"href":"https:\/\/librosdelzorrorojo.com\/ca\/wp-json\/wp\/v2\/product_cat?post=11293"},{"taxonomy":"product_tag","embeddable":true,"href":"https:\/\/librosdelzorrorojo.com\/ca\/wp-json\/wp\/v2\/product_tag?post=11293"}],"curies":[{"name":"wp","href":"https:\/\/api.w.org\/{rel}","templated":true}]}}