{"id":11104,"date":"2018-04-03T16:36:10","date_gmt":"2018-04-03T14:36:10","guid":{"rendered":"https:\/\/librosdelzorrorojo.com\/?post_type=product&#038;p=11104"},"modified":"2026-04-15T18:21:55","modified_gmt":"2026-04-15T16:21:55","slug":"finn-herman-ca","status":"publish","type":"product","link":"https:\/\/librosdelzorrorojo.com\/ca\/cataleg\/finn-herman-ca\/","title":{"rendered":"Finn Herman"},"content":{"rendered":"<p><span>Mats Let\u00e9n ens relata la divertida hist\u00f2ria de Finn Herman, un cocodril famolenc que, durant un breu passeig urb\u00e0, engoleix tot el que es creua pel seu cam\u00ed: un \u00e0nec, un gat, un nen, un elefant i un home amb un barret groc. La seva ama, preocupada pels perills que suposa la ciutat per a la seva petita mascota, no s&#8217;ad\u00f3na de res&#8230;<\/span><\/p>\n<p><span>Hanne Bartholin il\u00b7lustra magn\u00edficament la transformaci\u00f3 del personatge central d&#8217;aquesta hist\u00f2ria: l\u2019entranyable Finn Herman augmenta progressivament de grand\u00e0ria fins a desbordar els l\u00edmits de l\u2019\u00e0lbum. I, cada vegada que est\u00e0 a punt de devorar a una de les seves v\u00edctimes, la il\u00b7lustradora ens desvetlla amb subtilesa el secret atro\u00e7: Nyam!<\/span><\/p>\n","protected":false},"excerpt":{"rendered":"<span>Mats Let\u00e9n ens relata la divertida hist\u00f2ria de Finn Herman, un cocodril famolenc que, durant un breu passeig urb\u00e0, engoleix tot el que es creua pel seu cam\u00ed: un \u00e0nec, un gat, un nen, un elefant i un home amb un barret groc. La seva ama, preocupada pels perills que suposa la ciutat per a la seva petita mascota, no s&#8217;ad\u00f3na de res&#8230;<\/span>","protected":false},"featured_media":11406,"template":"","meta":{"_acf_changed":false},"product_brand":[],"product_cat":[840,843],"product_tag":[],"class_list":{"0":"post-11104","1":"product","2":"type-product","3":"status-publish","4":"has-post-thumbnail","6":"product_cat-catala","7":"product_cat-infantiles-ca","8":"vinculo-finn-herman","10":"first","11":"instock","12":"taxable","13":"shipping-taxable","14":"purchasable","15":"product-type-simple"},"acf":[],"yoast_head":"<!-- This site is optimized with the Yoast SEO plugin v25.1 - https:\/\/yoast.com\/wordpress\/plugins\/seo\/ -->\n<title>Finn Herman - Libros del Zorro Rojo<\/title>\n<meta name=\"description\" content=\"Mats Let\u00e9n ens relata la divertida hist\u00f2ria de Finn Herman, un cocodril famolenc que, durant un breu passeig urb\u00e0, engoleix tot el que es creua\" \/>\n<meta name=\"robots\" content=\"index, follow, max-snippet:-1, max-image-preview:large, max-video-preview:-1\" \/>\n<link rel=\"canonical\" href=\"https:\/\/librosdelzorrorojo.com\/ca\/cataleg\/finn-herman-ca\/\" \/>\n<meta property=\"og:locale\" content=\"ca_ES\" \/>\n<meta property=\"og:type\" content=\"article\" \/>\n<meta property=\"og:title\" content=\"Finn Herman - Libros del Zorro Rojo\" \/>\n<meta property=\"og:description\" content=\"Mats Let\u00e9n ens relata la divertida hist\u00f2ria de Finn Herman, un cocodril famolenc que, durant un breu passeig urb\u00e0, engoleix tot el que es creua\" \/>\n<meta property=\"og:url\" content=\"https:\/\/librosdelzorrorojo.com\/ca\/cataleg\/finn-herman-ca\/\" \/>\n<meta property=\"og:site_name\" content=\"Libros del Zorro Rojo\" \/>\n<meta property=\"article:modified_time\" content=\"2026-04-15T16:21:55+00:00\" \/>\n<meta property=\"og:image\" content=\"https:\/\/librosdelzorrorojo.com\/wp-content\/uploads\/2018\/11\/Cover-Finn-Herman-CAT-WEB.png\" \/>\n\t<meta property=\"og:image:width\" content=\"850\" \/>\n\t<meta property=\"og:image:height\" content=\"684\" \/>\n\t<meta property=\"og:image:type\" content=\"image\/png\" \/>\n<meta name=\"twitter:card\" content=\"summary_large_image\" \/>\n<meta name=\"twitter:label1\" content=\"Temps estimat de lectura\" \/>\n\t<meta name=\"twitter:data1\" content=\"1 minut\" \/>\n<script type=\"application\/ld+json\" class=\"yoast-schema-graph\">{\"@context\":\"https:\/\/schema.org\",\"@graph\":[{\"@type\":\"WebPage\",\"@id\":\"https:\/\/librosdelzorrorojo.com\/ca\/cataleg\/finn-herman-ca\/\",\"url\":\"https:\/\/librosdelzorrorojo.com\/ca\/cataleg\/finn-herman-ca\/\",\"name\":\"Finn Herman - Libros del Zorro Rojo\",\"isPartOf\":{\"@id\":\"https:\/\/librosdelzorrorojo.com\/#website\"},\"primaryImageOfPage\":{\"@id\":\"https:\/\/librosdelzorrorojo.com\/ca\/cataleg\/finn-herman-ca\/#primaryimage\"},\"image\":{\"@id\":\"https:\/\/librosdelzorrorojo.com\/ca\/cataleg\/finn-herman-ca\/#primaryimage\"},\"thumbnailUrl\":\"https:\/\/librosdelzorrorojo.com\/wp-content\/uploads\/2018\/11\/Cover-Finn-Herman-CAT-WEB.png\",\"datePublished\":\"2018-04-03T14:36:10+00:00\",\"dateModified\":\"2026-04-15T16:21:55+00:00\",\"description\":\"Mats Let\u00e9n ens relata la divertida hist\u00f2ria de Finn Herman, un cocodril famolenc que, durant un breu passeig urb\u00e0, engoleix tot el que es creua\",\"breadcrumb\":{\"@id\":\"https:\/\/librosdelzorrorojo.com\/ca\/cataleg\/finn-herman-ca\/#breadcrumb\"},\"inLanguage\":\"ca\",\"potentialAction\":[{\"@type\":\"ReadAction\",\"target\":[\"https:\/\/librosdelzorrorojo.com\/ca\/cataleg\/finn-herman-ca\/\"]}]},{\"@type\":\"ImageObject\",\"inLanguage\":\"ca\",\"@id\":\"https:\/\/librosdelzorrorojo.com\/ca\/cataleg\/finn-herman-ca\/#primaryimage\",\"url\":\"https:\/\/librosdelzorrorojo.com\/wp-content\/uploads\/2018\/11\/Cover-Finn-Herman-CAT-WEB.png\",\"contentUrl\":\"https:\/\/librosdelzorrorojo.com\/wp-content\/uploads\/2018\/11\/Cover-Finn-Herman-CAT-WEB.png\",\"width\":850,\"height\":684,\"caption\":\"Cover Finn Herman CAT WEB\"},{\"@type\":\"BreadcrumbList\",\"@id\":\"https:\/\/librosdelzorrorojo.com\/ca\/cataleg\/finn-herman-ca\/#breadcrumb\",\"itemListElement\":[{\"@type\":\"ListItem\",\"position\":1,\"name\":\"Portada\",\"item\":\"https:\/\/librosdelzorrorojo.com\/ca\/\"},{\"@type\":\"ListItem\",\"position\":2,\"name\":\"Cat\u00e0leg\",\"item\":\"https:\/\/librosdelzorrorojo.com\/ca\/cataleg\/\"},{\"@type\":\"ListItem\",\"position\":3,\"name\":\"Finn Herman\"}]},{\"@type\":\"WebSite\",\"@id\":\"https:\/\/librosdelzorrorojo.com\/#website\",\"url\":\"https:\/\/librosdelzorrorojo.com\/\",\"name\":\"Libros del Zorro Rojo\",\"description\":\"Libros ilustrados\",\"potentialAction\":[{\"@type\":\"SearchAction\",\"target\":{\"@type\":\"EntryPoint\",\"urlTemplate\":\"https:\/\/librosdelzorrorojo.com\/?s={search_term_string}\"},\"query-input\":{\"@type\":\"PropertyValueSpecification\",\"valueRequired\":true,\"valueName\":\"search_term_string\"}}],\"inLanguage\":\"ca\"}]}<\/script>\n<!-- \/ Yoast SEO plugin. -->","yoast_head_json":{"title":"Finn Herman - Libros del Zorro Rojo","description":"Mats Let\u00e9n ens relata la divertida hist\u00f2ria de Finn Herman, un cocodril famolenc que, durant un breu passeig urb\u00e0, engoleix tot el que es creua","robots":{"index":"index","follow":"follow","max-snippet":"max-snippet:-1","max-image-preview":"max-image-preview:large","max-video-preview":"max-video-preview:-1"},"canonical":"https:\/\/librosdelzorrorojo.com\/ca\/cataleg\/finn-herman-ca\/","og_locale":"ca_ES","og_type":"article","og_title":"Finn Herman - Libros del Zorro Rojo","og_description":"Mats Let\u00e9n ens relata la divertida hist\u00f2ria de Finn Herman, un cocodril famolenc que, durant un breu passeig urb\u00e0, engoleix tot el que es creua","og_url":"https:\/\/librosdelzorrorojo.com\/ca\/cataleg\/finn-herman-ca\/","og_site_name":"Libros del Zorro Rojo","article_modified_time":"2026-04-15T16:21:55+00:00","og_image":[{"width":850,"height":684,"url":"https:\/\/librosdelzorrorojo.com\/wp-content\/uploads\/2018\/11\/Cover-Finn-Herman-CAT-WEB.png","type":"image\/png"}],"twitter_card":"summary_large_image","twitter_misc":{"Temps estimat de lectura":"1 minut"},"schema":{"@context":"https:\/\/schema.org","@graph":[{"@type":"WebPage","@id":"https:\/\/librosdelzorrorojo.com\/ca\/cataleg\/finn-herman-ca\/","url":"https:\/\/librosdelzorrorojo.com\/ca\/cataleg\/finn-herman-ca\/","name":"Finn Herman - Libros del Zorro Rojo","isPartOf":{"@id":"https:\/\/librosdelzorrorojo.com\/#website"},"primaryImageOfPage":{"@id":"https:\/\/librosdelzorrorojo.com\/ca\/cataleg\/finn-herman-ca\/#primaryimage"},"image":{"@id":"https:\/\/librosdelzorrorojo.com\/ca\/cataleg\/finn-herman-ca\/#primaryimage"},"thumbnailUrl":"https:\/\/librosdelzorrorojo.com\/wp-content\/uploads\/2018\/11\/Cover-Finn-Herman-CAT-WEB.png","datePublished":"2018-04-03T14:36:10+00:00","dateModified":"2026-04-15T16:21:55+00:00","description":"Mats Let\u00e9n ens relata la divertida hist\u00f2ria de Finn Herman, un cocodril famolenc que, durant un breu passeig urb\u00e0, engoleix tot el que es creua","breadcrumb":{"@id":"https:\/\/librosdelzorrorojo.com\/ca\/cataleg\/finn-herman-ca\/#breadcrumb"},"inLanguage":"ca","potentialAction":[{"@type":"ReadAction","target":["https:\/\/librosdelzorrorojo.com\/ca\/cataleg\/finn-herman-ca\/"]}]},{"@type":"ImageObject","inLanguage":"ca","@id":"https:\/\/librosdelzorrorojo.com\/ca\/cataleg\/finn-herman-ca\/#primaryimage","url":"https:\/\/librosdelzorrorojo.com\/wp-content\/uploads\/2018\/11\/Cover-Finn-Herman-CAT-WEB.png","contentUrl":"https:\/\/librosdelzorrorojo.com\/wp-content\/uploads\/2018\/11\/Cover-Finn-Herman-CAT-WEB.png","width":850,"height":684,"caption":"Cover Finn Herman CAT WEB"},{"@type":"BreadcrumbList","@id":"https:\/\/librosdelzorrorojo.com\/ca\/cataleg\/finn-herman-ca\/#breadcrumb","itemListElement":[{"@type":"ListItem","position":1,"name":"Portada","item":"https:\/\/librosdelzorrorojo.com\/ca\/"},{"@type":"ListItem","position":2,"name":"Cat\u00e0leg","item":"https:\/\/librosdelzorrorojo.com\/ca\/cataleg\/"},{"@type":"ListItem","position":3,"name":"Finn Herman"}]},{"@type":"WebSite","@id":"https:\/\/librosdelzorrorojo.com\/#website","url":"https:\/\/librosdelzorrorojo.com\/","name":"Libros del Zorro Rojo","description":"Libros ilustrados","potentialAction":[{"@type":"SearchAction","target":{"@type":"EntryPoint","urlTemplate":"https:\/\/librosdelzorrorojo.com\/?s={search_term_string}"},"query-input":{"@type":"PropertyValueSpecification","valueRequired":true,"valueName":"search_term_string"}}],"inLanguage":"ca"}]}},"_links":{"self":[{"href":"https:\/\/librosdelzorrorojo.com\/ca\/wp-json\/wp\/v2\/product\/11104","targetHints":{"allow":["GET"]}}],"collection":[{"href":"https:\/\/librosdelzorrorojo.com\/ca\/wp-json\/wp\/v2\/product"}],"about":[{"href":"https:\/\/librosdelzorrorojo.com\/ca\/wp-json\/wp\/v2\/types\/product"}],"wp:featuredmedia":[{"embeddable":true,"href":"https:\/\/librosdelzorrorojo.com\/ca\/wp-json\/wp\/v2\/media\/11406"}],"wp:attachment":[{"href":"https:\/\/librosdelzorrorojo.com\/ca\/wp-json\/wp\/v2\/media?parent=11104"}],"wp:term":[{"taxonomy":"product_brand","embeddable":true,"href":"https:\/\/librosdelzorrorojo.com\/ca\/wp-json\/wp\/v2\/product_brand?post=11104"},{"taxonomy":"product_cat","embeddable":true,"href":"https:\/\/librosdelzorrorojo.com\/ca\/wp-json\/wp\/v2\/product_cat?post=11104"},{"taxonomy":"product_tag","embeddable":true,"href":"https:\/\/librosdelzorrorojo.com\/ca\/wp-json\/wp\/v2\/product_tag?post=11104"}],"curies":[{"name":"wp","href":"https:\/\/api.w.org\/{rel}","templated":true}]}}