{"id":10444,"date":"2017-10-25T15:36:12","date_gmt":"2017-10-25T13:36:12","guid":{"rendered":"https:\/\/produccion.librosdelzorrorojo.com\/?post_type=product&#038;p=10444"},"modified":"2024-03-01T09:21:36","modified_gmt":"2024-03-01T08:21:36","slug":"the-escrit-un-missatge","status":"publish","type":"product","link":"https:\/\/librosdelzorrorojo.com\/ca\/cataleg\/the-escrit-un-missatge\/","title":{"rendered":"T\u2019he escrit un missatge"},"content":{"rendered":"<p>En aquest llibre, els lectors som polissons en un viatge fant\u00e0stic i inesperat: el d\u2019una fulla de paper de contingut misteri\u00f3s que no descobrirem fins al final. Lizi Boyd ens convida a rec\u00f3rrer un bosc en el qual tots els seus habitants interpreten, cadascun de manera diferent, aquesta fulla de paper. El que per l\u2019aranya \u00e9s un pont, pel ratol\u00ed no \u00e9s res m\u00e9s que un barret\u2026I, sense ser-ne conscients, la interacci\u00f3 entre uns i altres ser\u00e0 la for\u00e7a que aconsegueixi que, finalment, el missatge arribi a la seva destinaci\u00f3.<\/p>\n<p><em>T\u2019he escrit un missatge<\/em><span>\u00a0<\/span>\u00e9s un \u00e0lbum en el qual el text i la il\u00b7lustraci\u00f3 segueixen un ritme harm\u00f2nic, sense sotracs ni pauses. Els personatges de Lizi Boyd s\u00f3n curiosos i estan plens d\u2019enginy; exploren el seu entorn, juguen i gaudeixen acompanyats.\u00a0La seva t\u00e8cnica, propera al <em>collage,<\/em> i la seva caracter\u00edstica paleta de colors amables i tra\u00e7os gruixuts estimulen i apropen al lector a una aventura que li obrir\u00e0 els ulls al m\u00f3n natural que l\u2019envolta, d\u2019una manera l\u00fadica i a la vegada po\u00e8tica.<\/p>\n<p>Aquest \u00e0lbum, dirigit als primers lectors, \u00e9s un nou \u00abimprescindible\u00bb pels seguidors de l\u2019autora de<span>\u00a0<\/span><em>Linterna m\u00e1gica<span>\u00a0<\/span><\/em>i<em>Tiempo libre,<\/em><span>\u00a0<\/span>i tamb\u00e9 pels amants de la millor LIJ.<\/p>\n","protected":false},"excerpt":{"rendered":"En aquest llibre, els lectors som polissons en un viatge fant\u00e0stic i inesperat: el d\u2019una fulla de paper de contingut misteri\u00f3s que no descobrirem fins al final. Lizi Boyd ens convida a rec\u00f3rrer un bosc en el qual tots els seus habitants interpreten, cadascun de manera diferent, aquesta fulla de paper. El que per l\u2019aranya \u00e9s un pont, pel ratol\u00ed no \u00e9s res m\u00e9s que un barret\u2026I, sense ser-ne conscients, la interacci\u00f3 entre uns i altres ser\u00e0 la for\u00e7a que aconsegueixi que, finalment, el missatge arribi a la seva destinaci\u00f3.","protected":false},"featured_media":11391,"template":"","meta":{"_acf_changed":false},"product_brand":[],"product_cat":[840],"product_tag":[],"class_list":{"0":"post-10444","1":"product","2":"type-product","3":"status-publish","4":"has-post-thumbnail","6":"product_cat-catala","7":"vinculo-te-escribi-un-mensaje","9":"first","10":"instock","11":"taxable","12":"shipping-taxable","13":"purchasable","14":"product-type-simple"},"acf":[],"yoast_head":"<!-- This site is optimized with the Yoast SEO plugin v25.1 - https:\/\/yoast.com\/wordpress\/plugins\/seo\/ -->\n<title>T\u2019he escrit un missatge - Libros del Zorro Rojo<\/title>\n<meta name=\"description\" content=\"els lectors som polissons en un viatge fant\u00e0stic i inesperat: el d\u2019una fulla de paper de contingut misteri\u00f3s que no descobrirem fins al final\" \/>\n<meta name=\"robots\" content=\"index, follow, max-snippet:-1, max-image-preview:large, max-video-preview:-1\" \/>\n<link rel=\"canonical\" href=\"https:\/\/librosdelzorrorojo.com\/ca\/cataleg\/the-escrit-un-missatge\/\" \/>\n<meta property=\"og:locale\" content=\"ca_ES\" \/>\n<meta property=\"og:type\" content=\"article\" \/>\n<meta property=\"og:title\" content=\"T\u2019he escrit un missatge - Libros del Zorro Rojo\" \/>\n<meta property=\"og:description\" content=\"els lectors som polissons en un viatge fant\u00e0stic i inesperat: el d\u2019una fulla de paper de contingut misteri\u00f3s que no descobrirem fins al final\" \/>\n<meta property=\"og:url\" content=\"https:\/\/librosdelzorrorojo.com\/ca\/cataleg\/the-escrit-un-missatge\/\" \/>\n<meta property=\"og:site_name\" content=\"Libros del Zorro Rojo\" \/>\n<meta property=\"article:modified_time\" content=\"2024-03-01T08:21:36+00:00\" \/>\n<meta property=\"og:image\" content=\"https:\/\/librosdelzorrorojo.com\/wp-content\/uploads\/2017\/10\/ThescritunmissatgeLOW-1.png\" \/>\n\t<meta property=\"og:image:width\" content=\"850\" \/>\n\t<meta property=\"og:image:height\" content=\"1161\" \/>\n\t<meta property=\"og:image:type\" content=\"image\/png\" \/>\n<meta name=\"twitter:card\" content=\"summary_large_image\" \/>\n<meta name=\"twitter:label1\" content=\"Temps estimat de lectura\" \/>\n\t<meta name=\"twitter:data1\" content=\"1 minut\" \/>\n<script type=\"application\/ld+json\" class=\"yoast-schema-graph\">{\"@context\":\"https:\/\/schema.org\",\"@graph\":[{\"@type\":\"WebPage\",\"@id\":\"https:\/\/librosdelzorrorojo.com\/ca\/cataleg\/the-escrit-un-missatge\/\",\"url\":\"https:\/\/librosdelzorrorojo.com\/ca\/cataleg\/the-escrit-un-missatge\/\",\"name\":\"T\u2019he escrit un missatge - Libros del Zorro Rojo\",\"isPartOf\":{\"@id\":\"https:\/\/librosdelzorrorojo.com\/#website\"},\"primaryImageOfPage\":{\"@id\":\"https:\/\/librosdelzorrorojo.com\/ca\/cataleg\/the-escrit-un-missatge\/#primaryimage\"},\"image\":{\"@id\":\"https:\/\/librosdelzorrorojo.com\/ca\/cataleg\/the-escrit-un-missatge\/#primaryimage\"},\"thumbnailUrl\":\"https:\/\/librosdelzorrorojo.com\/wp-content\/uploads\/2017\/10\/ThescritunmissatgeLOW-1.png\",\"datePublished\":\"2017-10-25T13:36:12+00:00\",\"dateModified\":\"2024-03-01T08:21:36+00:00\",\"description\":\"els lectors som polissons en un viatge fant\u00e0stic i inesperat: el d\u2019una fulla de paper de contingut misteri\u00f3s que no descobrirem fins al final\",\"breadcrumb\":{\"@id\":\"https:\/\/librosdelzorrorojo.com\/ca\/cataleg\/the-escrit-un-missatge\/#breadcrumb\"},\"inLanguage\":\"ca\",\"potentialAction\":[{\"@type\":\"ReadAction\",\"target\":[\"https:\/\/librosdelzorrorojo.com\/ca\/cataleg\/the-escrit-un-missatge\/\"]}]},{\"@type\":\"ImageObject\",\"inLanguage\":\"ca\",\"@id\":\"https:\/\/librosdelzorrorojo.com\/ca\/cataleg\/the-escrit-un-missatge\/#primaryimage\",\"url\":\"https:\/\/librosdelzorrorojo.com\/wp-content\/uploads\/2017\/10\/ThescritunmissatgeLOW-1.png\",\"contentUrl\":\"https:\/\/librosdelzorrorojo.com\/wp-content\/uploads\/2017\/10\/ThescritunmissatgeLOW-1.png\",\"width\":850,\"height\":1161,\"caption\":\"ThescritunmissatgeLOW 1\"},{\"@type\":\"BreadcrumbList\",\"@id\":\"https:\/\/librosdelzorrorojo.com\/ca\/cataleg\/the-escrit-un-missatge\/#breadcrumb\",\"itemListElement\":[{\"@type\":\"ListItem\",\"position\":1,\"name\":\"Portada\",\"item\":\"https:\/\/librosdelzorrorojo.com\/ca\/\"},{\"@type\":\"ListItem\",\"position\":2,\"name\":\"Cat\u00e0leg\",\"item\":\"https:\/\/librosdelzorrorojo.com\/ca\/cataleg\/\"},{\"@type\":\"ListItem\",\"position\":3,\"name\":\"T\u2019he escrit un missatge\"}]},{\"@type\":\"WebSite\",\"@id\":\"https:\/\/librosdelzorrorojo.com\/#website\",\"url\":\"https:\/\/librosdelzorrorojo.com\/\",\"name\":\"Libros del Zorro Rojo\",\"description\":\"Libros ilustrados\",\"potentialAction\":[{\"@type\":\"SearchAction\",\"target\":{\"@type\":\"EntryPoint\",\"urlTemplate\":\"https:\/\/librosdelzorrorojo.com\/?s={search_term_string}\"},\"query-input\":{\"@type\":\"PropertyValueSpecification\",\"valueRequired\":true,\"valueName\":\"search_term_string\"}}],\"inLanguage\":\"ca\"}]}<\/script>\n<!-- \/ Yoast SEO plugin. -->","yoast_head_json":{"title":"T\u2019he escrit un missatge - Libros del Zorro Rojo","description":"els lectors som polissons en un viatge fant\u00e0stic i inesperat: el d\u2019una fulla de paper de contingut misteri\u00f3s que no descobrirem fins al final","robots":{"index":"index","follow":"follow","max-snippet":"max-snippet:-1","max-image-preview":"max-image-preview:large","max-video-preview":"max-video-preview:-1"},"canonical":"https:\/\/librosdelzorrorojo.com\/ca\/cataleg\/the-escrit-un-missatge\/","og_locale":"ca_ES","og_type":"article","og_title":"T\u2019he escrit un missatge - Libros del Zorro Rojo","og_description":"els lectors som polissons en un viatge fant\u00e0stic i inesperat: el d\u2019una fulla de paper de contingut misteri\u00f3s que no descobrirem fins al final","og_url":"https:\/\/librosdelzorrorojo.com\/ca\/cataleg\/the-escrit-un-missatge\/","og_site_name":"Libros del Zorro Rojo","article_modified_time":"2024-03-01T08:21:36+00:00","og_image":[{"width":850,"height":1161,"url":"https:\/\/librosdelzorrorojo.com\/wp-content\/uploads\/2017\/10\/ThescritunmissatgeLOW-1.png","type":"image\/png"}],"twitter_card":"summary_large_image","twitter_misc":{"Temps estimat de lectura":"1 minut"},"schema":{"@context":"https:\/\/schema.org","@graph":[{"@type":"WebPage","@id":"https:\/\/librosdelzorrorojo.com\/ca\/cataleg\/the-escrit-un-missatge\/","url":"https:\/\/librosdelzorrorojo.com\/ca\/cataleg\/the-escrit-un-missatge\/","name":"T\u2019he escrit un missatge - Libros del Zorro Rojo","isPartOf":{"@id":"https:\/\/librosdelzorrorojo.com\/#website"},"primaryImageOfPage":{"@id":"https:\/\/librosdelzorrorojo.com\/ca\/cataleg\/the-escrit-un-missatge\/#primaryimage"},"image":{"@id":"https:\/\/librosdelzorrorojo.com\/ca\/cataleg\/the-escrit-un-missatge\/#primaryimage"},"thumbnailUrl":"https:\/\/librosdelzorrorojo.com\/wp-content\/uploads\/2017\/10\/ThescritunmissatgeLOW-1.png","datePublished":"2017-10-25T13:36:12+00:00","dateModified":"2024-03-01T08:21:36+00:00","description":"els lectors som polissons en un viatge fant\u00e0stic i inesperat: el d\u2019una fulla de paper de contingut misteri\u00f3s que no descobrirem fins al final","breadcrumb":{"@id":"https:\/\/librosdelzorrorojo.com\/ca\/cataleg\/the-escrit-un-missatge\/#breadcrumb"},"inLanguage":"ca","potentialAction":[{"@type":"ReadAction","target":["https:\/\/librosdelzorrorojo.com\/ca\/cataleg\/the-escrit-un-missatge\/"]}]},{"@type":"ImageObject","inLanguage":"ca","@id":"https:\/\/librosdelzorrorojo.com\/ca\/cataleg\/the-escrit-un-missatge\/#primaryimage","url":"https:\/\/librosdelzorrorojo.com\/wp-content\/uploads\/2017\/10\/ThescritunmissatgeLOW-1.png","contentUrl":"https:\/\/librosdelzorrorojo.com\/wp-content\/uploads\/2017\/10\/ThescritunmissatgeLOW-1.png","width":850,"height":1161,"caption":"ThescritunmissatgeLOW 1"},{"@type":"BreadcrumbList","@id":"https:\/\/librosdelzorrorojo.com\/ca\/cataleg\/the-escrit-un-missatge\/#breadcrumb","itemListElement":[{"@type":"ListItem","position":1,"name":"Portada","item":"https:\/\/librosdelzorrorojo.com\/ca\/"},{"@type":"ListItem","position":2,"name":"Cat\u00e0leg","item":"https:\/\/librosdelzorrorojo.com\/ca\/cataleg\/"},{"@type":"ListItem","position":3,"name":"T\u2019he escrit un missatge"}]},{"@type":"WebSite","@id":"https:\/\/librosdelzorrorojo.com\/#website","url":"https:\/\/librosdelzorrorojo.com\/","name":"Libros del Zorro Rojo","description":"Libros ilustrados","potentialAction":[{"@type":"SearchAction","target":{"@type":"EntryPoint","urlTemplate":"https:\/\/librosdelzorrorojo.com\/?s={search_term_string}"},"query-input":{"@type":"PropertyValueSpecification","valueRequired":true,"valueName":"search_term_string"}}],"inLanguage":"ca"}]}},"_links":{"self":[{"href":"https:\/\/librosdelzorrorojo.com\/ca\/wp-json\/wp\/v2\/product\/10444","targetHints":{"allow":["GET"]}}],"collection":[{"href":"https:\/\/librosdelzorrorojo.com\/ca\/wp-json\/wp\/v2\/product"}],"about":[{"href":"https:\/\/librosdelzorrorojo.com\/ca\/wp-json\/wp\/v2\/types\/product"}],"wp:featuredmedia":[{"embeddable":true,"href":"https:\/\/librosdelzorrorojo.com\/ca\/wp-json\/wp\/v2\/media\/11391"}],"wp:attachment":[{"href":"https:\/\/librosdelzorrorojo.com\/ca\/wp-json\/wp\/v2\/media?parent=10444"}],"wp:term":[{"taxonomy":"product_brand","embeddable":true,"href":"https:\/\/librosdelzorrorojo.com\/ca\/wp-json\/wp\/v2\/product_brand?post=10444"},{"taxonomy":"product_cat","embeddable":true,"href":"https:\/\/librosdelzorrorojo.com\/ca\/wp-json\/wp\/v2\/product_cat?post=10444"},{"taxonomy":"product_tag","embeddable":true,"href":"https:\/\/librosdelzorrorojo.com\/ca\/wp-json\/wp\/v2\/product_tag?post=10444"}],"curies":[{"name":"wp","href":"https:\/\/api.w.org\/{rel}","templated":true}]}}