{"id":6602,"date":"2017-04-08T02:47:58","date_gmt":"2017-04-08T00:47:58","guid":{"rendered":"https:\/\/produccion.librosdelzorrorojo.com\/politica-de-venta\/"},"modified":"2022-11-08T18:33:00","modified_gmt":"2022-11-08T17:33:00","slug":"politica-de-venta","status":"publish","type":"page","link":"https:\/\/librosdelzorrorojo.com\/ca\/politica-de-venta\/","title":{"rendered":"Pol\u00edtica de venda"},"content":{"rendered":"<p>[vc_row][vc_column width=&#8221;1\/2&#8243;][vc_column_text]<span>En virtut de l\u2019estipulat a l\u2019article 10 de la Llei 34\/2002, de l\u201911 de juliol, de serveis de la societat de la informaci\u00f3 i del comer\u00e7 electr\u00f2nic, s\u2019informa l\u2019usuari que el domini<\/span><a href=\"http:\/\/librosdelzorrorojo.com\/\"><span><span style=\"color: #ff0000;\"> www.librosdelzorrorojo.com<\/span><\/span><\/a><span>\u00a0pertany com a titular a:<\/span><\/p>\n<p><strong>ALBUR PRODUCCIONES EDITORIALES, SL<\/strong><span><br \/>\n<\/span><span>CIF: B-62811534<\/span><span><br \/>\n<\/span><span>Domicili social al carrer Llull, 51, 6\u00e8 4a<\/span><span><br \/>\n<\/span><span>Barcelona (08005 Barcelona)<\/span><span><br \/>\n<\/span><span style=\"color: #ff0000;\"><a href=\"mailto:info@librosdelzorrorojo.com\" style=\"color: #ff0000;\">info@librosdelzorrorojo.com<\/a><\/span><\/p>\n<p><span>Societat inscrita en el Registre Mercantil de Barcelona amb n\u00famero de Volum 34404 Foli 30 Full B245456, Inscripci\u00f3 1.<\/span><\/p>\n<p>&nbsp;<\/p>\n<p><strong>Terminis d\u2019entrega<br \/>\n<\/strong><\/p>\n<ul>\n<li dir=\"ltr\"><span>Pen\u00ednsula (per a comandes realitzades abans de les 11.00 h):<\/span><span><br \/>\n<\/span><span>24\/48 hores laborables<\/span><\/li>\n<li dir=\"ltr\"><span>Pen\u00ednsula (per a comandes realitzades despr\u00e9s de les 11.00 h):<\/span><span><br \/>\n<\/span><span>24\/72 hores laborables<\/span><\/li>\n<li dir=\"ltr\"><span>Balears: 72 hores laborables.<\/span><\/li>\n<li dir=\"ltr\"><span>Can\u00e0ries: 10 dies.<\/span><\/li>\n<li dir=\"ltr\"><span>Ceuta i Melilla: 10 dies<\/span><\/li>\n<\/ul>\n<p>&nbsp;<\/p>\n<p><strong>Despeses d\u2019enviament<br \/>\n<\/strong><\/p>\n<p>Pen\u00ednsula i Baleares: Enviament per MRW 3,50\u20ac<br \/>\nEn comandes superiores a 19,90\u20ac lels enviaments seran gratu\u00efts.<\/p>\n<p><span>Can\u00e0ries, Ceuta i Melilla: <\/span>Enviament per Correus 7,50\u20ac<\/p>\n<p><strong>\u00a0<\/strong><\/p>\n<p dir=\"ltr\"><b>Cancel\u00b7laci\u00f3 de la comanda<\/b><\/p>\n<p dir=\"ltr\"><span>L\u2019anul\u00b7laci\u00f3 d\u2019una comanda s\u2019haur\u00e0 de realitzar al mateix moment de la realitzaci\u00f3 de la comanda trucant al n\u00famero de tel\u00e8fon 931 853 412.<\/span><strong><\/strong><\/p>\n<p dir=\"ltr\">\n<p dir=\"ltr\"><strong>Dret al desistiment<\/strong><\/p>\n<p><span>Condicions i terminis per exercir desistiment, article 97.1.i del R.D.L 1\/2007. El comprador disposa d\u2019un termini de catorze dies laborals (de dilluns a divendres) des de la recepci\u00f3 del producte per tornar-lo si no en queda satisfet. Per exercir el dret al desistiment, s\u2019haur\u00e0 de trucar al tel\u00e8fon 931 853 412. Per realitzar la devoluci\u00f3 en cas que la publicaci\u00f3 presenti algun defecte f\u00edsic, haur\u00e0 de sol\u00b7licitar la devoluci\u00f3 per correu electr\u00f2nic a\u00a0<\/span><span style=\"color: #ff0000;\"><a href=\"mailto:ventas@librosdelzorrorojo.com\" style=\"color: #ff0000;\">ventas@librosdelzorrorojo.com<\/a><\/span><span>, enviant per correu postal la portada llibre i el justificant de compra a l\u2019adre\u00e7a seg\u00fcent:<\/span><\/p>\n<p><span>C\/ Llull, 51, 6\u00e8 4a<\/span><br \/>\n<span>08005 Barcelona<\/span>[\/vc_column_text][\/vc_column][vc_column width=&#8221;1\/2&#8243;][vc_column_text]<span><b><span lang=\"CA\">Seguiment de la comanda<\/span><\/b><\/span><\/p>\n<p><span><b><span lang=\"CA\"><\/span><\/b><span lang=\"CA\">Si tens qualsevol consulta sobre la teva comanda o vols comprovar el seu estat, pots trucar al tel\u00e8fon 931 853 412 o enviar un correu electr\u00f2nic a\u00a0<span style=\"color: #ff0000;\">ventas@librosdelzorrorojo.com<\/span><em>.<\/em><\/span><\/span><\/p>\n<p>&nbsp;<\/p>\n<p><b><\/b><span><b><span lang=\"CA\">Formes de pagament v\u00e0lides<\/span><\/b><\/span><\/p>\n<p><span><span lang=\"CA\">S\u2019accepten les formes de pagament seg\u00fcents:<\/span><\/span><\/p>\n<ul>\n<li>Targeta banc\u00e0ria compatible amb la nostra passarel\u00b7la de pagament.<br \/>\nLa nostra entitat no emmagatzema les dades de la targeta de pagament.<\/li>\n<li>PayPal<\/li>\n<\/ul>\n<p><span lang=\"CA\"><span>L\u2019empresa es responsabilitza de la qualitat i la garantia dels productes.<br \/>\nSi despr\u00e9s d\u2019haver realitzat el pagament no hi hagu\u00e9s estoc del producte comprat, l\u2019empresa contactar\u00e0 amb el client per comunicar-l\u2019hi.<\/span><\/span><\/p>\n<p>&nbsp;<\/p>\n<p><span><b><span lang=\"CA\">Pol\u00edtica de preus<\/span><\/b><\/span><\/p>\n<p><span><span lang=\"CA\">Els preus que es mostren en el cat\u00e0leg inclouen l\u2019impost superredu\u00eft aplicable als llibres. No inclouen les despeses d\u2019enviament ni els descomptes aplicables a cada client. Aquests descomptes es mostraran just abans de confirmar la comanda.<\/span><\/span><\/p>\n<p>&nbsp;<\/p>\n<p><span><span lang=\"CA\"><b><\/b><\/span><\/span><span><b><span lang=\"CA\">Pol\u00edtica de reserves<\/span><\/b><\/span><\/p>\n<p><span><span lang=\"CA\">No s\u2019accepten reserves de llibres.<\/span><\/span><\/p>\n<p>&nbsp;<\/p>\n<p><b><span lang=\"CA\"><span>Seguretat<\/span><\/span><\/b><\/p>\n<p><b><span lang=\"CA\"><span><\/span><\/span><\/b><span lang=\"CA\"><span>Tot el procediment de compra i la transmissi\u00f3 de les dades personals del comprador s\u2019efectua amb total garantia de seguretat i confidencialitat, utilitzant un protocol de connexi\u00f3 segura HTTPS.<\/span><\/span>[\/vc_column_text][\/vc_column][\/vc_row]<\/p>\n","protected":false},"excerpt":{"rendered":"[vc_row][vc_column width=&#8221;1\/2&#8243;][vc_column_text]En virtut de l\u2019estipulat a l\u2019article 10 de la Llei 34\/2002, de l\u201911 de juliol, de serveis de la societat de la informaci\u00f3 i del comer\u00e7 electr\u00f2nic, s\u2019informa l\u2019usuari que el domini www.librosdelzorrorojo.com\u00a0pertany com a titular a: ALBUR PRODUCCIONES EDITORIALES, SL CIF: B-62811534 Domicili social al carrer Llull, 51, 6\u00e8 4a Barcelona (08005 Barcelona) [&hellip;]","protected":false},"author":1,"featured_media":0,"parent":0,"menu_order":0,"comment_status":"closed","ping_status":"closed","template":"","meta":{"_acf_changed":false,"footnotes":""},"class_list":["post-6602","page","type-page","status-publish","hentry"],"acf":[],"yoast_head":"<!-- This site is optimized with the Yoast SEO plugin v25.1 - https:\/\/yoast.com\/wordpress\/plugins\/seo\/ -->\n<title>Pol\u00edtica de venda - Libros del Zorro Rojo<\/title>\n<meta name=\"robots\" content=\"index, follow, max-snippet:-1, max-image-preview:large, max-video-preview:-1\" \/>\n<link rel=\"canonical\" href=\"https:\/\/librosdelzorrorojo.com\/ca\/politica-de-venta\/\" \/>\n<meta property=\"og:locale\" content=\"ca_ES\" \/>\n<meta property=\"og:type\" content=\"article\" \/>\n<meta property=\"og:title\" content=\"Pol\u00edtica de venda - Libros del Zorro Rojo\" \/>\n<meta property=\"og:description\" content=\"[vc_row][vc_column width=&#8221;1\/2&#8243;][vc_column_text]En virtut de l\u2019estipulat a l\u2019article 10 de la Llei 34\/2002, de l\u201911 de juliol, de serveis de la societat de la informaci\u00f3 i del comer\u00e7 electr\u00f2nic, s\u2019informa l\u2019usuari que el domini www.librosdelzorrorojo.com\u00a0pertany com a titular a: ALBUR PRODUCCIONES EDITORIALES, SL CIF: B-62811534 Domicili social al carrer Llull, 51, 6\u00e8 4a Barcelona (08005 Barcelona) [&hellip;]\" \/>\n<meta property=\"og:url\" content=\"https:\/\/librosdelzorrorojo.com\/ca\/politica-de-venta\/\" \/>\n<meta property=\"og:site_name\" content=\"Libros del Zorro Rojo\" \/>\n<meta property=\"article:modified_time\" content=\"2022-11-08T17:33:00+00:00\" \/>\n<meta name=\"twitter:card\" content=\"summary_large_image\" \/>\n<meta name=\"twitter:label1\" content=\"Temps estimat de lectura\" \/>\n\t<meta name=\"twitter:data1\" content=\"3 minuts\" \/>\n<script type=\"application\/ld+json\" class=\"yoast-schema-graph\">{\"@context\":\"https:\/\/schema.org\",\"@graph\":[{\"@type\":\"WebPage\",\"@id\":\"https:\/\/librosdelzorrorojo.com\/ca\/politica-de-venta\/\",\"url\":\"https:\/\/librosdelzorrorojo.com\/ca\/politica-de-venta\/\",\"name\":\"Pol\u00edtica de venda - Libros del Zorro Rojo\",\"isPartOf\":{\"@id\":\"https:\/\/librosdelzorrorojo.com\/#website\"},\"datePublished\":\"2017-04-08T00:47:58+00:00\",\"dateModified\":\"2022-11-08T17:33:00+00:00\",\"breadcrumb\":{\"@id\":\"https:\/\/librosdelzorrorojo.com\/ca\/politica-de-venta\/#breadcrumb\"},\"inLanguage\":\"ca\",\"potentialAction\":[{\"@type\":\"ReadAction\",\"target\":[\"https:\/\/librosdelzorrorojo.com\/ca\/politica-de-venta\/\"]}]},{\"@type\":\"BreadcrumbList\",\"@id\":\"https:\/\/librosdelzorrorojo.com\/ca\/politica-de-venta\/#breadcrumb\",\"itemListElement\":[{\"@type\":\"ListItem\",\"position\":1,\"name\":\"Portada\",\"item\":\"https:\/\/librosdelzorrorojo.com\/ca\/\"},{\"@type\":\"ListItem\",\"position\":2,\"name\":\"Pol\u00edtica de venda\"}]},{\"@type\":\"WebSite\",\"@id\":\"https:\/\/librosdelzorrorojo.com\/#website\",\"url\":\"https:\/\/librosdelzorrorojo.com\/\",\"name\":\"Libros del Zorro Rojo\",\"description\":\"Libros ilustrados\",\"potentialAction\":[{\"@type\":\"SearchAction\",\"target\":{\"@type\":\"EntryPoint\",\"urlTemplate\":\"https:\/\/librosdelzorrorojo.com\/?s={search_term_string}\"},\"query-input\":{\"@type\":\"PropertyValueSpecification\",\"valueRequired\":true,\"valueName\":\"search_term_string\"}}],\"inLanguage\":\"ca\"}]}<\/script>\n<!-- \/ Yoast SEO plugin. -->","yoast_head_json":{"title":"Pol\u00edtica de venda - Libros del Zorro Rojo","robots":{"index":"index","follow":"follow","max-snippet":"max-snippet:-1","max-image-preview":"max-image-preview:large","max-video-preview":"max-video-preview:-1"},"canonical":"https:\/\/librosdelzorrorojo.com\/ca\/politica-de-venta\/","og_locale":"ca_ES","og_type":"article","og_title":"Pol\u00edtica de venda - Libros del Zorro Rojo","og_description":"[vc_row][vc_column width=&#8221;1\/2&#8243;][vc_column_text]En virtut de l\u2019estipulat a l\u2019article 10 de la Llei 34\/2002, de l\u201911 de juliol, de serveis de la societat de la informaci\u00f3 i del comer\u00e7 electr\u00f2nic, s\u2019informa l\u2019usuari que el domini www.librosdelzorrorojo.com\u00a0pertany com a titular a: ALBUR PRODUCCIONES EDITORIALES, SL CIF: B-62811534 Domicili social al carrer Llull, 51, 6\u00e8 4a Barcelona (08005 Barcelona) [&hellip;]","og_url":"https:\/\/librosdelzorrorojo.com\/ca\/politica-de-venta\/","og_site_name":"Libros del Zorro Rojo","article_modified_time":"2022-11-08T17:33:00+00:00","twitter_card":"summary_large_image","twitter_misc":{"Temps estimat de lectura":"3 minuts"},"schema":{"@context":"https:\/\/schema.org","@graph":[{"@type":"WebPage","@id":"https:\/\/librosdelzorrorojo.com\/ca\/politica-de-venta\/","url":"https:\/\/librosdelzorrorojo.com\/ca\/politica-de-venta\/","name":"Pol\u00edtica de venda - Libros del Zorro Rojo","isPartOf":{"@id":"https:\/\/librosdelzorrorojo.com\/#website"},"datePublished":"2017-04-08T00:47:58+00:00","dateModified":"2022-11-08T17:33:00+00:00","breadcrumb":{"@id":"https:\/\/librosdelzorrorojo.com\/ca\/politica-de-venta\/#breadcrumb"},"inLanguage":"ca","potentialAction":[{"@type":"ReadAction","target":["https:\/\/librosdelzorrorojo.com\/ca\/politica-de-venta\/"]}]},{"@type":"BreadcrumbList","@id":"https:\/\/librosdelzorrorojo.com\/ca\/politica-de-venta\/#breadcrumb","itemListElement":[{"@type":"ListItem","position":1,"name":"Portada","item":"https:\/\/librosdelzorrorojo.com\/ca\/"},{"@type":"ListItem","position":2,"name":"Pol\u00edtica de venda"}]},{"@type":"WebSite","@id":"https:\/\/librosdelzorrorojo.com\/#website","url":"https:\/\/librosdelzorrorojo.com\/","name":"Libros del Zorro Rojo","description":"Libros ilustrados","potentialAction":[{"@type":"SearchAction","target":{"@type":"EntryPoint","urlTemplate":"https:\/\/librosdelzorrorojo.com\/?s={search_term_string}"},"query-input":{"@type":"PropertyValueSpecification","valueRequired":true,"valueName":"search_term_string"}}],"inLanguage":"ca"}]}},"_links":{"self":[{"href":"https:\/\/librosdelzorrorojo.com\/ca\/wp-json\/wp\/v2\/pages\/6602","targetHints":{"allow":["GET"]}}],"collection":[{"href":"https:\/\/librosdelzorrorojo.com\/ca\/wp-json\/wp\/v2\/pages"}],"about":[{"href":"https:\/\/librosdelzorrorojo.com\/ca\/wp-json\/wp\/v2\/types\/page"}],"author":[{"embeddable":true,"href":"https:\/\/librosdelzorrorojo.com\/ca\/wp-json\/wp\/v2\/users\/1"}],"replies":[{"embeddable":true,"href":"https:\/\/librosdelzorrorojo.com\/ca\/wp-json\/wp\/v2\/comments?post=6602"}],"version-history":[{"count":17,"href":"https:\/\/librosdelzorrorojo.com\/ca\/wp-json\/wp\/v2\/pages\/6602\/revisions"}],"predecessor-version":[{"id":23695,"href":"https:\/\/librosdelzorrorojo.com\/ca\/wp-json\/wp\/v2\/pages\/6602\/revisions\/23695"}],"wp:attachment":[{"href":"https:\/\/librosdelzorrorojo.com\/ca\/wp-json\/wp\/v2\/media?parent=6602"}],"curies":[{"name":"wp","href":"https:\/\/api.w.org\/{rel}","templated":true}]}}