{"id":6587,"date":"2017-04-08T02:48:23","date_gmt":"2017-04-08T00:48:23","guid":{"rendered":"https:\/\/produccion.librosdelzorrorojo.com\/politica-de-cookies\/"},"modified":"2019-11-18T12:22:42","modified_gmt":"2019-11-18T11:22:42","slug":"politica-de-cookies","status":"publish","type":"page","link":"https:\/\/librosdelzorrorojo.com\/ca\/politica-de-cookies\/","title":{"rendered":"Politica de cookies"},"content":{"rendered":"<p>[vc_row][vc_column width=&#8221;1\/2&#8243;][vc_row_inner][vc_column_inner][vc_column_text]<\/p>\n<p dir=\"ltr\"><b>Qu\u00e8 s\u00f3n les cookies?<\/b><\/p>\n<p dir=\"ltr\"><span style=\"font-weight: 400;\">Pel funcionament \u00f2ptim de la web utilitzem les cookies. Les cookies s\u00f3n procediments autom\u00e0tics de recollida de dades sobre la navegaci\u00f3 web a fi de recon\u00e8ixer l\u2019usuari com a visitant recurrent i personalitzar la seva experi\u00e8ncia, \u00e9s a dir, l\u2019idioma, el pa\u00eds, l\u2019inici de sessi\u00f3, la caracter\u00edstica de navegaci\u00f3, la informaci\u00f3 sobre la data i hora de l\u2019\u00faltima visita, par\u00e0metres de tr\u00e0nsit dins de la web o el nombre de visites.<\/span><\/p>\n<p dir=\"ltr\"><span style=\"font-weight: 400;\">Pr\u00e0cticament totes les p\u00e0gines web utilitzen cookies, ja que moltes s\u00f3n imprescindibles pel correcte funcionament dels serveis i les utilitats de la web, com ara la compra, el registre i la connexi\u00f3 a les xarxes socials.<\/span><\/p>\n<p dir=\"ltr\"><span style=\"font-weight: 400;\">Si utilitza una configuraci\u00f3 de seguretat mitjana o baixa, que permet la instal\u00b7laci\u00f3 autom\u00e0tica de cookies quan navega per la nostra web, considerem que consent la seva instal\u00b7laci\u00f3.<\/span><\/p>\n<p dir=\"ltr\"><strong>Libros del Zorro Rojo, a trav\u00e9s de la web, utilitza les cookies seg\u00fcents:<\/strong><\/p>\n<p dir=\"ltr\"><span style=\"font-weight: 400;\">Pr\u00f2pies \/ Tercers Descripci\u00f3 Duraci\u00f3<\/span><\/p>\n<p dir=\"ltr\"><span style=\"font-weight: 400;\">__utma Tercers: S\u2019utilitza per distingir usuaris i sessions. La cookie es crea quan s\u2019executa la biblioteca JavaScript i no hi ha cap cookie __utma. La cookie s\u2019actualitza cada cop que s\u2019envien dades a Google Analytics. Dos anys a partir de la configuraci\u00f3 o actualitzaci\u00f3.<\/span><\/p>\n<p dir=\"ltr\"><span style=\"font-weight: 400;\">__utmb Tercers: S\u2019utilitza per determinar noves sessions o visites. La cookie es crea quan s\u2019executa la biblioteca Javascript i no hi ha cap cookie __utmb. La cookie s\u2019actualitza cada cop que s\u2019envien dades a Google Analytics. 30 minuts a partir de la configuraci\u00f3 o actualitzaci\u00f3.<\/span><\/p>\n<p dir=\"ltr\"><span style=\"font-weight: 400;\">__utmc Tercers: No s\u2019utilitza en ga.js. Es configura per interactuar amb urchin.js. Anteriorment, aquesta cookie estava juntament amb la cookie __utmb per determinar si l\u2019usuari estava en una nova sessi\u00f3 o visita. Fi de la sessi\u00f3 del navegador<\/span><\/p>\n<p dir=\"ltr\"><span style=\"font-weight: 400;\">__ utmt Tercers: S\u2019utilitza per limitar el percentatge de sol\u00b7licituds. 10 minuts.<\/span><\/p>\n<p dir=\"ltr\"><span style=\"font-weight: 400;\">__utmv Tercers: S\u2019utilitza per emmagatzemar dades de variables personalitzades pel visitant. Aquesta cookie es crea quan un programador usa el m\u00e8tode _setCustomVar amb una variable personalitzada de visitant. Tamb\u00e9 s\u2019usava pel m\u00e8tode, ja retirat, _setVar. La cookie s\u2019actualitza cada vegada que s\u2019envien dades a Google Analytics. Dos anys a partir de la configuraci\u00f3 o actualitzaci\u00f3.\u00a0<\/span><\/p>\n<p dir=\"ltr\"><span style=\"font-weight: 400;\">__utmz Tercers: Emmagatzema l\u2019origen del tr\u00e0nsit o la campanya que explica com ha arribat l\u2019usuari al lloc web. La cookie es crea quan s\u2019executa la biblioteca JavaScipt i s\u2019actualitza cada vegada que s\u2019envien dades a Google Analytics. Sis mesos a partir de la configuraci\u00f3 o actualitzaci\u00f3.<\/span><\/p>\n<p dir=\"ltr\"><span style=\"font-weight: 400;\">Cookies-warning-accepted Terceros: s\u2019utilitza per determinar si l\u2019usuari ha acceptat les cookies. Dos anys i quatre mesos a partir de l\u2019acc\u00e9s de la web.<\/span><\/p>\n<p dir=\"ltr\"><span style=\"font-weight: 400;\">Prevent_action_caching Terceros: s\u2019usa per determinar el cach\u00e9 en \u00fas durant l\u2019execuci\u00f3 de l\u2019aplicaci\u00f3 Indefinit.<\/span><\/p>\n<p>[\/vc_column_text][\/vc_column_inner][\/vc_row_inner][\/vc_column][vc_column width=&#8221;1\/2&#8243;][vc_row_inner][vc_column_inner][vc_column_text]<\/p>\n<p dir=\"ltr\"><b>Com desactivar les cookies?<\/b><\/p>\n<p dir=\"ltr\"><span style=\"font-weight: 400;\">Com que es vol obtenir una navegaci\u00f3 \u00f2ptima per a la web, les cookies s\u2019activen autom\u00e0ticament quan s\u2019hi entra. Per\u00f2, en cas de voler-les desactivar (o reactivar), ho ha de fer vost\u00e8 mateix a trav\u00e9s del seu navegador. D\u2019altra banda, si el seu navegador ja est\u00e0 configurat perqu\u00e8 no accepti cookies per defecte, \u00e9s possible que la nostra web no acabi de funcionar correctament. A continuaci\u00f3, li proporcionem informaci\u00f3 de com desactivar-les als principals navegadors web:<\/span><\/p>\n<p dir=\"ltr\"><b>Exemples:<\/b><\/p>\n<ul>\n<li dir=\"ltr\">Si utilitza Microsoft Internet Explorar, a l\u2019opci\u00f3 del men\u00fa Configuraci\u00f3 \/ Opcions d\u2019internet \/ Privacitat \/ Configuraci\u00f3<\/li>\n<li dir=\"ltr\"><span style=\"font-weight: 400;\">Si utilitza Firefox, a l\u2019opci\u00f3 del men\u00fa Configuraci\u00f3 \/ Opcions \/ Privacitat \/ Cookies.<\/span><\/li>\n<li dir=\"ltr\"><span style=\"font-weight: 400;\">Si utilitza Google Chrome, a l\u2019opci\u00f3 del men\u00fa Configuraci\u00f3 \/ Privacitat<\/span><\/li>\n<li dir=\"ltr\"><span style=\"font-weight: 400;\"> Si utilitza Safari, a l\u2019opci\u00f3 del men\u00fa Prefer\u00e8ncies \/ Seguretat<\/span><\/li>\n<\/ul>\n<p>&nbsp;<\/p>\n<p dir=\"ltr\"><span style=\"font-weight: 400;\">En el cas que el seu navegador no estigui a la llista anterior, a la secci\u00f3 \u00abAjuda\u00bb hi trobar\u00e0 les instruccions necess\u00e0ries per modificar els ajustaments. S\u2019ha de tenir en compte que bloquejar les cookies o limitar-ne la instal\u00b7laci\u00f3 podria provocar que algunes de les caracter\u00edstiques de la web no funcionin o puguin resultar m\u00e9s complicades o lentes d\u2019accedir-hi.<\/span><\/p>\n<p dir=\"ltr\"><span style=\"font-weight: 400;\">Una alternativa al bloqueig de les cookies seria l\u2019activaci\u00f3 del mode privat del seu navegador. Aquest mode permet navegar a trav\u00e9s de les p\u00e0gines, per\u00f2 no quedaran registrades a l\u2019historial del navegador, a l\u2019emmagatzematge de les cookies o a l\u2019historial de cerques una vegada l\u2019usuari hagi tancat totes les pestanyes del mode privat. A continuaci\u00f3, li facilitem l\u2019enlla\u00e7 per activar el mode inc\u00f2gnit o privat als principals navegadors:<\/span><\/p>\n<ul>\n<li dir=\"ltr\"><span style=\"font-weight: 400;\"><strong> Internet Explorer:<\/strong> InPrivate<\/span><span style=\"font-weight: 400;\"><br \/>\n<\/span><span style=\"font-weight: 400;\">http:\/\/windows.microsoft.com\/es-es\/internet-explorer\/products\/ie-9\/features\/in-private<\/span><\/li>\n<li dir=\"ltr\"><span style=\"font-weight: 400;\"><strong>FireFox:<\/strong> Navegaci\u00f3 Privada<\/span><span style=\"font-weight: 400;\"><br \/>\n<\/span><span style=\"font-weight: 400;\">https:\/\/support.mozilla.org\/es\/kb\/navegacion-privada-navega-en-la-web-sin-guardar-in<\/span><\/li>\n<li dir=\"ltr\"><span style=\"font-weight: 400;\"><strong>Google Chrome:<\/strong> Inc\u00f2gnit<\/span><span style=\"font-weight: 400;\"><br \/>\n<\/span><span style=\"font-weight: 400;\">https:\/\/support.google.com\/chrome\/answer\/95464?hl=es<\/span><\/li>\n<li dir=\"ltr\"><span style=\"font-weight: 400;\"><strong>Safari:<\/strong> Navegaci\u00f3 privada<\/span><span style=\"font-weight: 400;\"><br \/>\n<\/span><span style=\"font-weight: 400;\">http:\/\/support.apple.com\/kb\/PH17168?viewlocale=es_ES<\/span><\/li>\n<li dir=\"ltr\"><span style=\"font-weight: 400;\"><strong>Opera:<\/strong> Navegaci\u00f3 privada<\/span><span style=\"font-weight: 400;\"><br \/>\n<\/span><span style=\"font-weight: 400;\">http:\/\/help.opera.com\/Windows\/12.00\/es-ES\/private.html<\/span><\/li>\n<\/ul>\n<p dir=\"ltr\"><span style=\"font-weight: 400;\">Per a m\u00e9s informaci\u00f3, Libros del Zorro Rojo recomana la lectura de la secci\u00f3 d\u2019ajuda del seu navegador. Moltes gr\u00e0cies i gaudeixi de la navegaci\u00f3!<\/span><\/p>\n<p>[\/vc_column_text][\/vc_column_inner][\/vc_row_inner][\/vc_column][\/vc_row]<\/p>\n","protected":false},"excerpt":{"rendered":"[vc_row][vc_column width=&#8221;1\/2&#8243;][vc_row_inner][vc_column_inner][vc_column_text] Qu\u00e8 s\u00f3n les cookies? Pel funcionament \u00f2ptim de la web utilitzem les cookies. Les cookies s\u00f3n procediments autom\u00e0tics de recollida de dades sobre la navegaci\u00f3 web a fi de recon\u00e8ixer l\u2019usuari com a visitant recurrent i personalitzar la seva experi\u00e8ncia, \u00e9s a dir, l\u2019idioma, el pa\u00eds, l\u2019inici de sessi\u00f3, la caracter\u00edstica de navegaci\u00f3, [&hellip;]","protected":false},"author":1,"featured_media":0,"parent":0,"menu_order":0,"comment_status":"closed","ping_status":"closed","template":"","meta":{"_acf_changed":false,"footnotes":""},"class_list":["post-6587","page","type-page","status-publish","hentry"],"acf":[],"yoast_head":"<!-- This site is optimized with the Yoast SEO plugin v25.1 - https:\/\/yoast.com\/wordpress\/plugins\/seo\/ -->\n<title>Politica de cookies - Libros del Zorro Rojo<\/title>\n<meta name=\"robots\" content=\"index, follow, max-snippet:-1, max-image-preview:large, max-video-preview:-1\" \/>\n<link rel=\"canonical\" href=\"https:\/\/librosdelzorrorojo.com\/ca\/politica-de-cookies\/\" \/>\n<meta property=\"og:locale\" content=\"ca_ES\" \/>\n<meta property=\"og:type\" content=\"article\" \/>\n<meta property=\"og:title\" content=\"Politica de cookies - Libros del Zorro Rojo\" \/>\n<meta property=\"og:description\" content=\"[vc_row][vc_column width=&#8221;1\/2&#8243;][vc_row_inner][vc_column_inner][vc_column_text] Qu\u00e8 s\u00f3n les cookies? Pel funcionament \u00f2ptim de la web utilitzem les cookies. Les cookies s\u00f3n procediments autom\u00e0tics de recollida de dades sobre la navegaci\u00f3 web a fi de recon\u00e8ixer l\u2019usuari com a visitant recurrent i personalitzar la seva experi\u00e8ncia, \u00e9s a dir, l\u2019idioma, el pa\u00eds, l\u2019inici de sessi\u00f3, la caracter\u00edstica de navegaci\u00f3, [&hellip;]\" \/>\n<meta property=\"og:url\" content=\"https:\/\/librosdelzorrorojo.com\/ca\/politica-de-cookies\/\" \/>\n<meta property=\"og:site_name\" content=\"Libros del Zorro Rojo\" \/>\n<meta property=\"article:modified_time\" content=\"2019-11-18T11:22:42+00:00\" \/>\n<meta name=\"twitter:card\" content=\"summary_large_image\" \/>\n<meta name=\"twitter:label1\" content=\"Temps estimat de lectura\" \/>\n\t<meta name=\"twitter:data1\" content=\"5 minuts\" \/>\n<script type=\"application\/ld+json\" class=\"yoast-schema-graph\">{\"@context\":\"https:\/\/schema.org\",\"@graph\":[{\"@type\":\"WebPage\",\"@id\":\"https:\/\/librosdelzorrorojo.com\/ca\/politica-de-cookies\/\",\"url\":\"https:\/\/librosdelzorrorojo.com\/ca\/politica-de-cookies\/\",\"name\":\"Politica de cookies - Libros del Zorro Rojo\",\"isPartOf\":{\"@id\":\"https:\/\/librosdelzorrorojo.com\/#website\"},\"datePublished\":\"2017-04-08T00:48:23+00:00\",\"dateModified\":\"2019-11-18T11:22:42+00:00\",\"breadcrumb\":{\"@id\":\"https:\/\/librosdelzorrorojo.com\/ca\/politica-de-cookies\/#breadcrumb\"},\"inLanguage\":\"ca\",\"potentialAction\":[{\"@type\":\"ReadAction\",\"target\":[\"https:\/\/librosdelzorrorojo.com\/ca\/politica-de-cookies\/\"]}]},{\"@type\":\"BreadcrumbList\",\"@id\":\"https:\/\/librosdelzorrorojo.com\/ca\/politica-de-cookies\/#breadcrumb\",\"itemListElement\":[{\"@type\":\"ListItem\",\"position\":1,\"name\":\"Portada\",\"item\":\"https:\/\/librosdelzorrorojo.com\/ca\/\"},{\"@type\":\"ListItem\",\"position\":2,\"name\":\"Politica de cookies\"}]},{\"@type\":\"WebSite\",\"@id\":\"https:\/\/librosdelzorrorojo.com\/#website\",\"url\":\"https:\/\/librosdelzorrorojo.com\/\",\"name\":\"Libros del Zorro Rojo\",\"description\":\"Libros ilustrados\",\"potentialAction\":[{\"@type\":\"SearchAction\",\"target\":{\"@type\":\"EntryPoint\",\"urlTemplate\":\"https:\/\/librosdelzorrorojo.com\/?s={search_term_string}\"},\"query-input\":{\"@type\":\"PropertyValueSpecification\",\"valueRequired\":true,\"valueName\":\"search_term_string\"}}],\"inLanguage\":\"ca\"}]}<\/script>\n<!-- \/ Yoast SEO plugin. -->","yoast_head_json":{"title":"Politica de cookies - Libros del Zorro Rojo","robots":{"index":"index","follow":"follow","max-snippet":"max-snippet:-1","max-image-preview":"max-image-preview:large","max-video-preview":"max-video-preview:-1"},"canonical":"https:\/\/librosdelzorrorojo.com\/ca\/politica-de-cookies\/","og_locale":"ca_ES","og_type":"article","og_title":"Politica de cookies - Libros del Zorro Rojo","og_description":"[vc_row][vc_column width=&#8221;1\/2&#8243;][vc_row_inner][vc_column_inner][vc_column_text] Qu\u00e8 s\u00f3n les cookies? Pel funcionament \u00f2ptim de la web utilitzem les cookies. Les cookies s\u00f3n procediments autom\u00e0tics de recollida de dades sobre la navegaci\u00f3 web a fi de recon\u00e8ixer l\u2019usuari com a visitant recurrent i personalitzar la seva experi\u00e8ncia, \u00e9s a dir, l\u2019idioma, el pa\u00eds, l\u2019inici de sessi\u00f3, la caracter\u00edstica de navegaci\u00f3, [&hellip;]","og_url":"https:\/\/librosdelzorrorojo.com\/ca\/politica-de-cookies\/","og_site_name":"Libros del Zorro Rojo","article_modified_time":"2019-11-18T11:22:42+00:00","twitter_card":"summary_large_image","twitter_misc":{"Temps estimat de lectura":"5 minuts"},"schema":{"@context":"https:\/\/schema.org","@graph":[{"@type":"WebPage","@id":"https:\/\/librosdelzorrorojo.com\/ca\/politica-de-cookies\/","url":"https:\/\/librosdelzorrorojo.com\/ca\/politica-de-cookies\/","name":"Politica de cookies - Libros del Zorro Rojo","isPartOf":{"@id":"https:\/\/librosdelzorrorojo.com\/#website"},"datePublished":"2017-04-08T00:48:23+00:00","dateModified":"2019-11-18T11:22:42+00:00","breadcrumb":{"@id":"https:\/\/librosdelzorrorojo.com\/ca\/politica-de-cookies\/#breadcrumb"},"inLanguage":"ca","potentialAction":[{"@type":"ReadAction","target":["https:\/\/librosdelzorrorojo.com\/ca\/politica-de-cookies\/"]}]},{"@type":"BreadcrumbList","@id":"https:\/\/librosdelzorrorojo.com\/ca\/politica-de-cookies\/#breadcrumb","itemListElement":[{"@type":"ListItem","position":1,"name":"Portada","item":"https:\/\/librosdelzorrorojo.com\/ca\/"},{"@type":"ListItem","position":2,"name":"Politica de cookies"}]},{"@type":"WebSite","@id":"https:\/\/librosdelzorrorojo.com\/#website","url":"https:\/\/librosdelzorrorojo.com\/","name":"Libros del Zorro Rojo","description":"Libros ilustrados","potentialAction":[{"@type":"SearchAction","target":{"@type":"EntryPoint","urlTemplate":"https:\/\/librosdelzorrorojo.com\/?s={search_term_string}"},"query-input":{"@type":"PropertyValueSpecification","valueRequired":true,"valueName":"search_term_string"}}],"inLanguage":"ca"}]}},"_links":{"self":[{"href":"https:\/\/librosdelzorrorojo.com\/ca\/wp-json\/wp\/v2\/pages\/6587","targetHints":{"allow":["GET"]}}],"collection":[{"href":"https:\/\/librosdelzorrorojo.com\/ca\/wp-json\/wp\/v2\/pages"}],"about":[{"href":"https:\/\/librosdelzorrorojo.com\/ca\/wp-json\/wp\/v2\/types\/page"}],"author":[{"embeddable":true,"href":"https:\/\/librosdelzorrorojo.com\/ca\/wp-json\/wp\/v2\/users\/1"}],"replies":[{"embeddable":true,"href":"https:\/\/librosdelzorrorojo.com\/ca\/wp-json\/wp\/v2\/comments?post=6587"}],"version-history":[{"count":5,"href":"https:\/\/librosdelzorrorojo.com\/ca\/wp-json\/wp\/v2\/pages\/6587\/revisions"}],"predecessor-version":[{"id":15946,"href":"https:\/\/librosdelzorrorojo.com\/ca\/wp-json\/wp\/v2\/pages\/6587\/revisions\/15946"}],"wp:attachment":[{"href":"https:\/\/librosdelzorrorojo.com\/ca\/wp-json\/wp\/v2\/media?parent=6587"}],"curies":[{"name":"wp","href":"https:\/\/api.w.org\/{rel}","templated":true}]}}